{"id":50408,"date":"2022-09-29T08:43:02","date_gmt":"2022-09-29T06:43:02","guid":{"rendered":"https:\/\/alfadescompte.ad\/?post_type=product&#038;p=50408"},"modified":"2026-03-02T17:58:35","modified_gmt":"2026-03-02T16:58:35","slug":"bitdefender-antivirus-plus-pc-3-postes-1-an-2","status":"publish","type":"product","link":"https:\/\/alfadescompte.ad\/es\/producto-2\/bitdefender-antivirus-plus-pc-3-postes-1-an-2\/","title":{"rendered":"Bitdefender Antivirus Plus 2026 - 3 PC - 1 a\u00f1o de suscripci\u00f3n"},"content":{"rendered":"<h3>El mejor antivirus para Windows<\/h3>\n<p><strong>Bitdefender Antivirus Plus\u00a0<\/strong>combina una protecci\u00f3n ultra eficiente y un impacto ultra ligero en el sistema contra las amenazas a su PC con Windows.<\/p>\n<p>Benef\u00edciese de un\u00a0<strong>antivirus de alto rendimiento<\/strong>\u00a0contra los virus y el ransomware,\u00a0<strong>bloquear el fraude<\/strong>\u00a0e intentos de suplantaci\u00f3n de identidad durante su navegaci\u00f3n por la web, aproveche una\u00a0<strong>VPN incluida<\/strong>\u00a0(200MB\/d\u00eda\/dispositivo) para un\u00a0<strong>confidencialidad total<\/strong>.<\/p>\n<p>Muy f\u00e1cil de usar\u00a0<strong>Bitdefender Antivirus Plus\u00a0<\/strong>es un\u00a0<strong>soluci\u00f3n reconocida<\/strong>\u00a0que le proporciona una protecci\u00f3n esencial.<\/p>\n<p>REQUISITOS DEL SISTEMA<\/p>\n<ul class=\"minuteprodpfort\">\n<li>Sistema operativo<br \/>\nMicrosoft Windows 7(SP1), Microsoft Windows 8, Microsoft Windows 8.1, Microsoft Windows 10<\/li>\n<li>Requisitos m\u00ednimos del sistema<br \/>\nProcesador: Dual Core 1,6 GHz, Memoria (RAM): 1 GB, Espacio disponible en el disco duro: 1,5 GB de espacio libre<\/li>\n<li>Configuraci\u00f3n recomendada del sistema<br \/>\nProcesador: Intel CORE 2 Duo (1,66 GHz) o procesador equivalente, Memoria (RAM): 2 GB, Espacio disponible en el disco duro: 2 GB de espacio libre<\/li>\n<li>Requisitos del software<br \/>\nMicrosoft Edge<\/li>\n<li>Se integra con<br \/>\nGoogle Chrome versi\u00f3n 56 o superior<br \/>\nMozilla Firefox versi\u00f3n 52 o superior<\/li>\n<\/ul>","protected":false},"excerpt":{"rendered":"<ul>\n<li class=\"point-fort\">N\u00ba 1 en pruebas comparativas independientes<\/li>\n<li class=\"point-fort\">Protecci\u00f3n muy eficaz contra el ransomware<\/li>\n<li class=\"point-fort\">L\u00edder y precursor de las tecnolog\u00edas proactivas<\/li>\n<li class=\"point-fort\">Modo de piloto autom\u00e1tico para una transparencia absoluta<\/li>\n<li class=\"point-fort\">Muy bajo consumo de recursos<\/li>\n<li class=\"point-fort\">Gestor de contrase\u00f1as integrado<\/li>\n<li class=\"point-fort\">Editor europeo<\/li>\n<li class=\"point-fort\">+500 millones de usuarios en todo el mundo<\/li>\n<\/ul>\n<p>Comprar y descargar\u00a0<strong>Bitdefender Antivirus Plus 2022-2023<\/strong><\/p>\n<p>Tras realizar su pedido, recibir\u00e1 :<\/p>\n<ul>\n<li>Un correo electr\u00f3nico con la clave de activaci\u00f3n de la licencia<strong> Bitdefender Antivirus Plus 2022-2023<\/strong><\/li>\n<li>El enlace de descarga de\u00a0<strong>Bitdefender Antivirus Plus 2022-2023<\/strong><\/li>\n<li>Gu\u00edas de instalaci\u00f3n y activaci\u00f3n<\/li>\n<li>soporte t\u00e9cnico disponible los 7 d\u00edas de la semana<\/li>\n<\/ul>","protected":false},"featured_media":51917,"comment_status":"open","ping_status":"closed","template":"","meta":[],"product_brand":[],"product_cat":[1416,189,20],"product_tag":[],"class_list":{"0":"post-50408","1":"product","2":"type-product","3":"status-publish","4":"has-post-thumbnail","6":"product_cat-antivirus-plus-pour-pc","7":"product_cat-bitdefender-products","8":"product_cat-securite","10":"first","11":"instock","12":"downloadable","13":"virtual","14":"purchasable","15":"product-type-simple","16":"czr-hentry"},"yoast_head":"<!-- This site is optimized with the Yoast SEO plugin v27.4 - https:\/\/yoast.com\/product\/yoast-seo-wordpress\/ -->\n<title>Bitdefender Antivirus Plus 2026 - 3 PC - Abonnement 1 an - Alfa Descompte<\/title>\n<meta name=\"robots\" content=\"index, follow, max-snippet:-1, max-image-preview:large, max-video-preview:-1\" \/>\n<link rel=\"canonical\" href=\"https:\/\/alfadescompte.ad\/es\/producto-2\/bitdefender-antivirus-plus-pc-3-postes-1-an-2\/\" \/>\n<meta property=\"og:locale\" content=\"es_ES\" \/>\n<meta property=\"og:type\" content=\"article\" \/>\n<meta property=\"og:title\" content=\"Bitdefender Antivirus Plus 2026 - 3 PC - Abonnement 1 an - Alfa Descompte\" \/>\n<meta property=\"og:description\" content=\"N\u00b01 des tests comparatifs ind\u00e9pendants  Protection tr\u00e8s efficace contre les ransomwares  Leader et pr\u00e9curseur des technologies proactives  Mode Autopilot pour une transparence absolue  Tr\u00e8s faible prise de ressources  Gestionnaire de mots de passe int\u00e9gr\u00e9  \u00c9diteur europ\u00e9en  +500 millions d&#039;utilisateurs dans le monde  Acheter et T\u00e9l\u00e9charger\u00a0Bitdefender Antivirus Plus 2022-2023  Apr\u00e8s avoir pass\u00e9 votre commande, vous recevrez :   Un email contenant la cl\u00e9 d&#039;activation de licence Bitdefender Antivirus Plus 2022-2023  Le lien de t\u00e9l\u00e9chargement pour\u00a0Bitdefender Antivirus Plus 2022-2023  Les guides d\u2019installation et d\u2019activation  assistance technique disponibles 7j\/7\" \/>\n<meta property=\"og:url\" content=\"https:\/\/alfadescompte.ad\/es\/producto-2\/bitdefender-antivirus-plus-pc-3-postes-1-an-2\/\" \/>\n<meta property=\"og:site_name\" content=\"Alfa Descompte\" \/>\n<meta property=\"article:modified_time\" content=\"2026-03-02T16:58:35+00:00\" \/>\n<meta property=\"og:image\" content=\"https:\/\/alfadescompte.ad\/wp-content\/uploads\/2022\/09\/Erika-28.png\" \/>\n\t<meta property=\"og:image:width\" content=\"800\" \/>\n\t<meta property=\"og:image:height\" content=\"800\" \/>\n\t<meta property=\"og:image:type\" content=\"image\/png\" \/>\n<meta name=\"twitter:card\" content=\"summary_large_image\" \/>\n<meta name=\"twitter:label1\" content=\"Tiempo de lectura\" \/>\n\t<meta name=\"twitter:data1\" content=\"1 minuto\" \/>\n<script type=\"application\/ld+json\" class=\"yoast-schema-graph\">{\"@context\":\"https:\\\/\\\/schema.org\",\"@graph\":[{\"@type\":\"WebPage\",\"@id\":\"https:\\\/\\\/alfadescompte.ad\\\/produit\\\/bitdefender-antivirus-plus-pc-3-postes-1-an-2\\\/\",\"url\":\"https:\\\/\\\/alfadescompte.ad\\\/produit\\\/bitdefender-antivirus-plus-pc-3-postes-1-an-2\\\/\",\"name\":\"Bitdefender Antivirus Plus 2026 - 3 PC - Abonnement 1 an - Alfa Descompte\",\"isPartOf\":{\"@id\":\"https:\\\/\\\/alfadescompte.ad\\\/#website\"},\"primaryImageOfPage\":{\"@id\":\"https:\\\/\\\/alfadescompte.ad\\\/produit\\\/bitdefender-antivirus-plus-pc-3-postes-1-an-2\\\/#primaryimage\"},\"image\":{\"@id\":\"https:\\\/\\\/alfadescompte.ad\\\/produit\\\/bitdefender-antivirus-plus-pc-3-postes-1-an-2\\\/#primaryimage\"},\"thumbnailUrl\":\"https:\\\/\\\/alfadescompte.ad\\\/wp-content\\\/uploads\\\/2022\\\/09\\\/Erika-28.png\",\"datePublished\":\"2022-09-29T06:43:02+00:00\",\"dateModified\":\"2026-03-02T16:58:35+00:00\",\"breadcrumb\":{\"@id\":\"https:\\\/\\\/alfadescompte.ad\\\/produit\\\/bitdefender-antivirus-plus-pc-3-postes-1-an-2\\\/#breadcrumb\"},\"inLanguage\":\"es\",\"potentialAction\":[{\"@type\":\"ReadAction\",\"target\":[\"https:\\\/\\\/alfadescompte.ad\\\/produit\\\/bitdefender-antivirus-plus-pc-3-postes-1-an-2\\\/\"]}]},{\"@type\":\"ImageObject\",\"inLanguage\":\"es\",\"@id\":\"https:\\\/\\\/alfadescompte.ad\\\/produit\\\/bitdefender-antivirus-plus-pc-3-postes-1-an-2\\\/#primaryimage\",\"url\":\"https:\\\/\\\/alfadescompte.ad\\\/wp-content\\\/uploads\\\/2022\\\/09\\\/Erika-28.png\",\"contentUrl\":\"https:\\\/\\\/alfadescompte.ad\\\/wp-content\\\/uploads\\\/2022\\\/09\\\/Erika-28.png\",\"width\":800,\"height\":800},{\"@type\":\"BreadcrumbList\",\"@id\":\"https:\\\/\\\/alfadescompte.ad\\\/produit\\\/bitdefender-antivirus-plus-pc-3-postes-1-an-2\\\/#breadcrumb\",\"itemListElement\":[{\"@type\":\"ListItem\",\"position\":1,\"name\":\"Accueil\",\"item\":\"https:\\\/\\\/alfadescompte.ad\\\/fr\\\/\"},{\"@type\":\"ListItem\",\"position\":2,\"name\":\"Boutique\",\"item\":\"https:\\\/\\\/alfadescompte.ad\\\/en\\\/boutique\\\/\"},{\"@type\":\"ListItem\",\"position\":3,\"name\":\"Bitdefender Antivirus Plus 2026 &#8211; 3 PC &#8211; Abonnement 1 an\"}]},{\"@type\":\"WebSite\",\"@id\":\"https:\\\/\\\/alfadescompte.ad\\\/#website\",\"url\":\"https:\\\/\\\/alfadescompte.ad\\\/\",\"name\":\"Alfa Descompte\",\"description\":\"\",\"publisher\":{\"@id\":\"https:\\\/\\\/alfadescompte.ad\\\/#organization\"},\"potentialAction\":[{\"@type\":\"SearchAction\",\"target\":{\"@type\":\"EntryPoint\",\"urlTemplate\":\"https:\\\/\\\/alfadescompte.ad\\\/?s={search_term_string}\"},\"query-input\":{\"@type\":\"PropertyValueSpecification\",\"valueRequired\":true,\"valueName\":\"search_term_string\"}}],\"inLanguage\":\"es\"},{\"@type\":\"Organization\",\"@id\":\"https:\\\/\\\/alfadescompte.ad\\\/#organization\",\"name\":\"Alfa Descompte\",\"url\":\"https:\\\/\\\/alfadescompte.ad\\\/\",\"logo\":{\"@type\":\"ImageObject\",\"inLanguage\":\"es\",\"@id\":\"https:\\\/\\\/alfadescompte.ad\\\/#\\\/schema\\\/logo\\\/image\\\/\",\"url\":\"https:\\\/\\\/alfadescompte.ad\\\/wp-content\\\/uploads\\\/2022\\\/04\\\/cropped-logo-alfa-1-1.png\",\"contentUrl\":\"https:\\\/\\\/alfadescompte.ad\\\/wp-content\\\/uploads\\\/2022\\\/04\\\/cropped-logo-alfa-1-1.png\",\"width\":424,\"height\":128,\"caption\":\"Alfa Descompte\"},\"image\":{\"@id\":\"https:\\\/\\\/alfadescompte.ad\\\/#\\\/schema\\\/logo\\\/image\\\/\"}}]}<\/script>\n<!-- \/ Yoast SEO plugin. -->","yoast_head_json":{"title":"Bitdefender Antivirus Plus 2026 - 3 PC - 1 a\u00f1o de suscripci\u00f3n - Alfa Descompte","robots":{"index":"index","follow":"follow","max-snippet":"max-snippet:-1","max-image-preview":"max-image-preview:large","max-video-preview":"max-video-preview:-1"},"canonical":"https:\/\/alfadescompte.ad\/es\/producto-2\/bitdefender-antivirus-plus-pc-3-postes-1-an-2\/","og_locale":"es_ES","og_type":"article","og_title":"Bitdefender Antivirus Plus 2026 - 3 PC - Abonnement 1 an - Alfa Descompte","og_description":"N\u00b01 des tests comparatifs ind\u00e9pendants  Protection tr\u00e8s efficace contre les ransomwares  Leader et pr\u00e9curseur des technologies proactives  Mode Autopilot pour une transparence absolue  Tr\u00e8s faible prise de ressources  Gestionnaire de mots de passe int\u00e9gr\u00e9  \u00c9diteur europ\u00e9en  +500 millions d'utilisateurs dans le monde  Acheter et T\u00e9l\u00e9charger\u00a0Bitdefender Antivirus Plus 2022-2023  Apr\u00e8s avoir pass\u00e9 votre commande, vous recevrez :   Un email contenant la cl\u00e9 d'activation de licence Bitdefender Antivirus Plus 2022-2023  Le lien de t\u00e9l\u00e9chargement pour\u00a0Bitdefender Antivirus Plus 2022-2023  Les guides d\u2019installation et d\u2019activation  assistance technique disponibles 7j\/7","og_url":"https:\/\/alfadescompte.ad\/es\/producto-2\/bitdefender-antivirus-plus-pc-3-postes-1-an-2\/","og_site_name":"Alfa Descompte","article_modified_time":"2026-03-02T16:58:35+00:00","og_image":[{"width":800,"height":800,"url":"https:\/\/alfadescompte.ad\/wp-content\/uploads\/2022\/09\/Erika-28.png","type":"image\/png"}],"twitter_card":"summary_large_image","twitter_misc":{"Tiempo de lectura":"1 minuto"},"schema":{"@context":"https:\/\/schema.org","@graph":[{"@type":"WebPage","@id":"https:\/\/alfadescompte.ad\/produit\/bitdefender-antivirus-plus-pc-3-postes-1-an-2\/","url":"https:\/\/alfadescompte.ad\/produit\/bitdefender-antivirus-plus-pc-3-postes-1-an-2\/","name":"Bitdefender Antivirus Plus 2026 - 3 PC - 1 a\u00f1o de suscripci\u00f3n - Alfa Descompte","isPartOf":{"@id":"https:\/\/alfadescompte.ad\/#website"},"primaryImageOfPage":{"@id":"https:\/\/alfadescompte.ad\/produit\/bitdefender-antivirus-plus-pc-3-postes-1-an-2\/#primaryimage"},"image":{"@id":"https:\/\/alfadescompte.ad\/produit\/bitdefender-antivirus-plus-pc-3-postes-1-an-2\/#primaryimage"},"thumbnailUrl":"https:\/\/alfadescompte.ad\/wp-content\/uploads\/2022\/09\/Erika-28.png","datePublished":"2022-09-29T06:43:02+00:00","dateModified":"2026-03-02T16:58:35+00:00","breadcrumb":{"@id":"https:\/\/alfadescompte.ad\/produit\/bitdefender-antivirus-plus-pc-3-postes-1-an-2\/#breadcrumb"},"inLanguage":"es","potentialAction":[{"@type":"ReadAction","target":["https:\/\/alfadescompte.ad\/produit\/bitdefender-antivirus-plus-pc-3-postes-1-an-2\/"]}]},{"@type":"ImageObject","inLanguage":"es","@id":"https:\/\/alfadescompte.ad\/produit\/bitdefender-antivirus-plus-pc-3-postes-1-an-2\/#primaryimage","url":"https:\/\/alfadescompte.ad\/wp-content\/uploads\/2022\/09\/Erika-28.png","contentUrl":"https:\/\/alfadescompte.ad\/wp-content\/uploads\/2022\/09\/Erika-28.png","width":800,"height":800},{"@type":"BreadcrumbList","@id":"https:\/\/alfadescompte.ad\/produit\/bitdefender-antivirus-plus-pc-3-postes-1-an-2\/#breadcrumb","itemListElement":[{"@type":"ListItem","position":1,"name":"Accueil","item":"https:\/\/alfadescompte.ad\/fr\/"},{"@type":"ListItem","position":2,"name":"Boutique","item":"https:\/\/alfadescompte.ad\/en\/boutique\/"},{"@type":"ListItem","position":3,"name":"Bitdefender Antivirus Plus 2026 &#8211; 3 PC &#8211; Abonnement 1 an"}]},{"@type":"WebSite","@id":"https:\/\/alfadescompte.ad\/#website","url":"https:\/\/alfadescompte.ad\/","name":"Alfa Descompte","description":"","publisher":{"@id":"https:\/\/alfadescompte.ad\/#organization"},"potentialAction":[{"@type":"SearchAction","target":{"@type":"EntryPoint","urlTemplate":"https:\/\/alfadescompte.ad\/?s={search_term_string}"},"query-input":{"@type":"PropertyValueSpecification","valueRequired":true,"valueName":"search_term_string"}}],"inLanguage":"es"},{"@type":"Organization","@id":"https:\/\/alfadescompte.ad\/#organization","name":"Alfa Descompte","url":"https:\/\/alfadescompte.ad\/","logo":{"@type":"ImageObject","inLanguage":"es","@id":"https:\/\/alfadescompte.ad\/#\/schema\/logo\/image\/","url":"https:\/\/alfadescompte.ad\/wp-content\/uploads\/2022\/04\/cropped-logo-alfa-1-1.png","contentUrl":"https:\/\/alfadescompte.ad\/wp-content\/uploads\/2022\/04\/cropped-logo-alfa-1-1.png","width":424,"height":128,"caption":"Alfa Descompte"},"image":{"@id":"https:\/\/alfadescompte.ad\/#\/schema\/logo\/image\/"}}]}},"_links":{"self":[{"href":"https:\/\/alfadescompte.ad\/es\/wp-json\/wp\/v2\/product\/50408","targetHints":{"allow":["GET"]}}],"collection":[{"href":"https:\/\/alfadescompte.ad\/es\/wp-json\/wp\/v2\/product"}],"about":[{"href":"https:\/\/alfadescompte.ad\/es\/wp-json\/wp\/v2\/types\/product"}],"replies":[{"embeddable":true,"href":"https:\/\/alfadescompte.ad\/es\/wp-json\/wp\/v2\/comments?post=50408"}],"wp:featuredmedia":[{"embeddable":true,"href":"https:\/\/alfadescompte.ad\/es\/wp-json\/wp\/v2\/media\/51917"}],"wp:attachment":[{"href":"https:\/\/alfadescompte.ad\/es\/wp-json\/wp\/v2\/media?parent=50408"}],"wp:term":[{"taxonomy":"product_brand","embeddable":true,"href":"https:\/\/alfadescompte.ad\/es\/wp-json\/wp\/v2\/product_brand?post=50408"},{"taxonomy":"product_cat","embeddable":true,"href":"https:\/\/alfadescompte.ad\/es\/wp-json\/wp\/v2\/product_cat?post=50408"},{"taxonomy":"product_tag","embeddable":true,"href":"https:\/\/alfadescompte.ad\/es\/wp-json\/wp\/v2\/product_tag?post=50408"}],"curies":[{"name":"wp","href":"https:\/\/api.w.org\/{rel}","templated":true}]}}