{"id":50450,"date":"2022-10-17T15:17:47","date_gmt":"2022-10-17T13:17:47","guid":{"rendered":"https:\/\/alfadescompte.ad\/?product=avast-cleanup-1-poste-abonnement-1-an"},"modified":"2026-03-02T17:56:29","modified_gmt":"2026-03-02T16:56:29","slug":"avast-cleanup-1-poste-abonnement-1-an","status":"publish","type":"product","link":"https:\/\/alfadescompte.ad\/es\/producto-2\/avast-cleanup-1-poste-abonnement-1-an\/","title":{"rendered":"Avast CleanUp 2026 - 1 estaci\u00f3n de trabajo - 1 a\u00f1o de suscripci\u00f3n"},"content":{"rendered":"<h3><strong>Avast CleanUp 2026<\/strong><\/h3>\n<p>Maximiza la velocidad y la vida de tu PC liberando espacio en el disco. Elimine todo el bloatware y los archivos no deseados y anticipe los peque\u00f1os problemas antes de que se conviertan en grandes. La innovadora tecnolog\u00eda patentada de Avast CleanUp elimina los factores que ralentizan su ordenador. Los elementos de inicio, los procesos en segundo plano y las tareas programadas son las principales razones por las que su dispositivo se ralentiza.<\/p>\n<p><strong>ACELERA TU ORDENADOR CON EL MODO DE SUSPENSI\u00d3N<\/strong><\/p>\n<p>Avast Cleanup detecta los programas que reducen el rendimiento de su ordenador a trav\u00e9s de su proceso de optimizaci\u00f3n, y se encarga de detenerlos, sin desinstalarlos, y sin ninguna acci\u00f3n por su parte. As\u00ed, pasar al modo de espera permite detener cualquier programa que ralentice el ordenador. A partir de ese momento, dicho programa deja de utilizar los recursos de su ordenador. Por \u00faltimo, el modo de reposo y activaci\u00f3n de Cleanup permite cerrar autom\u00e1ticamente las funciones de fondo de un programa en cuanto ya no se utiliza y reactivarlas cuando se necesitan. De este modo, su ordenador funcionar\u00e1 mejor.<\/p>\n<h3>LIMPIA TUS ACTOS<\/h3>\n<p>Su ordenador puede verse ralentizado por programas que no se han utilizado durante alg\u00fan tiempo y que usted no ha decidido instalar, como versiones de prueba, barras de herramientas, software preinstalado, etc. Estos ocupan mucho espacio y afectan a su ordenador. Estos ocupan mucho espacio y afectan a tu ordenador. As\u00ed que la funci\u00f3n de limpieza de software se deshace de ellos al instante.<\/p>\n<p>Limpia tu navegador, los rastros en l\u00ednea y los datos temporales de m\u00e1s de 25 navegadores. Limpia tu navegador de datos no deseados, como las cookies de Adobe Flash, para arreglarlo y hacer que funcione m\u00e1s r\u00e1pido. \u00bfBarras de herramientas que bloquean tu navegador? Aproveche el sistema de reputaci\u00f3n basado en la nube de Avast Cleanup con calificaciones de millones de usuarios para ayudarle a decidir qu\u00e9 extensiones, plugins y barras de herramientas son realmente \u00fatiles.<\/p>\n<p>Avast CleanUp tambi\u00e9n se encarga de los archivos de instalaci\u00f3n, cach\u00e9s y archivos temporales del sistema, elimin\u00e1ndolos para aligerar su m\u00e1quina. En efecto, entre los archivos temporales creados por las instalaciones desordenadas o los programas que almacenan en cach\u00e9 sus operaciones en curso, su memoria est\u00e1 saturada. Como resultado, la capacidad de su m\u00e1quina se ve afectada. Gracias a este software, obtenga resultados m\u00e1s all\u00e1 de sus expectativas.<\/p>","protected":false},"excerpt":{"rendered":"<p>Compre hoy mismo su clave de activaci\u00f3n original y reciba por correo electr\u00f3nico su enlace de descarga ultrarr\u00e1pida y su clave de activaci\u00f3n exclusiva.<\/p>\n<p>- Obtenga su c\u00f3digo de activaci\u00f3n en 15 minutos.<br \/>\n- Llave original 100%<br \/>\n- Autorizado para la venta en Europa<br \/>\n- Idiomas: multiling\u00fce<\/p>","protected":false},"featured_media":52157,"comment_status":"open","ping_status":"closed","template":"","meta":[],"product_brand":[],"product_cat":[187,1505,20],"product_tag":[],"class_list":{"0":"post-50450","1":"product","2":"type-product","3":"status-publish","4":"has-post-thumbnail","6":"product_cat-avast","7":"product_cat-cleanup","8":"product_cat-securite","10":"first","11":"instock","12":"sale","13":"downloadable","14":"virtual","15":"purchasable","16":"product-type-simple","17":"czr-hentry"},"yoast_head":"<!-- This site is optimized with the Yoast SEO plugin v27.4 - https:\/\/yoast.com\/product\/yoast-seo-wordpress\/ -->\n<title>Avast CleanUp 2026 - 1 poste - Abonnement 1 an - Alfa Descompte<\/title>\n<meta name=\"robots\" content=\"index, follow, max-snippet:-1, max-image-preview:large, max-video-preview:-1\" \/>\n<link rel=\"canonical\" href=\"https:\/\/alfadescompte.ad\/es\/producto-2\/avast-cleanup-1-poste-abonnement-1-an\/\" \/>\n<meta property=\"og:locale\" content=\"es_ES\" \/>\n<meta property=\"og:type\" content=\"article\" \/>\n<meta property=\"og:title\" content=\"Avast CleanUp 2026 - 1 poste - Abonnement 1 an - Alfa Descompte\" \/>\n<meta property=\"og:description\" content=\"Achetez aujourd\u2019hui votre cl\u00e9 d&#039;activation originale et recevez par mail votre lien de t\u00e9l\u00e9chargement ultra rapide ainsi que sa cl\u00e9 unique d\u2019activation..  - Obtenir votre code d&#039;activation en 15 minutes. - Cl\u00e9 100% authentique - Vente autoris\u00e9e en Europe - Langues: Multi-langue\" \/>\n<meta property=\"og:url\" content=\"https:\/\/alfadescompte.ad\/es\/producto-2\/avast-cleanup-1-poste-abonnement-1-an\/\" \/>\n<meta property=\"og:site_name\" content=\"Alfa Descompte\" \/>\n<meta property=\"article:modified_time\" content=\"2026-03-02T16:56:29+00:00\" \/>\n<meta property=\"og:image\" content=\"https:\/\/alfadescompte.ad\/wp-content\/uploads\/2022\/10\/Romaisa-60.png\" \/>\n\t<meta property=\"og:image:width\" content=\"800\" \/>\n\t<meta property=\"og:image:height\" content=\"800\" \/>\n\t<meta property=\"og:image:type\" content=\"image\/png\" \/>\n<meta name=\"twitter:card\" content=\"summary_large_image\" \/>\n<meta name=\"twitter:label1\" content=\"Tiempo de lectura\" \/>\n\t<meta name=\"twitter:data1\" content=\"3 minutos\" \/>\n<script type=\"application\/ld+json\" class=\"yoast-schema-graph\">{\"@context\":\"https:\\\/\\\/schema.org\",\"@graph\":[{\"@type\":\"WebPage\",\"@id\":\"https:\\\/\\\/alfadescompte.ad\\\/produit\\\/avast-cleanup-1-poste-abonnement-1-an\\\/\",\"url\":\"https:\\\/\\\/alfadescompte.ad\\\/produit\\\/avast-cleanup-1-poste-abonnement-1-an\\\/\",\"name\":\"Avast CleanUp 2026 - 1 poste - Abonnement 1 an - Alfa Descompte\",\"isPartOf\":{\"@id\":\"https:\\\/\\\/alfadescompte.ad\\\/#website\"},\"primaryImageOfPage\":{\"@id\":\"https:\\\/\\\/alfadescompte.ad\\\/produit\\\/avast-cleanup-1-poste-abonnement-1-an\\\/#primaryimage\"},\"image\":{\"@id\":\"https:\\\/\\\/alfadescompte.ad\\\/produit\\\/avast-cleanup-1-poste-abonnement-1-an\\\/#primaryimage\"},\"thumbnailUrl\":\"https:\\\/\\\/alfadescompte.ad\\\/wp-content\\\/uploads\\\/2022\\\/10\\\/Romaisa-60.png\",\"datePublished\":\"2022-10-17T13:17:47+00:00\",\"dateModified\":\"2026-03-02T16:56:29+00:00\",\"breadcrumb\":{\"@id\":\"https:\\\/\\\/alfadescompte.ad\\\/produit\\\/avast-cleanup-1-poste-abonnement-1-an\\\/#breadcrumb\"},\"inLanguage\":\"es\",\"potentialAction\":[{\"@type\":\"ReadAction\",\"target\":[\"https:\\\/\\\/alfadescompte.ad\\\/produit\\\/avast-cleanup-1-poste-abonnement-1-an\\\/\"]}]},{\"@type\":\"ImageObject\",\"inLanguage\":\"es\",\"@id\":\"https:\\\/\\\/alfadescompte.ad\\\/produit\\\/avast-cleanup-1-poste-abonnement-1-an\\\/#primaryimage\",\"url\":\"https:\\\/\\\/alfadescompte.ad\\\/wp-content\\\/uploads\\\/2022\\\/10\\\/Romaisa-60.png\",\"contentUrl\":\"https:\\\/\\\/alfadescompte.ad\\\/wp-content\\\/uploads\\\/2022\\\/10\\\/Romaisa-60.png\",\"width\":800,\"height\":800},{\"@type\":\"BreadcrumbList\",\"@id\":\"https:\\\/\\\/alfadescompte.ad\\\/produit\\\/avast-cleanup-1-poste-abonnement-1-an\\\/#breadcrumb\",\"itemListElement\":[{\"@type\":\"ListItem\",\"position\":1,\"name\":\"Accueil\",\"item\":\"https:\\\/\\\/alfadescompte.ad\\\/fr\\\/\"},{\"@type\":\"ListItem\",\"position\":2,\"name\":\"Boutique\",\"item\":\"https:\\\/\\\/alfadescompte.ad\\\/en\\\/boutique\\\/\"},{\"@type\":\"ListItem\",\"position\":3,\"name\":\"Avast CleanUp 2026 &#8211; 1 poste &#8211; Abonnement 1 an\"}]},{\"@type\":\"WebSite\",\"@id\":\"https:\\\/\\\/alfadescompte.ad\\\/#website\",\"url\":\"https:\\\/\\\/alfadescompte.ad\\\/\",\"name\":\"Alfa Descompte\",\"description\":\"\",\"publisher\":{\"@id\":\"https:\\\/\\\/alfadescompte.ad\\\/#organization\"},\"potentialAction\":[{\"@type\":\"SearchAction\",\"target\":{\"@type\":\"EntryPoint\",\"urlTemplate\":\"https:\\\/\\\/alfadescompte.ad\\\/?s={search_term_string}\"},\"query-input\":{\"@type\":\"PropertyValueSpecification\",\"valueRequired\":true,\"valueName\":\"search_term_string\"}}],\"inLanguage\":\"es\"},{\"@type\":\"Organization\",\"@id\":\"https:\\\/\\\/alfadescompte.ad\\\/#organization\",\"name\":\"Alfa Descompte\",\"url\":\"https:\\\/\\\/alfadescompte.ad\\\/\",\"logo\":{\"@type\":\"ImageObject\",\"inLanguage\":\"es\",\"@id\":\"https:\\\/\\\/alfadescompte.ad\\\/#\\\/schema\\\/logo\\\/image\\\/\",\"url\":\"https:\\\/\\\/alfadescompte.ad\\\/wp-content\\\/uploads\\\/2022\\\/04\\\/cropped-logo-alfa-1-1.png\",\"contentUrl\":\"https:\\\/\\\/alfadescompte.ad\\\/wp-content\\\/uploads\\\/2022\\\/04\\\/cropped-logo-alfa-1-1.png\",\"width\":424,\"height\":128,\"caption\":\"Alfa Descompte\"},\"image\":{\"@id\":\"https:\\\/\\\/alfadescompte.ad\\\/#\\\/schema\\\/logo\\\/image\\\/\"}}]}<\/script>\n<!-- \/ Yoast SEO plugin. -->","yoast_head_json":{"title":"Avast CleanUp 2026 - 1 estaci\u00f3n de trabajo - 1 a\u00f1o de suscripci\u00f3n - Alfa Descompte","robots":{"index":"index","follow":"follow","max-snippet":"max-snippet:-1","max-image-preview":"max-image-preview:large","max-video-preview":"max-video-preview:-1"},"canonical":"https:\/\/alfadescompte.ad\/es\/producto-2\/avast-cleanup-1-poste-abonnement-1-an\/","og_locale":"es_ES","og_type":"article","og_title":"Avast CleanUp 2026 - 1 poste - Abonnement 1 an - Alfa Descompte","og_description":"Achetez aujourd\u2019hui votre cl\u00e9 d'activation originale et recevez par mail votre lien de t\u00e9l\u00e9chargement ultra rapide ainsi que sa cl\u00e9 unique d\u2019activation..  - Obtenir votre code d'activation en 15 minutes. - Cl\u00e9 100% authentique - Vente autoris\u00e9e en Europe - Langues: Multi-langue","og_url":"https:\/\/alfadescompte.ad\/es\/producto-2\/avast-cleanup-1-poste-abonnement-1-an\/","og_site_name":"Alfa Descompte","article_modified_time":"2026-03-02T16:56:29+00:00","og_image":[{"width":800,"height":800,"url":"https:\/\/alfadescompte.ad\/wp-content\/uploads\/2022\/10\/Romaisa-60.png","type":"image\/png"}],"twitter_card":"summary_large_image","twitter_misc":{"Tiempo de lectura":"3 minutos"},"schema":{"@context":"https:\/\/schema.org","@graph":[{"@type":"WebPage","@id":"https:\/\/alfadescompte.ad\/produit\/avast-cleanup-1-poste-abonnement-1-an\/","url":"https:\/\/alfadescompte.ad\/produit\/avast-cleanup-1-poste-abonnement-1-an\/","name":"Avast CleanUp 2026 - 1 estaci\u00f3n de trabajo - 1 a\u00f1o de suscripci\u00f3n - Alfa Descompte","isPartOf":{"@id":"https:\/\/alfadescompte.ad\/#website"},"primaryImageOfPage":{"@id":"https:\/\/alfadescompte.ad\/produit\/avast-cleanup-1-poste-abonnement-1-an\/#primaryimage"},"image":{"@id":"https:\/\/alfadescompte.ad\/produit\/avast-cleanup-1-poste-abonnement-1-an\/#primaryimage"},"thumbnailUrl":"https:\/\/alfadescompte.ad\/wp-content\/uploads\/2022\/10\/Romaisa-60.png","datePublished":"2022-10-17T13:17:47+00:00","dateModified":"2026-03-02T16:56:29+00:00","breadcrumb":{"@id":"https:\/\/alfadescompte.ad\/produit\/avast-cleanup-1-poste-abonnement-1-an\/#breadcrumb"},"inLanguage":"es","potentialAction":[{"@type":"ReadAction","target":["https:\/\/alfadescompte.ad\/produit\/avast-cleanup-1-poste-abonnement-1-an\/"]}]},{"@type":"ImageObject","inLanguage":"es","@id":"https:\/\/alfadescompte.ad\/produit\/avast-cleanup-1-poste-abonnement-1-an\/#primaryimage","url":"https:\/\/alfadescompte.ad\/wp-content\/uploads\/2022\/10\/Romaisa-60.png","contentUrl":"https:\/\/alfadescompte.ad\/wp-content\/uploads\/2022\/10\/Romaisa-60.png","width":800,"height":800},{"@type":"BreadcrumbList","@id":"https:\/\/alfadescompte.ad\/produit\/avast-cleanup-1-poste-abonnement-1-an\/#breadcrumb","itemListElement":[{"@type":"ListItem","position":1,"name":"Accueil","item":"https:\/\/alfadescompte.ad\/fr\/"},{"@type":"ListItem","position":2,"name":"Boutique","item":"https:\/\/alfadescompte.ad\/en\/boutique\/"},{"@type":"ListItem","position":3,"name":"Avast CleanUp 2026 &#8211; 1 poste &#8211; Abonnement 1 an"}]},{"@type":"WebSite","@id":"https:\/\/alfadescompte.ad\/#website","url":"https:\/\/alfadescompte.ad\/","name":"Alfa Descompte","description":"","publisher":{"@id":"https:\/\/alfadescompte.ad\/#organization"},"potentialAction":[{"@type":"SearchAction","target":{"@type":"EntryPoint","urlTemplate":"https:\/\/alfadescompte.ad\/?s={search_term_string}"},"query-input":{"@type":"PropertyValueSpecification","valueRequired":true,"valueName":"search_term_string"}}],"inLanguage":"es"},{"@type":"Organization","@id":"https:\/\/alfadescompte.ad\/#organization","name":"Alfa Descompte","url":"https:\/\/alfadescompte.ad\/","logo":{"@type":"ImageObject","inLanguage":"es","@id":"https:\/\/alfadescompte.ad\/#\/schema\/logo\/image\/","url":"https:\/\/alfadescompte.ad\/wp-content\/uploads\/2022\/04\/cropped-logo-alfa-1-1.png","contentUrl":"https:\/\/alfadescompte.ad\/wp-content\/uploads\/2022\/04\/cropped-logo-alfa-1-1.png","width":424,"height":128,"caption":"Alfa Descompte"},"image":{"@id":"https:\/\/alfadescompte.ad\/#\/schema\/logo\/image\/"}}]}},"_links":{"self":[{"href":"https:\/\/alfadescompte.ad\/es\/wp-json\/wp\/v2\/product\/50450","targetHints":{"allow":["GET"]}}],"collection":[{"href":"https:\/\/alfadescompte.ad\/es\/wp-json\/wp\/v2\/product"}],"about":[{"href":"https:\/\/alfadescompte.ad\/es\/wp-json\/wp\/v2\/types\/product"}],"replies":[{"embeddable":true,"href":"https:\/\/alfadescompte.ad\/es\/wp-json\/wp\/v2\/comments?post=50450"}],"wp:featuredmedia":[{"embeddable":true,"href":"https:\/\/alfadescompte.ad\/es\/wp-json\/wp\/v2\/media\/52157"}],"wp:attachment":[{"href":"https:\/\/alfadescompte.ad\/es\/wp-json\/wp\/v2\/media?parent=50450"}],"wp:term":[{"taxonomy":"product_brand","embeddable":true,"href":"https:\/\/alfadescompte.ad\/es\/wp-json\/wp\/v2\/product_brand?post=50450"},{"taxonomy":"product_cat","embeddable":true,"href":"https:\/\/alfadescompte.ad\/es\/wp-json\/wp\/v2\/product_cat?post=50450"},{"taxonomy":"product_tag","embeddable":true,"href":"https:\/\/alfadescompte.ad\/es\/wp-json\/wp\/v2\/product_tag?post=50450"}],"curies":[{"name":"wp","href":"https:\/\/api.w.org\/{rel}","templated":true}]}}