{"id":50619,"date":"2022-10-17T15:19:23","date_gmt":"2022-10-17T13:19:23","guid":{"rendered":"https:\/\/alfadescompte.ad\/?product=eset-mobile-security-4-postes-abonnement-1-an"},"modified":"2026-03-05T09:55:04","modified_gmt":"2026-03-05T08:55:04","slug":"eset-mobile-security-4-postes-abonnement-1-an","status":"publish","type":"product","link":"https:\/\/alfadescompte.ad\/es\/producto-2\/eset-mobile-security-4-postes-abonnement-1-an\/","title":{"rendered":"ESET Mobile Security 2026 - 4 estaciones de trabajo - 1 a\u00f1o de suscripci\u00f3n"},"content":{"rendered":"<h2>ASPECTOS DESTACADOS DE LA SEGURIDAD M\u00d3VIL DE ESET :<\/h2>\n<ul>\n<li>An\u00e1lisis en tiempo real de tus descargas y conversaciones para detectar cualquier programa o archivo no deseado.<\/li>\n<li>Localiza tu dispositivo mediante GPS: \u00bfno sabes d\u00f3nde est\u00e1 tu smartphone o tablet? Recupera los datos GPS de tu smartphone o tablet para localizarlo con precisi\u00f3n. Tambi\u00e9n puedes bloquear el acceso a tus datos privados o lanzar un modo sirena que activa un sonido incluso cuando el dispositivo est\u00e1 en modo silencioso.<\/li>\n<li>Borrar tus datos: \u00bfhas perdido o te han robado el dispositivo? Inicia la eliminaci\u00f3n de datos para proteger tu privacidad: mensajes, contactos, correos electr\u00f3nicos o fotos, todo se borrar\u00e1 de forma permanente.<\/li>\n<li>Bloqueo de llamadas no deseadas: \u00bfTe acosan n\u00fameros desconocidos? \u00a1Bloqu\u00e9alos! Tambi\u00e9n es posible bloquear llamadas y sms de contactos de tu agenda o incluso por grupos.<\/li>\n<\/ul>\n<h2>\u00a1NUEVO! PROTEGE TU PRIVACIDAD Y TU SMART TV ANDROID<\/h2>\n<p>Con su licencia de ESET Mobile Security, proteja su Android Smart TV de amenazas y aplicaciones maliciosas. Instala ESET Smart TV Security desde Google Play y luego activa la versi\u00f3n Premium para aprovechar al m\u00e1ximo la siguiente protecci\u00f3n:<\/p>\n<ul>\n<li>antivirus<\/li>\n<li>an\u00e1lisis de soportes extra\u00edbles (memoria USB, tarjeta SD, disco duro externo, etc.)<\/li>\n<li>escudo antiransomware<\/li>\n<li>protecci\u00f3n en tiempo real<\/li>\n<li>antiphishing<\/li>\n<li>an\u00e1lisis planificaci\u00f3n<\/li>\n<\/ul>","protected":false},"excerpt":{"rendered":"<ul>\n<li class=\"point-fort\">Cierre a distancia<\/li>\n<li class=\"point-fort\">Ubicaci\u00f3n<\/li>\n<li class=\"point-fort\">Bloqueo de llamadas<\/li>\n<li class=\"point-fort\">C\u00f3mo proteger tu Android Smart TV<\/li>\n<\/ul>\n<p>Comprar y descargar <strong>ESET Mobile Security<\/strong><\/p>\n<p>Despu\u00e9s de hacer su pedido y dentro de<strong>\u00a024 horas<\/strong>Usted recibir\u00e1 :<\/p>\n<ul>\n<li>El c\u00f3digo de activaci\u00f3n para <strong>ESET Mobile Security<\/strong><\/li>\n<li>El enlace de descarga de <strong>ESET Mobile Security<\/strong><\/li>\n<li>Gu\u00edas de instalaci\u00f3n y activaci\u00f3n<\/li>\n<\/ul>\n<p>Nuestro servicio de atenci\u00f3n al cliente est\u00e1 disponible los 7 d\u00edas de la semana<\/p>","protected":false},"featured_media":55828,"comment_status":"open","ping_status":"closed","template":"","meta":[],"product_brand":[],"product_cat":[190,1539,20],"product_tag":[],"class_list":{"0":"post-50619","1":"product","2":"type-product","3":"status-publish","4":"has-post-thumbnail","6":"product_cat-eset","7":"product_cat-eset-mobile-security","8":"product_cat-securite","10":"first","11":"instock","12":"downloadable","13":"virtual","14":"purchasable","15":"product-type-simple","16":"czr-hentry"},"yoast_head":"<!-- This site is optimized with the Yoast SEO plugin v27.4 - https:\/\/yoast.com\/product\/yoast-seo-wordpress\/ -->\n<title>ESET Mobile Security 2026 - 4 postes - Abonnement 1 an - Alfa Descompte<\/title>\n<meta name=\"robots\" content=\"index, follow, max-snippet:-1, max-image-preview:large, max-video-preview:-1\" \/>\n<link rel=\"canonical\" href=\"https:\/\/alfadescompte.ad\/es\/producto-2\/eset-mobile-security-4-postes-abonnement-1-an\/\" \/>\n<meta property=\"og:locale\" content=\"es_ES\" \/>\n<meta property=\"og:type\" content=\"article\" \/>\n<meta property=\"og:title\" content=\"ESET Mobile Security 2026 - 4 postes - Abonnement 1 an - Alfa Descompte\" \/>\n<meta property=\"og:description\" content=\"Verrouillage \u00e0 distance  Localisation  Blocage des appels  Protection de votre Smart TV Android  Acheter et T\u00e9l\u00e9charger ESET Mobile Security  Apr\u00e8s avoir pass\u00e9 votre commande et dans les\u00a024 heures, vous recevrez :   Le code de la cl\u00e9 d\u2019activation de ESET Mobile Security  Le lien de t\u00e9l\u00e9chargement pour ESET Mobile Security  Les guides d\u2019installation et d\u2019activation  Notre service client\u00e8le est disponible 7\/7 jours\" \/>\n<meta property=\"og:url\" content=\"https:\/\/alfadescompte.ad\/es\/producto-2\/eset-mobile-security-4-postes-abonnement-1-an\/\" \/>\n<meta property=\"og:site_name\" content=\"Alfa Descompte\" \/>\n<meta property=\"article:modified_time\" content=\"2026-03-05T08:55:04+00:00\" \/>\n<meta property=\"og:image\" content=\"https:\/\/alfadescompte.ad\/wp-content\/uploads\/2022\/10\/ChatGPT-Image-5-mars-2026-09_52_22.png\" \/>\n\t<meta property=\"og:image:width\" content=\"1024\" \/>\n\t<meta property=\"og:image:height\" content=\"1024\" \/>\n\t<meta property=\"og:image:type\" content=\"image\/png\" \/>\n<meta name=\"twitter:card\" content=\"summary_large_image\" \/>\n<meta name=\"twitter:label1\" content=\"Tiempo de lectura\" \/>\n\t<meta name=\"twitter:data1\" content=\"2 minutos\" \/>\n<script type=\"application\/ld+json\" class=\"yoast-schema-graph\">{\"@context\":\"https:\\\/\\\/schema.org\",\"@graph\":[{\"@type\":\"WebPage\",\"@id\":\"https:\\\/\\\/alfadescompte.ad\\\/produit\\\/eset-mobile-security-4-postes-abonnement-1-an\\\/\",\"url\":\"https:\\\/\\\/alfadescompte.ad\\\/produit\\\/eset-mobile-security-4-postes-abonnement-1-an\\\/\",\"name\":\"ESET Mobile Security 2026 - 4 postes - Abonnement 1 an - Alfa Descompte\",\"isPartOf\":{\"@id\":\"https:\\\/\\\/alfadescompte.ad\\\/#website\"},\"primaryImageOfPage\":{\"@id\":\"https:\\\/\\\/alfadescompte.ad\\\/produit\\\/eset-mobile-security-4-postes-abonnement-1-an\\\/#primaryimage\"},\"image\":{\"@id\":\"https:\\\/\\\/alfadescompte.ad\\\/produit\\\/eset-mobile-security-4-postes-abonnement-1-an\\\/#primaryimage\"},\"thumbnailUrl\":\"https:\\\/\\\/alfadescompte.ad\\\/wp-content\\\/uploads\\\/2022\\\/10\\\/ChatGPT-Image-5-mars-2026-09_52_22.png\",\"datePublished\":\"2022-10-17T13:19:23+00:00\",\"dateModified\":\"2026-03-05T08:55:04+00:00\",\"breadcrumb\":{\"@id\":\"https:\\\/\\\/alfadescompte.ad\\\/produit\\\/eset-mobile-security-4-postes-abonnement-1-an\\\/#breadcrumb\"},\"inLanguage\":\"es\",\"potentialAction\":[{\"@type\":\"ReadAction\",\"target\":[\"https:\\\/\\\/alfadescompte.ad\\\/produit\\\/eset-mobile-security-4-postes-abonnement-1-an\\\/\"]}]},{\"@type\":\"ImageObject\",\"inLanguage\":\"es\",\"@id\":\"https:\\\/\\\/alfadescompte.ad\\\/produit\\\/eset-mobile-security-4-postes-abonnement-1-an\\\/#primaryimage\",\"url\":\"https:\\\/\\\/alfadescompte.ad\\\/wp-content\\\/uploads\\\/2022\\\/10\\\/ChatGPT-Image-5-mars-2026-09_52_22.png\",\"contentUrl\":\"https:\\\/\\\/alfadescompte.ad\\\/wp-content\\\/uploads\\\/2022\\\/10\\\/ChatGPT-Image-5-mars-2026-09_52_22.png\",\"width\":1024,\"height\":1024},{\"@type\":\"BreadcrumbList\",\"@id\":\"https:\\\/\\\/alfadescompte.ad\\\/produit\\\/eset-mobile-security-4-postes-abonnement-1-an\\\/#breadcrumb\",\"itemListElement\":[{\"@type\":\"ListItem\",\"position\":1,\"name\":\"Accueil\",\"item\":\"https:\\\/\\\/alfadescompte.ad\\\/fr\\\/\"},{\"@type\":\"ListItem\",\"position\":2,\"name\":\"Boutique\",\"item\":\"https:\\\/\\\/alfadescompte.ad\\\/en\\\/boutique\\\/\"},{\"@type\":\"ListItem\",\"position\":3,\"name\":\"ESET Mobile Security 2026 &#8211; 4 postes &#8211; Abonnement 1 an\"}]},{\"@type\":\"WebSite\",\"@id\":\"https:\\\/\\\/alfadescompte.ad\\\/#website\",\"url\":\"https:\\\/\\\/alfadescompte.ad\\\/\",\"name\":\"Alfa Descompte\",\"description\":\"\",\"publisher\":{\"@id\":\"https:\\\/\\\/alfadescompte.ad\\\/#organization\"},\"potentialAction\":[{\"@type\":\"SearchAction\",\"target\":{\"@type\":\"EntryPoint\",\"urlTemplate\":\"https:\\\/\\\/alfadescompte.ad\\\/?s={search_term_string}\"},\"query-input\":{\"@type\":\"PropertyValueSpecification\",\"valueRequired\":true,\"valueName\":\"search_term_string\"}}],\"inLanguage\":\"es\"},{\"@type\":\"Organization\",\"@id\":\"https:\\\/\\\/alfadescompte.ad\\\/#organization\",\"name\":\"Alfa Descompte\",\"url\":\"https:\\\/\\\/alfadescompte.ad\\\/\",\"logo\":{\"@type\":\"ImageObject\",\"inLanguage\":\"es\",\"@id\":\"https:\\\/\\\/alfadescompte.ad\\\/#\\\/schema\\\/logo\\\/image\\\/\",\"url\":\"https:\\\/\\\/alfadescompte.ad\\\/wp-content\\\/uploads\\\/2022\\\/04\\\/cropped-logo-alfa-1-1.png\",\"contentUrl\":\"https:\\\/\\\/alfadescompte.ad\\\/wp-content\\\/uploads\\\/2022\\\/04\\\/cropped-logo-alfa-1-1.png\",\"width\":424,\"height\":128,\"caption\":\"Alfa Descompte\"},\"image\":{\"@id\":\"https:\\\/\\\/alfadescompte.ad\\\/#\\\/schema\\\/logo\\\/image\\\/\"}}]}<\/script>\n<!-- \/ Yoast SEO plugin. -->","yoast_head_json":{"title":"ESET Mobile Security 2026 - 4 estaciones de trabajo - 1 a\u00f1o de suscripci\u00f3n - Alfa Descompte","robots":{"index":"index","follow":"follow","max-snippet":"max-snippet:-1","max-image-preview":"max-image-preview:large","max-video-preview":"max-video-preview:-1"},"canonical":"https:\/\/alfadescompte.ad\/es\/producto-2\/eset-mobile-security-4-postes-abonnement-1-an\/","og_locale":"es_ES","og_type":"article","og_title":"ESET Mobile Security 2026 - 4 postes - Abonnement 1 an - Alfa Descompte","og_description":"Verrouillage \u00e0 distance  Localisation  Blocage des appels  Protection de votre Smart TV Android  Acheter et T\u00e9l\u00e9charger ESET Mobile Security  Apr\u00e8s avoir pass\u00e9 votre commande et dans les\u00a024 heures, vous recevrez :   Le code de la cl\u00e9 d\u2019activation de ESET Mobile Security  Le lien de t\u00e9l\u00e9chargement pour ESET Mobile Security  Les guides d\u2019installation et d\u2019activation  Notre service client\u00e8le est disponible 7\/7 jours","og_url":"https:\/\/alfadescompte.ad\/es\/producto-2\/eset-mobile-security-4-postes-abonnement-1-an\/","og_site_name":"Alfa Descompte","article_modified_time":"2026-03-05T08:55:04+00:00","og_image":[{"width":1024,"height":1024,"url":"https:\/\/alfadescompte.ad\/wp-content\/uploads\/2022\/10\/ChatGPT-Image-5-mars-2026-09_52_22.png","type":"image\/png"}],"twitter_card":"summary_large_image","twitter_misc":{"Tiempo de lectura":"2 minutos"},"schema":{"@context":"https:\/\/schema.org","@graph":[{"@type":"WebPage","@id":"https:\/\/alfadescompte.ad\/produit\/eset-mobile-security-4-postes-abonnement-1-an\/","url":"https:\/\/alfadescompte.ad\/produit\/eset-mobile-security-4-postes-abonnement-1-an\/","name":"ESET Mobile Security 2026 - 4 estaciones de trabajo - 1 a\u00f1o de suscripci\u00f3n - Alfa Descompte","isPartOf":{"@id":"https:\/\/alfadescompte.ad\/#website"},"primaryImageOfPage":{"@id":"https:\/\/alfadescompte.ad\/produit\/eset-mobile-security-4-postes-abonnement-1-an\/#primaryimage"},"image":{"@id":"https:\/\/alfadescompte.ad\/produit\/eset-mobile-security-4-postes-abonnement-1-an\/#primaryimage"},"thumbnailUrl":"https:\/\/alfadescompte.ad\/wp-content\/uploads\/2022\/10\/ChatGPT-Image-5-mars-2026-09_52_22.png","datePublished":"2022-10-17T13:19:23+00:00","dateModified":"2026-03-05T08:55:04+00:00","breadcrumb":{"@id":"https:\/\/alfadescompte.ad\/produit\/eset-mobile-security-4-postes-abonnement-1-an\/#breadcrumb"},"inLanguage":"es","potentialAction":[{"@type":"ReadAction","target":["https:\/\/alfadescompte.ad\/produit\/eset-mobile-security-4-postes-abonnement-1-an\/"]}]},{"@type":"ImageObject","inLanguage":"es","@id":"https:\/\/alfadescompte.ad\/produit\/eset-mobile-security-4-postes-abonnement-1-an\/#primaryimage","url":"https:\/\/alfadescompte.ad\/wp-content\/uploads\/2022\/10\/ChatGPT-Image-5-mars-2026-09_52_22.png","contentUrl":"https:\/\/alfadescompte.ad\/wp-content\/uploads\/2022\/10\/ChatGPT-Image-5-mars-2026-09_52_22.png","width":1024,"height":1024},{"@type":"BreadcrumbList","@id":"https:\/\/alfadescompte.ad\/produit\/eset-mobile-security-4-postes-abonnement-1-an\/#breadcrumb","itemListElement":[{"@type":"ListItem","position":1,"name":"Accueil","item":"https:\/\/alfadescompte.ad\/fr\/"},{"@type":"ListItem","position":2,"name":"Boutique","item":"https:\/\/alfadescompte.ad\/en\/boutique\/"},{"@type":"ListItem","position":3,"name":"ESET Mobile Security 2026 &#8211; 4 postes &#8211; Abonnement 1 an"}]},{"@type":"WebSite","@id":"https:\/\/alfadescompte.ad\/#website","url":"https:\/\/alfadescompte.ad\/","name":"Alfa Descompte","description":"","publisher":{"@id":"https:\/\/alfadescompte.ad\/#organization"},"potentialAction":[{"@type":"SearchAction","target":{"@type":"EntryPoint","urlTemplate":"https:\/\/alfadescompte.ad\/?s={search_term_string}"},"query-input":{"@type":"PropertyValueSpecification","valueRequired":true,"valueName":"search_term_string"}}],"inLanguage":"es"},{"@type":"Organization","@id":"https:\/\/alfadescompte.ad\/#organization","name":"Alfa Descompte","url":"https:\/\/alfadescompte.ad\/","logo":{"@type":"ImageObject","inLanguage":"es","@id":"https:\/\/alfadescompte.ad\/#\/schema\/logo\/image\/","url":"https:\/\/alfadescompte.ad\/wp-content\/uploads\/2022\/04\/cropped-logo-alfa-1-1.png","contentUrl":"https:\/\/alfadescompte.ad\/wp-content\/uploads\/2022\/04\/cropped-logo-alfa-1-1.png","width":424,"height":128,"caption":"Alfa Descompte"},"image":{"@id":"https:\/\/alfadescompte.ad\/#\/schema\/logo\/image\/"}}]}},"_links":{"self":[{"href":"https:\/\/alfadescompte.ad\/es\/wp-json\/wp\/v2\/product\/50619","targetHints":{"allow":["GET"]}}],"collection":[{"href":"https:\/\/alfadescompte.ad\/es\/wp-json\/wp\/v2\/product"}],"about":[{"href":"https:\/\/alfadescompte.ad\/es\/wp-json\/wp\/v2\/types\/product"}],"replies":[{"embeddable":true,"href":"https:\/\/alfadescompte.ad\/es\/wp-json\/wp\/v2\/comments?post=50619"}],"wp:featuredmedia":[{"embeddable":true,"href":"https:\/\/alfadescompte.ad\/es\/wp-json\/wp\/v2\/media\/55828"}],"wp:attachment":[{"href":"https:\/\/alfadescompte.ad\/es\/wp-json\/wp\/v2\/media?parent=50619"}],"wp:term":[{"taxonomy":"product_brand","embeddable":true,"href":"https:\/\/alfadescompte.ad\/es\/wp-json\/wp\/v2\/product_brand?post=50619"},{"taxonomy":"product_cat","embeddable":true,"href":"https:\/\/alfadescompte.ad\/es\/wp-json\/wp\/v2\/product_cat?post=50619"},{"taxonomy":"product_tag","embeddable":true,"href":"https:\/\/alfadescompte.ad\/es\/wp-json\/wp\/v2\/product_tag?post=50619"}],"curies":[{"name":"wp","href":"https:\/\/api.w.org\/{rel}","templated":true}]}}