{"id":50629,"date":"2022-10-17T15:19:29","date_gmt":"2022-10-17T13:19:29","guid":{"rendered":"https:\/\/alfadescompte.ad\/?product=eset-nod32-antivirus-2-postes-abonnement-1-an"},"modified":"2026-03-05T14:40:14","modified_gmt":"2026-03-05T13:40:14","slug":"eset-nod32-antivirus-2-postes-abonnement-1-an","status":"publish","type":"product","link":"https:\/\/alfadescompte.ad\/es\/producto-2\/eset-nod32-antivirus-2-postes-abonnement-1-an\/","title":{"rendered":"ESET NOD32 Antivirus 2026 - 2 estaciones de trabajo - 1 a\u00f1o de suscripci\u00f3n"},"content":{"rendered":"<h2>CARACTER\u00cdSTICAS DEL ANTIVIRUS ESET NOD32<\/h2>\n<h3>ANTIVIRUS\/ANTISPYWARE: PROT\u00c9JASE DE FORMA PROACTIVA<\/h3>\n<p>Tu ordenador est\u00e1 protegido contra todo tipo de amenazas online y\/o offline y tambi\u00e9n contra la propagaci\u00f3n de malware a otras cuentas de usuario.<\/p>\n<h3>EXPLORACI\u00d3N EN LA NUBE: OBTENGA UN AN\u00c1LISIS R\u00c1PIDO CON LA NUBE<\/h3>\n<p>No se le dificultan las tareas: los escaneos se aceleran gracias a un sistema de lista blanca de archivos seguros conectado a ESET LiveGrid\u00ae (una base de datos de reputaci\u00f3n de archivos). La tecnolog\u00eda de ESET intenta bloquear proactivamente el malware desconocido centr\u00e1ndose en el origen de su comportamiento y compar\u00e1ndolo con nuestro sistema de reputaci\u00f3n.<\/p>\n<h3>PROTECCI\u00d3N CONTRA LOS ATAQUES BASADOS EN SCRIPTS: EVITAR LOS ATAQUES BASADOS EN SCRIPTS<\/h3>\n<p>Su ordenador est\u00e1 protegido de los ataques de scripts maliciosos a trav\u00e9s de los navegadores Mozilla Firefox, Google Chrome, Microsoft Internet Explorer y Microsoft Edge.<\/p>\n<p>Tambi\u00e9n est\u00e1 protegido contra los que intentan utilizar Windows PowerShell.<\/p>\n<h3>ANTIPHISHING: ASEGURE SUS DATOS PERSONALES<\/h3>\n<p>Su informaci\u00f3n confidencial est\u00e1 protegida contra los intentos de robo por parte de sitios web falsos que se hacen pasar por fiables.<\/p>\n<h3>AN\u00c1LISIS AVANZADO DE LA MEMORIA: MANT\u00c9NGASE PROTEGIDO INCLUSO DEL MALWARE M\u00c1S PERSISTENTE<\/h3>\n<p>Su m\u00e1quina est\u00e1 protegida contra el malware que utiliza m\u00faltiples capas de cifrado para ocultar sus actividades.<\/p>\n<h3>CONTROL DE DISPOSITIVOS EXTRA\u00cdBLES: PROTEJA SUS DATOS<\/h3>\n<p>Si no has autorizado la copia de tus datos, no se podr\u00e1n transferir a dispositivos extra\u00edbles.<\/p>\n<p>Puedes bloquear medios de almacenamiento, CDs, DVDs, memorias USB y unidades externas, as\u00ed como Bluetooth, FireWire y conexiones de puerto serie o paralelo.<\/p>\n<h3>MODO REPRODUCTOR: SIGA UTILIZANDO SUS APLICACIONES SIN SER MOLESTADO<\/h3>\n<p>\u00bfEst\u00e1s utilizando un programa en modo de pantalla completa? No hay problema, el antivirus cambia autom\u00e1ticamente al modo silencioso. \u00bfJuegas, ves v\u00eddeos o haces una presentaci\u00f3n? Las actualizaciones y notificaciones se aplazan.<\/p>","protected":false},"excerpt":{"rendered":"<ul>\n<li class=\"point-fort\">Antivirus, antispyware, antiransomware<\/li>\n<li class=\"point-fort\">R\u00e9cord de premios del Virus Bulletin<\/li>\n<li class=\"point-fort\">La soluci\u00f3n m\u00e1s ligera del mercado<\/li>\n<li class=\"point-fort\">Ideal para jugadores<\/li>\n<li class=\"point-fort\">Editor europeo<\/li>\n<\/ul>\n<p>Comprar y descargar <strong>Antivirus ESET NOD32<\/strong><\/p>\n<p>Despu\u00e9s de hacer su pedido y dentro de<strong>\u00a024 horas<\/strong>Usted recibir\u00e1 :<\/p>\n<ul>\n<li>El c\u00f3digo de activaci\u00f3n para <strong>Antivirus ESET NOD32<\/strong><\/li>\n<li>El enlace de descarga de <strong>Antivirus ESET NOD32<\/strong><\/li>\n<li>Gu\u00edas de instalaci\u00f3n y activaci\u00f3n<\/li>\n<\/ul>\n<p>Nuestro servicio de atenci\u00f3n al cliente est\u00e1 disponible los 7 d\u00edas de la semana<\/p>","protected":false},"featured_media":55831,"comment_status":"open","ping_status":"closed","template":"","meta":[],"product_brand":[],"product_cat":[190,1540,20],"product_tag":[],"class_list":{"0":"post-50629","1":"product","2":"type-product","3":"status-publish","4":"has-post-thumbnail","6":"product_cat-eset","7":"product_cat-eset-nod32-antivirus","8":"product_cat-securite","10":"first","11":"instock","12":"downloadable","13":"virtual","14":"purchasable","15":"product-type-simple","16":"czr-hentry"},"yoast_head":"<!-- This site is optimized with the Yoast SEO plugin v27.4 - https:\/\/yoast.com\/product\/yoast-seo-wordpress\/ -->\n<title>ESET NOD32 Antivirus 2026 - 2 postes - Abonnement 1 an - Alfa Descompte<\/title>\n<meta name=\"robots\" content=\"index, follow, max-snippet:-1, max-image-preview:large, max-video-preview:-1\" \/>\n<link rel=\"canonical\" href=\"https:\/\/alfadescompte.ad\/es\/producto-2\/eset-nod32-antivirus-2-postes-abonnement-1-an\/\" \/>\n<meta property=\"og:locale\" content=\"es_ES\" \/>\n<meta property=\"og:type\" content=\"article\" \/>\n<meta property=\"og:title\" content=\"ESET NOD32 Antivirus 2026 - 2 postes - Abonnement 1 an - Alfa Descompte\" \/>\n<meta property=\"og:description\" content=\"Antivirus, antispyware, antiransomware  Record de r\u00e9compenses Virus Bulletin  Solution la plus l\u00e9g\u00e8re du march\u00e9  Id\u00e9al pour les joueurs  \u00c9diteur europ\u00e9en  Acheter et T\u00e9l\u00e9charger ESET NOD32 Antivirus  Apr\u00e8s avoir pass\u00e9 votre commande et dans les\u00a024 heures, vous recevrez :   Le code de la cl\u00e9 d\u2019activation de ESET NOD32 Antivirus  Le lien de t\u00e9l\u00e9chargement pour ESET NOD32 Antivirus  Les guides d\u2019installation et d\u2019activation  Notre service client\u00e8le est disponible 7\/7 jours\" \/>\n<meta property=\"og:url\" content=\"https:\/\/alfadescompte.ad\/es\/producto-2\/eset-nod32-antivirus-2-postes-abonnement-1-an\/\" \/>\n<meta property=\"og:site_name\" content=\"Alfa Descompte\" \/>\n<meta property=\"article:modified_time\" content=\"2026-03-05T13:40:14+00:00\" \/>\n<meta property=\"og:image\" content=\"https:\/\/alfadescompte.ad\/wp-content\/uploads\/2022\/10\/ChatGPT-Image-5-mars-2026-14_39_27.png\" \/>\n\t<meta property=\"og:image:width\" content=\"1024\" \/>\n\t<meta property=\"og:image:height\" content=\"1024\" \/>\n\t<meta property=\"og:image:type\" content=\"image\/png\" \/>\n<meta name=\"twitter:card\" content=\"summary_large_image\" \/>\n<meta name=\"twitter:label1\" content=\"Tiempo de lectura\" \/>\n\t<meta name=\"twitter:data1\" content=\"2 minutos\" \/>\n<script type=\"application\/ld+json\" class=\"yoast-schema-graph\">{\"@context\":\"https:\\\/\\\/schema.org\",\"@graph\":[{\"@type\":\"WebPage\",\"@id\":\"https:\\\/\\\/alfadescompte.ad\\\/produit\\\/eset-nod32-antivirus-2-postes-abonnement-1-an\\\/\",\"url\":\"https:\\\/\\\/alfadescompte.ad\\\/produit\\\/eset-nod32-antivirus-2-postes-abonnement-1-an\\\/\",\"name\":\"ESET NOD32 Antivirus 2026 - 2 postes - Abonnement 1 an - Alfa Descompte\",\"isPartOf\":{\"@id\":\"https:\\\/\\\/alfadescompte.ad\\\/#website\"},\"primaryImageOfPage\":{\"@id\":\"https:\\\/\\\/alfadescompte.ad\\\/produit\\\/eset-nod32-antivirus-2-postes-abonnement-1-an\\\/#primaryimage\"},\"image\":{\"@id\":\"https:\\\/\\\/alfadescompte.ad\\\/produit\\\/eset-nod32-antivirus-2-postes-abonnement-1-an\\\/#primaryimage\"},\"thumbnailUrl\":\"https:\\\/\\\/alfadescompte.ad\\\/wp-content\\\/uploads\\\/2022\\\/10\\\/ChatGPT-Image-5-mars-2026-14_39_27.png\",\"datePublished\":\"2022-10-17T13:19:29+00:00\",\"dateModified\":\"2026-03-05T13:40:14+00:00\",\"breadcrumb\":{\"@id\":\"https:\\\/\\\/alfadescompte.ad\\\/produit\\\/eset-nod32-antivirus-2-postes-abonnement-1-an\\\/#breadcrumb\"},\"inLanguage\":\"es\",\"potentialAction\":[{\"@type\":\"ReadAction\",\"target\":[\"https:\\\/\\\/alfadescompte.ad\\\/produit\\\/eset-nod32-antivirus-2-postes-abonnement-1-an\\\/\"]}]},{\"@type\":\"ImageObject\",\"inLanguage\":\"es\",\"@id\":\"https:\\\/\\\/alfadescompte.ad\\\/produit\\\/eset-nod32-antivirus-2-postes-abonnement-1-an\\\/#primaryimage\",\"url\":\"https:\\\/\\\/alfadescompte.ad\\\/wp-content\\\/uploads\\\/2022\\\/10\\\/ChatGPT-Image-5-mars-2026-14_39_27.png\",\"contentUrl\":\"https:\\\/\\\/alfadescompte.ad\\\/wp-content\\\/uploads\\\/2022\\\/10\\\/ChatGPT-Image-5-mars-2026-14_39_27.png\",\"width\":1024,\"height\":1024},{\"@type\":\"BreadcrumbList\",\"@id\":\"https:\\\/\\\/alfadescompte.ad\\\/produit\\\/eset-nod32-antivirus-2-postes-abonnement-1-an\\\/#breadcrumb\",\"itemListElement\":[{\"@type\":\"ListItem\",\"position\":1,\"name\":\"Accueil\",\"item\":\"https:\\\/\\\/alfadescompte.ad\\\/fr\\\/\"},{\"@type\":\"ListItem\",\"position\":2,\"name\":\"Boutique\",\"item\":\"https:\\\/\\\/alfadescompte.ad\\\/en\\\/boutique\\\/\"},{\"@type\":\"ListItem\",\"position\":3,\"name\":\"ESET NOD32 Antivirus 2026 &#8211; 2 postes &#8211; Abonnement 1 an\"}]},{\"@type\":\"WebSite\",\"@id\":\"https:\\\/\\\/alfadescompte.ad\\\/#website\",\"url\":\"https:\\\/\\\/alfadescompte.ad\\\/\",\"name\":\"Alfa Descompte\",\"description\":\"\",\"publisher\":{\"@id\":\"https:\\\/\\\/alfadescompte.ad\\\/#organization\"},\"potentialAction\":[{\"@type\":\"SearchAction\",\"target\":{\"@type\":\"EntryPoint\",\"urlTemplate\":\"https:\\\/\\\/alfadescompte.ad\\\/?s={search_term_string}\"},\"query-input\":{\"@type\":\"PropertyValueSpecification\",\"valueRequired\":true,\"valueName\":\"search_term_string\"}}],\"inLanguage\":\"es\"},{\"@type\":\"Organization\",\"@id\":\"https:\\\/\\\/alfadescompte.ad\\\/#organization\",\"name\":\"Alfa Descompte\",\"url\":\"https:\\\/\\\/alfadescompte.ad\\\/\",\"logo\":{\"@type\":\"ImageObject\",\"inLanguage\":\"es\",\"@id\":\"https:\\\/\\\/alfadescompte.ad\\\/#\\\/schema\\\/logo\\\/image\\\/\",\"url\":\"https:\\\/\\\/alfadescompte.ad\\\/wp-content\\\/uploads\\\/2022\\\/04\\\/cropped-logo-alfa-1-1.png\",\"contentUrl\":\"https:\\\/\\\/alfadescompte.ad\\\/wp-content\\\/uploads\\\/2022\\\/04\\\/cropped-logo-alfa-1-1.png\",\"width\":424,\"height\":128,\"caption\":\"Alfa Descompte\"},\"image\":{\"@id\":\"https:\\\/\\\/alfadescompte.ad\\\/#\\\/schema\\\/logo\\\/image\\\/\"}}]}<\/script>\n<!-- \/ Yoast SEO plugin. -->","yoast_head_json":{"title":"ESET NOD32 Antivirus 2026 - 2 estaciones de trabajo - 1 a\u00f1o de suscripci\u00f3n - Alfa Descompte","robots":{"index":"index","follow":"follow","max-snippet":"max-snippet:-1","max-image-preview":"max-image-preview:large","max-video-preview":"max-video-preview:-1"},"canonical":"https:\/\/alfadescompte.ad\/es\/producto-2\/eset-nod32-antivirus-2-postes-abonnement-1-an\/","og_locale":"es_ES","og_type":"article","og_title":"ESET NOD32 Antivirus 2026 - 2 postes - Abonnement 1 an - Alfa Descompte","og_description":"Antivirus, antispyware, antiransomware  Record de r\u00e9compenses Virus Bulletin  Solution la plus l\u00e9g\u00e8re du march\u00e9  Id\u00e9al pour les joueurs  \u00c9diteur europ\u00e9en  Acheter et T\u00e9l\u00e9charger ESET NOD32 Antivirus  Apr\u00e8s avoir pass\u00e9 votre commande et dans les\u00a024 heures, vous recevrez :   Le code de la cl\u00e9 d\u2019activation de ESET NOD32 Antivirus  Le lien de t\u00e9l\u00e9chargement pour ESET NOD32 Antivirus  Les guides d\u2019installation et d\u2019activation  Notre service client\u00e8le est disponible 7\/7 jours","og_url":"https:\/\/alfadescompte.ad\/es\/producto-2\/eset-nod32-antivirus-2-postes-abonnement-1-an\/","og_site_name":"Alfa Descompte","article_modified_time":"2026-03-05T13:40:14+00:00","og_image":[{"width":1024,"height":1024,"url":"https:\/\/alfadescompte.ad\/wp-content\/uploads\/2022\/10\/ChatGPT-Image-5-mars-2026-14_39_27.png","type":"image\/png"}],"twitter_card":"summary_large_image","twitter_misc":{"Tiempo de lectura":"2 minutos"},"schema":{"@context":"https:\/\/schema.org","@graph":[{"@type":"WebPage","@id":"https:\/\/alfadescompte.ad\/produit\/eset-nod32-antivirus-2-postes-abonnement-1-an\/","url":"https:\/\/alfadescompte.ad\/produit\/eset-nod32-antivirus-2-postes-abonnement-1-an\/","name":"ESET NOD32 Antivirus 2026 - 2 estaciones de trabajo - 1 a\u00f1o de suscripci\u00f3n - Alfa Descompte","isPartOf":{"@id":"https:\/\/alfadescompte.ad\/#website"},"primaryImageOfPage":{"@id":"https:\/\/alfadescompte.ad\/produit\/eset-nod32-antivirus-2-postes-abonnement-1-an\/#primaryimage"},"image":{"@id":"https:\/\/alfadescompte.ad\/produit\/eset-nod32-antivirus-2-postes-abonnement-1-an\/#primaryimage"},"thumbnailUrl":"https:\/\/alfadescompte.ad\/wp-content\/uploads\/2022\/10\/ChatGPT-Image-5-mars-2026-14_39_27.png","datePublished":"2022-10-17T13:19:29+00:00","dateModified":"2026-03-05T13:40:14+00:00","breadcrumb":{"@id":"https:\/\/alfadescompte.ad\/produit\/eset-nod32-antivirus-2-postes-abonnement-1-an\/#breadcrumb"},"inLanguage":"es","potentialAction":[{"@type":"ReadAction","target":["https:\/\/alfadescompte.ad\/produit\/eset-nod32-antivirus-2-postes-abonnement-1-an\/"]}]},{"@type":"ImageObject","inLanguage":"es","@id":"https:\/\/alfadescompte.ad\/produit\/eset-nod32-antivirus-2-postes-abonnement-1-an\/#primaryimage","url":"https:\/\/alfadescompte.ad\/wp-content\/uploads\/2022\/10\/ChatGPT-Image-5-mars-2026-14_39_27.png","contentUrl":"https:\/\/alfadescompte.ad\/wp-content\/uploads\/2022\/10\/ChatGPT-Image-5-mars-2026-14_39_27.png","width":1024,"height":1024},{"@type":"BreadcrumbList","@id":"https:\/\/alfadescompte.ad\/produit\/eset-nod32-antivirus-2-postes-abonnement-1-an\/#breadcrumb","itemListElement":[{"@type":"ListItem","position":1,"name":"Accueil","item":"https:\/\/alfadescompte.ad\/fr\/"},{"@type":"ListItem","position":2,"name":"Boutique","item":"https:\/\/alfadescompte.ad\/en\/boutique\/"},{"@type":"ListItem","position":3,"name":"ESET NOD32 Antivirus 2026 &#8211; 2 postes &#8211; Abonnement 1 an"}]},{"@type":"WebSite","@id":"https:\/\/alfadescompte.ad\/#website","url":"https:\/\/alfadescompte.ad\/","name":"Alfa Descompte","description":"","publisher":{"@id":"https:\/\/alfadescompte.ad\/#organization"},"potentialAction":[{"@type":"SearchAction","target":{"@type":"EntryPoint","urlTemplate":"https:\/\/alfadescompte.ad\/?s={search_term_string}"},"query-input":{"@type":"PropertyValueSpecification","valueRequired":true,"valueName":"search_term_string"}}],"inLanguage":"es"},{"@type":"Organization","@id":"https:\/\/alfadescompte.ad\/#organization","name":"Alfa Descompte","url":"https:\/\/alfadescompte.ad\/","logo":{"@type":"ImageObject","inLanguage":"es","@id":"https:\/\/alfadescompte.ad\/#\/schema\/logo\/image\/","url":"https:\/\/alfadescompte.ad\/wp-content\/uploads\/2022\/04\/cropped-logo-alfa-1-1.png","contentUrl":"https:\/\/alfadescompte.ad\/wp-content\/uploads\/2022\/04\/cropped-logo-alfa-1-1.png","width":424,"height":128,"caption":"Alfa Descompte"},"image":{"@id":"https:\/\/alfadescompte.ad\/#\/schema\/logo\/image\/"}}]}},"_links":{"self":[{"href":"https:\/\/alfadescompte.ad\/es\/wp-json\/wp\/v2\/product\/50629","targetHints":{"allow":["GET"]}}],"collection":[{"href":"https:\/\/alfadescompte.ad\/es\/wp-json\/wp\/v2\/product"}],"about":[{"href":"https:\/\/alfadescompte.ad\/es\/wp-json\/wp\/v2\/types\/product"}],"replies":[{"embeddable":true,"href":"https:\/\/alfadescompte.ad\/es\/wp-json\/wp\/v2\/comments?post=50629"}],"wp:featuredmedia":[{"embeddable":true,"href":"https:\/\/alfadescompte.ad\/es\/wp-json\/wp\/v2\/media\/55831"}],"wp:attachment":[{"href":"https:\/\/alfadescompte.ad\/es\/wp-json\/wp\/v2\/media?parent=50629"}],"wp:term":[{"taxonomy":"product_brand","embeddable":true,"href":"https:\/\/alfadescompte.ad\/es\/wp-json\/wp\/v2\/product_brand?post=50629"},{"taxonomy":"product_cat","embeddable":true,"href":"https:\/\/alfadescompte.ad\/es\/wp-json\/wp\/v2\/product_cat?post=50629"},{"taxonomy":"product_tag","embeddable":true,"href":"https:\/\/alfadescompte.ad\/es\/wp-json\/wp\/v2\/product_tag?post=50629"}],"curies":[{"name":"wp","href":"https:\/\/api.w.org\/{rel}","templated":true}]}}