{"id":50637,"date":"2022-10-17T15:19:33","date_gmt":"2022-10-17T13:19:33","guid":{"rendered":"https:\/\/alfadescompte.ad\/?product=eset-nod32-antivirus-2-postes-abonnement-3-ans"},"modified":"2026-03-05T14:48:43","modified_gmt":"2026-03-05T13:48:43","slug":"eset-nod32-antivirus-2-postes-abonnement-3-ans","status":"publish","type":"product","link":"https:\/\/alfadescompte.ad\/es\/producto-2\/eset-nod32-antivirus-2-postes-abonnement-3-ans\/","title":{"rendered":"ESET NOD32 Antivirus - 2 estaciones de trabajo - 3 a\u00f1os de suscripci\u00f3n"},"content":{"rendered":"<p>Disfrute de una experiencia m\u00e1s segura en Internet con ESET.<\/p>\n<p>ESET NOD32 Antivirus vuelve con una nueva versi\u00f3n tan r\u00e1pida, ligera, eficaz, f\u00e1cil de usar y ergon\u00f3mica como siempre. Estar\u00e1 protegido en tiempo real contra las amenazas conocidas y futuras.<\/p>\n<p>CARACTER\u00cdSTICAS DEL ANTIVIRUS ESET NOD32<br \/>\nANTIVIRUS\/ANTISPYWARE: PROT\u00c9JASE DE FORMA PROACTIVA<br \/>\nTu ordenador est\u00e1 protegido contra todo tipo de amenazas online y\/o offline y tambi\u00e9n contra la propagaci\u00f3n de malware a otras cuentas de usuario.<\/p>\n<p>EXPLORACI\u00d3N EN LA NUBE: OBTENGA UN AN\u00c1LISIS R\u00c1PIDO CON LA NUBE<br \/>\nNo se le dificultan las tareas: los escaneos se aceleran gracias a un sistema de lista blanca de archivos seguros conectado a ESET LiveGrid\u00ae (una base de datos de reputaci\u00f3n de archivos). La tecnolog\u00eda de ESET intenta bloquear proactivamente el malware desconocido centr\u00e1ndose en el origen de su comportamiento y compar\u00e1ndolo con nuestro sistema de reputaci\u00f3n.<\/p>\n<p>PROTECCI\u00d3N CONTRA LOS ATAQUES BASADOS EN SCRIPTS: EVITAR LOS ATAQUES BASADOS EN SCRIPTS<br \/>\nSu ordenador est\u00e1 protegido de los ataques de scripts maliciosos a trav\u00e9s de los navegadores Mozilla Firefox, Google Chrome, Microsoft Internet Explorer y Microsoft Edge.<\/p>\n<p>Tambi\u00e9n est\u00e1 protegido contra los que intentan utilizar Windows PowerShell.<\/p>\n<p>ANTIPHISHING: ASEGURE SUS DATOS PERSONALES<br \/>\nSu informaci\u00f3n confidencial est\u00e1 protegida contra los intentos de robo por parte de sitios web falsos que se hacen pasar por fiables.<\/p>\n<p>AN\u00c1LISIS AVANZADO DE LA MEMORIA: MANT\u00c9NGASE PROTEGIDO INCLUSO DEL MALWARE M\u00c1S PERSISTENTE<br \/>\nSu m\u00e1quina est\u00e1 protegida contra el malware que utiliza m\u00faltiples capas de cifrado para ocultar sus actividades.<\/p>\n<p>CONTROL DE DISPOSITIVOS EXTRA\u00cdBLES: PROTEJA SUS DATOS<br \/>\nSi no has autorizado la copia de tus datos, no se podr\u00e1n transferir a dispositivos extra\u00edbles.<\/p>\n<p>Puedes bloquear medios de almacenamiento, CDs, DVDs, memorias USB y unidades externas, as\u00ed como Bluetooth, FireWire y conexiones de puerto serie o paralelo.<\/p>\n<p>MODO REPRODUCTOR: SIGA UTILIZANDO SUS APLICACIONES SIN SER MOLESTADO<br \/>\n\u00bfEst\u00e1s utilizando un programa en modo de pantalla completa? No hay problema, el antivirus cambia autom\u00e1ticamente al modo silencioso. \u00bfJuegas, ves v\u00eddeos o haces una presentaci\u00f3n? Las actualizaciones y notificaciones se aplazan.<\/p>","protected":false},"excerpt":{"rendered":"<p>El antivirus ESET NOD32\u00ae le ofrece la mejor protecci\u00f3n posible contra el malware con el equilibrio perfecto entre detecci\u00f3n, velocidad y facilidad de uso.<\/p>","protected":false},"featured_media":55831,"comment_status":"open","ping_status":"closed","template":"","meta":[],"product_brand":[],"product_cat":[15],"product_tag":[],"class_list":{"0":"post-50637","1":"product","2":"type-product","3":"status-publish","4":"has-post-thumbnail","6":"product_cat-non-classe","8":"first","9":"instock","10":"sale","11":"purchasable","12":"product-type-simple","13":"czr-hentry"},"yoast_head":"<!-- This site is optimized with the Yoast SEO plugin v27.4 - https:\/\/yoast.com\/product\/yoast-seo-wordpress\/ -->\n<title>ESET NOD32 Antivirus - 2 postes - Abonnement 3 ans - Alfa Descompte<\/title>\n<meta name=\"robots\" content=\"index, follow, max-snippet:-1, max-image-preview:large, max-video-preview:-1\" \/>\n<link rel=\"canonical\" href=\"https:\/\/alfadescompte.ad\/es\/producto-2\/eset-nod32-antivirus-2-postes-abonnement-3-ans\/\" \/>\n<meta property=\"og:locale\" content=\"es_ES\" \/>\n<meta property=\"og:type\" content=\"article\" \/>\n<meta property=\"og:title\" content=\"ESET NOD32 Antivirus - 2 postes - Abonnement 3 ans - Alfa Descompte\" \/>\n<meta property=\"og:description\" content=\"ESET NOD32\u00ae Antivirus vous fait b\u00e9n\u00e9ficier d&#039;une protection optimale contre les logiciels malveillants gr\u00e2ce \u00e0 son \u00e9quilibre parfait entre d\u00e9tection, rapidit\u00e9 et facilit\u00e9 d&#039;utilisation.\" \/>\n<meta property=\"og:url\" content=\"https:\/\/alfadescompte.ad\/es\/producto-2\/eset-nod32-antivirus-2-postes-abonnement-3-ans\/\" \/>\n<meta property=\"og:site_name\" content=\"Alfa Descompte\" \/>\n<meta property=\"article:modified_time\" content=\"2026-03-05T13:48:43+00:00\" \/>\n<meta property=\"og:image\" content=\"https:\/\/alfadescompte.ad\/wp-content\/uploads\/2022\/10\/ChatGPT-Image-5-mars-2026-14_39_27.png\" \/>\n\t<meta property=\"og:image:width\" content=\"1024\" \/>\n\t<meta property=\"og:image:height\" content=\"1024\" \/>\n\t<meta property=\"og:image:type\" content=\"image\/png\" \/>\n<meta name=\"twitter:card\" content=\"summary_large_image\" \/>\n<meta name=\"twitter:label1\" content=\"Tiempo de lectura\" \/>\n\t<meta name=\"twitter:data1\" content=\"2 minutos\" \/>\n<script type=\"application\/ld+json\" class=\"yoast-schema-graph\">{\"@context\":\"https:\\\/\\\/schema.org\",\"@graph\":[{\"@type\":\"WebPage\",\"@id\":\"https:\\\/\\\/alfadescompte.ad\\\/produit\\\/eset-nod32-antivirus-2-postes-abonnement-3-ans\\\/\",\"url\":\"https:\\\/\\\/alfadescompte.ad\\\/produit\\\/eset-nod32-antivirus-2-postes-abonnement-3-ans\\\/\",\"name\":\"ESET NOD32 Antivirus - 2 postes - Abonnement 3 ans - Alfa Descompte\",\"isPartOf\":{\"@id\":\"https:\\\/\\\/alfadescompte.ad\\\/#website\"},\"primaryImageOfPage\":{\"@id\":\"https:\\\/\\\/alfadescompte.ad\\\/produit\\\/eset-nod32-antivirus-2-postes-abonnement-3-ans\\\/#primaryimage\"},\"image\":{\"@id\":\"https:\\\/\\\/alfadescompte.ad\\\/produit\\\/eset-nod32-antivirus-2-postes-abonnement-3-ans\\\/#primaryimage\"},\"thumbnailUrl\":\"https:\\\/\\\/alfadescompte.ad\\\/wp-content\\\/uploads\\\/2022\\\/10\\\/ChatGPT-Image-5-mars-2026-14_39_27.png\",\"datePublished\":\"2022-10-17T13:19:33+00:00\",\"dateModified\":\"2026-03-05T13:48:43+00:00\",\"breadcrumb\":{\"@id\":\"https:\\\/\\\/alfadescompte.ad\\\/produit\\\/eset-nod32-antivirus-2-postes-abonnement-3-ans\\\/#breadcrumb\"},\"inLanguage\":\"es\",\"potentialAction\":[{\"@type\":\"ReadAction\",\"target\":[\"https:\\\/\\\/alfadescompte.ad\\\/produit\\\/eset-nod32-antivirus-2-postes-abonnement-3-ans\\\/\"]}]},{\"@type\":\"ImageObject\",\"inLanguage\":\"es\",\"@id\":\"https:\\\/\\\/alfadescompte.ad\\\/produit\\\/eset-nod32-antivirus-2-postes-abonnement-3-ans\\\/#primaryimage\",\"url\":\"https:\\\/\\\/alfadescompte.ad\\\/wp-content\\\/uploads\\\/2022\\\/10\\\/ChatGPT-Image-5-mars-2026-14_39_27.png\",\"contentUrl\":\"https:\\\/\\\/alfadescompte.ad\\\/wp-content\\\/uploads\\\/2022\\\/10\\\/ChatGPT-Image-5-mars-2026-14_39_27.png\",\"width\":1024,\"height\":1024},{\"@type\":\"BreadcrumbList\",\"@id\":\"https:\\\/\\\/alfadescompte.ad\\\/produit\\\/eset-nod32-antivirus-2-postes-abonnement-3-ans\\\/#breadcrumb\",\"itemListElement\":[{\"@type\":\"ListItem\",\"position\":1,\"name\":\"Accueil\",\"item\":\"https:\\\/\\\/alfadescompte.ad\\\/fr\\\/\"},{\"@type\":\"ListItem\",\"position\":2,\"name\":\"Boutique\",\"item\":\"https:\\\/\\\/alfadescompte.ad\\\/en\\\/boutique\\\/\"},{\"@type\":\"ListItem\",\"position\":3,\"name\":\"ESET NOD32 Antivirus &#8211; 2 postes &#8211; Abonnement 3 ans\"}]},{\"@type\":\"WebSite\",\"@id\":\"https:\\\/\\\/alfadescompte.ad\\\/#website\",\"url\":\"https:\\\/\\\/alfadescompte.ad\\\/\",\"name\":\"Alfa Descompte\",\"description\":\"\",\"publisher\":{\"@id\":\"https:\\\/\\\/alfadescompte.ad\\\/#organization\"},\"potentialAction\":[{\"@type\":\"SearchAction\",\"target\":{\"@type\":\"EntryPoint\",\"urlTemplate\":\"https:\\\/\\\/alfadescompte.ad\\\/?s={search_term_string}\"},\"query-input\":{\"@type\":\"PropertyValueSpecification\",\"valueRequired\":true,\"valueName\":\"search_term_string\"}}],\"inLanguage\":\"es\"},{\"@type\":\"Organization\",\"@id\":\"https:\\\/\\\/alfadescompte.ad\\\/#organization\",\"name\":\"Alfa Descompte\",\"url\":\"https:\\\/\\\/alfadescompte.ad\\\/\",\"logo\":{\"@type\":\"ImageObject\",\"inLanguage\":\"es\",\"@id\":\"https:\\\/\\\/alfadescompte.ad\\\/#\\\/schema\\\/logo\\\/image\\\/\",\"url\":\"https:\\\/\\\/alfadescompte.ad\\\/wp-content\\\/uploads\\\/2022\\\/04\\\/cropped-logo-alfa-1-1.png\",\"contentUrl\":\"https:\\\/\\\/alfadescompte.ad\\\/wp-content\\\/uploads\\\/2022\\\/04\\\/cropped-logo-alfa-1-1.png\",\"width\":424,\"height\":128,\"caption\":\"Alfa Descompte\"},\"image\":{\"@id\":\"https:\\\/\\\/alfadescompte.ad\\\/#\\\/schema\\\/logo\\\/image\\\/\"}}]}<\/script>\n<!-- \/ Yoast SEO plugin. -->","yoast_head_json":{"title":"ESET NOD32 Antivirus - 2 estaciones de trabajo - 3 a\u00f1os de suscripci\u00f3n - Alfa Descompte","robots":{"index":"index","follow":"follow","max-snippet":"max-snippet:-1","max-image-preview":"max-image-preview:large","max-video-preview":"max-video-preview:-1"},"canonical":"https:\/\/alfadescompte.ad\/es\/producto-2\/eset-nod32-antivirus-2-postes-abonnement-3-ans\/","og_locale":"es_ES","og_type":"article","og_title":"ESET NOD32 Antivirus - 2 postes - Abonnement 3 ans - Alfa Descompte","og_description":"ESET NOD32\u00ae Antivirus vous fait b\u00e9n\u00e9ficier d'une protection optimale contre les logiciels malveillants gr\u00e2ce \u00e0 son \u00e9quilibre parfait entre d\u00e9tection, rapidit\u00e9 et facilit\u00e9 d'utilisation.","og_url":"https:\/\/alfadescompte.ad\/es\/producto-2\/eset-nod32-antivirus-2-postes-abonnement-3-ans\/","og_site_name":"Alfa Descompte","article_modified_time":"2026-03-05T13:48:43+00:00","og_image":[{"width":1024,"height":1024,"url":"https:\/\/alfadescompte.ad\/wp-content\/uploads\/2022\/10\/ChatGPT-Image-5-mars-2026-14_39_27.png","type":"image\/png"}],"twitter_card":"summary_large_image","twitter_misc":{"Tiempo de lectura":"2 minutos"},"schema":{"@context":"https:\/\/schema.org","@graph":[{"@type":"WebPage","@id":"https:\/\/alfadescompte.ad\/produit\/eset-nod32-antivirus-2-postes-abonnement-3-ans\/","url":"https:\/\/alfadescompte.ad\/produit\/eset-nod32-antivirus-2-postes-abonnement-3-ans\/","name":"ESET NOD32 Antivirus - 2 estaciones de trabajo - 3 a\u00f1os de suscripci\u00f3n - Alfa Descompte","isPartOf":{"@id":"https:\/\/alfadescompte.ad\/#website"},"primaryImageOfPage":{"@id":"https:\/\/alfadescompte.ad\/produit\/eset-nod32-antivirus-2-postes-abonnement-3-ans\/#primaryimage"},"image":{"@id":"https:\/\/alfadescompte.ad\/produit\/eset-nod32-antivirus-2-postes-abonnement-3-ans\/#primaryimage"},"thumbnailUrl":"https:\/\/alfadescompte.ad\/wp-content\/uploads\/2022\/10\/ChatGPT-Image-5-mars-2026-14_39_27.png","datePublished":"2022-10-17T13:19:33+00:00","dateModified":"2026-03-05T13:48:43+00:00","breadcrumb":{"@id":"https:\/\/alfadescompte.ad\/produit\/eset-nod32-antivirus-2-postes-abonnement-3-ans\/#breadcrumb"},"inLanguage":"es","potentialAction":[{"@type":"ReadAction","target":["https:\/\/alfadescompte.ad\/produit\/eset-nod32-antivirus-2-postes-abonnement-3-ans\/"]}]},{"@type":"ImageObject","inLanguage":"es","@id":"https:\/\/alfadescompte.ad\/produit\/eset-nod32-antivirus-2-postes-abonnement-3-ans\/#primaryimage","url":"https:\/\/alfadescompte.ad\/wp-content\/uploads\/2022\/10\/ChatGPT-Image-5-mars-2026-14_39_27.png","contentUrl":"https:\/\/alfadescompte.ad\/wp-content\/uploads\/2022\/10\/ChatGPT-Image-5-mars-2026-14_39_27.png","width":1024,"height":1024},{"@type":"BreadcrumbList","@id":"https:\/\/alfadescompte.ad\/produit\/eset-nod32-antivirus-2-postes-abonnement-3-ans\/#breadcrumb","itemListElement":[{"@type":"ListItem","position":1,"name":"Accueil","item":"https:\/\/alfadescompte.ad\/fr\/"},{"@type":"ListItem","position":2,"name":"Boutique","item":"https:\/\/alfadescompte.ad\/en\/boutique\/"},{"@type":"ListItem","position":3,"name":"ESET NOD32 Antivirus &#8211; 2 postes &#8211; Abonnement 3 ans"}]},{"@type":"WebSite","@id":"https:\/\/alfadescompte.ad\/#website","url":"https:\/\/alfadescompte.ad\/","name":"Alfa Descompte","description":"","publisher":{"@id":"https:\/\/alfadescompte.ad\/#organization"},"potentialAction":[{"@type":"SearchAction","target":{"@type":"EntryPoint","urlTemplate":"https:\/\/alfadescompte.ad\/?s={search_term_string}"},"query-input":{"@type":"PropertyValueSpecification","valueRequired":true,"valueName":"search_term_string"}}],"inLanguage":"es"},{"@type":"Organization","@id":"https:\/\/alfadescompte.ad\/#organization","name":"Alfa Descompte","url":"https:\/\/alfadescompte.ad\/","logo":{"@type":"ImageObject","inLanguage":"es","@id":"https:\/\/alfadescompte.ad\/#\/schema\/logo\/image\/","url":"https:\/\/alfadescompte.ad\/wp-content\/uploads\/2022\/04\/cropped-logo-alfa-1-1.png","contentUrl":"https:\/\/alfadescompte.ad\/wp-content\/uploads\/2022\/04\/cropped-logo-alfa-1-1.png","width":424,"height":128,"caption":"Alfa Descompte"},"image":{"@id":"https:\/\/alfadescompte.ad\/#\/schema\/logo\/image\/"}}]}},"_links":{"self":[{"href":"https:\/\/alfadescompte.ad\/es\/wp-json\/wp\/v2\/product\/50637","targetHints":{"allow":["GET"]}}],"collection":[{"href":"https:\/\/alfadescompte.ad\/es\/wp-json\/wp\/v2\/product"}],"about":[{"href":"https:\/\/alfadescompte.ad\/es\/wp-json\/wp\/v2\/types\/product"}],"replies":[{"embeddable":true,"href":"https:\/\/alfadescompte.ad\/es\/wp-json\/wp\/v2\/comments?post=50637"}],"wp:featuredmedia":[{"embeddable":true,"href":"https:\/\/alfadescompte.ad\/es\/wp-json\/wp\/v2\/media\/55831"}],"wp:attachment":[{"href":"https:\/\/alfadescompte.ad\/es\/wp-json\/wp\/v2\/media?parent=50637"}],"wp:term":[{"taxonomy":"product_brand","embeddable":true,"href":"https:\/\/alfadescompte.ad\/es\/wp-json\/wp\/v2\/product_brand?post=50637"},{"taxonomy":"product_cat","embeddable":true,"href":"https:\/\/alfadescompte.ad\/es\/wp-json\/wp\/v2\/product_cat?post=50637"},{"taxonomy":"product_tag","embeddable":true,"href":"https:\/\/alfadescompte.ad\/es\/wp-json\/wp\/v2\/product_tag?post=50637"}],"curies":[{"name":"wp","href":"https:\/\/api.w.org\/{rel}","templated":true}]}}