{"id":50852,"date":"2022-10-17T15:21:50","date_gmt":"2022-10-17T13:21:50","guid":{"rendered":"https:\/\/alfadescompte.ad\/?product=norton-security-standard-1-utilisateur-1-appareil-abonnement-3-ans"},"modified":"2026-03-03T08:50:25","modified_gmt":"2026-03-03T07:50:25","slug":"norton-security-standard-1-utilisateur-1-appareil-abonnement-3-ans","status":"publish","type":"product","link":"https:\/\/alfadescompte.ad\/es\/producto-2\/norton-security-standard-1-utilisateur-1-appareil-abonnement-3-ans\/","title":{"rendered":"Norton Security Standard 2026 - 1 usuario - 1 dispositivo - 3 a\u00f1os de suscripci\u00f3n"},"content":{"rendered":"<div class=\"fancybox-wrap fancybox-desktop fancybox-type-ajax fancybox-opened\">\n<div class=\"fancybox-skin\">\n<div class=\"fancybox-outer\">\n<div class=\"fancybox-inner\">\n<div id=\"popup-fiche\">\n<div class=\"wrapper-fiche\">\n<div class=\"content-fiche\">\n<div class=\"description\">\n<h3><strong>Norton Security Standard 2024 - 1 usuario - 1 dispositivo - 3 a\u00f1os de suscripci\u00f3n<\/strong><\/h3>\n<p><strong>Las licencias Norton\u2122 adquiridas en nuestro sitio s\u00f3lo pueden activarse en Francia.<\/strong><\/p>\n<p>La nueva versi\u00f3n de Norton\u2122 Security Standard le ofrece protecci\u00f3n Norton en el dispositivo que elija: PC, Mac\u00ae, smartphone o tableta.<\/p>\n<p>Mantenga sus dispositivos a salvo de virus, amenazas en l\u00ednea, robos de identidad y fraudes bancarios o proteja su smartphone o tableta de la p\u00e9rdida de datos personales o del acceso no autorizado a su contenido (mensajes, contactos, fotos).<\/p>\n<p>Usted elige el dispositivo y Norton Security lo protege.<\/p>\n<h3>LAS FUNCIONES<\/h3>\n<ul>\n<li>Proteja sus datos personales en un PC, Mac, smartphone o tableta para un uso seguro.<\/li>\n<li>F\u00e1cil instalaci\u00f3n en todos sus dispositivos. Una vez instalado en uno de sus dispositivos, puede proteger f\u00e1cilmente otros dispositivos cambiando su suscripci\u00f3n en cualquier momento. (Pueden aplicarse recargos proporcionales si se instala en otros dispositivos no cubiertos por su suscripci\u00f3n actual).<\/li>\n<li>Actualizaci\u00f3n autom\u00e1tica a las \u00faltimas funciones. Siempre dispondr\u00e1 de la \u00faltima versi\u00f3n de Norton mientras dure su suscripci\u00f3n.<\/li>\n<li>SUSCRIPCI\u00d3N DE TRES A\u00d1OS: Su suscripci\u00f3n le permite utilizar este producto en 1 dispositivo individual durante todo el periodo de suscripci\u00f3n. La suscripci\u00f3n comienza en el momento de la instalaci\u00f3n y la activaci\u00f3n inicial.<\/li>\n<li>Asistencia t\u00e9cnica gratuita (por chat, tel\u00e9fono, correo electr\u00f3nico) con control remoto<\/li>\n<li>Antivirus incluido: protecci\u00f3n b\u00e1sica<\/li>\n<\/ul>\n<\/div>\n<\/div>\n<\/div>\n<\/div>\n<\/div>\n<\/div>\n<div class=\"fancybox-item fancybox-close\" title=\"Cerrar\"><\/div>\n<\/div>\n<\/div>","protected":false},"excerpt":{"rendered":"<p>Compre hoy mismo su clave de activaci\u00f3n original y reciba por correo electr\u00f3nico su enlace de descarga ultrarr\u00e1pida y su clave de activaci\u00f3n exclusiva.<\/p>\n<p>- Obtenga su c\u00f3digo de activaci\u00f3n en 15 minutos.<br \/>\n- Llave original 100%<br \/>\n- Autorizado para la venta en Europa<br \/>\n- Idiomas: multiling\u00fce<\/p>","protected":false},"featured_media":55771,"comment_status":"open","ping_status":"closed","template":"","meta":[],"product_brand":[],"product_cat":[193,1557,20],"product_tag":[],"class_list":{"0":"post-50852","1":"product","2":"type-product","3":"status-publish","4":"has-post-thumbnail","6":"product_cat-norton","7":"product_cat-norton-security-standard","8":"product_cat-securite","10":"first","11":"instock","12":"sale","13":"downloadable","14":"virtual","15":"purchasable","16":"product-type-simple","17":"czr-hentry"},"yoast_head":"<!-- This site is optimized with the Yoast SEO plugin v27.4 - https:\/\/yoast.com\/product\/yoast-seo-wordpress\/ -->\n<title>Norton Security Standard 2026 - 1 utilisateur - 1 appareil - Abonnement 3 ans - Alfa Descompte<\/title>\n<meta name=\"robots\" content=\"index, follow, max-snippet:-1, max-image-preview:large, max-video-preview:-1\" \/>\n<link rel=\"canonical\" href=\"https:\/\/alfadescompte.ad\/es\/producto-2\/norton-security-standard-1-utilisateur-1-appareil-abonnement-3-ans\/\" \/>\n<meta property=\"og:locale\" content=\"es_ES\" \/>\n<meta property=\"og:type\" content=\"article\" \/>\n<meta property=\"og:title\" content=\"Norton Security Standard 2026 - 1 utilisateur - 1 appareil - Abonnement 3 ans - Alfa Descompte\" \/>\n<meta property=\"og:description\" content=\"Achetez aujourd\u2019hui votre cl\u00e9 d&#039;activation originale et recevez par mail votre lien de t\u00e9l\u00e9chargement ultra rapide ainsi que sa cl\u00e9 unique d\u2019activation..  - Obtenir votre code d&#039;activation en 15 minutes. - Cl\u00e9 100% authentique - Vente autoris\u00e9e en Europe - Langues: Multi-langue\" \/>\n<meta property=\"og:url\" content=\"https:\/\/alfadescompte.ad\/es\/producto-2\/norton-security-standard-1-utilisateur-1-appareil-abonnement-3-ans\/\" \/>\n<meta property=\"og:site_name\" content=\"Alfa Descompte\" \/>\n<meta property=\"article:modified_time\" content=\"2026-03-03T07:50:25+00:00\" \/>\n<meta property=\"og:image\" content=\"https:\/\/alfadescompte.ad\/wp-content\/uploads\/2022\/10\/ChatGPT-Image-3-mars-2026-08_49_55.png\" \/>\n\t<meta property=\"og:image:width\" content=\"1024\" \/>\n\t<meta property=\"og:image:height\" content=\"1024\" \/>\n\t<meta property=\"og:image:type\" content=\"image\/png\" \/>\n<meta name=\"twitter:card\" content=\"summary_large_image\" \/>\n<meta name=\"twitter:label1\" content=\"Tiempo de lectura\" \/>\n\t<meta name=\"twitter:data1\" content=\"2 minutos\" \/>\n<script type=\"application\/ld+json\" class=\"yoast-schema-graph\">{\"@context\":\"https:\\\/\\\/schema.org\",\"@graph\":[{\"@type\":\"WebPage\",\"@id\":\"https:\\\/\\\/alfadescompte.ad\\\/produit\\\/norton-security-standard-1-utilisateur-1-appareil-abonnement-3-ans\\\/\",\"url\":\"https:\\\/\\\/alfadescompte.ad\\\/produit\\\/norton-security-standard-1-utilisateur-1-appareil-abonnement-3-ans\\\/\",\"name\":\"Norton Security Standard 2026 - 1 utilisateur - 1 appareil - Abonnement 3 ans - Alfa Descompte\",\"isPartOf\":{\"@id\":\"https:\\\/\\\/alfadescompte.ad\\\/#website\"},\"primaryImageOfPage\":{\"@id\":\"https:\\\/\\\/alfadescompte.ad\\\/produit\\\/norton-security-standard-1-utilisateur-1-appareil-abonnement-3-ans\\\/#primaryimage\"},\"image\":{\"@id\":\"https:\\\/\\\/alfadescompte.ad\\\/produit\\\/norton-security-standard-1-utilisateur-1-appareil-abonnement-3-ans\\\/#primaryimage\"},\"thumbnailUrl\":\"https:\\\/\\\/alfadescompte.ad\\\/wp-content\\\/uploads\\\/2022\\\/10\\\/ChatGPT-Image-3-mars-2026-08_49_55.png\",\"datePublished\":\"2022-10-17T13:21:50+00:00\",\"dateModified\":\"2026-03-03T07:50:25+00:00\",\"breadcrumb\":{\"@id\":\"https:\\\/\\\/alfadescompte.ad\\\/produit\\\/norton-security-standard-1-utilisateur-1-appareil-abonnement-3-ans\\\/#breadcrumb\"},\"inLanguage\":\"es\",\"potentialAction\":[{\"@type\":\"ReadAction\",\"target\":[\"https:\\\/\\\/alfadescompte.ad\\\/produit\\\/norton-security-standard-1-utilisateur-1-appareil-abonnement-3-ans\\\/\"]}]},{\"@type\":\"ImageObject\",\"inLanguage\":\"es\",\"@id\":\"https:\\\/\\\/alfadescompte.ad\\\/produit\\\/norton-security-standard-1-utilisateur-1-appareil-abonnement-3-ans\\\/#primaryimage\",\"url\":\"https:\\\/\\\/alfadescompte.ad\\\/wp-content\\\/uploads\\\/2022\\\/10\\\/ChatGPT-Image-3-mars-2026-08_49_55.png\",\"contentUrl\":\"https:\\\/\\\/alfadescompte.ad\\\/wp-content\\\/uploads\\\/2022\\\/10\\\/ChatGPT-Image-3-mars-2026-08_49_55.png\",\"width\":1024,\"height\":1024},{\"@type\":\"BreadcrumbList\",\"@id\":\"https:\\\/\\\/alfadescompte.ad\\\/produit\\\/norton-security-standard-1-utilisateur-1-appareil-abonnement-3-ans\\\/#breadcrumb\",\"itemListElement\":[{\"@type\":\"ListItem\",\"position\":1,\"name\":\"Accueil\",\"item\":\"https:\\\/\\\/alfadescompte.ad\\\/fr\\\/\"},{\"@type\":\"ListItem\",\"position\":2,\"name\":\"Boutique\",\"item\":\"https:\\\/\\\/alfadescompte.ad\\\/en\\\/boutique\\\/\"},{\"@type\":\"ListItem\",\"position\":3,\"name\":\"Norton Security Standard 2026 &#8211; 1 utilisateur &#8211; 1 appareil &#8211; Abonnement 3 ans\"}]},{\"@type\":\"WebSite\",\"@id\":\"https:\\\/\\\/alfadescompte.ad\\\/#website\",\"url\":\"https:\\\/\\\/alfadescompte.ad\\\/\",\"name\":\"Alfa Descompte\",\"description\":\"\",\"publisher\":{\"@id\":\"https:\\\/\\\/alfadescompte.ad\\\/#organization\"},\"potentialAction\":[{\"@type\":\"SearchAction\",\"target\":{\"@type\":\"EntryPoint\",\"urlTemplate\":\"https:\\\/\\\/alfadescompte.ad\\\/?s={search_term_string}\"},\"query-input\":{\"@type\":\"PropertyValueSpecification\",\"valueRequired\":true,\"valueName\":\"search_term_string\"}}],\"inLanguage\":\"es\"},{\"@type\":\"Organization\",\"@id\":\"https:\\\/\\\/alfadescompte.ad\\\/#organization\",\"name\":\"Alfa Descompte\",\"url\":\"https:\\\/\\\/alfadescompte.ad\\\/\",\"logo\":{\"@type\":\"ImageObject\",\"inLanguage\":\"es\",\"@id\":\"https:\\\/\\\/alfadescompte.ad\\\/#\\\/schema\\\/logo\\\/image\\\/\",\"url\":\"https:\\\/\\\/alfadescompte.ad\\\/wp-content\\\/uploads\\\/2022\\\/04\\\/cropped-logo-alfa-1-1.png\",\"contentUrl\":\"https:\\\/\\\/alfadescompte.ad\\\/wp-content\\\/uploads\\\/2022\\\/04\\\/cropped-logo-alfa-1-1.png\",\"width\":424,\"height\":128,\"caption\":\"Alfa Descompte\"},\"image\":{\"@id\":\"https:\\\/\\\/alfadescompte.ad\\\/#\\\/schema\\\/logo\\\/image\\\/\"}}]}<\/script>\n<!-- \/ Yoast SEO plugin. -->","yoast_head_json":{"title":"Norton Security Standard 2026 - 1 usuario - 1 dispositivo - 3 a\u00f1os de suscripci\u00f3n - Alfa Descompte","robots":{"index":"index","follow":"follow","max-snippet":"max-snippet:-1","max-image-preview":"max-image-preview:large","max-video-preview":"max-video-preview:-1"},"canonical":"https:\/\/alfadescompte.ad\/es\/producto-2\/norton-security-standard-1-utilisateur-1-appareil-abonnement-3-ans\/","og_locale":"es_ES","og_type":"article","og_title":"Norton Security Standard 2026 - 1 utilisateur - 1 appareil - Abonnement 3 ans - Alfa Descompte","og_description":"Achetez aujourd\u2019hui votre cl\u00e9 d'activation originale et recevez par mail votre lien de t\u00e9l\u00e9chargement ultra rapide ainsi que sa cl\u00e9 unique d\u2019activation..  - Obtenir votre code d'activation en 15 minutes. - Cl\u00e9 100% authentique - Vente autoris\u00e9e en Europe - Langues: Multi-langue","og_url":"https:\/\/alfadescompte.ad\/es\/producto-2\/norton-security-standard-1-utilisateur-1-appareil-abonnement-3-ans\/","og_site_name":"Alfa Descompte","article_modified_time":"2026-03-03T07:50:25+00:00","og_image":[{"width":1024,"height":1024,"url":"https:\/\/alfadescompte.ad\/wp-content\/uploads\/2022\/10\/ChatGPT-Image-3-mars-2026-08_49_55.png","type":"image\/png"}],"twitter_card":"summary_large_image","twitter_misc":{"Tiempo de lectura":"2 minutos"},"schema":{"@context":"https:\/\/schema.org","@graph":[{"@type":"WebPage","@id":"https:\/\/alfadescompte.ad\/produit\/norton-security-standard-1-utilisateur-1-appareil-abonnement-3-ans\/","url":"https:\/\/alfadescompte.ad\/produit\/norton-security-standard-1-utilisateur-1-appareil-abonnement-3-ans\/","name":"Norton Security Standard 2026 - 1 usuario - 1 dispositivo - 3 a\u00f1os de suscripci\u00f3n - Alfa Descompte","isPartOf":{"@id":"https:\/\/alfadescompte.ad\/#website"},"primaryImageOfPage":{"@id":"https:\/\/alfadescompte.ad\/produit\/norton-security-standard-1-utilisateur-1-appareil-abonnement-3-ans\/#primaryimage"},"image":{"@id":"https:\/\/alfadescompte.ad\/produit\/norton-security-standard-1-utilisateur-1-appareil-abonnement-3-ans\/#primaryimage"},"thumbnailUrl":"https:\/\/alfadescompte.ad\/wp-content\/uploads\/2022\/10\/ChatGPT-Image-3-mars-2026-08_49_55.png","datePublished":"2022-10-17T13:21:50+00:00","dateModified":"2026-03-03T07:50:25+00:00","breadcrumb":{"@id":"https:\/\/alfadescompte.ad\/produit\/norton-security-standard-1-utilisateur-1-appareil-abonnement-3-ans\/#breadcrumb"},"inLanguage":"es","potentialAction":[{"@type":"ReadAction","target":["https:\/\/alfadescompte.ad\/produit\/norton-security-standard-1-utilisateur-1-appareil-abonnement-3-ans\/"]}]},{"@type":"ImageObject","inLanguage":"es","@id":"https:\/\/alfadescompte.ad\/produit\/norton-security-standard-1-utilisateur-1-appareil-abonnement-3-ans\/#primaryimage","url":"https:\/\/alfadescompte.ad\/wp-content\/uploads\/2022\/10\/ChatGPT-Image-3-mars-2026-08_49_55.png","contentUrl":"https:\/\/alfadescompte.ad\/wp-content\/uploads\/2022\/10\/ChatGPT-Image-3-mars-2026-08_49_55.png","width":1024,"height":1024},{"@type":"BreadcrumbList","@id":"https:\/\/alfadescompte.ad\/produit\/norton-security-standard-1-utilisateur-1-appareil-abonnement-3-ans\/#breadcrumb","itemListElement":[{"@type":"ListItem","position":1,"name":"Accueil","item":"https:\/\/alfadescompte.ad\/fr\/"},{"@type":"ListItem","position":2,"name":"Boutique","item":"https:\/\/alfadescompte.ad\/en\/boutique\/"},{"@type":"ListItem","position":3,"name":"Norton Security Standard 2026 &#8211; 1 utilisateur &#8211; 1 appareil &#8211; Abonnement 3 ans"}]},{"@type":"WebSite","@id":"https:\/\/alfadescompte.ad\/#website","url":"https:\/\/alfadescompte.ad\/","name":"Alfa Descompte","description":"","publisher":{"@id":"https:\/\/alfadescompte.ad\/#organization"},"potentialAction":[{"@type":"SearchAction","target":{"@type":"EntryPoint","urlTemplate":"https:\/\/alfadescompte.ad\/?s={search_term_string}"},"query-input":{"@type":"PropertyValueSpecification","valueRequired":true,"valueName":"search_term_string"}}],"inLanguage":"es"},{"@type":"Organization","@id":"https:\/\/alfadescompte.ad\/#organization","name":"Alfa Descompte","url":"https:\/\/alfadescompte.ad\/","logo":{"@type":"ImageObject","inLanguage":"es","@id":"https:\/\/alfadescompte.ad\/#\/schema\/logo\/image\/","url":"https:\/\/alfadescompte.ad\/wp-content\/uploads\/2022\/04\/cropped-logo-alfa-1-1.png","contentUrl":"https:\/\/alfadescompte.ad\/wp-content\/uploads\/2022\/04\/cropped-logo-alfa-1-1.png","width":424,"height":128,"caption":"Alfa Descompte"},"image":{"@id":"https:\/\/alfadescompte.ad\/#\/schema\/logo\/image\/"}}]}},"_links":{"self":[{"href":"https:\/\/alfadescompte.ad\/es\/wp-json\/wp\/v2\/product\/50852","targetHints":{"allow":["GET"]}}],"collection":[{"href":"https:\/\/alfadescompte.ad\/es\/wp-json\/wp\/v2\/product"}],"about":[{"href":"https:\/\/alfadescompte.ad\/es\/wp-json\/wp\/v2\/types\/product"}],"replies":[{"embeddable":true,"href":"https:\/\/alfadescompte.ad\/es\/wp-json\/wp\/v2\/comments?post=50852"}],"wp:featuredmedia":[{"embeddable":true,"href":"https:\/\/alfadescompte.ad\/es\/wp-json\/wp\/v2\/media\/55771"}],"wp:attachment":[{"href":"https:\/\/alfadescompte.ad\/es\/wp-json\/wp\/v2\/media?parent=50852"}],"wp:term":[{"taxonomy":"product_brand","embeddable":true,"href":"https:\/\/alfadescompte.ad\/es\/wp-json\/wp\/v2\/product_brand?post=50852"},{"taxonomy":"product_cat","embeddable":true,"href":"https:\/\/alfadescompte.ad\/es\/wp-json\/wp\/v2\/product_cat?post=50852"},{"taxonomy":"product_tag","embeddable":true,"href":"https:\/\/alfadescompte.ad\/es\/wp-json\/wp\/v2\/product_tag?post=50852"}],"curies":[{"name":"wp","href":"https:\/\/api.w.org\/{rel}","templated":true}]}}