{"id":50915,"date":"2022-10-17T15:22:28","date_gmt":"2022-10-17T13:22:28","guid":{"rendered":"https:\/\/alfadescompte.ad\/?product=g-data-antivirus-4-postes-abonnement-3-ans"},"modified":"2026-03-04T11:41:26","modified_gmt":"2026-03-04T10:41:26","slug":"g-data-antivirus-4-postes-abonnement-3-ans","status":"publish","type":"product","link":"https:\/\/alfadescompte.ad\/es\/producto-2\/g-data-antivirus-4-postes-abonnement-3-ans\/","title":{"rendered":"G DATA Antivirus 2026 - 4 estaciones de trabajo - suscripci\u00f3n de 3 a\u00f1os"},"content":{"rendered":"<div class=\"fancybox-wrap fancybox-desktop fancybox-type-ajax fancybox-opened\">\n<div class=\"fancybox-skin\">\n<div class=\"fancybox-outer\">\n<div class=\"fancybox-inner\">\n<div id=\"popup-fiche\">\n<div class=\"wrapper-fiche\">\n<div class=\"content-fiche\">\n<div class=\"description\">\n<h2>G ANTIVIRUS DE DATOS, LA PROTECCI\u00d3N B\u00c1SICA PARA SU M\u00c1QUINA<\/h2>\n<p>Protecci\u00f3n eficaz contra los virus y diversos riesgos de la red.<\/p>\n<p>Las tecnolog\u00edas de funcionamiento en paralelo permiten una alta tasa de detecci\u00f3n de virus.<\/p>\n<h3>PROTECCI\u00d3N CONTRA PELIGROS DESCONOCIDOS<\/h3>\n<p>En esta nueva versi\u00f3n se ha optimizado la comprobaci\u00f3n del comportamiento de los archivos y programas.<\/p>\n<p>Estar\u00e1 protegido incluso del malware desconocido con la protecci\u00f3n proactiva y la conexi\u00f3n a la nube.<\/p>\n<p>El piloto autom\u00e1tico le dar\u00e1 tranquilidad al utilizar su ordenador.<\/p>\n<h3>PROTECCI\u00d3N OPTIMIZADA DE SU CORREO ELECTR\u00d3NICO<\/h3>\n<p>Un escaneo de sus correos electr\u00f3nicos, incluso los encriptados con SSL, le permitir\u00e1 detectar archivos adjuntos maliciosos y otros contenidos sospechosos.<\/p>\n<h3>PROTECCI\u00d3N CONTRA FALLOS DE SEGURIDAD EN SUS PROGRAMAS<\/h3>\n<p>Con la protecci\u00f3n Anti-exploit, G DATA Antivirus ofrece protecci\u00f3n contra las vulnerabilidades de los programas instalados (plug-ins del navegador, procesadores de texto). Todos los programas est\u00e1n protegidos contra la explotaci\u00f3n de posibles vulnerabilidades.<\/p>\n<h3>LA SOLUCI\u00d3N PARA LA BANCA Y LAS COMPRAS EN L\u00cdNEA SEGURAS<\/h3>\n<p>La tecnolog\u00eda BankGuard y la protecci\u00f3n contra keyloggers le protegen contra la manipulaci\u00f3n y el robo de datos en Internet.<\/p>\n<h3>PROTECCI\u00d3N CONTRA DISPOSITIVOS USB MANIPULADOS<\/h3>\n<p>Prot\u00e9jase de los dispositivos USB que se comportan como teclados con el m\u00f3dulo USB KEYBOARD GUARD.<\/p>\n<h3>GESTI\u00d3N PERSONALIZADA DE LAS ACTUALIZACIONES<\/h3>\n<p>Identifique las conexiones de red que se utilizar\u00e1n para las actualizaciones. De este modo, puede evitar costes innecesarios en el caso de las conexiones UMTS y LTE, por ejemplo.<\/p>\n<h3>PROTECCI\u00d3N CONTRA EL RANSOMWARE Y LOS CIBERDELINCUENTES<\/h3>\n<\/div>\n<\/div>\n<\/div>\n<\/div>\n<\/div>\n<\/div>\n<div class=\"fancybox-item fancybox-close\" title=\"Cerrar\"><\/div>\n<\/div>\n<\/div>","protected":false},"excerpt":{"rendered":"<ul>\n<li class=\"point-fort\">Editor europeo, datos almacenados en Europa<\/li>\n<li class=\"point-fort\">Producto certificado por AV-Test.org<\/li>\n<li class=\"point-fort\">Protecci\u00f3n contra virus, ransomware, spam y phishing<\/li>\n<li class=\"point-fort\">Navegaci\u00f3n y compras en l\u00ednea seguras<\/li>\n<li class=\"point-fort\">No se ralentiza el PC<\/li>\n<li class=\"point-fort\">Asistencia telef\u00f3nica gratuita en franc\u00e9s<\/li>\n<\/ul>\n<p>Comprar y descargar <strong>G DATA Antivirus<\/strong><\/p>\n<p>Despu\u00e9s de hacer su pedido y dentro de<strong>\u00a024 horas<\/strong>Usted recibir\u00e1 :<\/p>\n<ul>\n<li>El c\u00f3digo de activaci\u00f3n para <strong>G DATA Antivirus<\/strong><\/li>\n<li>El enlace de descarga de <strong>G DATA Antivirus<\/strong><\/li>\n<li>Gu\u00edas de instalaci\u00f3n y activaci\u00f3n<\/li>\n<\/ul>\n<p>Nuestro servicio de atenci\u00f3n al cliente est\u00e1 disponible los 7 d\u00edas de la semana<\/p>","protected":false},"featured_media":55816,"comment_status":"open","ping_status":"closed","template":"","meta":[],"product_brand":[],"product_cat":[1437,1543,20],"product_tag":[],"class_list":{"0":"post-50915","1":"product","2":"type-product","3":"status-publish","4":"has-post-thumbnail","6":"product_cat-g-data","7":"product_cat-g-data-antivirus","8":"product_cat-securite","10":"first","11":"instock","12":"sale","13":"downloadable","14":"virtual","15":"purchasable","16":"product-type-simple","17":"czr-hentry"},"yoast_head":"<!-- This site is optimized with the Yoast SEO plugin v27.4 - https:\/\/yoast.com\/product\/yoast-seo-wordpress\/ -->\n<title>G DATA Antivirus 2026 - 4 postes - Abonnement 3 ans - Alfa Descompte<\/title>\n<meta name=\"robots\" content=\"index, follow, max-snippet:-1, max-image-preview:large, max-video-preview:-1\" \/>\n<link rel=\"canonical\" href=\"https:\/\/alfadescompte.ad\/es\/producto-2\/g-data-antivirus-4-postes-abonnement-3-ans\/\" \/>\n<meta property=\"og:locale\" content=\"es_ES\" \/>\n<meta property=\"og:type\" content=\"article\" \/>\n<meta property=\"og:title\" content=\"G DATA Antivirus 2026 - 4 postes - Abonnement 3 ans - Alfa Descompte\" \/>\n<meta property=\"og:description\" content=\"Editeur europ\u00e9en, donn\u00e9es stock\u00e9es en Europe  Produit certifi\u00e9 par AV-Test.org  Protection contre virus, ransomwares, spam, phishing  Navigation s\u00e9curis\u00e9 et achats en ligne prot\u00e9g\u00e9s  Pas de ralentissement de votre PC  Assistance t\u00e9l\u00e9phonique gratuite en fran\u00e7ais  Acheter et T\u00e9l\u00e9charger G DATA Antivirus  Apr\u00e8s avoir pass\u00e9 votre commande et dans les\u00a024 heures, vous recevrez :   Le code de la cl\u00e9 d\u2019activation de G DATA Antivirus  Le lien de t\u00e9l\u00e9chargement pour G DATA Antivirus  Les guides d\u2019installation et d\u2019activation  Notre service client\u00e8le est disponible 7\/7 jours\" \/>\n<meta property=\"og:url\" content=\"https:\/\/alfadescompte.ad\/es\/producto-2\/g-data-antivirus-4-postes-abonnement-3-ans\/\" \/>\n<meta property=\"og:site_name\" content=\"Alfa Descompte\" \/>\n<meta property=\"article:modified_time\" content=\"2026-03-04T10:41:26+00:00\" \/>\n<meta property=\"og:image\" content=\"https:\/\/alfadescompte.ad\/wp-content\/uploads\/2022\/10\/ChatGPT-Image-4-mars-2026-11_28_31.png\" \/>\n\t<meta property=\"og:image:width\" content=\"1024\" \/>\n\t<meta property=\"og:image:height\" content=\"1024\" \/>\n\t<meta property=\"og:image:type\" content=\"image\/png\" \/>\n<meta name=\"twitter:card\" content=\"summary_large_image\" \/>\n<meta name=\"twitter:label1\" content=\"Tiempo de lectura\" \/>\n\t<meta name=\"twitter:data1\" content=\"2 minutos\" \/>\n<script type=\"application\/ld+json\" class=\"yoast-schema-graph\">{\"@context\":\"https:\\\/\\\/schema.org\",\"@graph\":[{\"@type\":\"WebPage\",\"@id\":\"https:\\\/\\\/alfadescompte.ad\\\/produit\\\/g-data-antivirus-4-postes-abonnement-3-ans\\\/\",\"url\":\"https:\\\/\\\/alfadescompte.ad\\\/produit\\\/g-data-antivirus-4-postes-abonnement-3-ans\\\/\",\"name\":\"G DATA Antivirus 2026 - 4 postes - Abonnement 3 ans - Alfa Descompte\",\"isPartOf\":{\"@id\":\"https:\\\/\\\/alfadescompte.ad\\\/#website\"},\"primaryImageOfPage\":{\"@id\":\"https:\\\/\\\/alfadescompte.ad\\\/produit\\\/g-data-antivirus-4-postes-abonnement-3-ans\\\/#primaryimage\"},\"image\":{\"@id\":\"https:\\\/\\\/alfadescompte.ad\\\/produit\\\/g-data-antivirus-4-postes-abonnement-3-ans\\\/#primaryimage\"},\"thumbnailUrl\":\"https:\\\/\\\/alfadescompte.ad\\\/wp-content\\\/uploads\\\/2022\\\/10\\\/ChatGPT-Image-4-mars-2026-11_28_31.png\",\"datePublished\":\"2022-10-17T13:22:28+00:00\",\"dateModified\":\"2026-03-04T10:41:26+00:00\",\"breadcrumb\":{\"@id\":\"https:\\\/\\\/alfadescompte.ad\\\/produit\\\/g-data-antivirus-4-postes-abonnement-3-ans\\\/#breadcrumb\"},\"inLanguage\":\"es\",\"potentialAction\":[{\"@type\":\"ReadAction\",\"target\":[\"https:\\\/\\\/alfadescompte.ad\\\/produit\\\/g-data-antivirus-4-postes-abonnement-3-ans\\\/\"]}]},{\"@type\":\"ImageObject\",\"inLanguage\":\"es\",\"@id\":\"https:\\\/\\\/alfadescompte.ad\\\/produit\\\/g-data-antivirus-4-postes-abonnement-3-ans\\\/#primaryimage\",\"url\":\"https:\\\/\\\/alfadescompte.ad\\\/wp-content\\\/uploads\\\/2022\\\/10\\\/ChatGPT-Image-4-mars-2026-11_28_31.png\",\"contentUrl\":\"https:\\\/\\\/alfadescompte.ad\\\/wp-content\\\/uploads\\\/2022\\\/10\\\/ChatGPT-Image-4-mars-2026-11_28_31.png\",\"width\":1024,\"height\":1024},{\"@type\":\"BreadcrumbList\",\"@id\":\"https:\\\/\\\/alfadescompte.ad\\\/produit\\\/g-data-antivirus-4-postes-abonnement-3-ans\\\/#breadcrumb\",\"itemListElement\":[{\"@type\":\"ListItem\",\"position\":1,\"name\":\"Accueil\",\"item\":\"https:\\\/\\\/alfadescompte.ad\\\/fr\\\/\"},{\"@type\":\"ListItem\",\"position\":2,\"name\":\"Boutique\",\"item\":\"https:\\\/\\\/alfadescompte.ad\\\/en\\\/boutique\\\/\"},{\"@type\":\"ListItem\",\"position\":3,\"name\":\"G DATA Antivirus 2026 &#8211; 4 postes &#8211; Abonnement 3 ans\"}]},{\"@type\":\"WebSite\",\"@id\":\"https:\\\/\\\/alfadescompte.ad\\\/#website\",\"url\":\"https:\\\/\\\/alfadescompte.ad\\\/\",\"name\":\"Alfa Descompte\",\"description\":\"\",\"publisher\":{\"@id\":\"https:\\\/\\\/alfadescompte.ad\\\/#organization\"},\"potentialAction\":[{\"@type\":\"SearchAction\",\"target\":{\"@type\":\"EntryPoint\",\"urlTemplate\":\"https:\\\/\\\/alfadescompte.ad\\\/?s={search_term_string}\"},\"query-input\":{\"@type\":\"PropertyValueSpecification\",\"valueRequired\":true,\"valueName\":\"search_term_string\"}}],\"inLanguage\":\"es\"},{\"@type\":\"Organization\",\"@id\":\"https:\\\/\\\/alfadescompte.ad\\\/#organization\",\"name\":\"Alfa Descompte\",\"url\":\"https:\\\/\\\/alfadescompte.ad\\\/\",\"logo\":{\"@type\":\"ImageObject\",\"inLanguage\":\"es\",\"@id\":\"https:\\\/\\\/alfadescompte.ad\\\/#\\\/schema\\\/logo\\\/image\\\/\",\"url\":\"https:\\\/\\\/alfadescompte.ad\\\/wp-content\\\/uploads\\\/2022\\\/04\\\/cropped-logo-alfa-1-1.png\",\"contentUrl\":\"https:\\\/\\\/alfadescompte.ad\\\/wp-content\\\/uploads\\\/2022\\\/04\\\/cropped-logo-alfa-1-1.png\",\"width\":424,\"height\":128,\"caption\":\"Alfa Descompte\"},\"image\":{\"@id\":\"https:\\\/\\\/alfadescompte.ad\\\/#\\\/schema\\\/logo\\\/image\\\/\"}}]}<\/script>\n<!-- \/ Yoast SEO plugin. -->","yoast_head_json":{"title":"G DATA Antivirus 2026 - 4 estaciones de trabajo - 3 a\u00f1os de suscripci\u00f3n - Alfa Descompte","robots":{"index":"index","follow":"follow","max-snippet":"max-snippet:-1","max-image-preview":"max-image-preview:large","max-video-preview":"max-video-preview:-1"},"canonical":"https:\/\/alfadescompte.ad\/es\/producto-2\/g-data-antivirus-4-postes-abonnement-3-ans\/","og_locale":"es_ES","og_type":"article","og_title":"G DATA Antivirus 2026 - 4 postes - Abonnement 3 ans - Alfa Descompte","og_description":"Editeur europ\u00e9en, donn\u00e9es stock\u00e9es en Europe  Produit certifi\u00e9 par AV-Test.org  Protection contre virus, ransomwares, spam, phishing  Navigation s\u00e9curis\u00e9 et achats en ligne prot\u00e9g\u00e9s  Pas de ralentissement de votre PC  Assistance t\u00e9l\u00e9phonique gratuite en fran\u00e7ais  Acheter et T\u00e9l\u00e9charger G DATA Antivirus  Apr\u00e8s avoir pass\u00e9 votre commande et dans les\u00a024 heures, vous recevrez :   Le code de la cl\u00e9 d\u2019activation de G DATA Antivirus  Le lien de t\u00e9l\u00e9chargement pour G DATA Antivirus  Les guides d\u2019installation et d\u2019activation  Notre service client\u00e8le est disponible 7\/7 jours","og_url":"https:\/\/alfadescompte.ad\/es\/producto-2\/g-data-antivirus-4-postes-abonnement-3-ans\/","og_site_name":"Alfa Descompte","article_modified_time":"2026-03-04T10:41:26+00:00","og_image":[{"width":1024,"height":1024,"url":"https:\/\/alfadescompte.ad\/wp-content\/uploads\/2022\/10\/ChatGPT-Image-4-mars-2026-11_28_31.png","type":"image\/png"}],"twitter_card":"summary_large_image","twitter_misc":{"Tiempo de lectura":"2 minutos"},"schema":{"@context":"https:\/\/schema.org","@graph":[{"@type":"WebPage","@id":"https:\/\/alfadescompte.ad\/produit\/g-data-antivirus-4-postes-abonnement-3-ans\/","url":"https:\/\/alfadescompte.ad\/produit\/g-data-antivirus-4-postes-abonnement-3-ans\/","name":"G DATA Antivirus 2026 - 4 estaciones de trabajo - 3 a\u00f1os de suscripci\u00f3n - Alfa Descompte","isPartOf":{"@id":"https:\/\/alfadescompte.ad\/#website"},"primaryImageOfPage":{"@id":"https:\/\/alfadescompte.ad\/produit\/g-data-antivirus-4-postes-abonnement-3-ans\/#primaryimage"},"image":{"@id":"https:\/\/alfadescompte.ad\/produit\/g-data-antivirus-4-postes-abonnement-3-ans\/#primaryimage"},"thumbnailUrl":"https:\/\/alfadescompte.ad\/wp-content\/uploads\/2022\/10\/ChatGPT-Image-4-mars-2026-11_28_31.png","datePublished":"2022-10-17T13:22:28+00:00","dateModified":"2026-03-04T10:41:26+00:00","breadcrumb":{"@id":"https:\/\/alfadescompte.ad\/produit\/g-data-antivirus-4-postes-abonnement-3-ans\/#breadcrumb"},"inLanguage":"es","potentialAction":[{"@type":"ReadAction","target":["https:\/\/alfadescompte.ad\/produit\/g-data-antivirus-4-postes-abonnement-3-ans\/"]}]},{"@type":"ImageObject","inLanguage":"es","@id":"https:\/\/alfadescompte.ad\/produit\/g-data-antivirus-4-postes-abonnement-3-ans\/#primaryimage","url":"https:\/\/alfadescompte.ad\/wp-content\/uploads\/2022\/10\/ChatGPT-Image-4-mars-2026-11_28_31.png","contentUrl":"https:\/\/alfadescompte.ad\/wp-content\/uploads\/2022\/10\/ChatGPT-Image-4-mars-2026-11_28_31.png","width":1024,"height":1024},{"@type":"BreadcrumbList","@id":"https:\/\/alfadescompte.ad\/produit\/g-data-antivirus-4-postes-abonnement-3-ans\/#breadcrumb","itemListElement":[{"@type":"ListItem","position":1,"name":"Accueil","item":"https:\/\/alfadescompte.ad\/fr\/"},{"@type":"ListItem","position":2,"name":"Boutique","item":"https:\/\/alfadescompte.ad\/en\/boutique\/"},{"@type":"ListItem","position":3,"name":"G DATA Antivirus 2026 &#8211; 4 postes &#8211; Abonnement 3 ans"}]},{"@type":"WebSite","@id":"https:\/\/alfadescompte.ad\/#website","url":"https:\/\/alfadescompte.ad\/","name":"Alfa Descompte","description":"","publisher":{"@id":"https:\/\/alfadescompte.ad\/#organization"},"potentialAction":[{"@type":"SearchAction","target":{"@type":"EntryPoint","urlTemplate":"https:\/\/alfadescompte.ad\/?s={search_term_string}"},"query-input":{"@type":"PropertyValueSpecification","valueRequired":true,"valueName":"search_term_string"}}],"inLanguage":"es"},{"@type":"Organization","@id":"https:\/\/alfadescompte.ad\/#organization","name":"Alfa Descompte","url":"https:\/\/alfadescompte.ad\/","logo":{"@type":"ImageObject","inLanguage":"es","@id":"https:\/\/alfadescompte.ad\/#\/schema\/logo\/image\/","url":"https:\/\/alfadescompte.ad\/wp-content\/uploads\/2022\/04\/cropped-logo-alfa-1-1.png","contentUrl":"https:\/\/alfadescompte.ad\/wp-content\/uploads\/2022\/04\/cropped-logo-alfa-1-1.png","width":424,"height":128,"caption":"Alfa Descompte"},"image":{"@id":"https:\/\/alfadescompte.ad\/#\/schema\/logo\/image\/"}}]}},"_links":{"self":[{"href":"https:\/\/alfadescompte.ad\/es\/wp-json\/wp\/v2\/product\/50915","targetHints":{"allow":["GET"]}}],"collection":[{"href":"https:\/\/alfadescompte.ad\/es\/wp-json\/wp\/v2\/product"}],"about":[{"href":"https:\/\/alfadescompte.ad\/es\/wp-json\/wp\/v2\/types\/product"}],"replies":[{"embeddable":true,"href":"https:\/\/alfadescompte.ad\/es\/wp-json\/wp\/v2\/comments?post=50915"}],"wp:featuredmedia":[{"embeddable":true,"href":"https:\/\/alfadescompte.ad\/es\/wp-json\/wp\/v2\/media\/55816"}],"wp:attachment":[{"href":"https:\/\/alfadescompte.ad\/es\/wp-json\/wp\/v2\/media?parent=50915"}],"wp:term":[{"taxonomy":"product_brand","embeddable":true,"href":"https:\/\/alfadescompte.ad\/es\/wp-json\/wp\/v2\/product_brand?post=50915"},{"taxonomy":"product_cat","embeddable":true,"href":"https:\/\/alfadescompte.ad\/es\/wp-json\/wp\/v2\/product_cat?post=50915"},{"taxonomy":"product_tag","embeddable":true,"href":"https:\/\/alfadescompte.ad\/es\/wp-json\/wp\/v2\/product_tag?post=50915"}],"curies":[{"name":"wp","href":"https:\/\/api.w.org\/{rel}","templated":true}]}}