{"id":50951,"date":"2022-10-17T15:22:59","date_gmt":"2022-10-17T13:22:59","guid":{"rendered":"https:\/\/alfadescompte.ad\/?product=g-data-internet-security-1-poste-abonnement-2-ans"},"modified":"2026-03-04T13:33:59","modified_gmt":"2026-03-04T12:33:59","slug":"g-data-internet-security-1-poste-abonnement-2-ans","status":"publish","type":"product","link":"https:\/\/alfadescompte.ad\/es\/producto-2\/g-data-internet-security-1-poste-abonnement-2-ans\/","title":{"rendered":"G DATA Internet Security 2026 - 1 estaci\u00f3n de trabajo - 2 a\u00f1os de suscripci\u00f3n"},"content":{"rendered":"<h2>PROTECCI\u00d3N EFICAZ CONTRA LOS DISTINTOS PELIGROS DE INTERNET<\/h2>\n<p>Proteja su equipo eficazmente con G DATA Internet Security y sus diversas funciones.<\/p>\n<h3>PROTECCI\u00d3N EFICAZ CONTRA DIVERSOS VIRUS<\/h3>\n<p>Para lograr una alta tasa de detecci\u00f3n contra virus (tanto antiguos como nuevos), G DATA internet Security utiliza diferentes tecnolog\u00edas que trabajan en paralelo.<\/p>\n<h3>PROTECCI\u00d3N CONTRA PELIGROS DESCONOCIDOS<\/h3>\n<p>Se beneficiar\u00e1 de la detecci\u00f3n proactiva y la conectividad en la nube para protegerse incluso del malware desconocido.<\/p>\n<p>El piloto autom\u00e1tico le permitir\u00e1 utilizar su ordenador con total tranquilidad.<\/p>\n<h3>PROTECCI\u00d3N DE SUS BUZONES<\/h3>\n<p>G DATA Internet Security detecta la presencia de diversas amenazas analizando autom\u00e1ticamente el contenido de su correo electr\u00f3nico.<\/p>\n<p>Los correos electr\u00f3nicos, incluso los cifrados con SSL, se analizar\u00e1n en busca de adjuntos maliciosos y otros contenidos sospechosos.<\/p>\n<h3>PROTECCI\u00d3N CONTRA EXPLOSIONES<\/h3>\n<p>Con la protecci\u00f3n Anti-exploit, G Data internet Security ofrece protecci\u00f3n contra vulnerabilidades en programas instalados (plug-in del navegador, procesador de textos).<\/p>\n<p>Sea cual sea el programa, estar\u00e1 protegido para evitar que se aprovechen las lagunas existentes.<\/p>\n<h3>BANCA Y COMPRAS EN L\u00cdNEA SEGURAS<\/h3>\n<p>Para asegurar sus datos y protegerle de los keyloggers, el software utiliza la tecnolog\u00eda patentada BankGuard.<\/p>\n<h3>UN POTENTE CORTAFUEGOS CONTRA LOS ATAQUES DE LOS HACKERS<\/h3>\n<p>G DATA Internet Security, con su cortafuegos, controlar\u00e1 todas las conexiones (entrantes o salientes), para evitar ataques de hackers y ataques a la red.<\/p>\n<h3>PROTECCI\u00d3N CONTRA EL SPAM<\/h3>\n<p>Bloquee el spam y prot\u00e9jase contra el phishing con una protecci\u00f3n antispam que detectar\u00e1 estas amenazas.<\/p>\n<h3>PROTEJA A SUS HIJOS<\/h3>\n<p>El programa tambi\u00e9n te permite controlar la navegaci\u00f3n de tus hijos, para protegerlos de contenidos inapropiados. Adem\u00e1s de impedir el acceso a sitios peligrosos, tambi\u00e9n puedes determinar cu\u00e1nto tiempo navegan por Internet o cu\u00e1nto tiempo utilizan el ordenador.<\/p>\n<h3>PROTECCI\u00d3N CONTRA DISPOSITIVOS USB MANIPULADOS<\/h3>\n<p>Prot\u00e9jase de los dispositivos USB que act\u00faan como teclados con el USB KEYBOARD GUARD<\/p>\n<h3>GESTI\u00d3N PERSONALIZADA DE LAS ACTUALIZACIONES<\/h3>\n<p>Identifique las conexiones de red que se utilizar\u00e1n para las actualizaciones. De este modo, puede evitar costes innecesarios en el caso de las conexiones UMTS y LTE, por ejemplo.<\/p>","protected":false},"excerpt":{"rendered":"<ul>\n<li class=\"point-fort\">Editor europeo, datos almacenados en Europa<\/li>\n<li class=\"point-fort\">Producto certificado por AV-Test.org<\/li>\n<li class=\"point-fort\">Paquete de seguridad todo en uno<\/li>\n<li class=\"point-fort\">Tambi\u00e9n incluye control parental<\/li>\n<li class=\"point-fort\">Cubre tu PC, Mac, tablet y smartphone<\/li>\n<li class=\"point-fort\">Asistencia telef\u00f3nica gratuita en franc\u00e9s<\/li>\n<\/ul>\n<p>Comprar y descargar <strong>G DATA Seguridad en Internet<\/strong><\/p>\n<p>Despu\u00e9s de hacer su pedido y dentro de<strong>\u00a024 horas<\/strong>Usted recibir\u00e1 :<\/p>\n<ul>\n<li>El c\u00f3digo de activaci\u00f3n para <strong>G DATA Seguridad en Internet<\/strong><\/li>\n<li>El enlace de descarga de <strong>G DATA Seguridad en Internet<\/strong><\/li>\n<li>Gu\u00edas de instalaci\u00f3n y activaci\u00f3n<\/li>\n<\/ul>\n<p>Nuestro servicio de atenci\u00f3n al cliente est\u00e1 disponible los 7 d\u00edas de la semana<\/p>","protected":false},"featured_media":55819,"comment_status":"open","ping_status":"closed","template":"","meta":[],"product_brand":[],"product_cat":[1437,1548,20],"product_tag":[],"class_list":{"0":"post-50951","1":"product","2":"type-product","3":"status-publish","4":"has-post-thumbnail","6":"product_cat-g-data","7":"product_cat-g-data-internet-security","8":"product_cat-securite","10":"first","11":"instock","12":"sale","13":"downloadable","14":"virtual","15":"purchasable","16":"product-type-simple","17":"czr-hentry"},"yoast_head":"<!-- This site is optimized with the Yoast SEO plugin v27.4 - https:\/\/yoast.com\/product\/yoast-seo-wordpress\/ -->\n<title>G DATA Internet Security 2026 - 1 poste - Abonnement 2 ans - Alfa Descompte<\/title>\n<meta name=\"robots\" content=\"index, follow, max-snippet:-1, max-image-preview:large, max-video-preview:-1\" \/>\n<link rel=\"canonical\" href=\"https:\/\/alfadescompte.ad\/es\/producto-2\/g-data-internet-security-1-poste-abonnement-2-ans\/\" \/>\n<meta property=\"og:locale\" content=\"es_ES\" \/>\n<meta property=\"og:type\" content=\"article\" \/>\n<meta property=\"og:title\" content=\"G DATA Internet Security 2026 - 1 poste - Abonnement 2 ans - Alfa Descompte\" \/>\n<meta property=\"og:description\" content=\"Editeur europ\u00e9en, donn\u00e9es stock\u00e9es en Europe  Produit certifi\u00e9 par AV-Test.org  Suite de s\u00e9curit\u00e9 tout-en-un  Int\u00e8gre aussi le contr\u00f4le parental  Couvre vos PC, Mac, tablettes et smartphone  Assistance t\u00e9l\u00e9phonique gratuite en fran\u00e7ais  Acheter et T\u00e9l\u00e9charger G DATA Internet Security  Apr\u00e8s avoir pass\u00e9 votre commande et dans les\u00a024 heures, vous recevrez :   Le code de la cl\u00e9 d\u2019activation de G DATA Internet Security  Le lien de t\u00e9l\u00e9chargement pour G DATA Internet Security  Les guides d\u2019installation et d\u2019activation  Notre service client\u00e8le est disponible 7\/7 jours\" \/>\n<meta property=\"og:url\" content=\"https:\/\/alfadescompte.ad\/es\/producto-2\/g-data-internet-security-1-poste-abonnement-2-ans\/\" \/>\n<meta property=\"og:site_name\" content=\"Alfa Descompte\" \/>\n<meta property=\"article:modified_time\" content=\"2026-03-04T12:33:59+00:00\" \/>\n<meta property=\"og:image\" content=\"https:\/\/alfadescompte.ad\/wp-content\/uploads\/2022\/10\/ChatGPT-Image-4-mars-2026-13_28_00.png\" \/>\n\t<meta property=\"og:image:width\" content=\"1024\" \/>\n\t<meta property=\"og:image:height\" content=\"1024\" \/>\n\t<meta property=\"og:image:type\" content=\"image\/png\" \/>\n<meta name=\"twitter:card\" content=\"summary_large_image\" \/>\n<meta name=\"twitter:label1\" content=\"Tiempo de lectura\" \/>\n\t<meta name=\"twitter:data1\" content=\"2 minutos\" \/>\n<script type=\"application\/ld+json\" class=\"yoast-schema-graph\">{\"@context\":\"https:\\\/\\\/schema.org\",\"@graph\":[{\"@type\":\"WebPage\",\"@id\":\"https:\\\/\\\/alfadescompte.ad\\\/produit\\\/g-data-internet-security-1-poste-abonnement-2-ans\\\/\",\"url\":\"https:\\\/\\\/alfadescompte.ad\\\/produit\\\/g-data-internet-security-1-poste-abonnement-2-ans\\\/\",\"name\":\"G DATA Internet Security 2026 - 1 poste - Abonnement 2 ans - Alfa Descompte\",\"isPartOf\":{\"@id\":\"https:\\\/\\\/alfadescompte.ad\\\/#website\"},\"primaryImageOfPage\":{\"@id\":\"https:\\\/\\\/alfadescompte.ad\\\/produit\\\/g-data-internet-security-1-poste-abonnement-2-ans\\\/#primaryimage\"},\"image\":{\"@id\":\"https:\\\/\\\/alfadescompte.ad\\\/produit\\\/g-data-internet-security-1-poste-abonnement-2-ans\\\/#primaryimage\"},\"thumbnailUrl\":\"https:\\\/\\\/alfadescompte.ad\\\/wp-content\\\/uploads\\\/2022\\\/10\\\/ChatGPT-Image-4-mars-2026-13_28_00.png\",\"datePublished\":\"2022-10-17T13:22:59+00:00\",\"dateModified\":\"2026-03-04T12:33:59+00:00\",\"breadcrumb\":{\"@id\":\"https:\\\/\\\/alfadescompte.ad\\\/produit\\\/g-data-internet-security-1-poste-abonnement-2-ans\\\/#breadcrumb\"},\"inLanguage\":\"es\",\"potentialAction\":[{\"@type\":\"ReadAction\",\"target\":[\"https:\\\/\\\/alfadescompte.ad\\\/produit\\\/g-data-internet-security-1-poste-abonnement-2-ans\\\/\"]}]},{\"@type\":\"ImageObject\",\"inLanguage\":\"es\",\"@id\":\"https:\\\/\\\/alfadescompte.ad\\\/produit\\\/g-data-internet-security-1-poste-abonnement-2-ans\\\/#primaryimage\",\"url\":\"https:\\\/\\\/alfadescompte.ad\\\/wp-content\\\/uploads\\\/2022\\\/10\\\/ChatGPT-Image-4-mars-2026-13_28_00.png\",\"contentUrl\":\"https:\\\/\\\/alfadescompte.ad\\\/wp-content\\\/uploads\\\/2022\\\/10\\\/ChatGPT-Image-4-mars-2026-13_28_00.png\",\"width\":1024,\"height\":1024},{\"@type\":\"BreadcrumbList\",\"@id\":\"https:\\\/\\\/alfadescompte.ad\\\/produit\\\/g-data-internet-security-1-poste-abonnement-2-ans\\\/#breadcrumb\",\"itemListElement\":[{\"@type\":\"ListItem\",\"position\":1,\"name\":\"Accueil\",\"item\":\"https:\\\/\\\/alfadescompte.ad\\\/fr\\\/\"},{\"@type\":\"ListItem\",\"position\":2,\"name\":\"Boutique\",\"item\":\"https:\\\/\\\/alfadescompte.ad\\\/en\\\/boutique\\\/\"},{\"@type\":\"ListItem\",\"position\":3,\"name\":\"G DATA Internet Security 2026 &#8211; 1 poste &#8211; Abonnement 2 ans\"}]},{\"@type\":\"WebSite\",\"@id\":\"https:\\\/\\\/alfadescompte.ad\\\/#website\",\"url\":\"https:\\\/\\\/alfadescompte.ad\\\/\",\"name\":\"Alfa Descompte\",\"description\":\"\",\"publisher\":{\"@id\":\"https:\\\/\\\/alfadescompte.ad\\\/#organization\"},\"potentialAction\":[{\"@type\":\"SearchAction\",\"target\":{\"@type\":\"EntryPoint\",\"urlTemplate\":\"https:\\\/\\\/alfadescompte.ad\\\/?s={search_term_string}\"},\"query-input\":{\"@type\":\"PropertyValueSpecification\",\"valueRequired\":true,\"valueName\":\"search_term_string\"}}],\"inLanguage\":\"es\"},{\"@type\":\"Organization\",\"@id\":\"https:\\\/\\\/alfadescompte.ad\\\/#organization\",\"name\":\"Alfa Descompte\",\"url\":\"https:\\\/\\\/alfadescompte.ad\\\/\",\"logo\":{\"@type\":\"ImageObject\",\"inLanguage\":\"es\",\"@id\":\"https:\\\/\\\/alfadescompte.ad\\\/#\\\/schema\\\/logo\\\/image\\\/\",\"url\":\"https:\\\/\\\/alfadescompte.ad\\\/wp-content\\\/uploads\\\/2022\\\/04\\\/cropped-logo-alfa-1-1.png\",\"contentUrl\":\"https:\\\/\\\/alfadescompte.ad\\\/wp-content\\\/uploads\\\/2022\\\/04\\\/cropped-logo-alfa-1-1.png\",\"width\":424,\"height\":128,\"caption\":\"Alfa Descompte\"},\"image\":{\"@id\":\"https:\\\/\\\/alfadescompte.ad\\\/#\\\/schema\\\/logo\\\/image\\\/\"}}]}<\/script>\n<!-- \/ Yoast SEO plugin. -->","yoast_head_json":{"title":"G DATA Internet Security 2026 - 1 estaci\u00f3n de trabajo - 2 a\u00f1os de suscripci\u00f3n - Alfa Descompte","robots":{"index":"index","follow":"follow","max-snippet":"max-snippet:-1","max-image-preview":"max-image-preview:large","max-video-preview":"max-video-preview:-1"},"canonical":"https:\/\/alfadescompte.ad\/es\/producto-2\/g-data-internet-security-1-poste-abonnement-2-ans\/","og_locale":"es_ES","og_type":"article","og_title":"G DATA Internet Security 2026 - 1 poste - Abonnement 2 ans - Alfa Descompte","og_description":"Editeur europ\u00e9en, donn\u00e9es stock\u00e9es en Europe  Produit certifi\u00e9 par AV-Test.org  Suite de s\u00e9curit\u00e9 tout-en-un  Int\u00e8gre aussi le contr\u00f4le parental  Couvre vos PC, Mac, tablettes et smartphone  Assistance t\u00e9l\u00e9phonique gratuite en fran\u00e7ais  Acheter et T\u00e9l\u00e9charger G DATA Internet Security  Apr\u00e8s avoir pass\u00e9 votre commande et dans les\u00a024 heures, vous recevrez :   Le code de la cl\u00e9 d\u2019activation de G DATA Internet Security  Le lien de t\u00e9l\u00e9chargement pour G DATA Internet Security  Les guides d\u2019installation et d\u2019activation  Notre service client\u00e8le est disponible 7\/7 jours","og_url":"https:\/\/alfadescompte.ad\/es\/producto-2\/g-data-internet-security-1-poste-abonnement-2-ans\/","og_site_name":"Alfa Descompte","article_modified_time":"2026-03-04T12:33:59+00:00","og_image":[{"width":1024,"height":1024,"url":"https:\/\/alfadescompte.ad\/wp-content\/uploads\/2022\/10\/ChatGPT-Image-4-mars-2026-13_28_00.png","type":"image\/png"}],"twitter_card":"summary_large_image","twitter_misc":{"Tiempo de lectura":"2 minutos"},"schema":{"@context":"https:\/\/schema.org","@graph":[{"@type":"WebPage","@id":"https:\/\/alfadescompte.ad\/produit\/g-data-internet-security-1-poste-abonnement-2-ans\/","url":"https:\/\/alfadescompte.ad\/produit\/g-data-internet-security-1-poste-abonnement-2-ans\/","name":"G DATA Internet Security 2026 - 1 estaci\u00f3n de trabajo - 2 a\u00f1os de suscripci\u00f3n - Alfa Descompte","isPartOf":{"@id":"https:\/\/alfadescompte.ad\/#website"},"primaryImageOfPage":{"@id":"https:\/\/alfadescompte.ad\/produit\/g-data-internet-security-1-poste-abonnement-2-ans\/#primaryimage"},"image":{"@id":"https:\/\/alfadescompte.ad\/produit\/g-data-internet-security-1-poste-abonnement-2-ans\/#primaryimage"},"thumbnailUrl":"https:\/\/alfadescompte.ad\/wp-content\/uploads\/2022\/10\/ChatGPT-Image-4-mars-2026-13_28_00.png","datePublished":"2022-10-17T13:22:59+00:00","dateModified":"2026-03-04T12:33:59+00:00","breadcrumb":{"@id":"https:\/\/alfadescompte.ad\/produit\/g-data-internet-security-1-poste-abonnement-2-ans\/#breadcrumb"},"inLanguage":"es","potentialAction":[{"@type":"ReadAction","target":["https:\/\/alfadescompte.ad\/produit\/g-data-internet-security-1-poste-abonnement-2-ans\/"]}]},{"@type":"ImageObject","inLanguage":"es","@id":"https:\/\/alfadescompte.ad\/produit\/g-data-internet-security-1-poste-abonnement-2-ans\/#primaryimage","url":"https:\/\/alfadescompte.ad\/wp-content\/uploads\/2022\/10\/ChatGPT-Image-4-mars-2026-13_28_00.png","contentUrl":"https:\/\/alfadescompte.ad\/wp-content\/uploads\/2022\/10\/ChatGPT-Image-4-mars-2026-13_28_00.png","width":1024,"height":1024},{"@type":"BreadcrumbList","@id":"https:\/\/alfadescompte.ad\/produit\/g-data-internet-security-1-poste-abonnement-2-ans\/#breadcrumb","itemListElement":[{"@type":"ListItem","position":1,"name":"Accueil","item":"https:\/\/alfadescompte.ad\/fr\/"},{"@type":"ListItem","position":2,"name":"Boutique","item":"https:\/\/alfadescompte.ad\/en\/boutique\/"},{"@type":"ListItem","position":3,"name":"G DATA Internet Security 2026 &#8211; 1 poste &#8211; Abonnement 2 ans"}]},{"@type":"WebSite","@id":"https:\/\/alfadescompte.ad\/#website","url":"https:\/\/alfadescompte.ad\/","name":"Alfa Descompte","description":"","publisher":{"@id":"https:\/\/alfadescompte.ad\/#organization"},"potentialAction":[{"@type":"SearchAction","target":{"@type":"EntryPoint","urlTemplate":"https:\/\/alfadescompte.ad\/?s={search_term_string}"},"query-input":{"@type":"PropertyValueSpecification","valueRequired":true,"valueName":"search_term_string"}}],"inLanguage":"es"},{"@type":"Organization","@id":"https:\/\/alfadescompte.ad\/#organization","name":"Alfa Descompte","url":"https:\/\/alfadescompte.ad\/","logo":{"@type":"ImageObject","inLanguage":"es","@id":"https:\/\/alfadescompte.ad\/#\/schema\/logo\/image\/","url":"https:\/\/alfadescompte.ad\/wp-content\/uploads\/2022\/04\/cropped-logo-alfa-1-1.png","contentUrl":"https:\/\/alfadescompte.ad\/wp-content\/uploads\/2022\/04\/cropped-logo-alfa-1-1.png","width":424,"height":128,"caption":"Alfa Descompte"},"image":{"@id":"https:\/\/alfadescompte.ad\/#\/schema\/logo\/image\/"}}]}},"_links":{"self":[{"href":"https:\/\/alfadescompte.ad\/es\/wp-json\/wp\/v2\/product\/50951","targetHints":{"allow":["GET"]}}],"collection":[{"href":"https:\/\/alfadescompte.ad\/es\/wp-json\/wp\/v2\/product"}],"about":[{"href":"https:\/\/alfadescompte.ad\/es\/wp-json\/wp\/v2\/types\/product"}],"replies":[{"embeddable":true,"href":"https:\/\/alfadescompte.ad\/es\/wp-json\/wp\/v2\/comments?post=50951"}],"wp:featuredmedia":[{"embeddable":true,"href":"https:\/\/alfadescompte.ad\/es\/wp-json\/wp\/v2\/media\/55819"}],"wp:attachment":[{"href":"https:\/\/alfadescompte.ad\/es\/wp-json\/wp\/v2\/media?parent=50951"}],"wp:term":[{"taxonomy":"product_brand","embeddable":true,"href":"https:\/\/alfadescompte.ad\/es\/wp-json\/wp\/v2\/product_brand?post=50951"},{"taxonomy":"product_cat","embeddable":true,"href":"https:\/\/alfadescompte.ad\/es\/wp-json\/wp\/v2\/product_cat?post=50951"},{"taxonomy":"product_tag","embeddable":true,"href":"https:\/\/alfadescompte.ad\/es\/wp-json\/wp\/v2\/product_tag?post=50951"}],"curies":[{"name":"wp","href":"https:\/\/api.w.org\/{rel}","templated":true}]}}