{"id":50973,"date":"2022-10-17T15:23:12","date_gmt":"2022-10-17T13:23:12","guid":{"rendered":"https:\/\/alfadescompte.ad\/?product=g-data-total-security-3-postes-abonnement-2-ans"},"modified":"2026-03-04T15:23:22","modified_gmt":"2026-03-04T14:23:22","slug":"g-data-total-security-3-postes-abonnement-2-ans","status":"publish","type":"product","link":"https:\/\/alfadescompte.ad\/es\/producto-2\/g-data-total-security-3-postes-abonnement-2-ans\/","title":{"rendered":"G DATA Total Security 2026 - 3 estaciones de trabajo - 2 a\u00f1os de suscripci\u00f3n"},"content":{"rendered":"<p>G DATA Total Security proporcionar\u00e1 una protecci\u00f3n eficaz contra virus, troyanos, ataques de hackers y otras amenazas. Tambi\u00e9n le permite controlar el acceso a sus datos. Encuentra una protecci\u00f3n antiexplotaci\u00f3n muy eficaz contra la explotaci\u00f3n de agujeros de seguridad por parte del malware.<\/p>\n<h2>SEGURIDAD TOTAL PARA SU M\u00c1QUINA<\/h2>\n<p>G DATA Total Security ofrece una amplia gama de funciones para una protecci\u00f3n completa contra todas las amenazas.<\/p>\n<h3>PROTECCI\u00d3N EFICAZ CONTRA DIVERSOS VIRUS<\/h3>\n<p>Las diversas tecnolog\u00edas asociadas que utiliza G DATA Total Security ofrecen uno de los mejores \u00edndices de detecci\u00f3n contra los virus (antiguos y nuevos).<\/p>\n<h3>PROTECCI\u00d3N CONTRA PELIGROS DESCONOCIDOS<\/h3>\n<p>G DATA Total Security realiza una comprobaci\u00f3n del comportamiento de los archivos. El reconocimiento proactivo, combinado con el an\u00e1lisis basado en la nube, mantendr\u00e1 el software actualizado y eficaz frente a las nuevas amenazas.<\/p>\n<h3>PROTECCI\u00d3N DE SUS BUZONES<\/h3>\n<p>Tan pronto como se reciban sus mensajes, el contenido se analizar\u00e1 autom\u00e1ticamente en busca de archivos amenazantes.<\/p>\n<h3>PROTECCI\u00d3N CONTRA EXPLOSIONES<\/h3>\n<p>La protecci\u00f3n antiexplotaci\u00f3n garantiza que los programas instalados (complementos del navegador, procesadores de texto) est\u00e9n protegidos contra las vulnerabilidades. Esto garantiza que los programas sean seguros, evitando as\u00ed la explotaci\u00f3n de posibles vulnerabilidades.<\/p>\n<h3>BANCA Y COMPRAS EN L\u00cdNEA SEGURAS<\/h3>\n<p>La tecnolog\u00eda patentada BankGuard asegurar\u00e1 tus datos y te proteger\u00e1 de los keyloggers.<\/p>\n<h3>UN POTENTE CORTAFUEGOS CONTRA LOS ATAQUES DE LOS HACKERS<\/h3>\n<p>El cortafuegos G DATA Total Security supervisar\u00e1 todas las conexiones (entrantes o salientes), para evitar ataques de hackers y de la red.<\/p>\n<h3>PROTECCI\u00d3N CONTRA EL SPAM<\/h3>\n<p>La protecci\u00f3n contra el spam detectar\u00e1 y bloquear\u00e1 autom\u00e1ticamente el spam y el phishing.<\/p>\n<h3>PROTEJA A SUS HIJOS<\/h3>\n<p>El control parental le permitir\u00e1 supervisar la navegaci\u00f3n de sus hijos, para protegerlos de contenidos inapropiados. Adem\u00e1s de impedir el acceso a sitios peligrosos, tambi\u00e9n puedes determinar el tiempo que navegan por Internet o utilizan el ordenador.<\/p>\n<h3>COPIAS DE SEGURIDAD DEL SISTEMA SEGURAS<\/h3>\n<p>El software le permitir\u00e1 hacer copias de seguridad seguras de su sistema, que pueden ser almacenadas en varios servicios en la nube (Dropbox y Google Drive). Estas copias de seguridad estar\u00e1n automatizadas.<\/p>\n<h3>CONTROLAR EL ACCESO A LOS DIFERENTES MEDIOS Y DISPOSITIVOS<\/h3>\n<p>G DATA Total Security le permitir\u00e1 controlar y limitar el acceso a sus diferentes soportes y perif\u00e9ricos, sean cuales sean (tarjetas de memoria, llaves USB, etc.).<\/p>\n<h3>PROTEJA SUS DATOS CONFIDENCIALES<\/h3>\n<p>El uso de la caja fuerte encriptada impedir\u00e1 el acceso a sus datos confidenciales (archivos, informaci\u00f3n) si usted no lo ha autorizado.<\/p>\n<h3>GESTOR DE CONTRASE\u00d1AS<\/h3>\n<p>Esta funci\u00f3n recuerda las contrase\u00f1as que utilizas en tiendas online, foros, correo electr\u00f3nico, etc. Puedes integrar f\u00e1cilmente nuestro gestor de contrase\u00f1as en tu navegador. Las contrase\u00f1as y los datos de contacto se rellenan autom\u00e1ticamente siempre que lo desee.<\/p>\n<p>Copia de seguridadProtege tus datos autom\u00e1ticamente, en tu PC o en la nube. Con las copias de seguridad protegidas por contrase\u00f1a, tus datos est\u00e1n siempre a salvo. Utiliza Google Drive o Dropbox para mantener tus datos a salvo.<\/p>","protected":false},"excerpt":{"rendered":"<ul>\n<li class=\"point-fort\">Editor europeo, datos almacenados en Europa<\/li>\n<li class=\"point-fort\">Producto certificado por AV-Test.org<\/li>\n<li class=\"point-fort\">Paquete de seguridad todo en uno<\/li>\n<li class=\"point-fort\">Tambi\u00e9n incluye control parental<\/li>\n<li class=\"point-fort\">Gesti\u00f3n de copias de seguridad y contrase\u00f1as<\/li>\n<li class=\"point-fort\">Tecnolog\u00eda de IA contra las nuevas amenazas<\/li>\n<li class=\"point-fort\">Cubre tu PC, Mac, tablet y smartphone<\/li>\n<li class=\"point-fort\">Asistencia telef\u00f3nica gratuita en franc\u00e9s<\/li>\n<\/ul>\n<p>Comprar y descargar <strong>G DATA Seguridad total<\/strong><\/p>\n<p>Tras realizar su pedido, recibir\u00e1 :<\/p>\n<ul>\n<li>El c\u00f3digo de activaci\u00f3n para <strong>G DATA Seguridad total<\/strong><\/li>\n<li>El enlace de descarga de <strong>G DATA Seguridad total<\/strong><\/li>\n<li>Gu\u00edas de instalaci\u00f3n y activaci\u00f3n<\/li>\n<\/ul>\n<p>Nuestro servicio de atenci\u00f3n al cliente est\u00e1 disponible los 7 d\u00edas de la semana<\/p>","protected":false},"featured_media":55822,"comment_status":"open","ping_status":"closed","template":"","meta":[],"product_brand":[],"product_cat":[1437,1501,20],"product_tag":[],"class_list":{"0":"post-50973","1":"product","2":"type-product","3":"status-publish","4":"has-post-thumbnail","6":"product_cat-g-data","7":"product_cat-total-security-g-data","8":"product_cat-securite","10":"first","11":"instock","12":"sale","13":"downloadable","14":"virtual","15":"purchasable","16":"product-type-simple","17":"czr-hentry"},"yoast_head":"<!-- This site is optimized with the Yoast SEO plugin v27.4 - https:\/\/yoast.com\/product\/yoast-seo-wordpress\/ -->\n<title>G DATA Total Security 2026 - 3 postes - Abonnement 2 ans - Alfa Descompte<\/title>\n<meta name=\"robots\" content=\"index, follow, max-snippet:-1, max-image-preview:large, max-video-preview:-1\" \/>\n<link rel=\"canonical\" href=\"https:\/\/alfadescompte.ad\/es\/producto-2\/g-data-total-security-3-postes-abonnement-2-ans\/\" \/>\n<meta property=\"og:locale\" content=\"es_ES\" \/>\n<meta property=\"og:type\" content=\"article\" \/>\n<meta property=\"og:title\" content=\"G DATA Total Security 2026 - 3 postes - Abonnement 2 ans - Alfa Descompte\" \/>\n<meta property=\"og:description\" content=\"Editeur europ\u00e9en, donn\u00e9es stock\u00e9es en Europe  Produit certifi\u00e9 par AV-Test.org  Suite de s\u00e9curit\u00e9 tout-en-un  Int\u00e8gre aussi le contr\u00f4le parental  Sauvegarde et gestionnaire de mots de passe  Technologie IA contre les nouvelles menaces  Couvre vos PC, Mac, tablettes et smartphone  Assistance t\u00e9l\u00e9phonique gratuite en fran\u00e7ais  Acheter et T\u00e9l\u00e9charger G DATA Total Security  Apr\u00e8s avoir pass\u00e9 votre commande, vous recevrez :   Le code de la cl\u00e9 d\u2019activation de G DATA Total Security  Le lien de t\u00e9l\u00e9chargement pour G DATA Total Security  Les guides d\u2019installation et d\u2019activation  Notre service client\u00e8le est disponible 7\/7 jours\" \/>\n<meta property=\"og:url\" content=\"https:\/\/alfadescompte.ad\/es\/producto-2\/g-data-total-security-3-postes-abonnement-2-ans\/\" \/>\n<meta property=\"og:site_name\" content=\"Alfa Descompte\" \/>\n<meta property=\"article:modified_time\" content=\"2026-03-04T14:23:22+00:00\" \/>\n<meta property=\"og:image\" content=\"https:\/\/alfadescompte.ad\/wp-content\/uploads\/2022\/10\/ChatGPT-Image-4-mars-2026-13_58_40.png\" \/>\n\t<meta property=\"og:image:width\" content=\"1024\" \/>\n\t<meta property=\"og:image:height\" content=\"1024\" \/>\n\t<meta property=\"og:image:type\" content=\"image\/png\" \/>\n<meta name=\"twitter:card\" content=\"summary_large_image\" \/>\n<meta name=\"twitter:label1\" content=\"Tiempo de lectura\" \/>\n\t<meta name=\"twitter:data1\" content=\"3 minutos\" \/>\n<script type=\"application\/ld+json\" class=\"yoast-schema-graph\">{\"@context\":\"https:\\\/\\\/schema.org\",\"@graph\":[{\"@type\":\"WebPage\",\"@id\":\"https:\\\/\\\/alfadescompte.ad\\\/produit\\\/g-data-total-security-3-postes-abonnement-2-ans\\\/\",\"url\":\"https:\\\/\\\/alfadescompte.ad\\\/produit\\\/g-data-total-security-3-postes-abonnement-2-ans\\\/\",\"name\":\"G DATA Total Security 2026 - 3 postes - Abonnement 2 ans - Alfa Descompte\",\"isPartOf\":{\"@id\":\"https:\\\/\\\/alfadescompte.ad\\\/#website\"},\"primaryImageOfPage\":{\"@id\":\"https:\\\/\\\/alfadescompte.ad\\\/produit\\\/g-data-total-security-3-postes-abonnement-2-ans\\\/#primaryimage\"},\"image\":{\"@id\":\"https:\\\/\\\/alfadescompte.ad\\\/produit\\\/g-data-total-security-3-postes-abonnement-2-ans\\\/#primaryimage\"},\"thumbnailUrl\":\"https:\\\/\\\/alfadescompte.ad\\\/wp-content\\\/uploads\\\/2022\\\/10\\\/ChatGPT-Image-4-mars-2026-13_58_40.png\",\"datePublished\":\"2022-10-17T13:23:12+00:00\",\"dateModified\":\"2026-03-04T14:23:22+00:00\",\"breadcrumb\":{\"@id\":\"https:\\\/\\\/alfadescompte.ad\\\/produit\\\/g-data-total-security-3-postes-abonnement-2-ans\\\/#breadcrumb\"},\"inLanguage\":\"es\",\"potentialAction\":[{\"@type\":\"ReadAction\",\"target\":[\"https:\\\/\\\/alfadescompte.ad\\\/produit\\\/g-data-total-security-3-postes-abonnement-2-ans\\\/\"]}]},{\"@type\":\"ImageObject\",\"inLanguage\":\"es\",\"@id\":\"https:\\\/\\\/alfadescompte.ad\\\/produit\\\/g-data-total-security-3-postes-abonnement-2-ans\\\/#primaryimage\",\"url\":\"https:\\\/\\\/alfadescompte.ad\\\/wp-content\\\/uploads\\\/2022\\\/10\\\/ChatGPT-Image-4-mars-2026-13_58_40.png\",\"contentUrl\":\"https:\\\/\\\/alfadescompte.ad\\\/wp-content\\\/uploads\\\/2022\\\/10\\\/ChatGPT-Image-4-mars-2026-13_58_40.png\",\"width\":1024,\"height\":1024},{\"@type\":\"BreadcrumbList\",\"@id\":\"https:\\\/\\\/alfadescompte.ad\\\/produit\\\/g-data-total-security-3-postes-abonnement-2-ans\\\/#breadcrumb\",\"itemListElement\":[{\"@type\":\"ListItem\",\"position\":1,\"name\":\"Accueil\",\"item\":\"https:\\\/\\\/alfadescompte.ad\\\/fr\\\/\"},{\"@type\":\"ListItem\",\"position\":2,\"name\":\"Boutique\",\"item\":\"https:\\\/\\\/alfadescompte.ad\\\/en\\\/boutique\\\/\"},{\"@type\":\"ListItem\",\"position\":3,\"name\":\"G DATA Total Security 2026 &#8211; 3 postes &#8211; Abonnement 2 ans\"}]},{\"@type\":\"WebSite\",\"@id\":\"https:\\\/\\\/alfadescompte.ad\\\/#website\",\"url\":\"https:\\\/\\\/alfadescompte.ad\\\/\",\"name\":\"Alfa Descompte\",\"description\":\"\",\"publisher\":{\"@id\":\"https:\\\/\\\/alfadescompte.ad\\\/#organization\"},\"potentialAction\":[{\"@type\":\"SearchAction\",\"target\":{\"@type\":\"EntryPoint\",\"urlTemplate\":\"https:\\\/\\\/alfadescompte.ad\\\/?s={search_term_string}\"},\"query-input\":{\"@type\":\"PropertyValueSpecification\",\"valueRequired\":true,\"valueName\":\"search_term_string\"}}],\"inLanguage\":\"es\"},{\"@type\":\"Organization\",\"@id\":\"https:\\\/\\\/alfadescompte.ad\\\/#organization\",\"name\":\"Alfa Descompte\",\"url\":\"https:\\\/\\\/alfadescompte.ad\\\/\",\"logo\":{\"@type\":\"ImageObject\",\"inLanguage\":\"es\",\"@id\":\"https:\\\/\\\/alfadescompte.ad\\\/#\\\/schema\\\/logo\\\/image\\\/\",\"url\":\"https:\\\/\\\/alfadescompte.ad\\\/wp-content\\\/uploads\\\/2022\\\/04\\\/cropped-logo-alfa-1-1.png\",\"contentUrl\":\"https:\\\/\\\/alfadescompte.ad\\\/wp-content\\\/uploads\\\/2022\\\/04\\\/cropped-logo-alfa-1-1.png\",\"width\":424,\"height\":128,\"caption\":\"Alfa Descompte\"},\"image\":{\"@id\":\"https:\\\/\\\/alfadescompte.ad\\\/#\\\/schema\\\/logo\\\/image\\\/\"}}]}<\/script>\n<!-- \/ Yoast SEO plugin. -->","yoast_head_json":{"title":"G DATA Total Security 2026 - 3 estaciones de trabajo - 2 a\u00f1os de suscripci\u00f3n - Alfa Descompte","robots":{"index":"index","follow":"follow","max-snippet":"max-snippet:-1","max-image-preview":"max-image-preview:large","max-video-preview":"max-video-preview:-1"},"canonical":"https:\/\/alfadescompte.ad\/es\/producto-2\/g-data-total-security-3-postes-abonnement-2-ans\/","og_locale":"es_ES","og_type":"article","og_title":"G DATA Total Security 2026 - 3 postes - Abonnement 2 ans - Alfa Descompte","og_description":"Editeur europ\u00e9en, donn\u00e9es stock\u00e9es en Europe  Produit certifi\u00e9 par AV-Test.org  Suite de s\u00e9curit\u00e9 tout-en-un  Int\u00e8gre aussi le contr\u00f4le parental  Sauvegarde et gestionnaire de mots de passe  Technologie IA contre les nouvelles menaces  Couvre vos PC, Mac, tablettes et smartphone  Assistance t\u00e9l\u00e9phonique gratuite en fran\u00e7ais  Acheter et T\u00e9l\u00e9charger G DATA Total Security  Apr\u00e8s avoir pass\u00e9 votre commande, vous recevrez :   Le code de la cl\u00e9 d\u2019activation de G DATA Total Security  Le lien de t\u00e9l\u00e9chargement pour G DATA Total Security  Les guides d\u2019installation et d\u2019activation  Notre service client\u00e8le est disponible 7\/7 jours","og_url":"https:\/\/alfadescompte.ad\/es\/producto-2\/g-data-total-security-3-postes-abonnement-2-ans\/","og_site_name":"Alfa Descompte","article_modified_time":"2026-03-04T14:23:22+00:00","og_image":[{"width":1024,"height":1024,"url":"https:\/\/alfadescompte.ad\/wp-content\/uploads\/2022\/10\/ChatGPT-Image-4-mars-2026-13_58_40.png","type":"image\/png"}],"twitter_card":"summary_large_image","twitter_misc":{"Tiempo de lectura":"3 minutos"},"schema":{"@context":"https:\/\/schema.org","@graph":[{"@type":"WebPage","@id":"https:\/\/alfadescompte.ad\/produit\/g-data-total-security-3-postes-abonnement-2-ans\/","url":"https:\/\/alfadescompte.ad\/produit\/g-data-total-security-3-postes-abonnement-2-ans\/","name":"G DATA Total Security 2026 - 3 estaciones de trabajo - 2 a\u00f1os de suscripci\u00f3n - Alfa Descompte","isPartOf":{"@id":"https:\/\/alfadescompte.ad\/#website"},"primaryImageOfPage":{"@id":"https:\/\/alfadescompte.ad\/produit\/g-data-total-security-3-postes-abonnement-2-ans\/#primaryimage"},"image":{"@id":"https:\/\/alfadescompte.ad\/produit\/g-data-total-security-3-postes-abonnement-2-ans\/#primaryimage"},"thumbnailUrl":"https:\/\/alfadescompte.ad\/wp-content\/uploads\/2022\/10\/ChatGPT-Image-4-mars-2026-13_58_40.png","datePublished":"2022-10-17T13:23:12+00:00","dateModified":"2026-03-04T14:23:22+00:00","breadcrumb":{"@id":"https:\/\/alfadescompte.ad\/produit\/g-data-total-security-3-postes-abonnement-2-ans\/#breadcrumb"},"inLanguage":"es","potentialAction":[{"@type":"ReadAction","target":["https:\/\/alfadescompte.ad\/produit\/g-data-total-security-3-postes-abonnement-2-ans\/"]}]},{"@type":"ImageObject","inLanguage":"es","@id":"https:\/\/alfadescompte.ad\/produit\/g-data-total-security-3-postes-abonnement-2-ans\/#primaryimage","url":"https:\/\/alfadescompte.ad\/wp-content\/uploads\/2022\/10\/ChatGPT-Image-4-mars-2026-13_58_40.png","contentUrl":"https:\/\/alfadescompte.ad\/wp-content\/uploads\/2022\/10\/ChatGPT-Image-4-mars-2026-13_58_40.png","width":1024,"height":1024},{"@type":"BreadcrumbList","@id":"https:\/\/alfadescompte.ad\/produit\/g-data-total-security-3-postes-abonnement-2-ans\/#breadcrumb","itemListElement":[{"@type":"ListItem","position":1,"name":"Accueil","item":"https:\/\/alfadescompte.ad\/fr\/"},{"@type":"ListItem","position":2,"name":"Boutique","item":"https:\/\/alfadescompte.ad\/en\/boutique\/"},{"@type":"ListItem","position":3,"name":"G DATA Total Security 2026 &#8211; 3 postes &#8211; Abonnement 2 ans"}]},{"@type":"WebSite","@id":"https:\/\/alfadescompte.ad\/#website","url":"https:\/\/alfadescompte.ad\/","name":"Alfa Descompte","description":"","publisher":{"@id":"https:\/\/alfadescompte.ad\/#organization"},"potentialAction":[{"@type":"SearchAction","target":{"@type":"EntryPoint","urlTemplate":"https:\/\/alfadescompte.ad\/?s={search_term_string}"},"query-input":{"@type":"PropertyValueSpecification","valueRequired":true,"valueName":"search_term_string"}}],"inLanguage":"es"},{"@type":"Organization","@id":"https:\/\/alfadescompte.ad\/#organization","name":"Alfa Descompte","url":"https:\/\/alfadescompte.ad\/","logo":{"@type":"ImageObject","inLanguage":"es","@id":"https:\/\/alfadescompte.ad\/#\/schema\/logo\/image\/","url":"https:\/\/alfadescompte.ad\/wp-content\/uploads\/2022\/04\/cropped-logo-alfa-1-1.png","contentUrl":"https:\/\/alfadescompte.ad\/wp-content\/uploads\/2022\/04\/cropped-logo-alfa-1-1.png","width":424,"height":128,"caption":"Alfa Descompte"},"image":{"@id":"https:\/\/alfadescompte.ad\/#\/schema\/logo\/image\/"}}]}},"_links":{"self":[{"href":"https:\/\/alfadescompte.ad\/es\/wp-json\/wp\/v2\/product\/50973","targetHints":{"allow":["GET"]}}],"collection":[{"href":"https:\/\/alfadescompte.ad\/es\/wp-json\/wp\/v2\/product"}],"about":[{"href":"https:\/\/alfadescompte.ad\/es\/wp-json\/wp\/v2\/types\/product"}],"replies":[{"embeddable":true,"href":"https:\/\/alfadescompte.ad\/es\/wp-json\/wp\/v2\/comments?post=50973"}],"wp:featuredmedia":[{"embeddable":true,"href":"https:\/\/alfadescompte.ad\/es\/wp-json\/wp\/v2\/media\/55822"}],"wp:attachment":[{"href":"https:\/\/alfadescompte.ad\/es\/wp-json\/wp\/v2\/media?parent=50973"}],"wp:term":[{"taxonomy":"product_brand","embeddable":true,"href":"https:\/\/alfadescompte.ad\/es\/wp-json\/wp\/v2\/product_brand?post=50973"},{"taxonomy":"product_cat","embeddable":true,"href":"https:\/\/alfadescompte.ad\/es\/wp-json\/wp\/v2\/product_cat?post=50973"},{"taxonomy":"product_tag","embeddable":true,"href":"https:\/\/alfadescompte.ad\/es\/wp-json\/wp\/v2\/product_tag?post=50973"}],"curies":[{"name":"wp","href":"https:\/\/api.w.org\/{rel}","templated":true}]}}