{"id":50982,"date":"2022-10-17T15:23:17","date_gmt":"2022-10-17T13:23:17","guid":{"rendered":"https:\/\/alfadescompte.ad\/?product=g-data-mobile-security-android-2-appareils-abonnement-1-an"},"modified":"2026-03-04T15:40:37","modified_gmt":"2026-03-04T14:40:37","slug":"g-data-mobile-security-android-2-appareils-abonnement-1-an","status":"publish","type":"product","link":"https:\/\/alfadescompte.ad\/es\/producto-2\/g-data-mobile-security-android-2-appareils-abonnement-1-an\/","title":{"rendered":"G Data Mobile Security Android 2026 - 2 dispositivos - 1 a\u00f1o de suscripci\u00f3n"},"content":{"rendered":"<div class=\"fancybox-wrap fancybox-desktop fancybox-type-ajax fancybox-opened\">\n<div class=\"fancybox-skin\">\n<div class=\"fancybox-outer\">\n<div class=\"fancybox-inner\">\n<div id=\"popup-fiche\">\n<div class=\"wrapper-fiche\">\n<div class=\"content-fiche\">\n<div class=\"description\">\n<h2>PROTEGE EFICAZMENTE TUS SMARTPHONES Y TABLETS ANDROID<\/h2>\n<p>Encuentra todas las funciones que necesitas para proteger tu smartphone o tablet Android.<\/p>\n<h3>PROTECCI\u00d3N CONTRA LAS AMENAZAS DE INTERNET<\/h3>\n<p>G DATA Mobile Internet Security le protege de todos los peligros de Internet.<\/p>\n<p>El software le proteger\u00e1 del phishing y de sitios peligrosos. El software realizar\u00e1 un an\u00e1lisis en la nube para garantizar que sigue siendo eficaz frente a nuevas amenazas.<\/p>\n<h3>PROTEGER SU DISPOSITIVO CONTRA APLICACIONES PELIGROSAS<\/h3>\n<p>El software comprobar\u00e1 las aplicaciones en busca de spyware.<\/p>\n<h3>PROTECCI\u00d3N ANTIVIRUS EFICAZ<\/h3>\n<p>La nueva tecnolog\u00eda en nube utilizada hace que los recursos de an\u00e1lisis se utilicen con mucha moderaci\u00f3n y que se requieran muy pocas actualizaciones.<\/p>\n<h3>FILTRADO DE SMS Y LLAMADAS<\/h3>\n<p>El programa le permite crear una lista negra, a la que puede a\u00f1adir remitentes indeseables, y filtrar as\u00ed llamadas publicitarias o mensajes SMS. Las preselecciones permiten bloquear series enteras de n\u00fameros (n\u00fameros 0800, por ejemplo).<\/p>\n<h3>ANTIRROBO PARA SU DISPOSITIVO<\/h3>\n<p>Adem\u00e1s de localizar un dispositivo robado, puedes bloquearlo y borrar su contenido a distancia.<\/p>\n<h3>BLOQUE SIM<\/h3>\n<p>El software le permite impedir que su dispositivo se utilice con una tarjeta SIM extranjera.<\/p>\n<p>Si cambias de tarjeta SIM, se te informar\u00e1 directamente por SMS.<\/p>\n<h3>USO DE CONTRASE\u00d1AS PARA SUS APLICACIONES<\/h3>\n<p>Protegiendo con contrase\u00f1a determinadas aplicaciones, puede impedir que se inicien, evitando as\u00ed los costes asociados a cualquier contenido de pago.<\/p>\n<h3>PROTEGER SU LISTA DE CONTACTOS<\/h3>\n<p>El software le permite asegurar la informaci\u00f3n vinculada a sus contactos.<\/p>\n<p>Todos tus datos de contacto (mensajes, listas de llamadas) se almacenar\u00e1n en una zona protegida por contrase\u00f1a. T\u00fa ser\u00e1s la \u00fanica persona con acceso a esta informaci\u00f3n.<\/p>\n<h3>UNA INTERFAZ M\u00c1S INTUITIVA<\/h3>\n<p>La nueva interfaz de usuario, m\u00e1s intuitiva, le permitir\u00e1 acceder m\u00e1s r\u00e1pidamente a las funciones que necesita.<\/p>\n<\/div>\n<\/div>\n<\/div>\n<\/div>\n<\/div>\n<\/div>\n<div class=\"fancybox-item fancybox-close\" title=\"Cerrar\"><\/div>\n<\/div>\n<\/div>","protected":false},"excerpt":{"rendered":"<ul>\n<li class=\"point-fort\">Nueva tecnolog\u00eda de nube<\/li>\n<li class=\"point-fort\">Protecci\u00f3n antivirus<\/li>\n<li class=\"point-fort\">Protecci\u00f3n de Internet<\/li>\n<li class=\"point-fort\">Filtrado de llamadas y SMS<\/li>\n<li class=\"point-fort\">Protecci\u00f3n antirrobo<\/li>\n<li class=\"point-fort\">Bloqueo de SIM extranjera<\/li>\n<li class=\"point-fort\">Protecci\u00f3n de aplicaciones<\/li>\n<li class=\"point-fort\">Protecci\u00f3n de los contactos<\/li>\n<li class=\"point-fort\">Control de las autorizaciones asignadas a las solicitudes<\/li>\n<\/ul>\n<p>Comprar y descargar <strong>G DATA Mobile Security Android<\/strong><\/p>\n<p>Despu\u00e9s de hacer su pedido y dentro de<strong>\u00a024 horas<\/strong>Usted recibir\u00e1 :<\/p>\n<ul>\n<li>El c\u00f3digo de activaci\u00f3n para <strong>G DATA Mobile Security Android<\/strong><\/li>\n<li>El enlace de descarga de <strong>G DATA Mobile Security Android<\/strong><\/li>\n<li>Gu\u00edas de instalaci\u00f3n y activaci\u00f3n<\/li>\n<\/ul>\n<p>Nuestro servicio de atenci\u00f3n al cliente est\u00e1 disponible los 7 d\u00edas de la semana<\/p>","protected":false},"featured_media":55824,"comment_status":"open","ping_status":"closed","template":"","meta":[],"product_brand":[],"product_cat":[1437,1549,20],"product_tag":[],"class_list":{"0":"post-50982","1":"product","2":"type-product","3":"status-publish","4":"has-post-thumbnail","6":"product_cat-g-data","7":"product_cat-g-data-mobile-security-android","8":"product_cat-securite","10":"first","11":"instock","12":"sale","13":"downloadable","14":"virtual","15":"purchasable","16":"product-type-simple","17":"czr-hentry"},"yoast_head":"<!-- This site is optimized with the Yoast SEO plugin v27.4 - https:\/\/yoast.com\/product\/yoast-seo-wordpress\/ -->\n<title>G Data Mobile Security Android 2026 - 2 appareils - Abonnement 1 an - Alfa Descompte<\/title>\n<meta name=\"robots\" content=\"index, follow, max-snippet:-1, max-image-preview:large, max-video-preview:-1\" \/>\n<link rel=\"canonical\" href=\"https:\/\/alfadescompte.ad\/es\/producto-2\/g-data-mobile-security-android-2-appareils-abonnement-1-an\/\" \/>\n<meta property=\"og:locale\" content=\"es_ES\" \/>\n<meta property=\"og:type\" content=\"article\" \/>\n<meta property=\"og:title\" content=\"G Data Mobile Security Android 2026 - 2 appareils - Abonnement 1 an - Alfa Descompte\" \/>\n<meta property=\"og:description\" content=\"Nouvelle technologie Cloud  Protection antivirus  Protection Internet  Filtre d&#039;appels et SMS  Protection antivol  Blocage SIM \u00e9trang\u00e8re  Protection des applications  Protection des contacts  Contr\u00f4le des autorisations allou\u00e9es aux applications  Acheter et T\u00e9l\u00e9charger G DATA Mobile Security Android  Apr\u00e8s avoir pass\u00e9 votre commande et dans les\u00a024 heures, vous recevrez :   Le code de la cl\u00e9 d\u2019activation de G DATA Mobile Security Android  Le lien de t\u00e9l\u00e9chargement pour G DATA Mobile Security Android  Les guides d\u2019installation et d\u2019activation  Notre service client\u00e8le est disponible 7\/7 jours\" \/>\n<meta property=\"og:url\" content=\"https:\/\/alfadescompte.ad\/es\/producto-2\/g-data-mobile-security-android-2-appareils-abonnement-1-an\/\" \/>\n<meta property=\"og:site_name\" content=\"Alfa Descompte\" \/>\n<meta property=\"article:modified_time\" content=\"2026-03-04T14:40:37+00:00\" \/>\n<meta property=\"og:image\" content=\"https:\/\/alfadescompte.ad\/wp-content\/uploads\/2022\/10\/ChatGPT-Image-4-mars-2026-15_35_24.png\" \/>\n\t<meta property=\"og:image:width\" content=\"1024\" \/>\n\t<meta property=\"og:image:height\" content=\"1024\" \/>\n\t<meta property=\"og:image:type\" content=\"image\/png\" \/>\n<meta name=\"twitter:card\" content=\"summary_large_image\" \/>\n<meta name=\"twitter:label1\" content=\"Tiempo de lectura\" \/>\n\t<meta name=\"twitter:data1\" content=\"2 minutos\" \/>\n<script type=\"application\/ld+json\" class=\"yoast-schema-graph\">{\"@context\":\"https:\\\/\\\/schema.org\",\"@graph\":[{\"@type\":\"WebPage\",\"@id\":\"https:\\\/\\\/alfadescompte.ad\\\/produit\\\/g-data-mobile-security-android-2-appareils-abonnement-1-an\\\/\",\"url\":\"https:\\\/\\\/alfadescompte.ad\\\/produit\\\/g-data-mobile-security-android-2-appareils-abonnement-1-an\\\/\",\"name\":\"G Data Mobile Security Android 2026 - 2 appareils - Abonnement 1 an - Alfa Descompte\",\"isPartOf\":{\"@id\":\"https:\\\/\\\/alfadescompte.ad\\\/#website\"},\"primaryImageOfPage\":{\"@id\":\"https:\\\/\\\/alfadescompte.ad\\\/produit\\\/g-data-mobile-security-android-2-appareils-abonnement-1-an\\\/#primaryimage\"},\"image\":{\"@id\":\"https:\\\/\\\/alfadescompte.ad\\\/produit\\\/g-data-mobile-security-android-2-appareils-abonnement-1-an\\\/#primaryimage\"},\"thumbnailUrl\":\"https:\\\/\\\/alfadescompte.ad\\\/wp-content\\\/uploads\\\/2022\\\/10\\\/ChatGPT-Image-4-mars-2026-15_35_24.png\",\"datePublished\":\"2022-10-17T13:23:17+00:00\",\"dateModified\":\"2026-03-04T14:40:37+00:00\",\"breadcrumb\":{\"@id\":\"https:\\\/\\\/alfadescompte.ad\\\/produit\\\/g-data-mobile-security-android-2-appareils-abonnement-1-an\\\/#breadcrumb\"},\"inLanguage\":\"es\",\"potentialAction\":[{\"@type\":\"ReadAction\",\"target\":[\"https:\\\/\\\/alfadescompte.ad\\\/produit\\\/g-data-mobile-security-android-2-appareils-abonnement-1-an\\\/\"]}]},{\"@type\":\"ImageObject\",\"inLanguage\":\"es\",\"@id\":\"https:\\\/\\\/alfadescompte.ad\\\/produit\\\/g-data-mobile-security-android-2-appareils-abonnement-1-an\\\/#primaryimage\",\"url\":\"https:\\\/\\\/alfadescompte.ad\\\/wp-content\\\/uploads\\\/2022\\\/10\\\/ChatGPT-Image-4-mars-2026-15_35_24.png\",\"contentUrl\":\"https:\\\/\\\/alfadescompte.ad\\\/wp-content\\\/uploads\\\/2022\\\/10\\\/ChatGPT-Image-4-mars-2026-15_35_24.png\",\"width\":1024,\"height\":1024},{\"@type\":\"BreadcrumbList\",\"@id\":\"https:\\\/\\\/alfadescompte.ad\\\/produit\\\/g-data-mobile-security-android-2-appareils-abonnement-1-an\\\/#breadcrumb\",\"itemListElement\":[{\"@type\":\"ListItem\",\"position\":1,\"name\":\"Accueil\",\"item\":\"https:\\\/\\\/alfadescompte.ad\\\/fr\\\/\"},{\"@type\":\"ListItem\",\"position\":2,\"name\":\"Boutique\",\"item\":\"https:\\\/\\\/alfadescompte.ad\\\/en\\\/boutique\\\/\"},{\"@type\":\"ListItem\",\"position\":3,\"name\":\"G Data Mobile Security Android 2026 &#8211; 2 appareils &#8211; Abonnement 1 an\"}]},{\"@type\":\"WebSite\",\"@id\":\"https:\\\/\\\/alfadescompte.ad\\\/#website\",\"url\":\"https:\\\/\\\/alfadescompte.ad\\\/\",\"name\":\"Alfa Descompte\",\"description\":\"\",\"publisher\":{\"@id\":\"https:\\\/\\\/alfadescompte.ad\\\/#organization\"},\"potentialAction\":[{\"@type\":\"SearchAction\",\"target\":{\"@type\":\"EntryPoint\",\"urlTemplate\":\"https:\\\/\\\/alfadescompte.ad\\\/?s={search_term_string}\"},\"query-input\":{\"@type\":\"PropertyValueSpecification\",\"valueRequired\":true,\"valueName\":\"search_term_string\"}}],\"inLanguage\":\"es\"},{\"@type\":\"Organization\",\"@id\":\"https:\\\/\\\/alfadescompte.ad\\\/#organization\",\"name\":\"Alfa Descompte\",\"url\":\"https:\\\/\\\/alfadescompte.ad\\\/\",\"logo\":{\"@type\":\"ImageObject\",\"inLanguage\":\"es\",\"@id\":\"https:\\\/\\\/alfadescompte.ad\\\/#\\\/schema\\\/logo\\\/image\\\/\",\"url\":\"https:\\\/\\\/alfadescompte.ad\\\/wp-content\\\/uploads\\\/2022\\\/04\\\/cropped-logo-alfa-1-1.png\",\"contentUrl\":\"https:\\\/\\\/alfadescompte.ad\\\/wp-content\\\/uploads\\\/2022\\\/04\\\/cropped-logo-alfa-1-1.png\",\"width\":424,\"height\":128,\"caption\":\"Alfa Descompte\"},\"image\":{\"@id\":\"https:\\\/\\\/alfadescompte.ad\\\/#\\\/schema\\\/logo\\\/image\\\/\"}}]}<\/script>\n<!-- \/ Yoast SEO plugin. -->","yoast_head_json":{"title":"G Data Mobile Security Android 2026 - 2 dispositivos - 1 a\u00f1o de suscripci\u00f3n - Alfa Descompte","robots":{"index":"index","follow":"follow","max-snippet":"max-snippet:-1","max-image-preview":"max-image-preview:large","max-video-preview":"max-video-preview:-1"},"canonical":"https:\/\/alfadescompte.ad\/es\/producto-2\/g-data-mobile-security-android-2-appareils-abonnement-1-an\/","og_locale":"es_ES","og_type":"article","og_title":"G Data Mobile Security Android 2026 - 2 appareils - Abonnement 1 an - Alfa Descompte","og_description":"Nouvelle technologie Cloud  Protection antivirus  Protection Internet  Filtre d'appels et SMS  Protection antivol  Blocage SIM \u00e9trang\u00e8re  Protection des applications  Protection des contacts  Contr\u00f4le des autorisations allou\u00e9es aux applications  Acheter et T\u00e9l\u00e9charger G DATA Mobile Security Android  Apr\u00e8s avoir pass\u00e9 votre commande et dans les\u00a024 heures, vous recevrez :   Le code de la cl\u00e9 d\u2019activation de G DATA Mobile Security Android  Le lien de t\u00e9l\u00e9chargement pour G DATA Mobile Security Android  Les guides d\u2019installation et d\u2019activation  Notre service client\u00e8le est disponible 7\/7 jours","og_url":"https:\/\/alfadescompte.ad\/es\/producto-2\/g-data-mobile-security-android-2-appareils-abonnement-1-an\/","og_site_name":"Alfa Descompte","article_modified_time":"2026-03-04T14:40:37+00:00","og_image":[{"width":1024,"height":1024,"url":"https:\/\/alfadescompte.ad\/wp-content\/uploads\/2022\/10\/ChatGPT-Image-4-mars-2026-15_35_24.png","type":"image\/png"}],"twitter_card":"summary_large_image","twitter_misc":{"Tiempo de lectura":"2 minutos"},"schema":{"@context":"https:\/\/schema.org","@graph":[{"@type":"WebPage","@id":"https:\/\/alfadescompte.ad\/produit\/g-data-mobile-security-android-2-appareils-abonnement-1-an\/","url":"https:\/\/alfadescompte.ad\/produit\/g-data-mobile-security-android-2-appareils-abonnement-1-an\/","name":"G Data Mobile Security Android 2026 - 2 dispositivos - 1 a\u00f1o de suscripci\u00f3n - Alfa Descompte","isPartOf":{"@id":"https:\/\/alfadescompte.ad\/#website"},"primaryImageOfPage":{"@id":"https:\/\/alfadescompte.ad\/produit\/g-data-mobile-security-android-2-appareils-abonnement-1-an\/#primaryimage"},"image":{"@id":"https:\/\/alfadescompte.ad\/produit\/g-data-mobile-security-android-2-appareils-abonnement-1-an\/#primaryimage"},"thumbnailUrl":"https:\/\/alfadescompte.ad\/wp-content\/uploads\/2022\/10\/ChatGPT-Image-4-mars-2026-15_35_24.png","datePublished":"2022-10-17T13:23:17+00:00","dateModified":"2026-03-04T14:40:37+00:00","breadcrumb":{"@id":"https:\/\/alfadescompte.ad\/produit\/g-data-mobile-security-android-2-appareils-abonnement-1-an\/#breadcrumb"},"inLanguage":"es","potentialAction":[{"@type":"ReadAction","target":["https:\/\/alfadescompte.ad\/produit\/g-data-mobile-security-android-2-appareils-abonnement-1-an\/"]}]},{"@type":"ImageObject","inLanguage":"es","@id":"https:\/\/alfadescompte.ad\/produit\/g-data-mobile-security-android-2-appareils-abonnement-1-an\/#primaryimage","url":"https:\/\/alfadescompte.ad\/wp-content\/uploads\/2022\/10\/ChatGPT-Image-4-mars-2026-15_35_24.png","contentUrl":"https:\/\/alfadescompte.ad\/wp-content\/uploads\/2022\/10\/ChatGPT-Image-4-mars-2026-15_35_24.png","width":1024,"height":1024},{"@type":"BreadcrumbList","@id":"https:\/\/alfadescompte.ad\/produit\/g-data-mobile-security-android-2-appareils-abonnement-1-an\/#breadcrumb","itemListElement":[{"@type":"ListItem","position":1,"name":"Accueil","item":"https:\/\/alfadescompte.ad\/fr\/"},{"@type":"ListItem","position":2,"name":"Boutique","item":"https:\/\/alfadescompte.ad\/en\/boutique\/"},{"@type":"ListItem","position":3,"name":"G Data Mobile Security Android 2026 &#8211; 2 appareils &#8211; Abonnement 1 an"}]},{"@type":"WebSite","@id":"https:\/\/alfadescompte.ad\/#website","url":"https:\/\/alfadescompte.ad\/","name":"Alfa Descompte","description":"","publisher":{"@id":"https:\/\/alfadescompte.ad\/#organization"},"potentialAction":[{"@type":"SearchAction","target":{"@type":"EntryPoint","urlTemplate":"https:\/\/alfadescompte.ad\/?s={search_term_string}"},"query-input":{"@type":"PropertyValueSpecification","valueRequired":true,"valueName":"search_term_string"}}],"inLanguage":"es"},{"@type":"Organization","@id":"https:\/\/alfadescompte.ad\/#organization","name":"Alfa Descompte","url":"https:\/\/alfadescompte.ad\/","logo":{"@type":"ImageObject","inLanguage":"es","@id":"https:\/\/alfadescompte.ad\/#\/schema\/logo\/image\/","url":"https:\/\/alfadescompte.ad\/wp-content\/uploads\/2022\/04\/cropped-logo-alfa-1-1.png","contentUrl":"https:\/\/alfadescompte.ad\/wp-content\/uploads\/2022\/04\/cropped-logo-alfa-1-1.png","width":424,"height":128,"caption":"Alfa Descompte"},"image":{"@id":"https:\/\/alfadescompte.ad\/#\/schema\/logo\/image\/"}}]}},"_links":{"self":[{"href":"https:\/\/alfadescompte.ad\/es\/wp-json\/wp\/v2\/product\/50982","targetHints":{"allow":["GET"]}}],"collection":[{"href":"https:\/\/alfadescompte.ad\/es\/wp-json\/wp\/v2\/product"}],"about":[{"href":"https:\/\/alfadescompte.ad\/es\/wp-json\/wp\/v2\/types\/product"}],"replies":[{"embeddable":true,"href":"https:\/\/alfadescompte.ad\/es\/wp-json\/wp\/v2\/comments?post=50982"}],"wp:featuredmedia":[{"embeddable":true,"href":"https:\/\/alfadescompte.ad\/es\/wp-json\/wp\/v2\/media\/55824"}],"wp:attachment":[{"href":"https:\/\/alfadescompte.ad\/es\/wp-json\/wp\/v2\/media?parent=50982"}],"wp:term":[{"taxonomy":"product_brand","embeddable":true,"href":"https:\/\/alfadescompte.ad\/es\/wp-json\/wp\/v2\/product_brand?post=50982"},{"taxonomy":"product_cat","embeddable":true,"href":"https:\/\/alfadescompte.ad\/es\/wp-json\/wp\/v2\/product_cat?post=50982"},{"taxonomy":"product_tag","embeddable":true,"href":"https:\/\/alfadescompte.ad\/es\/wp-json\/wp\/v2\/product_tag?post=50982"}],"curies":[{"name":"wp","href":"https:\/\/api.w.org\/{rel}","templated":true}]}}