{"id":51869,"date":"2022-10-29T15:11:10","date_gmt":"2022-10-29T13:11:10","guid":{"rendered":"https:\/\/alfadescompte.ad\/?post_type=product&#038;p=51869"},"modified":"2026-03-02T13:46:00","modified_gmt":"2026-03-02T12:46:00","slug":"avast-ultimate-1-poste-abonnement-2-ans","status":"publish","type":"product","link":"https:\/\/alfadescompte.ad\/es\/producto-2\/avast-ultimate-1-poste-abonnement-2-ans\/","title":{"rendered":"Avast Ultimate 2026 - 1 estaci\u00f3n de trabajo - 2 a\u00f1os de suscripci\u00f3n"},"content":{"rendered":"<div class=\"fancybox-wrap fancybox-desktop fancybox-type-ajax fancybox-opened\">\n<div class=\"fancybox-skin\">\n<div class=\"fancybox-outer\">\n<div class=\"fancybox-inner\">\n<div id=\"popup-fiche\">\n<div class=\"wrapper-fiche\">\n<div class=\"content-fiche\">\n<div class=\"description\">\n<h3><strong>Avast Ultimate 2026<\/strong><\/h3>\n<p>Avast Ultimate es la suite de protecci\u00f3n definitiva con todas las herramientas principales de Avast.<\/p>\n<ul>\n<li><strong>Avast Premium Security<\/strong>\u00a0M\u00e1s que un antivirus, protege su navegaci\u00f3n, sus compras y sus operaciones bancarias.<\/li>\n<li><strong>Avast Cleanup Premium<\/strong>\u00a0Para deshacerse de los archivos no deseados y acelerar el rendimiento de su PC.<\/li>\n<li><strong>Avast VPN SecureLine Unlimited<\/strong>\u00a0Para una verdadera privacidad, incluso en redes Wi-Fi p\u00fablicas no seguras<\/li>\n<li><strong>Avast Passwords Premium<\/strong>\u00a0Para gestionar todas tus cuentas con una contrase\u00f1a segura que se sincroniza con todos tus dispositivos.<\/li>\n<li><strong>Avast AntiTrack<\/strong>\u00a0Para evitar que los curiosos te sigan, este m\u00f3dulo oculta tu identidad digital.<\/li>\n<\/ul>\n<p>La versi\u00f3n de 1 estaci\u00f3n s\u00f3lo cubre la protecci\u00f3n de un dispositivo Windows<\/p>\n<p>La versi\u00f3n para 10 dispositivos puede proteger por igual los dispositivos Windows, macOS, iOS y Android.<\/p>\n<p>Los intentos de hackear su ordenador, su red dom\u00e9stica y sus contrase\u00f1as son habituales, por lo que Avast Premium ofrece una protecci\u00f3n completa para su sistema. Desde la neutralizaci\u00f3n del ransomware hasta su sistema inteligente basado en la nube para combatir las amenazas de cero segundos. Este antivirus actualiza sus aplicaciones de forma autom\u00e1tica y puede destruir permanentemente sus datos a petici\u00f3n, ofreci\u00e9ndole un nivel de protecci\u00f3n nunca visto.<\/p>\n<h3>INCOMPARABLE CON OTROS ANTIVIRUS<\/h3>\n<p>Tambi\u00e9n protege tu c\u00e1mara web, este software bloquea la c\u00e1mara web y s\u00f3lo la activa con tu consentimiento para evitar cualquier mirada indiscreta. Adem\u00e1s, puedes desactivar la webcam indefinidamente si es necesario y perderla de vista. Gracias a las funciones de cortafuegos y antispam, podr\u00e1 centrarse en los correos electr\u00f3nicos importantes y evitar que los piratas inform\u00e1ticos lleguen a su PC con la supervisi\u00f3n y el control constantes de Avast de los datos que llegan a su ordenador.<\/p>\n<h3>NO DEJE RASTRO DE SUS DATOS<\/h3>\n<p>\u00bfPiensa vender o prestar su ordenador, pero no tiene forma de restaurar sus datos y archivos previamente eliminados? Con la funci\u00f3n \"File Shredder\", puede estar seguro de que sus fotos personales, extractos bancarios y otros documentos se destruir\u00e1n de forma permanente.<\/p>\n<h3>BENEFICIARSE DE UN SOFTWARE SIN FISURAS<\/h3>\n<p>Aproveche las ventajas de Wi-Fi Inspector y Real Site para detectar autom\u00e1ticamente los puntos d\u00e9biles de su red Wi-Fi dom\u00e9stica y los dispositivos de su red. Prot\u00e9jase de los hackers que intentan tomar el control de la configuraci\u00f3n de sus DNS, redirigirle a sitios maliciosos y mucho m\u00e1s. A continuaci\u00f3n, aproveche las ventajas de CyberCapture, que incluye autom\u00e1ticamente los archivos sospechosos en la nube para su an\u00e1lisis. Proteger a todos los usuarios de Avast si existe una amenaza.<\/p>\n<p>Las v\u00edctimas del ransomware suelen ser el objetivo de los secuestradores de datos que exigen un rescate por sus datos. Sin embargo, Avast evita que sus documentos sean encriptados o tomados como rehenes, proporcionando una seguridad adicional. Adem\u00e1s, Avast puede actualizar autom\u00e1ticamente su software para mantenerlo al d\u00eda con los \u00faltimos parches de seguridad.<\/p>\n<\/div>\n<\/div>\n<\/div>\n<\/div>\n<\/div>\n<\/div>\n<div class=\"fancybox-item fancybox-close\" title=\"Cerrar\"><\/div>\n<\/div>\n<\/div>","protected":false},"excerpt":{"rendered":"<p>Compre hoy mismo su clave de activaci\u00f3n original y reciba por correo electr\u00f3nico su enlace de descarga ultrarr\u00e1pida y su clave de activaci\u00f3n exclusiva.<\/p>\n<p>- Obtenga su c\u00f3digo de activaci\u00f3n en 15 minutos.<br \/>\n- Llave original 100%<br \/>\n- Autorizado para la venta en Europa<br \/>\n- Idiomas: multiling\u00fce<\/p>","protected":false},"featured_media":51899,"comment_status":"open","ping_status":"closed","template":"","meta":[],"product_brand":[],"product_cat":[187,20,1502],"product_tag":[],"class_list":{"0":"post-51869","1":"product","2":"type-product","3":"status-publish","4":"has-post-thumbnail","6":"product_cat-avast","7":"product_cat-securite","8":"product_cat-ultimate","10":"first","11":"instock","12":"sale","13":"downloadable","14":"virtual","15":"purchasable","16":"product-type-simple","17":"czr-hentry"},"yoast_head":"<!-- This site is optimized with the Yoast SEO plugin v27.3 - https:\/\/yoast.com\/product\/yoast-seo-wordpress\/ -->\n<title>Avast Ultimate 2026 - 1 poste - Abonnement 2 ans - Alfa Descompte<\/title>\n<meta name=\"robots\" content=\"index, follow, max-snippet:-1, max-image-preview:large, max-video-preview:-1\" \/>\n<link rel=\"canonical\" href=\"https:\/\/alfadescompte.ad\/es\/producto-2\/avast-ultimate-1-poste-abonnement-2-ans\/\" \/>\n<meta property=\"og:locale\" content=\"es_ES\" \/>\n<meta property=\"og:type\" content=\"article\" \/>\n<meta property=\"og:title\" content=\"Avast Ultimate 2026 - 1 poste - Abonnement 2 ans - Alfa Descompte\" \/>\n<meta property=\"og:description\" content=\"Achetez aujourd\u2019hui votre cl\u00e9 d&#039;activation originale et recevez par mail votre lien de t\u00e9l\u00e9chargement ultra rapide ainsi que sa cl\u00e9 unique d\u2019activation..  - Obtenir votre code d&#039;activation en 15 minutes. - Cl\u00e9 100% authentique - Vente autoris\u00e9e en Europe - Langues: Multi-langue\" \/>\n<meta property=\"og:url\" content=\"https:\/\/alfadescompte.ad\/es\/producto-2\/avast-ultimate-1-poste-abonnement-2-ans\/\" \/>\n<meta property=\"og:site_name\" content=\"Alfa Descompte\" \/>\n<meta property=\"article:modified_time\" content=\"2026-03-02T12:46:00+00:00\" \/>\n<meta property=\"og:image\" content=\"https:\/\/alfadescompte.ad\/wp-content\/uploads\/2022\/10\/Erika-24.png\" \/>\n\t<meta property=\"og:image:width\" content=\"800\" \/>\n\t<meta property=\"og:image:height\" content=\"800\" \/>\n\t<meta property=\"og:image:type\" content=\"image\/png\" \/>\n<meta name=\"twitter:card\" content=\"summary_large_image\" \/>\n<meta name=\"twitter:label1\" content=\"Tiempo de lectura\" \/>\n\t<meta name=\"twitter:data1\" content=\"3 minutos\" \/>\n<script type=\"application\/ld+json\" class=\"yoast-schema-graph\">{\"@context\":\"https:\\\/\\\/schema.org\",\"@graph\":[{\"@type\":\"WebPage\",\"@id\":\"https:\\\/\\\/alfadescompte.ad\\\/produit\\\/avast-ultimate-1-poste-abonnement-2-ans\\\/\",\"url\":\"https:\\\/\\\/alfadescompte.ad\\\/produit\\\/avast-ultimate-1-poste-abonnement-2-ans\\\/\",\"name\":\"Avast Ultimate 2026 - 1 poste - Abonnement 2 ans - Alfa Descompte\",\"isPartOf\":{\"@id\":\"https:\\\/\\\/alfadescompte.ad\\\/#website\"},\"primaryImageOfPage\":{\"@id\":\"https:\\\/\\\/alfadescompte.ad\\\/produit\\\/avast-ultimate-1-poste-abonnement-2-ans\\\/#primaryimage\"},\"image\":{\"@id\":\"https:\\\/\\\/alfadescompte.ad\\\/produit\\\/avast-ultimate-1-poste-abonnement-2-ans\\\/#primaryimage\"},\"thumbnailUrl\":\"https:\\\/\\\/alfadescompte.ad\\\/wp-content\\\/uploads\\\/2022\\\/10\\\/Erika-24.png\",\"datePublished\":\"2022-10-29T13:11:10+00:00\",\"dateModified\":\"2026-03-02T12:46:00+00:00\",\"breadcrumb\":{\"@id\":\"https:\\\/\\\/alfadescompte.ad\\\/produit\\\/avast-ultimate-1-poste-abonnement-2-ans\\\/#breadcrumb\"},\"inLanguage\":\"es\",\"potentialAction\":[{\"@type\":\"ReadAction\",\"target\":[\"https:\\\/\\\/alfadescompte.ad\\\/produit\\\/avast-ultimate-1-poste-abonnement-2-ans\\\/\"]}]},{\"@type\":\"ImageObject\",\"inLanguage\":\"es\",\"@id\":\"https:\\\/\\\/alfadescompte.ad\\\/produit\\\/avast-ultimate-1-poste-abonnement-2-ans\\\/#primaryimage\",\"url\":\"https:\\\/\\\/alfadescompte.ad\\\/wp-content\\\/uploads\\\/2022\\\/10\\\/Erika-24.png\",\"contentUrl\":\"https:\\\/\\\/alfadescompte.ad\\\/wp-content\\\/uploads\\\/2022\\\/10\\\/Erika-24.png\",\"width\":800,\"height\":800},{\"@type\":\"BreadcrumbList\",\"@id\":\"https:\\\/\\\/alfadescompte.ad\\\/produit\\\/avast-ultimate-1-poste-abonnement-2-ans\\\/#breadcrumb\",\"itemListElement\":[{\"@type\":\"ListItem\",\"position\":1,\"name\":\"Accueil\",\"item\":\"https:\\\/\\\/alfadescompte.ad\\\/fr\\\/\"},{\"@type\":\"ListItem\",\"position\":2,\"name\":\"Boutique\",\"item\":\"https:\\\/\\\/alfadescompte.ad\\\/en\\\/boutique\\\/\"},{\"@type\":\"ListItem\",\"position\":3,\"name\":\"Avast Ultimate 2026 &#8211; 1 poste &#8211; Abonnement 2 ans\"}]},{\"@type\":\"WebSite\",\"@id\":\"https:\\\/\\\/alfadescompte.ad\\\/#website\",\"url\":\"https:\\\/\\\/alfadescompte.ad\\\/\",\"name\":\"Alfa Descompte\",\"description\":\"\",\"publisher\":{\"@id\":\"https:\\\/\\\/alfadescompte.ad\\\/#organization\"},\"potentialAction\":[{\"@type\":\"SearchAction\",\"target\":{\"@type\":\"EntryPoint\",\"urlTemplate\":\"https:\\\/\\\/alfadescompte.ad\\\/?s={search_term_string}\"},\"query-input\":{\"@type\":\"PropertyValueSpecification\",\"valueRequired\":true,\"valueName\":\"search_term_string\"}}],\"inLanguage\":\"es\"},{\"@type\":\"Organization\",\"@id\":\"https:\\\/\\\/alfadescompte.ad\\\/#organization\",\"name\":\"Alfa Descompte\",\"url\":\"https:\\\/\\\/alfadescompte.ad\\\/\",\"logo\":{\"@type\":\"ImageObject\",\"inLanguage\":\"es\",\"@id\":\"https:\\\/\\\/alfadescompte.ad\\\/#\\\/schema\\\/logo\\\/image\\\/\",\"url\":\"https:\\\/\\\/alfadescompte.ad\\\/wp-content\\\/uploads\\\/2022\\\/04\\\/cropped-logo-alfa-1-1.png\",\"contentUrl\":\"https:\\\/\\\/alfadescompte.ad\\\/wp-content\\\/uploads\\\/2022\\\/04\\\/cropped-logo-alfa-1-1.png\",\"width\":424,\"height\":128,\"caption\":\"Alfa Descompte\"},\"image\":{\"@id\":\"https:\\\/\\\/alfadescompte.ad\\\/#\\\/schema\\\/logo\\\/image\\\/\"}}]}<\/script>\n<!-- \/ Yoast SEO plugin. -->","yoast_head_json":{"title":"Avast Ultimate 2026 - 1 estaci\u00f3n de trabajo - 2 a\u00f1os de suscripci\u00f3n - Alfa Descompte","robots":{"index":"index","follow":"follow","max-snippet":"max-snippet:-1","max-image-preview":"max-image-preview:large","max-video-preview":"max-video-preview:-1"},"canonical":"https:\/\/alfadescompte.ad\/es\/producto-2\/avast-ultimate-1-poste-abonnement-2-ans\/","og_locale":"es_ES","og_type":"article","og_title":"Avast Ultimate 2026 - 1 poste - Abonnement 2 ans - Alfa Descompte","og_description":"Achetez aujourd\u2019hui votre cl\u00e9 d'activation originale et recevez par mail votre lien de t\u00e9l\u00e9chargement ultra rapide ainsi que sa cl\u00e9 unique d\u2019activation..  - Obtenir votre code d'activation en 15 minutes. - Cl\u00e9 100% authentique - Vente autoris\u00e9e en Europe - Langues: Multi-langue","og_url":"https:\/\/alfadescompte.ad\/es\/producto-2\/avast-ultimate-1-poste-abonnement-2-ans\/","og_site_name":"Alfa Descompte","article_modified_time":"2026-03-02T12:46:00+00:00","og_image":[{"width":800,"height":800,"url":"https:\/\/alfadescompte.ad\/wp-content\/uploads\/2022\/10\/Erika-24.png","type":"image\/png"}],"twitter_card":"summary_large_image","twitter_misc":{"Tiempo de lectura":"3 minutos"},"schema":{"@context":"https:\/\/schema.org","@graph":[{"@type":"WebPage","@id":"https:\/\/alfadescompte.ad\/produit\/avast-ultimate-1-poste-abonnement-2-ans\/","url":"https:\/\/alfadescompte.ad\/produit\/avast-ultimate-1-poste-abonnement-2-ans\/","name":"Avast Ultimate 2026 - 1 estaci\u00f3n de trabajo - 2 a\u00f1os de suscripci\u00f3n - Alfa Descompte","isPartOf":{"@id":"https:\/\/alfadescompte.ad\/#website"},"primaryImageOfPage":{"@id":"https:\/\/alfadescompte.ad\/produit\/avast-ultimate-1-poste-abonnement-2-ans\/#primaryimage"},"image":{"@id":"https:\/\/alfadescompte.ad\/produit\/avast-ultimate-1-poste-abonnement-2-ans\/#primaryimage"},"thumbnailUrl":"https:\/\/alfadescompte.ad\/wp-content\/uploads\/2022\/10\/Erika-24.png","datePublished":"2022-10-29T13:11:10+00:00","dateModified":"2026-03-02T12:46:00+00:00","breadcrumb":{"@id":"https:\/\/alfadescompte.ad\/produit\/avast-ultimate-1-poste-abonnement-2-ans\/#breadcrumb"},"inLanguage":"es","potentialAction":[{"@type":"ReadAction","target":["https:\/\/alfadescompte.ad\/produit\/avast-ultimate-1-poste-abonnement-2-ans\/"]}]},{"@type":"ImageObject","inLanguage":"es","@id":"https:\/\/alfadescompte.ad\/produit\/avast-ultimate-1-poste-abonnement-2-ans\/#primaryimage","url":"https:\/\/alfadescompte.ad\/wp-content\/uploads\/2022\/10\/Erika-24.png","contentUrl":"https:\/\/alfadescompte.ad\/wp-content\/uploads\/2022\/10\/Erika-24.png","width":800,"height":800},{"@type":"BreadcrumbList","@id":"https:\/\/alfadescompte.ad\/produit\/avast-ultimate-1-poste-abonnement-2-ans\/#breadcrumb","itemListElement":[{"@type":"ListItem","position":1,"name":"Accueil","item":"https:\/\/alfadescompte.ad\/fr\/"},{"@type":"ListItem","position":2,"name":"Boutique","item":"https:\/\/alfadescompte.ad\/en\/boutique\/"},{"@type":"ListItem","position":3,"name":"Avast Ultimate 2026 &#8211; 1 poste &#8211; Abonnement 2 ans"}]},{"@type":"WebSite","@id":"https:\/\/alfadescompte.ad\/#website","url":"https:\/\/alfadescompte.ad\/","name":"Alfa Descompte","description":"","publisher":{"@id":"https:\/\/alfadescompte.ad\/#organization"},"potentialAction":[{"@type":"SearchAction","target":{"@type":"EntryPoint","urlTemplate":"https:\/\/alfadescompte.ad\/?s={search_term_string}"},"query-input":{"@type":"PropertyValueSpecification","valueRequired":true,"valueName":"search_term_string"}}],"inLanguage":"es"},{"@type":"Organization","@id":"https:\/\/alfadescompte.ad\/#organization","name":"Alfa Descompte","url":"https:\/\/alfadescompte.ad\/","logo":{"@type":"ImageObject","inLanguage":"es","@id":"https:\/\/alfadescompte.ad\/#\/schema\/logo\/image\/","url":"https:\/\/alfadescompte.ad\/wp-content\/uploads\/2022\/04\/cropped-logo-alfa-1-1.png","contentUrl":"https:\/\/alfadescompte.ad\/wp-content\/uploads\/2022\/04\/cropped-logo-alfa-1-1.png","width":424,"height":128,"caption":"Alfa Descompte"},"image":{"@id":"https:\/\/alfadescompte.ad\/#\/schema\/logo\/image\/"}}]}},"_links":{"self":[{"href":"https:\/\/alfadescompte.ad\/es\/wp-json\/wp\/v2\/product\/51869","targetHints":{"allow":["GET"]}}],"collection":[{"href":"https:\/\/alfadescompte.ad\/es\/wp-json\/wp\/v2\/product"}],"about":[{"href":"https:\/\/alfadescompte.ad\/es\/wp-json\/wp\/v2\/types\/product"}],"replies":[{"embeddable":true,"href":"https:\/\/alfadescompte.ad\/es\/wp-json\/wp\/v2\/comments?post=51869"}],"wp:featuredmedia":[{"embeddable":true,"href":"https:\/\/alfadescompte.ad\/es\/wp-json\/wp\/v2\/media\/51899"}],"wp:attachment":[{"href":"https:\/\/alfadescompte.ad\/es\/wp-json\/wp\/v2\/media?parent=51869"}],"wp:term":[{"taxonomy":"product_brand","embeddable":true,"href":"https:\/\/alfadescompte.ad\/es\/wp-json\/wp\/v2\/product_brand?post=51869"},{"taxonomy":"product_cat","embeddable":true,"href":"https:\/\/alfadescompte.ad\/es\/wp-json\/wp\/v2\/product_cat?post=51869"},{"taxonomy":"product_tag","embeddable":true,"href":"https:\/\/alfadescompte.ad\/es\/wp-json\/wp\/v2\/product_tag?post=51869"}],"curies":[{"name":"wp","href":"https:\/\/api.w.org\/{rel}","templated":true}]}}