{"id":51958,"date":"2022-10-31T13:03:12","date_gmt":"2022-10-31T12:03:12","guid":{"rendered":"https:\/\/alfadescompte.ad\/?post_type=product&#038;p=51958"},"modified":"2026-03-04T15:40:21","modified_gmt":"2026-03-04T14:40:21","slug":"g-data-mobile-security-ios-1-appareil-abonnement-1-an","status":"publish","type":"product","link":"https:\/\/alfadescompte.ad\/es\/producto-2\/g-data-mobile-security-ios-1-appareil-abonnement-1-an\/","title":{"rendered":"G Data Mobile Security iOS 2026 - 1 dispositivo - 1 a\u00f1o de suscripci\u00f3n"},"content":{"rendered":"<div class=\"fancybox-wrap fancybox-desktop fancybox-type-ajax fancybox-opened\">\n<div class=\"fancybox-skin\">\n<div class=\"fancybox-outer\">\n<div class=\"fancybox-inner\">\n<div id=\"popup-fiche\">\n<div class=\"wrapper-fiche\">\n<div class=\"content-fiche\">\n<div class=\"description\">\n<h2>LAS FUNCIONES<\/h2>\n<h3>AN\u00c1LISIS DE SEGURIDAD<\/h3>\n<p>\u00bfHa comprado un iPhone o iPad de segunda mano? Compruebe si su dispositivo Apple presenta riesgos potenciales con la aplicaci\u00f3n G DATA. Las acciones de un propietario anterior, una visita a un sitio web manipulado o la descarga de una aplicaci\u00f3n peligrosa pueden provocar una brecha de seguridad, que puede dar lugar a la instalaci\u00f3n inadvertida de malware. G DATA Mobile Security iOS le informa si su iPhone o iPad est\u00e1 afectado.<\/p>\n<h3>PROTECCI\u00d3N CONTRA EL PHISHING<\/h3>\n<p>Ya sea en el tranv\u00eda, en la cafeter\u00eda o en el sof\u00e1 de su sal\u00f3n: G DATA Mobile Security le protege cuando navega en su dispositivo m\u00f3vil. Las p\u00e1ginas manipuladas y falsificadas se bloquean inmediatamente gracias a la protecci\u00f3n contra phishing. Sus transacciones en l\u00ednea son seguras.<\/p>\n<h3>SE\u00d1AL DE SONIDO<\/h3>\n<p>Sabes que tu iPad o iPhone tiene que estar en alg\u00fan lugar de tu sal\u00f3n. \u00bfPero d\u00f3nde? Active una se\u00f1al ac\u00fastica a trav\u00e9s de la plataforma en l\u00ednea G DATA, incluso si el dispositivo est\u00e1 en modo silencioso. Encuentre r\u00e1pidamente su smartphone o tableta.<\/p>\n<h3>ESC\u00c1NER DE C\u00d3DIGOS QR<\/h3>\n<p>Los c\u00f3digos QR est\u00e1n por todas partes. Pero no conducen necesariamente a enlaces y vCards \u00fatiles. A veces pueden esconder virus, descargas peligrosas o sitios de phishing. Y es imposible saberlo a primera vista. Con el esc\u00e1ner de c\u00f3digos QR de G DATA, los c\u00f3digos QR no s\u00f3lo son c\u00f3modos, sino tambi\u00e9n seguros, ya que la informaci\u00f3n que contienen s\u00f3lo se consulta y utiliza si el esc\u00e1ner la ha comprobado y considerado inofensiva.<\/p>\n<h3>UBICACI\u00d3N<\/h3>\n<p>No deje sus datos en manos de nadie: utilice G DATA Mobile Security iOS para localizar f\u00e1cilmente su iPhone o iPad en Internet, mientras permanece protegido por la estricta pol\u00edtica de privacidad alemana.<\/p>\n<h3>CENTRO DE ACCI\u00d3N<\/h3>\n<p>Utiliza nuestra plataforma online: el G DATA Action Center te permite gestionar de forma centralizada todos tus dispositivos iOS.<\/p>\n<\/div>\n<\/div>\n<\/div>\n<\/div>\n<\/div>\n<\/div>\n<div class=\"fancybox-item fancybox-close\" title=\"Cerrar\"><\/div>\n<\/div>\n<\/div>","protected":false},"excerpt":{"rendered":"<ul>\n<li class=\"point-fort\">Editor europeo<\/li>\n<li class=\"point-fort\">An\u00e1lisis de seguridad<\/li>\n<li class=\"point-fort\">F\u00e1cil localizaci\u00f3n del dispositivo<\/li>\n<li class=\"point-fort\">Protecci\u00f3n antiphishing<\/li>\n<\/ul>\n<p>Comprar y descargar <strong>G DATA Mobile Security iOS<\/strong><\/p>\n<p>Despu\u00e9s de hacer su pedido y dentro de<strong>\u00a024 horas<\/strong>Usted recibir\u00e1 :<\/p>\n<ul>\n<li>El c\u00f3digo de activaci\u00f3n para <strong>G DATA Mobile Security iOS<\/strong><\/li>\n<li>El enlace de descarga de <strong>G DATA Mobile Security IOS<\/strong><\/li>\n<li>Gu\u00edas de instalaci\u00f3n y activaci\u00f3n<\/li>\n<\/ul>\n<p>Nuestro servicio de atenci\u00f3n al cliente est\u00e1 disponible los 7 d\u00edas de la semana<\/p>","protected":false},"featured_media":55827,"comment_status":"open","ping_status":"closed","template":"","meta":[],"product_brand":[],"product_cat":[1437,1550,20],"product_tag":[],"class_list":{"0":"post-51958","1":"product","2":"type-product","3":"status-publish","4":"has-post-thumbnail","6":"product_cat-g-data","7":"product_cat-g-data-mobile-security-ios","8":"product_cat-securite","10":"first","11":"instock","12":"downloadable","13":"virtual","14":"purchasable","15":"product-type-simple","16":"czr-hentry"},"yoast_head":"<!-- This site is optimized with the Yoast SEO plugin v27.4 - https:\/\/yoast.com\/product\/yoast-seo-wordpress\/ -->\n<title>G Data Mobile Security iOS 2026 - 1 appareil - Abonnement 1 an - Alfa Descompte<\/title>\n<meta name=\"robots\" content=\"index, follow, max-snippet:-1, max-image-preview:large, max-video-preview:-1\" \/>\n<link rel=\"canonical\" href=\"https:\/\/alfadescompte.ad\/es\/producto-2\/g-data-mobile-security-ios-1-appareil-abonnement-1-an\/\" \/>\n<meta property=\"og:locale\" content=\"es_ES\" \/>\n<meta property=\"og:type\" content=\"article\" \/>\n<meta property=\"og:title\" content=\"G Data Mobile Security iOS 2026 - 1 appareil - Abonnement 1 an - Alfa Descompte\" \/>\n<meta property=\"og:description\" content=\"Editeur europ\u00e9en  Analyse de s\u00e9curit\u00e9  Localisation facile de l&#039;appareil  Protection anti-hame\u00e7onnage  Acheter et T\u00e9l\u00e9charger G DATA Mobile Security iOS  Apr\u00e8s avoir pass\u00e9 votre commande et dans les\u00a024 heures, vous recevrez :   Le code de la cl\u00e9 d\u2019activation de G DATA Mobile Security iOS  Le lien de t\u00e9l\u00e9chargement pour G DATA Mobile Security IOS  Les guides d\u2019installation et d\u2019activation  Notre service client\u00e8le est disponible 7\/7 jours\" \/>\n<meta property=\"og:url\" content=\"https:\/\/alfadescompte.ad\/es\/producto-2\/g-data-mobile-security-ios-1-appareil-abonnement-1-an\/\" \/>\n<meta property=\"og:site_name\" content=\"Alfa Descompte\" \/>\n<meta property=\"article:modified_time\" content=\"2026-03-04T14:40:21+00:00\" \/>\n<meta property=\"og:image\" content=\"https:\/\/alfadescompte.ad\/wp-content\/uploads\/2022\/10\/ChatGPT-Image-4-mars-2026-15_40_05.png\" \/>\n\t<meta property=\"og:image:width\" content=\"1024\" \/>\n\t<meta property=\"og:image:height\" content=\"1024\" \/>\n\t<meta property=\"og:image:type\" content=\"image\/png\" \/>\n<meta name=\"twitter:card\" content=\"summary_large_image\" \/>\n<meta name=\"twitter:label1\" content=\"Tiempo de lectura\" \/>\n\t<meta name=\"twitter:data1\" content=\"2 minutos\" \/>\n<script type=\"application\/ld+json\" class=\"yoast-schema-graph\">{\"@context\":\"https:\\\/\\\/schema.org\",\"@graph\":[{\"@type\":\"WebPage\",\"@id\":\"https:\\\/\\\/alfadescompte.ad\\\/produit\\\/g-data-mobile-security-ios-1-appareil-abonnement-1-an\\\/\",\"url\":\"https:\\\/\\\/alfadescompte.ad\\\/produit\\\/g-data-mobile-security-ios-1-appareil-abonnement-1-an\\\/\",\"name\":\"G Data Mobile Security iOS 2026 - 1 appareil - Abonnement 1 an - Alfa Descompte\",\"isPartOf\":{\"@id\":\"https:\\\/\\\/alfadescompte.ad\\\/#website\"},\"primaryImageOfPage\":{\"@id\":\"https:\\\/\\\/alfadescompte.ad\\\/produit\\\/g-data-mobile-security-ios-1-appareil-abonnement-1-an\\\/#primaryimage\"},\"image\":{\"@id\":\"https:\\\/\\\/alfadescompte.ad\\\/produit\\\/g-data-mobile-security-ios-1-appareil-abonnement-1-an\\\/#primaryimage\"},\"thumbnailUrl\":\"https:\\\/\\\/alfadescompte.ad\\\/wp-content\\\/uploads\\\/2022\\\/10\\\/ChatGPT-Image-4-mars-2026-15_40_05.png\",\"datePublished\":\"2022-10-31T12:03:12+00:00\",\"dateModified\":\"2026-03-04T14:40:21+00:00\",\"breadcrumb\":{\"@id\":\"https:\\\/\\\/alfadescompte.ad\\\/produit\\\/g-data-mobile-security-ios-1-appareil-abonnement-1-an\\\/#breadcrumb\"},\"inLanguage\":\"es\",\"potentialAction\":[{\"@type\":\"ReadAction\",\"target\":[\"https:\\\/\\\/alfadescompte.ad\\\/produit\\\/g-data-mobile-security-ios-1-appareil-abonnement-1-an\\\/\"]}]},{\"@type\":\"ImageObject\",\"inLanguage\":\"es\",\"@id\":\"https:\\\/\\\/alfadescompte.ad\\\/produit\\\/g-data-mobile-security-ios-1-appareil-abonnement-1-an\\\/#primaryimage\",\"url\":\"https:\\\/\\\/alfadescompte.ad\\\/wp-content\\\/uploads\\\/2022\\\/10\\\/ChatGPT-Image-4-mars-2026-15_40_05.png\",\"contentUrl\":\"https:\\\/\\\/alfadescompte.ad\\\/wp-content\\\/uploads\\\/2022\\\/10\\\/ChatGPT-Image-4-mars-2026-15_40_05.png\",\"width\":1024,\"height\":1024},{\"@type\":\"BreadcrumbList\",\"@id\":\"https:\\\/\\\/alfadescompte.ad\\\/produit\\\/g-data-mobile-security-ios-1-appareil-abonnement-1-an\\\/#breadcrumb\",\"itemListElement\":[{\"@type\":\"ListItem\",\"position\":1,\"name\":\"Accueil\",\"item\":\"https:\\\/\\\/alfadescompte.ad\\\/fr\\\/\"},{\"@type\":\"ListItem\",\"position\":2,\"name\":\"Boutique\",\"item\":\"https:\\\/\\\/alfadescompte.ad\\\/en\\\/boutique\\\/\"},{\"@type\":\"ListItem\",\"position\":3,\"name\":\"G Data Mobile Security iOS 2026 &#8211; 1 appareil &#8211; Abonnement 1 an\"}]},{\"@type\":\"WebSite\",\"@id\":\"https:\\\/\\\/alfadescompte.ad\\\/#website\",\"url\":\"https:\\\/\\\/alfadescompte.ad\\\/\",\"name\":\"Alfa Descompte\",\"description\":\"\",\"publisher\":{\"@id\":\"https:\\\/\\\/alfadescompte.ad\\\/#organization\"},\"potentialAction\":[{\"@type\":\"SearchAction\",\"target\":{\"@type\":\"EntryPoint\",\"urlTemplate\":\"https:\\\/\\\/alfadescompte.ad\\\/?s={search_term_string}\"},\"query-input\":{\"@type\":\"PropertyValueSpecification\",\"valueRequired\":true,\"valueName\":\"search_term_string\"}}],\"inLanguage\":\"es\"},{\"@type\":\"Organization\",\"@id\":\"https:\\\/\\\/alfadescompte.ad\\\/#organization\",\"name\":\"Alfa Descompte\",\"url\":\"https:\\\/\\\/alfadescompte.ad\\\/\",\"logo\":{\"@type\":\"ImageObject\",\"inLanguage\":\"es\",\"@id\":\"https:\\\/\\\/alfadescompte.ad\\\/#\\\/schema\\\/logo\\\/image\\\/\",\"url\":\"https:\\\/\\\/alfadescompte.ad\\\/wp-content\\\/uploads\\\/2022\\\/04\\\/cropped-logo-alfa-1-1.png\",\"contentUrl\":\"https:\\\/\\\/alfadescompte.ad\\\/wp-content\\\/uploads\\\/2022\\\/04\\\/cropped-logo-alfa-1-1.png\",\"width\":424,\"height\":128,\"caption\":\"Alfa Descompte\"},\"image\":{\"@id\":\"https:\\\/\\\/alfadescompte.ad\\\/#\\\/schema\\\/logo\\\/image\\\/\"}}]}<\/script>\n<!-- \/ Yoast SEO plugin. -->","yoast_head_json":{"title":"G Data Mobile Security iOS 2026 - 1 dispositivo - 1 a\u00f1o de suscripci\u00f3n - Alfa Descompte","robots":{"index":"index","follow":"follow","max-snippet":"max-snippet:-1","max-image-preview":"max-image-preview:large","max-video-preview":"max-video-preview:-1"},"canonical":"https:\/\/alfadescompte.ad\/es\/producto-2\/g-data-mobile-security-ios-1-appareil-abonnement-1-an\/","og_locale":"es_ES","og_type":"article","og_title":"G Data Mobile Security iOS 2026 - 1 appareil - Abonnement 1 an - Alfa Descompte","og_description":"Editeur europ\u00e9en  Analyse de s\u00e9curit\u00e9  Localisation facile de l'appareil  Protection anti-hame\u00e7onnage  Acheter et T\u00e9l\u00e9charger G DATA Mobile Security iOS  Apr\u00e8s avoir pass\u00e9 votre commande et dans les\u00a024 heures, vous recevrez :   Le code de la cl\u00e9 d\u2019activation de G DATA Mobile Security iOS  Le lien de t\u00e9l\u00e9chargement pour G DATA Mobile Security IOS  Les guides d\u2019installation et d\u2019activation  Notre service client\u00e8le est disponible 7\/7 jours","og_url":"https:\/\/alfadescompte.ad\/es\/producto-2\/g-data-mobile-security-ios-1-appareil-abonnement-1-an\/","og_site_name":"Alfa Descompte","article_modified_time":"2026-03-04T14:40:21+00:00","og_image":[{"width":1024,"height":1024,"url":"https:\/\/alfadescompte.ad\/wp-content\/uploads\/2022\/10\/ChatGPT-Image-4-mars-2026-15_40_05.png","type":"image\/png"}],"twitter_card":"summary_large_image","twitter_misc":{"Tiempo de lectura":"2 minutos"},"schema":{"@context":"https:\/\/schema.org","@graph":[{"@type":"WebPage","@id":"https:\/\/alfadescompte.ad\/produit\/g-data-mobile-security-ios-1-appareil-abonnement-1-an\/","url":"https:\/\/alfadescompte.ad\/produit\/g-data-mobile-security-ios-1-appareil-abonnement-1-an\/","name":"G Data Mobile Security iOS 2026 - 1 dispositivo - 1 a\u00f1o de suscripci\u00f3n - Alfa Descompte","isPartOf":{"@id":"https:\/\/alfadescompte.ad\/#website"},"primaryImageOfPage":{"@id":"https:\/\/alfadescompte.ad\/produit\/g-data-mobile-security-ios-1-appareil-abonnement-1-an\/#primaryimage"},"image":{"@id":"https:\/\/alfadescompte.ad\/produit\/g-data-mobile-security-ios-1-appareil-abonnement-1-an\/#primaryimage"},"thumbnailUrl":"https:\/\/alfadescompte.ad\/wp-content\/uploads\/2022\/10\/ChatGPT-Image-4-mars-2026-15_40_05.png","datePublished":"2022-10-31T12:03:12+00:00","dateModified":"2026-03-04T14:40:21+00:00","breadcrumb":{"@id":"https:\/\/alfadescompte.ad\/produit\/g-data-mobile-security-ios-1-appareil-abonnement-1-an\/#breadcrumb"},"inLanguage":"es","potentialAction":[{"@type":"ReadAction","target":["https:\/\/alfadescompte.ad\/produit\/g-data-mobile-security-ios-1-appareil-abonnement-1-an\/"]}]},{"@type":"ImageObject","inLanguage":"es","@id":"https:\/\/alfadescompte.ad\/produit\/g-data-mobile-security-ios-1-appareil-abonnement-1-an\/#primaryimage","url":"https:\/\/alfadescompte.ad\/wp-content\/uploads\/2022\/10\/ChatGPT-Image-4-mars-2026-15_40_05.png","contentUrl":"https:\/\/alfadescompte.ad\/wp-content\/uploads\/2022\/10\/ChatGPT-Image-4-mars-2026-15_40_05.png","width":1024,"height":1024},{"@type":"BreadcrumbList","@id":"https:\/\/alfadescompte.ad\/produit\/g-data-mobile-security-ios-1-appareil-abonnement-1-an\/#breadcrumb","itemListElement":[{"@type":"ListItem","position":1,"name":"Accueil","item":"https:\/\/alfadescompte.ad\/fr\/"},{"@type":"ListItem","position":2,"name":"Boutique","item":"https:\/\/alfadescompte.ad\/en\/boutique\/"},{"@type":"ListItem","position":3,"name":"G Data Mobile Security iOS 2026 &#8211; 1 appareil &#8211; Abonnement 1 an"}]},{"@type":"WebSite","@id":"https:\/\/alfadescompte.ad\/#website","url":"https:\/\/alfadescompte.ad\/","name":"Alfa Descompte","description":"","publisher":{"@id":"https:\/\/alfadescompte.ad\/#organization"},"potentialAction":[{"@type":"SearchAction","target":{"@type":"EntryPoint","urlTemplate":"https:\/\/alfadescompte.ad\/?s={search_term_string}"},"query-input":{"@type":"PropertyValueSpecification","valueRequired":true,"valueName":"search_term_string"}}],"inLanguage":"es"},{"@type":"Organization","@id":"https:\/\/alfadescompte.ad\/#organization","name":"Alfa Descompte","url":"https:\/\/alfadescompte.ad\/","logo":{"@type":"ImageObject","inLanguage":"es","@id":"https:\/\/alfadescompte.ad\/#\/schema\/logo\/image\/","url":"https:\/\/alfadescompte.ad\/wp-content\/uploads\/2022\/04\/cropped-logo-alfa-1-1.png","contentUrl":"https:\/\/alfadescompte.ad\/wp-content\/uploads\/2022\/04\/cropped-logo-alfa-1-1.png","width":424,"height":128,"caption":"Alfa Descompte"},"image":{"@id":"https:\/\/alfadescompte.ad\/#\/schema\/logo\/image\/"}}]}},"_links":{"self":[{"href":"https:\/\/alfadescompte.ad\/es\/wp-json\/wp\/v2\/product\/51958","targetHints":{"allow":["GET"]}}],"collection":[{"href":"https:\/\/alfadescompte.ad\/es\/wp-json\/wp\/v2\/product"}],"about":[{"href":"https:\/\/alfadescompte.ad\/es\/wp-json\/wp\/v2\/types\/product"}],"replies":[{"embeddable":true,"href":"https:\/\/alfadescompte.ad\/es\/wp-json\/wp\/v2\/comments?post=51958"}],"wp:featuredmedia":[{"embeddable":true,"href":"https:\/\/alfadescompte.ad\/es\/wp-json\/wp\/v2\/media\/55827"}],"wp:attachment":[{"href":"https:\/\/alfadescompte.ad\/es\/wp-json\/wp\/v2\/media?parent=51958"}],"wp:term":[{"taxonomy":"product_brand","embeddable":true,"href":"https:\/\/alfadescompte.ad\/es\/wp-json\/wp\/v2\/product_brand?post=51958"},{"taxonomy":"product_cat","embeddable":true,"href":"https:\/\/alfadescompte.ad\/es\/wp-json\/wp\/v2\/product_cat?post=51958"},{"taxonomy":"product_tag","embeddable":true,"href":"https:\/\/alfadescompte.ad\/es\/wp-json\/wp\/v2\/product_tag?post=51958"}],"curies":[{"name":"wp","href":"https:\/\/api.w.org\/{rel}","templated":true}]}}