{"id":52166,"date":"2022-11-02T16:50:53","date_gmt":"2022-11-02T15:50:53","guid":{"rendered":"https:\/\/alfadescompte.ad\/?post_type=product&#038;p=52166"},"modified":"2026-03-03T09:03:36","modified_gmt":"2026-03-03T08:03:36","slug":"avast-internet-security-5-postes-abonnement-3-ans-2","status":"publish","type":"product","link":"https:\/\/alfadescompte.ad\/es\/producto-2\/avast-internet-security-5-postes-abonnement-3-ans-2\/","title":{"rendered":"Avast Internet Security 2026 - 5 estaciones de trabajo - suscripci\u00f3n de 3 a\u00f1os"},"content":{"rendered":"<h3>Prot\u00e9jase en l\u00ednea con Avast Internet Security 2026<\/h3>\n<p>Avast Internet security 2024 es la soluci\u00f3n de seguridad definitiva para protegerle de amenazas online como virus, malware, hackers e intentos de phishing. Con esta \u00faltima versi\u00f3n, obtendr\u00e1 una protecci\u00f3n completa para su ordenador, su identidad en l\u00ednea, sus transacciones bancarias y sus datos confidenciales.<\/p>\n<h3>Protecci\u00f3n en tiempo real contra las amenazas en l\u00ednea<\/h3>\n<p>La protecci\u00f3n en tiempo real de Avast Internet Security 2024 es una de las m\u00e1s avanzadas del mercado. Puede navegar por Internet de forma segura, comprar en l\u00ednea y realizar operaciones bancarias sin tener que preocuparse por la seguridad de su equipo. Esta versi\u00f3n tambi\u00e9n protege contra ransomware, spyware, troyanos y otras amenazas en l\u00ednea, utilizando tecnolog\u00eda de detecci\u00f3n avanzada que analiza los archivos antes de que se abran.<\/p>\n<h3>Asistencia al cliente prioritaria y actualizaciones autom\u00e1ticas<\/h3>\n<p>Con Avast Internet security 2024, tambi\u00e9n obtendr\u00e1 asistencia al cliente prioritaria y actualizaciones autom\u00e1ticas para garantizar una protecci\u00f3n \u00f3ptima frente a nuevas amenazas. Puede instalar Avast Internet security 2024 en varios dispositivos, como su port\u00e1til, tableta y smartphone, utilizando una sola cuenta. Esto le permite proteger todos sus dispositivos, sin tener que adquirir licencias adicionales.<\/p>\n<p>Requisitos del sistema<\/p>\n<ul>\n<li>Procesador: 1 Gigahercio (GHz) o superior.<\/li>\n<li>Memoria RAM: 1 Gigabyte (GB) (32 bits) o 2 GB (64 bits)<\/li>\n<li>Tarjeta gr\u00e1fica: dispositivo gr\u00e1fico Microsoft DirectX 9 con controlador WDDM.<\/li>\n<\/ul>","protected":false},"excerpt":{"rendered":"<p>Compre hoy mismo su clave de activaci\u00f3n original y reciba por correo electr\u00f3nico su enlace de descarga ultrarr\u00e1pida y su clave de activaci\u00f3n exclusiva.<\/p>\n<p>- Obtenga su c\u00f3digo de activaci\u00f3n en 15 minutos.<br \/>\n- Llave original 100%<br \/>\n- Autorizado para la venta en Europa<br \/>\n- Idiomas: multiling\u00fce<\/p>","protected":false},"featured_media":55772,"comment_status":"open","ping_status":"closed","template":"","meta":[],"product_brand":[],"product_cat":[187,1506],"product_tag":[],"class_list":{"0":"post-52166","1":"product","2":"type-product","3":"status-publish","4":"has-post-thumbnail","6":"product_cat-avast","7":"product_cat-internet-security-avast","9":"first","10":"instock","11":"sale","12":"downloadable","13":"virtual","14":"purchasable","15":"product-type-simple","16":"czr-hentry"},"yoast_head":"<!-- This site is optimized with the Yoast SEO plugin v27.3 - https:\/\/yoast.com\/product\/yoast-seo-wordpress\/ -->\n<title>Avast Internet Security 2026 - 5 postes - Abonnement 3 ans - Alfa Descompte<\/title>\n<meta name=\"robots\" content=\"index, follow, max-snippet:-1, max-image-preview:large, max-video-preview:-1\" \/>\n<link rel=\"canonical\" href=\"https:\/\/alfadescompte.ad\/es\/producto-2\/avast-internet-security-5-postes-abonnement-3-ans-2\/\" \/>\n<meta property=\"og:locale\" content=\"es_ES\" \/>\n<meta property=\"og:type\" content=\"article\" \/>\n<meta property=\"og:title\" content=\"Avast Internet Security 2026 - 5 postes - Abonnement 3 ans - Alfa Descompte\" \/>\n<meta property=\"og:description\" content=\"Achetez aujourd\u2019hui votre cl\u00e9 d&#039;activation originale et recevez par mail votre lien de t\u00e9l\u00e9chargement ultra rapide ainsi que sa cl\u00e9 unique d\u2019activation..  - Obtenir votre code d&#039;activation en 15 minutes. - Cl\u00e9 100% authentique - Vente autoris\u00e9e en Europe - Langues: Multi-langue\" \/>\n<meta property=\"og:url\" content=\"https:\/\/alfadescompte.ad\/es\/producto-2\/avast-internet-security-5-postes-abonnement-3-ans-2\/\" \/>\n<meta property=\"og:site_name\" content=\"Alfa Descompte\" \/>\n<meta property=\"article:modified_time\" content=\"2026-03-03T08:03:36+00:00\" \/>\n<meta property=\"og:image\" content=\"https:\/\/alfadescompte.ad\/wp-content\/uploads\/2022\/11\/ChatGPT-Image-3-mars-2026-09_02_59.png\" \/>\n\t<meta property=\"og:image:width\" content=\"1024\" \/>\n\t<meta property=\"og:image:height\" content=\"1024\" \/>\n\t<meta property=\"og:image:type\" content=\"image\/png\" \/>\n<meta name=\"twitter:card\" content=\"summary_large_image\" \/>\n<meta name=\"twitter:label1\" content=\"Tiempo de lectura\" \/>\n\t<meta name=\"twitter:data1\" content=\"2 minutos\" \/>\n<script type=\"application\/ld+json\" class=\"yoast-schema-graph\">{\"@context\":\"https:\\\/\\\/schema.org\",\"@graph\":[{\"@type\":\"WebPage\",\"@id\":\"https:\\\/\\\/alfadescompte.ad\\\/produit\\\/avast-internet-security-5-postes-abonnement-3-ans-2\\\/\",\"url\":\"https:\\\/\\\/alfadescompte.ad\\\/produit\\\/avast-internet-security-5-postes-abonnement-3-ans-2\\\/\",\"name\":\"Avast Internet Security 2026 - 5 postes - Abonnement 3 ans - Alfa Descompte\",\"isPartOf\":{\"@id\":\"https:\\\/\\\/alfadescompte.ad\\\/#website\"},\"primaryImageOfPage\":{\"@id\":\"https:\\\/\\\/alfadescompte.ad\\\/produit\\\/avast-internet-security-5-postes-abonnement-3-ans-2\\\/#primaryimage\"},\"image\":{\"@id\":\"https:\\\/\\\/alfadescompte.ad\\\/produit\\\/avast-internet-security-5-postes-abonnement-3-ans-2\\\/#primaryimage\"},\"thumbnailUrl\":\"https:\\\/\\\/alfadescompte.ad\\\/wp-content\\\/uploads\\\/2022\\\/11\\\/ChatGPT-Image-3-mars-2026-09_02_59.png\",\"datePublished\":\"2022-11-02T15:50:53+00:00\",\"dateModified\":\"2026-03-03T08:03:36+00:00\",\"breadcrumb\":{\"@id\":\"https:\\\/\\\/alfadescompte.ad\\\/produit\\\/avast-internet-security-5-postes-abonnement-3-ans-2\\\/#breadcrumb\"},\"inLanguage\":\"es\",\"potentialAction\":[{\"@type\":\"ReadAction\",\"target\":[\"https:\\\/\\\/alfadescompte.ad\\\/produit\\\/avast-internet-security-5-postes-abonnement-3-ans-2\\\/\"]}]},{\"@type\":\"ImageObject\",\"inLanguage\":\"es\",\"@id\":\"https:\\\/\\\/alfadescompte.ad\\\/produit\\\/avast-internet-security-5-postes-abonnement-3-ans-2\\\/#primaryimage\",\"url\":\"https:\\\/\\\/alfadescompte.ad\\\/wp-content\\\/uploads\\\/2022\\\/11\\\/ChatGPT-Image-3-mars-2026-09_02_59.png\",\"contentUrl\":\"https:\\\/\\\/alfadescompte.ad\\\/wp-content\\\/uploads\\\/2022\\\/11\\\/ChatGPT-Image-3-mars-2026-09_02_59.png\",\"width\":1024,\"height\":1024},{\"@type\":\"BreadcrumbList\",\"@id\":\"https:\\\/\\\/alfadescompte.ad\\\/produit\\\/avast-internet-security-5-postes-abonnement-3-ans-2\\\/#breadcrumb\",\"itemListElement\":[{\"@type\":\"ListItem\",\"position\":1,\"name\":\"Accueil\",\"item\":\"https:\\\/\\\/alfadescompte.ad\\\/fr\\\/\"},{\"@type\":\"ListItem\",\"position\":2,\"name\":\"Boutique\",\"item\":\"https:\\\/\\\/alfadescompte.ad\\\/en\\\/boutique\\\/\"},{\"@type\":\"ListItem\",\"position\":3,\"name\":\"Avast Internet Security 2026 &#8211; 5 postes &#8211; Abonnement 3 ans\"}]},{\"@type\":\"WebSite\",\"@id\":\"https:\\\/\\\/alfadescompte.ad\\\/#website\",\"url\":\"https:\\\/\\\/alfadescompte.ad\\\/\",\"name\":\"Alfa Descompte\",\"description\":\"\",\"publisher\":{\"@id\":\"https:\\\/\\\/alfadescompte.ad\\\/#organization\"},\"potentialAction\":[{\"@type\":\"SearchAction\",\"target\":{\"@type\":\"EntryPoint\",\"urlTemplate\":\"https:\\\/\\\/alfadescompte.ad\\\/?s={search_term_string}\"},\"query-input\":{\"@type\":\"PropertyValueSpecification\",\"valueRequired\":true,\"valueName\":\"search_term_string\"}}],\"inLanguage\":\"es\"},{\"@type\":\"Organization\",\"@id\":\"https:\\\/\\\/alfadescompte.ad\\\/#organization\",\"name\":\"Alfa Descompte\",\"url\":\"https:\\\/\\\/alfadescompte.ad\\\/\",\"logo\":{\"@type\":\"ImageObject\",\"inLanguage\":\"es\",\"@id\":\"https:\\\/\\\/alfadescompte.ad\\\/#\\\/schema\\\/logo\\\/image\\\/\",\"url\":\"https:\\\/\\\/alfadescompte.ad\\\/wp-content\\\/uploads\\\/2022\\\/04\\\/cropped-logo-alfa-1-1.png\",\"contentUrl\":\"https:\\\/\\\/alfadescompte.ad\\\/wp-content\\\/uploads\\\/2022\\\/04\\\/cropped-logo-alfa-1-1.png\",\"width\":424,\"height\":128,\"caption\":\"Alfa Descompte\"},\"image\":{\"@id\":\"https:\\\/\\\/alfadescompte.ad\\\/#\\\/schema\\\/logo\\\/image\\\/\"}}]}<\/script>\n<!-- \/ Yoast SEO plugin. -->","yoast_head_json":{"title":"Avast Internet Security 2026 - 5 estaciones de trabajo - 3 a\u00f1os de suscripci\u00f3n - Alfa Descompte","robots":{"index":"index","follow":"follow","max-snippet":"max-snippet:-1","max-image-preview":"max-image-preview:large","max-video-preview":"max-video-preview:-1"},"canonical":"https:\/\/alfadescompte.ad\/es\/producto-2\/avast-internet-security-5-postes-abonnement-3-ans-2\/","og_locale":"es_ES","og_type":"article","og_title":"Avast Internet Security 2026 - 5 postes - Abonnement 3 ans - Alfa Descompte","og_description":"Achetez aujourd\u2019hui votre cl\u00e9 d'activation originale et recevez par mail votre lien de t\u00e9l\u00e9chargement ultra rapide ainsi que sa cl\u00e9 unique d\u2019activation..  - Obtenir votre code d'activation en 15 minutes. - Cl\u00e9 100% authentique - Vente autoris\u00e9e en Europe - Langues: Multi-langue","og_url":"https:\/\/alfadescompte.ad\/es\/producto-2\/avast-internet-security-5-postes-abonnement-3-ans-2\/","og_site_name":"Alfa Descompte","article_modified_time":"2026-03-03T08:03:36+00:00","og_image":[{"width":1024,"height":1024,"url":"https:\/\/alfadescompte.ad\/wp-content\/uploads\/2022\/11\/ChatGPT-Image-3-mars-2026-09_02_59.png","type":"image\/png"}],"twitter_card":"summary_large_image","twitter_misc":{"Tiempo de lectura":"2 minutos"},"schema":{"@context":"https:\/\/schema.org","@graph":[{"@type":"WebPage","@id":"https:\/\/alfadescompte.ad\/produit\/avast-internet-security-5-postes-abonnement-3-ans-2\/","url":"https:\/\/alfadescompte.ad\/produit\/avast-internet-security-5-postes-abonnement-3-ans-2\/","name":"Avast Internet Security 2026 - 5 estaciones de trabajo - 3 a\u00f1os de suscripci\u00f3n - Alfa Descompte","isPartOf":{"@id":"https:\/\/alfadescompte.ad\/#website"},"primaryImageOfPage":{"@id":"https:\/\/alfadescompte.ad\/produit\/avast-internet-security-5-postes-abonnement-3-ans-2\/#primaryimage"},"image":{"@id":"https:\/\/alfadescompte.ad\/produit\/avast-internet-security-5-postes-abonnement-3-ans-2\/#primaryimage"},"thumbnailUrl":"https:\/\/alfadescompte.ad\/wp-content\/uploads\/2022\/11\/ChatGPT-Image-3-mars-2026-09_02_59.png","datePublished":"2022-11-02T15:50:53+00:00","dateModified":"2026-03-03T08:03:36+00:00","breadcrumb":{"@id":"https:\/\/alfadescompte.ad\/produit\/avast-internet-security-5-postes-abonnement-3-ans-2\/#breadcrumb"},"inLanguage":"es","potentialAction":[{"@type":"ReadAction","target":["https:\/\/alfadescompte.ad\/produit\/avast-internet-security-5-postes-abonnement-3-ans-2\/"]}]},{"@type":"ImageObject","inLanguage":"es","@id":"https:\/\/alfadescompte.ad\/produit\/avast-internet-security-5-postes-abonnement-3-ans-2\/#primaryimage","url":"https:\/\/alfadescompte.ad\/wp-content\/uploads\/2022\/11\/ChatGPT-Image-3-mars-2026-09_02_59.png","contentUrl":"https:\/\/alfadescompte.ad\/wp-content\/uploads\/2022\/11\/ChatGPT-Image-3-mars-2026-09_02_59.png","width":1024,"height":1024},{"@type":"BreadcrumbList","@id":"https:\/\/alfadescompte.ad\/produit\/avast-internet-security-5-postes-abonnement-3-ans-2\/#breadcrumb","itemListElement":[{"@type":"ListItem","position":1,"name":"Accueil","item":"https:\/\/alfadescompte.ad\/fr\/"},{"@type":"ListItem","position":2,"name":"Boutique","item":"https:\/\/alfadescompte.ad\/en\/boutique\/"},{"@type":"ListItem","position":3,"name":"Avast Internet Security 2026 &#8211; 5 postes &#8211; Abonnement 3 ans"}]},{"@type":"WebSite","@id":"https:\/\/alfadescompte.ad\/#website","url":"https:\/\/alfadescompte.ad\/","name":"Alfa Descompte","description":"","publisher":{"@id":"https:\/\/alfadescompte.ad\/#organization"},"potentialAction":[{"@type":"SearchAction","target":{"@type":"EntryPoint","urlTemplate":"https:\/\/alfadescompte.ad\/?s={search_term_string}"},"query-input":{"@type":"PropertyValueSpecification","valueRequired":true,"valueName":"search_term_string"}}],"inLanguage":"es"},{"@type":"Organization","@id":"https:\/\/alfadescompte.ad\/#organization","name":"Alfa Descompte","url":"https:\/\/alfadescompte.ad\/","logo":{"@type":"ImageObject","inLanguage":"es","@id":"https:\/\/alfadescompte.ad\/#\/schema\/logo\/image\/","url":"https:\/\/alfadescompte.ad\/wp-content\/uploads\/2022\/04\/cropped-logo-alfa-1-1.png","contentUrl":"https:\/\/alfadescompte.ad\/wp-content\/uploads\/2022\/04\/cropped-logo-alfa-1-1.png","width":424,"height":128,"caption":"Alfa Descompte"},"image":{"@id":"https:\/\/alfadescompte.ad\/#\/schema\/logo\/image\/"}}]}},"_links":{"self":[{"href":"https:\/\/alfadescompte.ad\/es\/wp-json\/wp\/v2\/product\/52166","targetHints":{"allow":["GET"]}}],"collection":[{"href":"https:\/\/alfadescompte.ad\/es\/wp-json\/wp\/v2\/product"}],"about":[{"href":"https:\/\/alfadescompte.ad\/es\/wp-json\/wp\/v2\/types\/product"}],"replies":[{"embeddable":true,"href":"https:\/\/alfadescompte.ad\/es\/wp-json\/wp\/v2\/comments?post=52166"}],"wp:featuredmedia":[{"embeddable":true,"href":"https:\/\/alfadescompte.ad\/es\/wp-json\/wp\/v2\/media\/55772"}],"wp:attachment":[{"href":"https:\/\/alfadescompte.ad\/es\/wp-json\/wp\/v2\/media?parent=52166"}],"wp:term":[{"taxonomy":"product_brand","embeddable":true,"href":"https:\/\/alfadescompte.ad\/es\/wp-json\/wp\/v2\/product_brand?post=52166"},{"taxonomy":"product_cat","embeddable":true,"href":"https:\/\/alfadescompte.ad\/es\/wp-json\/wp\/v2\/product_cat?post=52166"},{"taxonomy":"product_tag","embeddable":true,"href":"https:\/\/alfadescompte.ad\/es\/wp-json\/wp\/v2\/product_tag?post=52166"}],"curies":[{"name":"wp","href":"https:\/\/api.w.org\/{rel}","templated":true}]}}