{"id":53523,"date":"2023-11-10T11:53:27","date_gmt":"2023-11-10T10:53:27","guid":{"rendered":"https:\/\/alfadescompte.ad\/?post_type=product&#038;p=53523"},"modified":"2026-02-27T16:18:19","modified_gmt":"2026-02-27T15:18:19","slug":"panda-dome-premium-3-postes-abonnement-2-ans","status":"publish","type":"product","link":"https:\/\/alfadescompte.ad\/es\/producto-2\/panda-dome-premium-3-postes-abonnement-2-ans\/","title":{"rendered":"Panda Dome Premium 2026 - 3 estaciones - suscripci\u00f3n de 2 a\u00f1os"},"content":{"rendered":"<div class=\"fancybox-wrap fancybox-desktop fancybox-type-ajax fancybox-opened\">\n<div class=\"fancybox-skin\">\n<div class=\"fancybox-outer\">\n<div class=\"fancybox-inner\">\n<div id=\"popup-fiche\">\n<div class=\"wrapper-fiche\">\n<div class=\"content-fiche\">\n<div class=\"description\">\n<h3><strong>Panda Dome Premium 2026 - 3 estaciones - suscripci\u00f3n de 2 a\u00f1os<\/strong><\/h3>\n<p>Panda Dome Premium re\u00fane las mejores caracter\u00edsticas de protecci\u00f3n, privacidad y rendimiento de Panda en una \u00fanica soluci\u00f3n. Este producto antivirus multiplataforma de alta gama le permite disfrutar de todos sus dispositivos con total tranquilidad.<\/p>\n<h3>PROTEJA A SU FAMILIA<\/h3>\n<p>Panda Dome Premium le permite supervisar las actividades en l\u00ednea y la ubicaci\u00f3n de sus hijos, bloqueando el acceso a aplicaciones y contenidos inapropiados.<\/p>\n<ul>\n<li>Bloquear el acceso a contenidos inapropiados<\/li>\n<li>Poner c\u00f3digos de acceso a determinadas aplicaciones<\/li>\n<li>Proteja su Wi-Fi de los piratas inform\u00e1ticos y mantenga a salvo sus archivos, fotos y datos<\/li>\n<li>Crear una lista negra de n\u00fameros de tel\u00e9fono no deseados<\/li>\n<li>Asegura y gestiona tus contrase\u00f1as con un solo clic<\/li>\n<\/ul>\n<h3>TU PRIVACIDAD ES TUYA<\/h3>\n<p>Ofrece 22 ubicaciones virtuales para acceder a todos los contenidos de Internet sin l\u00edmites ni fronteras (programas de televisi\u00f3n, redes sociales, deportes, etc.). Navega por Internet de forma an\u00f3nima, confidencial y segura, est\u00e9s donde est\u00e9s.<\/p>\n<ul>\n<li>Protecci\u00f3n antivirus de \u00faltima generaci\u00f3n en tiempo real<\/li>\n<li>Borra los datos de tu dispositivo de forma remota si lo pierdes o te lo roban<\/li>\n<li>Navegue de forma an\u00f3nima desde una ubicaci\u00f3n virtual con una VPN<\/li>\n<li>Analice sus dispositivos externos y USB y prot\u00e9jalos de todo tipo de amenazas<\/li>\n<li>El escudo de datos encripta tus archivos confidenciales<\/li>\n<\/ul>\n<p>Panda Dome puede ayudarte a localizar tel\u00e9fonos m\u00f3viles perdidos o robados. Como gestor de contrase\u00f1as, o como software de protecci\u00f3n contra ransomware, lo que le permite navegar por Internet con tranquilidad protegiendo sus dispositivos Mac y Windows. Pero tambi\u00e9n como optimizador de PC. De hecho, el rendimiento de sus dispositivos se potencia para que funcionen como si fueran nuevos.<\/p>\n<\/div>\n<\/div>\n<\/div>\n<\/div>\n<\/div>\n<\/div>\n<div class=\"fancybox-item fancybox-close\" title=\"Cerrar\"><\/div>\n<\/div>\n<\/div>","protected":false},"excerpt":{"rendered":"<p>Compre hoy mismo su clave de activaci\u00f3n original y reciba por correo electr\u00f3nico su enlace de descarga ultrarr\u00e1pida y su clave de activaci\u00f3n exclusiva.<\/p>\n<p>- Obtenga su c\u00f3digo de activaci\u00f3n.<br \/>\n- Llave original 100%<br \/>\n- Autorizado para la venta en Europa<br \/>\n- Idiomas: multiling\u00fce<\/p>","protected":false},"featured_media":55741,"comment_status":"open","ping_status":"closed","template":"","meta":[],"product_brand":[],"product_cat":[194,1560],"product_tag":[],"class_list":{"0":"post-53523","1":"product","2":"type-product","3":"status-publish","4":"has-post-thumbnail","6":"product_cat-panda","7":"product_cat-panda-dome-premium","9":"first","10":"instock","11":"sale","12":"downloadable","13":"virtual","14":"purchasable","15":"product-type-simple","16":"czr-hentry"},"yoast_head":"<!-- This site is optimized with the Yoast SEO plugin v27.4 - https:\/\/yoast.com\/product\/yoast-seo-wordpress\/ -->\n<title>Panda Dome Premium 2026 - 3 postes - Abonnement 2 ans - Alfa Descompte<\/title>\n<meta name=\"robots\" content=\"index, follow, max-snippet:-1, max-image-preview:large, max-video-preview:-1\" \/>\n<link rel=\"canonical\" href=\"https:\/\/alfadescompte.ad\/es\/producto-2\/panda-dome-premium-3-postes-abonnement-2-ans\/\" \/>\n<meta property=\"og:locale\" content=\"es_ES\" \/>\n<meta property=\"og:type\" content=\"article\" \/>\n<meta property=\"og:title\" content=\"Panda Dome Premium 2026 - 3 postes - Abonnement 2 ans - Alfa Descompte\" \/>\n<meta property=\"og:description\" content=\"Achetez aujourd\u2019hui votre cl\u00e9 d&#039;activation originale et recevez par mail votre lien de t\u00e9l\u00e9chargement ultra rapide ainsi que sa cl\u00e9 unique d\u2019activation..  - Obtenir votre code d&#039;activation. - Cl\u00e9 100% authentique - Vente autoris\u00e9e en Europe - Langues: Multi-langue\" \/>\n<meta property=\"og:url\" content=\"https:\/\/alfadescompte.ad\/es\/producto-2\/panda-dome-premium-3-postes-abonnement-2-ans\/\" \/>\n<meta property=\"og:site_name\" content=\"Alfa Descompte\" \/>\n<meta property=\"article:modified_time\" content=\"2026-02-27T15:18:19+00:00\" \/>\n<meta property=\"og:image\" content=\"https:\/\/alfadescompte.ad\/wp-content\/uploads\/2023\/11\/ChatGPT-Image-27-fevr.-2026-16_03_48.png\" \/>\n\t<meta property=\"og:image:width\" content=\"1024\" \/>\n\t<meta property=\"og:image:height\" content=\"1024\" \/>\n\t<meta property=\"og:image:type\" content=\"image\/png\" \/>\n<meta name=\"twitter:card\" content=\"summary_large_image\" \/>\n<meta name=\"twitter:label1\" content=\"Tiempo de lectura\" \/>\n\t<meta name=\"twitter:data1\" content=\"2 minutos\" \/>\n<script type=\"application\/ld+json\" class=\"yoast-schema-graph\">{\"@context\":\"https:\\\/\\\/schema.org\",\"@graph\":[{\"@type\":\"WebPage\",\"@id\":\"https:\\\/\\\/alfadescompte.ad\\\/produit\\\/panda-dome-premium-3-postes-abonnement-2-ans\\\/\",\"url\":\"https:\\\/\\\/alfadescompte.ad\\\/produit\\\/panda-dome-premium-3-postes-abonnement-2-ans\\\/\",\"name\":\"Panda Dome Premium 2026 - 3 postes - Abonnement 2 ans - Alfa Descompte\",\"isPartOf\":{\"@id\":\"https:\\\/\\\/alfadescompte.ad\\\/#website\"},\"primaryImageOfPage\":{\"@id\":\"https:\\\/\\\/alfadescompte.ad\\\/produit\\\/panda-dome-premium-3-postes-abonnement-2-ans\\\/#primaryimage\"},\"image\":{\"@id\":\"https:\\\/\\\/alfadescompte.ad\\\/produit\\\/panda-dome-premium-3-postes-abonnement-2-ans\\\/#primaryimage\"},\"thumbnailUrl\":\"https:\\\/\\\/alfadescompte.ad\\\/wp-content\\\/uploads\\\/2023\\\/11\\\/ChatGPT-Image-27-fevr.-2026-16_03_48.png\",\"datePublished\":\"2023-11-10T10:53:27+00:00\",\"dateModified\":\"2026-02-27T15:18:19+00:00\",\"breadcrumb\":{\"@id\":\"https:\\\/\\\/alfadescompte.ad\\\/produit\\\/panda-dome-premium-3-postes-abonnement-2-ans\\\/#breadcrumb\"},\"inLanguage\":\"es\",\"potentialAction\":[{\"@type\":\"ReadAction\",\"target\":[\"https:\\\/\\\/alfadescompte.ad\\\/produit\\\/panda-dome-premium-3-postes-abonnement-2-ans\\\/\"]}]},{\"@type\":\"ImageObject\",\"inLanguage\":\"es\",\"@id\":\"https:\\\/\\\/alfadescompte.ad\\\/produit\\\/panda-dome-premium-3-postes-abonnement-2-ans\\\/#primaryimage\",\"url\":\"https:\\\/\\\/alfadescompte.ad\\\/wp-content\\\/uploads\\\/2023\\\/11\\\/ChatGPT-Image-27-fevr.-2026-16_03_48.png\",\"contentUrl\":\"https:\\\/\\\/alfadescompte.ad\\\/wp-content\\\/uploads\\\/2023\\\/11\\\/ChatGPT-Image-27-fevr.-2026-16_03_48.png\",\"width\":1024,\"height\":1024},{\"@type\":\"BreadcrumbList\",\"@id\":\"https:\\\/\\\/alfadescompte.ad\\\/produit\\\/panda-dome-premium-3-postes-abonnement-2-ans\\\/#breadcrumb\",\"itemListElement\":[{\"@type\":\"ListItem\",\"position\":1,\"name\":\"Accueil\",\"item\":\"https:\\\/\\\/alfadescompte.ad\\\/fr\\\/\"},{\"@type\":\"ListItem\",\"position\":2,\"name\":\"Boutique\",\"item\":\"https:\\\/\\\/alfadescompte.ad\\\/en\\\/boutique\\\/\"},{\"@type\":\"ListItem\",\"position\":3,\"name\":\"Panda Dome Premium 2026 &#8211; 3 postes &#8211; Abonnement 2 ans\"}]},{\"@type\":\"WebSite\",\"@id\":\"https:\\\/\\\/alfadescompte.ad\\\/#website\",\"url\":\"https:\\\/\\\/alfadescompte.ad\\\/\",\"name\":\"Alfa Descompte\",\"description\":\"\",\"publisher\":{\"@id\":\"https:\\\/\\\/alfadescompte.ad\\\/#organization\"},\"potentialAction\":[{\"@type\":\"SearchAction\",\"target\":{\"@type\":\"EntryPoint\",\"urlTemplate\":\"https:\\\/\\\/alfadescompte.ad\\\/?s={search_term_string}\"},\"query-input\":{\"@type\":\"PropertyValueSpecification\",\"valueRequired\":true,\"valueName\":\"search_term_string\"}}],\"inLanguage\":\"es\"},{\"@type\":\"Organization\",\"@id\":\"https:\\\/\\\/alfadescompte.ad\\\/#organization\",\"name\":\"Alfa Descompte\",\"url\":\"https:\\\/\\\/alfadescompte.ad\\\/\",\"logo\":{\"@type\":\"ImageObject\",\"inLanguage\":\"es\",\"@id\":\"https:\\\/\\\/alfadescompte.ad\\\/#\\\/schema\\\/logo\\\/image\\\/\",\"url\":\"https:\\\/\\\/alfadescompte.ad\\\/wp-content\\\/uploads\\\/2022\\\/04\\\/cropped-logo-alfa-1-1.png\",\"contentUrl\":\"https:\\\/\\\/alfadescompte.ad\\\/wp-content\\\/uploads\\\/2022\\\/04\\\/cropped-logo-alfa-1-1.png\",\"width\":424,\"height\":128,\"caption\":\"Alfa Descompte\"},\"image\":{\"@id\":\"https:\\\/\\\/alfadescompte.ad\\\/#\\\/schema\\\/logo\\\/image\\\/\"}}]}<\/script>\n<!-- \/ Yoast SEO plugin. -->","yoast_head_json":{"title":"Panda Dome Premium 2026 - 3 estaciones - 2 a\u00f1os de suscripci\u00f3n - Alfa Descompte","robots":{"index":"index","follow":"follow","max-snippet":"max-snippet:-1","max-image-preview":"max-image-preview:large","max-video-preview":"max-video-preview:-1"},"canonical":"https:\/\/alfadescompte.ad\/es\/producto-2\/panda-dome-premium-3-postes-abonnement-2-ans\/","og_locale":"es_ES","og_type":"article","og_title":"Panda Dome Premium 2026 - 3 postes - Abonnement 2 ans - Alfa Descompte","og_description":"Achetez aujourd\u2019hui votre cl\u00e9 d'activation originale et recevez par mail votre lien de t\u00e9l\u00e9chargement ultra rapide ainsi que sa cl\u00e9 unique d\u2019activation..  - Obtenir votre code d'activation. - Cl\u00e9 100% authentique - Vente autoris\u00e9e en Europe - Langues: Multi-langue","og_url":"https:\/\/alfadescompte.ad\/es\/producto-2\/panda-dome-premium-3-postes-abonnement-2-ans\/","og_site_name":"Alfa Descompte","article_modified_time":"2026-02-27T15:18:19+00:00","og_image":[{"width":1024,"height":1024,"url":"https:\/\/alfadescompte.ad\/wp-content\/uploads\/2023\/11\/ChatGPT-Image-27-fevr.-2026-16_03_48.png","type":"image\/png"}],"twitter_card":"summary_large_image","twitter_misc":{"Tiempo de lectura":"2 minutos"},"schema":{"@context":"https:\/\/schema.org","@graph":[{"@type":"WebPage","@id":"https:\/\/alfadescompte.ad\/produit\/panda-dome-premium-3-postes-abonnement-2-ans\/","url":"https:\/\/alfadescompte.ad\/produit\/panda-dome-premium-3-postes-abonnement-2-ans\/","name":"Panda Dome Premium 2026 - 3 estaciones - 2 a\u00f1os de suscripci\u00f3n - Alfa Descompte","isPartOf":{"@id":"https:\/\/alfadescompte.ad\/#website"},"primaryImageOfPage":{"@id":"https:\/\/alfadescompte.ad\/produit\/panda-dome-premium-3-postes-abonnement-2-ans\/#primaryimage"},"image":{"@id":"https:\/\/alfadescompte.ad\/produit\/panda-dome-premium-3-postes-abonnement-2-ans\/#primaryimage"},"thumbnailUrl":"https:\/\/alfadescompte.ad\/wp-content\/uploads\/2023\/11\/ChatGPT-Image-27-fevr.-2026-16_03_48.png","datePublished":"2023-11-10T10:53:27+00:00","dateModified":"2026-02-27T15:18:19+00:00","breadcrumb":{"@id":"https:\/\/alfadescompte.ad\/produit\/panda-dome-premium-3-postes-abonnement-2-ans\/#breadcrumb"},"inLanguage":"es","potentialAction":[{"@type":"ReadAction","target":["https:\/\/alfadescompte.ad\/produit\/panda-dome-premium-3-postes-abonnement-2-ans\/"]}]},{"@type":"ImageObject","inLanguage":"es","@id":"https:\/\/alfadescompte.ad\/produit\/panda-dome-premium-3-postes-abonnement-2-ans\/#primaryimage","url":"https:\/\/alfadescompte.ad\/wp-content\/uploads\/2023\/11\/ChatGPT-Image-27-fevr.-2026-16_03_48.png","contentUrl":"https:\/\/alfadescompte.ad\/wp-content\/uploads\/2023\/11\/ChatGPT-Image-27-fevr.-2026-16_03_48.png","width":1024,"height":1024},{"@type":"BreadcrumbList","@id":"https:\/\/alfadescompte.ad\/produit\/panda-dome-premium-3-postes-abonnement-2-ans\/#breadcrumb","itemListElement":[{"@type":"ListItem","position":1,"name":"Accueil","item":"https:\/\/alfadescompte.ad\/fr\/"},{"@type":"ListItem","position":2,"name":"Boutique","item":"https:\/\/alfadescompte.ad\/en\/boutique\/"},{"@type":"ListItem","position":3,"name":"Panda Dome Premium 2026 &#8211; 3 postes &#8211; Abonnement 2 ans"}]},{"@type":"WebSite","@id":"https:\/\/alfadescompte.ad\/#website","url":"https:\/\/alfadescompte.ad\/","name":"Alfa Descompte","description":"","publisher":{"@id":"https:\/\/alfadescompte.ad\/#organization"},"potentialAction":[{"@type":"SearchAction","target":{"@type":"EntryPoint","urlTemplate":"https:\/\/alfadescompte.ad\/?s={search_term_string}"},"query-input":{"@type":"PropertyValueSpecification","valueRequired":true,"valueName":"search_term_string"}}],"inLanguage":"es"},{"@type":"Organization","@id":"https:\/\/alfadescompte.ad\/#organization","name":"Alfa Descompte","url":"https:\/\/alfadescompte.ad\/","logo":{"@type":"ImageObject","inLanguage":"es","@id":"https:\/\/alfadescompte.ad\/#\/schema\/logo\/image\/","url":"https:\/\/alfadescompte.ad\/wp-content\/uploads\/2022\/04\/cropped-logo-alfa-1-1.png","contentUrl":"https:\/\/alfadescompte.ad\/wp-content\/uploads\/2022\/04\/cropped-logo-alfa-1-1.png","width":424,"height":128,"caption":"Alfa Descompte"},"image":{"@id":"https:\/\/alfadescompte.ad\/#\/schema\/logo\/image\/"}}]}},"_links":{"self":[{"href":"https:\/\/alfadescompte.ad\/es\/wp-json\/wp\/v2\/product\/53523","targetHints":{"allow":["GET"]}}],"collection":[{"href":"https:\/\/alfadescompte.ad\/es\/wp-json\/wp\/v2\/product"}],"about":[{"href":"https:\/\/alfadescompte.ad\/es\/wp-json\/wp\/v2\/types\/product"}],"replies":[{"embeddable":true,"href":"https:\/\/alfadescompte.ad\/es\/wp-json\/wp\/v2\/comments?post=53523"}],"wp:featuredmedia":[{"embeddable":true,"href":"https:\/\/alfadescompte.ad\/es\/wp-json\/wp\/v2\/media\/55741"}],"wp:attachment":[{"href":"https:\/\/alfadescompte.ad\/es\/wp-json\/wp\/v2\/media?parent=53523"}],"wp:term":[{"taxonomy":"product_brand","embeddable":true,"href":"https:\/\/alfadescompte.ad\/es\/wp-json\/wp\/v2\/product_brand?post=53523"},{"taxonomy":"product_cat","embeddable":true,"href":"https:\/\/alfadescompte.ad\/es\/wp-json\/wp\/v2\/product_cat?post=53523"},{"taxonomy":"product_tag","embeddable":true,"href":"https:\/\/alfadescompte.ad\/es\/wp-json\/wp\/v2\/product_tag?post=53523"}],"curies":[{"name":"wp","href":"https:\/\/api.w.org\/{rel}","templated":true}]}}