{"id":53610,"date":"2023-11-13T10:32:25","date_gmt":"2023-11-13T09:32:25","guid":{"rendered":"https:\/\/alfadescompte.ad\/?post_type=product&#038;p=53610"},"modified":"2026-02-27T09:34:59","modified_gmt":"2026-02-27T08:34:59","slug":"microsoft-visio-professionnel-2019-lie-au-compte-ms","status":"publish","type":"product","link":"https:\/\/alfadescompte.ad\/es\/producto-2\/microsoft-visio-professionnel-2019-lie-au-compte-ms\/","title":{"rendered":"Microsoft Visio Professional 2019 (PC)"},"content":{"rendered":"<h3>Visio 2019 Professional<\/h3>\n<h3>\u00bfQu\u00e9 es Microsoft Visio Professional 2019?<\/h3>\n<p>Microsoft Visio Professional 2019 es una potente aplicaci\u00f3n de diagramaci\u00f3n empresarial que le facilita definir procesos de negocio, documentar las mejores pr\u00e1cticas, visualizar el estado futuro de las iniciativas de transformaci\u00f3n y mantenerse al tanto de las perspectivas operativas de su empresa. Su interfaz estilo Office hace que el software sea intuitivo de usar, incluyendo funciones ya conocidas de Office 2019, para que pueda trabajar de forma ideal sin cansar la vista. En comparaci\u00f3n con la versi\u00f3n est\u00e1ndar, Visio Professional 2019 ofrece a las empresas funciones m\u00e1s avanzadas. Te las dejamos descubrir a continuaci\u00f3n.<\/p>\n<h3>M\u00e1s funciones de gesti\u00f3n<\/h3>\n<p>Con sus funcionalidades avanzadas, Microsoft Visio 2019 Professional optimiza sus procesos. Le ayuda a definir y mejorar su negocio de forma sencilla y eficaz. Con m\u00e1s de 20 plantillas de procesos, Visio Professional 2019 ofrece una soluci\u00f3n completa para una amplia gama de tipos de procesos, incluidos BPMN 2.0, SharePoint, asignaci\u00f3n de flujos de trabajo y EPC.<\/p>\n<p>Con los datos vinculados incorporados, puede procesar r\u00e1pidamente grandes cantidades de datos en diagramas. Microsoft Visio Professional 2019 tambi\u00e9n permite vincular formas con diferentes fuentes de datos, como Microsoft Excel, Active Directory, Microsoft SQL Azure, Microsoft SQL Server, etc.<\/p>\n<h3>Funciones avanzadas de Microsoft Visio Professional 2019<\/h3>\n<p>Adem\u00e1s de las funciones est\u00e1ndar de Vision 2019, Visio Professional 2019 tambi\u00e9n proporciona las siguientes funciones avanzadas:<\/p>\n<p>Amplia colecci\u00f3n de formas, modelos y estilos para trabajar mejor.<br \/>\nF\u00e1cil creaci\u00f3n de diagramas profesionales con plantillas incorporadas, incluidos diagramas de negocio, diagramas de proceso, diagramas de TI, diagramas t\u00e9cnicos, dise\u00f1os y dibujos.<br \/>\nLos diagramas pueden vincularse directamente a bases de datos en Excel, Active Directory y SharePoint.<br \/>\nAl activar la gesti\u00f3n de derechos de informaci\u00f3n, puede evitar el uso indebido de informaci\u00f3n confidencial y proteger su empresa.<\/p>\n<p>Con MS Visio Professional 2019, podr\u00e1 crear incluso diagramas gr\u00e1ficos complejos en un abrir y cerrar de ojos. Gracias a una amplia selecci\u00f3n de plantillas y formas, dispondr\u00e1 del diagrama adecuado para empezar a trabajar de inmediato.<br \/>\nLos diagramas de actividades, como calendarios, tablas din\u00e1micas y diagramas de flujo, se crean con la misma rapidez que los diagramas de procesos, diagramas de TI, diagramas de software y bases de datos, diagramas t\u00e9cnicos o mapas y planos de planta, como planos de emplazamiento y de \u00e1rea, esquemas y dibujos. Por ejemplo, un asistente inteligente crea autom\u00e1ticamente diagramas de flujo a partir de datos existentes en MS Visio Professional 2019, lo que acelera su trabajo.<\/p>\n<h3>El trabajo en equipo es el punto fuerte de MS Visio 2019 Professional<\/h3>\n<p>Con MS Vision 2019 Professional, puedes colaborar en equipo en diagramas y no tienes que preocuparte por la coincidencia de versiones. Con Visio Professional 2019 y un navegador, puedes realizar cambios directamente o publicar comentarios. El chat de audio o v\u00eddeo tambi\u00e9n est\u00e1 disponible directamente desde el programa, si se cumplen las condiciones necesarias (se requiere Skype for Business o Microsoft Lync).<\/p>\n<h3>Elija entre las versiones de 32 y 64 bits<\/h3>\n<p>La mayor\u00eda de los usuarios utilizar\u00e1n sistemas operativos de 64 bits. Pero eso no significa que las versiones de 32 bits se hayan abandonado por completo. Por ello, la mayor\u00eda de los productos de Microsoft est\u00e1n disponibles actualmente en versiones de 32 y 64 bits, incluido Visio 2019 Professional. Antes de instalar la utilidad, compruebe la arquitectura de su procesador para evitar problemas de incompatibilidad.<br \/>\nConviene recordar que la versi\u00f3n de 64 bits permite explotar al m\u00e1ximo la memoria RAM y utilizar archivos de mayor tama\u00f1o, mientras que la de 32 bits no puede superar los 2 GB, lo que no ofrece muchas ventajas para los profesionales. Adem\u00e1s, es posible implementar una utilidad de 32 bits en un sistema operativo de 64 bits, pero no ocurre lo mismo a la inversa. As\u00ed que si tienes un procesador de 32 bits, solo podr\u00e1s instalar la versi\u00f3n de 32 bits de Vision 2019 Professional.<\/p>\n<p>Requisitos del sistema<\/p>\n<ul>\n<li>Procesador: 1 Gigahercio (GHz) o superior.<\/li>\n<li>Memoria RAM: 1 Gigabyte (GB) (32 bits) o 2 GB (64 bits)<\/li>\n<li>Espacio disponible en disco: 16 GB<\/li>\n<li>Tarjeta gr\u00e1fica: dispositivo gr\u00e1fico Microsoft DirectX 9 con controlador WDDM.<\/li>\n<\/ul>\n<p>&nbsp;<\/p>","protected":false},"excerpt":{"rendered":"<p>Compre hoy mismo su clave de activaci\u00f3n original y reciba por correo electr\u00f3nico su enlace de descarga ultrarr\u00e1pida de Microsoft y su clave de activaci\u00f3n exclusiva.<\/p>\n<p>- Obtenga su c\u00f3digo de activaci\u00f3n en 15 minutos.<br \/>\n- Llave original 100%<br \/>\n- Autorizado para la venta en Europa<br \/>\n- Idiomas: multiling\u00fce<\/p>","protected":false},"featured_media":55729,"comment_status":"open","ping_status":"closed","template":"","meta":[],"product_brand":[],"product_cat":[1934,1935],"product_tag":[],"class_list":{"0":"post-53610","1":"product","2":"type-product","3":"status-publish","4":"has-post-thumbnail","6":"product_cat-microsoft-project-visio","7":"product_cat-microsoft-visio","9":"first","10":"instock","11":"sale","12":"taxable","13":"shipping-taxable","14":"purchasable","15":"product-type-simple","16":"czr-hentry"},"yoast_head":"<!-- This site is optimized with the Yoast SEO plugin v27.3 - https:\/\/yoast.com\/product\/yoast-seo-wordpress\/ -->\n<title>Microsoft Visio Professionnel 2019 (PC) - Alfa Descompte<\/title>\n<meta name=\"robots\" content=\"index, follow, max-snippet:-1, max-image-preview:large, max-video-preview:-1\" \/>\n<link rel=\"canonical\" href=\"https:\/\/alfadescompte.ad\/es\/producto-2\/microsoft-visio-professionnel-2019-lie-au-compte-ms\/\" \/>\n<meta property=\"og:locale\" content=\"es_ES\" \/>\n<meta property=\"og:type\" content=\"article\" \/>\n<meta property=\"og:title\" content=\"Microsoft Visio Professionnel 2019 (PC) - Alfa Descompte\" \/>\n<meta property=\"og:description\" content=\"Achetez aujourd\u2019hui votre cl\u00e9 d&#039;activation originale et recevez par mail votre lien de t\u00e9l\u00e9chargement ultra rapide de Microsoft ainsi que sa cl\u00e9 unique d\u2019activation..  - Obtenir votre code d&#039;activation en 15 minutes. - Cl\u00e9 100% authentique - Vente autoris\u00e9e en Europe - Langues: Multi-langue\" \/>\n<meta property=\"og:url\" content=\"https:\/\/alfadescompte.ad\/es\/producto-2\/microsoft-visio-professionnel-2019-lie-au-compte-ms\/\" \/>\n<meta property=\"og:site_name\" content=\"Alfa Descompte\" \/>\n<meta property=\"article:modified_time\" content=\"2026-02-27T08:34:59+00:00\" \/>\n<meta property=\"og:image\" content=\"https:\/\/alfadescompte.ad\/wp-content\/uploads\/2023\/11\/ChatGPT-Image-27-fevr.-2026-09_34_43.png\" \/>\n\t<meta property=\"og:image:width\" content=\"1024\" \/>\n\t<meta property=\"og:image:height\" content=\"1024\" \/>\n\t<meta property=\"og:image:type\" content=\"image\/png\" \/>\n<meta name=\"twitter:card\" content=\"summary_large_image\" \/>\n<meta name=\"twitter:label1\" content=\"Tiempo de lectura\" \/>\n\t<meta name=\"twitter:data1\" content=\"4 minutos\" \/>\n<script type=\"application\/ld+json\" class=\"yoast-schema-graph\">{\"@context\":\"https:\\\/\\\/schema.org\",\"@graph\":[{\"@type\":\"WebPage\",\"@id\":\"https:\\\/\\\/alfadescompte.ad\\\/produit\\\/microsoft-visio-professionnel-2019-lie-au-compte-ms\\\/\",\"url\":\"https:\\\/\\\/alfadescompte.ad\\\/produit\\\/microsoft-visio-professionnel-2019-lie-au-compte-ms\\\/\",\"name\":\"Microsoft Visio Professionnel 2019 (PC) - Alfa Descompte\",\"isPartOf\":{\"@id\":\"https:\\\/\\\/alfadescompte.ad\\\/#website\"},\"primaryImageOfPage\":{\"@id\":\"https:\\\/\\\/alfadescompte.ad\\\/produit\\\/microsoft-visio-professionnel-2019-lie-au-compte-ms\\\/#primaryimage\"},\"image\":{\"@id\":\"https:\\\/\\\/alfadescompte.ad\\\/produit\\\/microsoft-visio-professionnel-2019-lie-au-compte-ms\\\/#primaryimage\"},\"thumbnailUrl\":\"https:\\\/\\\/alfadescompte.ad\\\/wp-content\\\/uploads\\\/2023\\\/11\\\/ChatGPT-Image-27-fevr.-2026-09_34_43.png\",\"datePublished\":\"2023-11-13T09:32:25+00:00\",\"dateModified\":\"2026-02-27T08:34:59+00:00\",\"breadcrumb\":{\"@id\":\"https:\\\/\\\/alfadescompte.ad\\\/produit\\\/microsoft-visio-professionnel-2019-lie-au-compte-ms\\\/#breadcrumb\"},\"inLanguage\":\"es\",\"potentialAction\":[{\"@type\":\"ReadAction\",\"target\":[\"https:\\\/\\\/alfadescompte.ad\\\/produit\\\/microsoft-visio-professionnel-2019-lie-au-compte-ms\\\/\"]}]},{\"@type\":\"ImageObject\",\"inLanguage\":\"es\",\"@id\":\"https:\\\/\\\/alfadescompte.ad\\\/produit\\\/microsoft-visio-professionnel-2019-lie-au-compte-ms\\\/#primaryimage\",\"url\":\"https:\\\/\\\/alfadescompte.ad\\\/wp-content\\\/uploads\\\/2023\\\/11\\\/ChatGPT-Image-27-fevr.-2026-09_34_43.png\",\"contentUrl\":\"https:\\\/\\\/alfadescompte.ad\\\/wp-content\\\/uploads\\\/2023\\\/11\\\/ChatGPT-Image-27-fevr.-2026-09_34_43.png\",\"width\":1024,\"height\":1024},{\"@type\":\"BreadcrumbList\",\"@id\":\"https:\\\/\\\/alfadescompte.ad\\\/produit\\\/microsoft-visio-professionnel-2019-lie-au-compte-ms\\\/#breadcrumb\",\"itemListElement\":[{\"@type\":\"ListItem\",\"position\":1,\"name\":\"Accueil\",\"item\":\"https:\\\/\\\/alfadescompte.ad\\\/fr\\\/\"},{\"@type\":\"ListItem\",\"position\":2,\"name\":\"Boutique\",\"item\":\"https:\\\/\\\/alfadescompte.ad\\\/en\\\/boutique\\\/\"},{\"@type\":\"ListItem\",\"position\":3,\"name\":\"Microsoft Visio Professionnel 2019 (PC)\"}]},{\"@type\":\"WebSite\",\"@id\":\"https:\\\/\\\/alfadescompte.ad\\\/#website\",\"url\":\"https:\\\/\\\/alfadescompte.ad\\\/\",\"name\":\"Alfa Descompte\",\"description\":\"\",\"publisher\":{\"@id\":\"https:\\\/\\\/alfadescompte.ad\\\/#organization\"},\"potentialAction\":[{\"@type\":\"SearchAction\",\"target\":{\"@type\":\"EntryPoint\",\"urlTemplate\":\"https:\\\/\\\/alfadescompte.ad\\\/?s={search_term_string}\"},\"query-input\":{\"@type\":\"PropertyValueSpecification\",\"valueRequired\":true,\"valueName\":\"search_term_string\"}}],\"inLanguage\":\"es\"},{\"@type\":\"Organization\",\"@id\":\"https:\\\/\\\/alfadescompte.ad\\\/#organization\",\"name\":\"Alfa Descompte\",\"url\":\"https:\\\/\\\/alfadescompte.ad\\\/\",\"logo\":{\"@type\":\"ImageObject\",\"inLanguage\":\"es\",\"@id\":\"https:\\\/\\\/alfadescompte.ad\\\/#\\\/schema\\\/logo\\\/image\\\/\",\"url\":\"https:\\\/\\\/alfadescompte.ad\\\/wp-content\\\/uploads\\\/2022\\\/04\\\/cropped-logo-alfa-1-1.png\",\"contentUrl\":\"https:\\\/\\\/alfadescompte.ad\\\/wp-content\\\/uploads\\\/2022\\\/04\\\/cropped-logo-alfa-1-1.png\",\"width\":424,\"height\":128,\"caption\":\"Alfa Descompte\"},\"image\":{\"@id\":\"https:\\\/\\\/alfadescompte.ad\\\/#\\\/schema\\\/logo\\\/image\\\/\"}}]}<\/script>\n<!-- \/ Yoast SEO plugin. -->","yoast_head_json":{"title":"Microsoft Visio Professional 2019 (PC) - Alfa Descompte","robots":{"index":"index","follow":"follow","max-snippet":"max-snippet:-1","max-image-preview":"max-image-preview:large","max-video-preview":"max-video-preview:-1"},"canonical":"https:\/\/alfadescompte.ad\/es\/producto-2\/microsoft-visio-professionnel-2019-lie-au-compte-ms\/","og_locale":"es_ES","og_type":"article","og_title":"Microsoft Visio Professionnel 2019 (PC) - Alfa Descompte","og_description":"Achetez aujourd\u2019hui votre cl\u00e9 d'activation originale et recevez par mail votre lien de t\u00e9l\u00e9chargement ultra rapide de Microsoft ainsi que sa cl\u00e9 unique d\u2019activation..  - Obtenir votre code d'activation en 15 minutes. - Cl\u00e9 100% authentique - Vente autoris\u00e9e en Europe - Langues: Multi-langue","og_url":"https:\/\/alfadescompte.ad\/es\/producto-2\/microsoft-visio-professionnel-2019-lie-au-compte-ms\/","og_site_name":"Alfa Descompte","article_modified_time":"2026-02-27T08:34:59+00:00","og_image":[{"width":1024,"height":1024,"url":"https:\/\/alfadescompte.ad\/wp-content\/uploads\/2023\/11\/ChatGPT-Image-27-fevr.-2026-09_34_43.png","type":"image\/png"}],"twitter_card":"summary_large_image","twitter_misc":{"Tiempo de lectura":"4 minutos"},"schema":{"@context":"https:\/\/schema.org","@graph":[{"@type":"WebPage","@id":"https:\/\/alfadescompte.ad\/produit\/microsoft-visio-professionnel-2019-lie-au-compte-ms\/","url":"https:\/\/alfadescompte.ad\/produit\/microsoft-visio-professionnel-2019-lie-au-compte-ms\/","name":"Microsoft Visio Professional 2019 (PC) - Alfa Descompte","isPartOf":{"@id":"https:\/\/alfadescompte.ad\/#website"},"primaryImageOfPage":{"@id":"https:\/\/alfadescompte.ad\/produit\/microsoft-visio-professionnel-2019-lie-au-compte-ms\/#primaryimage"},"image":{"@id":"https:\/\/alfadescompte.ad\/produit\/microsoft-visio-professionnel-2019-lie-au-compte-ms\/#primaryimage"},"thumbnailUrl":"https:\/\/alfadescompte.ad\/wp-content\/uploads\/2023\/11\/ChatGPT-Image-27-fevr.-2026-09_34_43.png","datePublished":"2023-11-13T09:32:25+00:00","dateModified":"2026-02-27T08:34:59+00:00","breadcrumb":{"@id":"https:\/\/alfadescompte.ad\/produit\/microsoft-visio-professionnel-2019-lie-au-compte-ms\/#breadcrumb"},"inLanguage":"es","potentialAction":[{"@type":"ReadAction","target":["https:\/\/alfadescompte.ad\/produit\/microsoft-visio-professionnel-2019-lie-au-compte-ms\/"]}]},{"@type":"ImageObject","inLanguage":"es","@id":"https:\/\/alfadescompte.ad\/produit\/microsoft-visio-professionnel-2019-lie-au-compte-ms\/#primaryimage","url":"https:\/\/alfadescompte.ad\/wp-content\/uploads\/2023\/11\/ChatGPT-Image-27-fevr.-2026-09_34_43.png","contentUrl":"https:\/\/alfadescompte.ad\/wp-content\/uploads\/2023\/11\/ChatGPT-Image-27-fevr.-2026-09_34_43.png","width":1024,"height":1024},{"@type":"BreadcrumbList","@id":"https:\/\/alfadescompte.ad\/produit\/microsoft-visio-professionnel-2019-lie-au-compte-ms\/#breadcrumb","itemListElement":[{"@type":"ListItem","position":1,"name":"Accueil","item":"https:\/\/alfadescompte.ad\/fr\/"},{"@type":"ListItem","position":2,"name":"Boutique","item":"https:\/\/alfadescompte.ad\/en\/boutique\/"},{"@type":"ListItem","position":3,"name":"Microsoft Visio Professionnel 2019 (PC)"}]},{"@type":"WebSite","@id":"https:\/\/alfadescompte.ad\/#website","url":"https:\/\/alfadescompte.ad\/","name":"Alfa Descompte","description":"","publisher":{"@id":"https:\/\/alfadescompte.ad\/#organization"},"potentialAction":[{"@type":"SearchAction","target":{"@type":"EntryPoint","urlTemplate":"https:\/\/alfadescompte.ad\/?s={search_term_string}"},"query-input":{"@type":"PropertyValueSpecification","valueRequired":true,"valueName":"search_term_string"}}],"inLanguage":"es"},{"@type":"Organization","@id":"https:\/\/alfadescompte.ad\/#organization","name":"Alfa Descompte","url":"https:\/\/alfadescompte.ad\/","logo":{"@type":"ImageObject","inLanguage":"es","@id":"https:\/\/alfadescompte.ad\/#\/schema\/logo\/image\/","url":"https:\/\/alfadescompte.ad\/wp-content\/uploads\/2022\/04\/cropped-logo-alfa-1-1.png","contentUrl":"https:\/\/alfadescompte.ad\/wp-content\/uploads\/2022\/04\/cropped-logo-alfa-1-1.png","width":424,"height":128,"caption":"Alfa Descompte"},"image":{"@id":"https:\/\/alfadescompte.ad\/#\/schema\/logo\/image\/"}}]}},"_links":{"self":[{"href":"https:\/\/alfadescompte.ad\/es\/wp-json\/wp\/v2\/product\/53610","targetHints":{"allow":["GET"]}}],"collection":[{"href":"https:\/\/alfadescompte.ad\/es\/wp-json\/wp\/v2\/product"}],"about":[{"href":"https:\/\/alfadescompte.ad\/es\/wp-json\/wp\/v2\/types\/product"}],"replies":[{"embeddable":true,"href":"https:\/\/alfadescompte.ad\/es\/wp-json\/wp\/v2\/comments?post=53610"}],"wp:featuredmedia":[{"embeddable":true,"href":"https:\/\/alfadescompte.ad\/es\/wp-json\/wp\/v2\/media\/55729"}],"wp:attachment":[{"href":"https:\/\/alfadescompte.ad\/es\/wp-json\/wp\/v2\/media?parent=53610"}],"wp:term":[{"taxonomy":"product_brand","embeddable":true,"href":"https:\/\/alfadescompte.ad\/es\/wp-json\/wp\/v2\/product_brand?post=53610"},{"taxonomy":"product_cat","embeddable":true,"href":"https:\/\/alfadescompte.ad\/es\/wp-json\/wp\/v2\/product_cat?post=53610"},{"taxonomy":"product_tag","embeddable":true,"href":"https:\/\/alfadescompte.ad\/es\/wp-json\/wp\/v2\/product_tag?post=53610"}],"curies":[{"name":"wp","href":"https:\/\/api.w.org\/{rel}","templated":true}]}}