{"id":53664,"date":"2024-01-26T07:23:17","date_gmt":"2024-01-26T06:23:17","guid":{"rendered":"https:\/\/alfadescompte.ad\/?post_type=product&#038;p=53664"},"modified":"2026-02-28T07:39:45","modified_gmt":"2026-02-28T06:39:45","slug":"mcafee-internet-security-3","status":"publish","type":"product","link":"https:\/\/alfadescompte.ad\/es\/producto-2\/mcafee-internet-security-3\/","title":{"rendered":"McAfee Internet Security 2026 - 10 dispositivos - 1 a\u00f1o de suscripci\u00f3n"},"content":{"rendered":"<div class=\"fancybox-wrap fancybox-desktop fancybox-type-ajax fancybox-opened\">\n<div class=\"fancybox-skin\">\n<div class=\"fancybox-outer\">\n<div class=\"fancybox-inner\">\n<div id=\"popup-fiche\">\n<div class=\"wrapper-fiche\">\n<div class=\"content-fiche\">\n<div class=\"description\">\n<h3><strong>Mcafee Internet Security<\/strong><\/h3>\n<p>McAfee Internet Security incluye las funciones esenciales para mantener su PC a salvo: la galardonada protecci\u00f3n antivirus, la protecci\u00f3n Wi-Fi y las herramientas de seguridad web.<\/p>\n<p><strong>Antivirus premiado<\/strong><\/p>\n<p>Con m\u00e1s de 1.300 millones de c\u00f3digos maliciosos en la lista y millones m\u00e1s a\u00f1adidos cada mes (fuente: AV-test.org), es esencial contar con la mejor protecci\u00f3n disponible para mantenerse al d\u00eda con la naturaleza cambiante y la complejidad de las amenazas. McAfee Total Protection utiliza diversas estrategias, como la detecci\u00f3n de comportamientos y el aprendizaje autom\u00e1tico, para detectar, aislar y eliminar todo el malware conocido (virus, troyanos, spyware, ransomware, etc.) e incluso las amenazas digitales de d\u00eda cero (amenazas previamente desconocidas) para garantizar su seguridad en l\u00ednea.<\/p>\n<p><strong>Cortafuegos de intrusi\u00f3n<\/strong><\/p>\n<p>McAfee Total Protection incluye un firewall avanzado para proteger sus redes dom\u00e9sticas, incluidas las inal\u00e1mbricas. Permite filtrar y revisar la informaci\u00f3n que le llega a trav\u00e9s de su conexi\u00f3n a Internet. Esta primera l\u00ednea de defensa evita que el malware o los atacantes accedan a su red y a su informaci\u00f3n antes de que puedan causar cualquier da\u00f1o potencial.<\/p>\n<p><strong>Protecci\u00f3n web \/ antiphishing<\/strong><\/p>\n<p>Es probable que ya haya recibido un mensaje de texto de felicitaci\u00f3n sobre un concurso en el que nunca particip\u00f3, o un correo electr\u00f3nico de su banco, proveedor de Internet o de energ\u00eda sobre una factura supuestamente impagada. Este tipo de mensajes son ejemplos de phishing, una t\u00e1ctica de estafa utilizada por los ciberdelincuentes para enga\u00f1arle y hacerle realizar una transacci\u00f3n que parece leg\u00edtima pero que en realidad est\u00e1 dise\u00f1ada para obtener sus credenciales o la informaci\u00f3n de su tarjeta de cr\u00e9dito en un sitio falso. La protecci\u00f3n integrada en McAfee Total Protection le mantendr\u00e1 alejado de los sitios web maliciosos con claras advertencias que identifican los sitios web, los enlaces y las descargas de archivos de riesgo.<\/p>\n<p><strong>Destrucci\u00f3n de archivos<\/strong><\/p>\n<p>La trituradora de archivos incorporada de McAfee Total Protection completa la protecci\u00f3n de la identidad y la privacidad de los datos eliminando permanentemente los archivos importantes de su ordenador: una soluci\u00f3n ideal para los documentos fiscales, la informaci\u00f3n financiera y otros archivos personales sensibles. De esta manera, sus archivos no pueden ser recuperados por un software especializado, a diferencia de un borrado tradicional o incluso un formateo de disco.<\/p>\n<p><strong>Gestor de contrase\u00f1as<\/strong><\/p>\n<p>Un n\u00famero cada vez mayor de sitios web y servicios en l\u00ednea requieren credenciales de inicio de sesi\u00f3n y contrase\u00f1as, lo que a menudo lleva a utilizar contrase\u00f1as demasiado sencillas de recordar y, lo que es peor, a utilizar la misma contrase\u00f1a en todas partes, lo que facilita a los piratas inform\u00e1ticos el acceso a toda su informaci\u00f3n en cuesti\u00f3n de minutos. El gestor de contrase\u00f1as integrado de McAfee Total Protection le permite almacenar y gestionar de forma segura todas sus contrase\u00f1as en l\u00ednea en una \u00fanica ubicaci\u00f3n. Esto le permite tener contrase\u00f1as complejas y \u00fanicas para cada sitio y servicio en l\u00ednea, mientras que s\u00f3lo tiene que recordar una: el gestor de contrase\u00f1as, que rellena autom\u00e1ticamente los datos de acceso necesarios.<\/p>\n<p><strong>Asesoramiento personalizado<\/strong><\/p>\n<p>Conocer su nivel de seguridad es un primer paso esencial para una vida online m\u00e1s segura.<\/p>\n<p>La puntuaci\u00f3n de protecci\u00f3n incorporada en McAfee Total Protection comprueba su seguridad en l\u00ednea y proporciona instrucciones sencillas para configurar r\u00e1pidamente su protecci\u00f3n y cerrar las brechas de su seguridad en l\u00ednea en todos sus dispositivos.<\/p>\n<p><strong>Facilidad de uso<\/strong><\/p>\n<p>No es necesario ser un experto en inform\u00e1tica, y mucho menos en ciberseguridad. McAfee Total Protection le permite conectar todos sus ordenadores y smartphones y gestionarlos f\u00e1cilmente desde un \u00fanico panel. El asesoramiento personalizado tambi\u00e9n le ayudar\u00e1 a configurar la soluci\u00f3n de la mejor manera posible, adaptada a sus necesidades y usos.<\/p>\n<p><strong>Asistencia t\u00e9cnica<\/strong><\/p>\n<p>Al comprar McAfee Total Protection, obtendr\u00e1 un equipo de seguridad especializado que le ayudar\u00e1 cuando lo necesite. Los expertos en seguridad de McAfee est\u00e1n a su lado las 24 horas del d\u00eda para garantizar su tranquilidad en cualquier situaci\u00f3n que se le presente.<\/p>\n<p>Requisitos del sistema<\/p>\n<ul>\n<li>Procesador: 1 Gigahercio (GHz) o superior.<\/li>\n<li>Memoria RAM: 1 Gigabyte (GB) (32 bits) o 2 GB (64 bits)<\/li>\n<li>Tarjeta gr\u00e1fica: dispositivo gr\u00e1fico Microsoft DirectX 9 con controlador WDDM.<\/li>\n<\/ul>\n<\/div>\n<\/div>\n<\/div>\n<\/div>\n<\/div>\n<\/div>\n<div class=\"fancybox-item fancybox-close\" title=\"Cerrar\"><\/div>\n<\/div>\n<\/div>","protected":false},"excerpt":{"rendered":"<p>Compre hoy mismo su clave de activaci\u00f3n original y reciba por correo electr\u00f3nico su enlace de descarga ultrarr\u00e1pida y su clave de activaci\u00f3n exclusiva.<\/p>\n<p>- Obtenga su c\u00f3digo de activaci\u00f3n.<br \/>\n- Llave original 100%<br \/>\n- Autorizado para la venta en Europa<br \/>\n- Idiomas: multiling\u00fce<\/p>","protected":false},"featured_media":55742,"comment_status":"open","ping_status":"closed","template":"","meta":[],"product_brand":[],"product_cat":[192,1434,20],"product_tag":[],"class_list":{"0":"post-53664","1":"product","2":"type-product","3":"status-publish","4":"has-post-thumbnail","6":"product_cat-mcafee","7":"product_cat-internet-security-mcafee","8":"product_cat-securite","10":"first","11":"instock","12":"sale","13":"downloadable","14":"virtual","15":"purchasable","16":"product-type-simple","17":"czr-hentry"},"yoast_head":"<!-- This site is optimized with the Yoast SEO plugin v27.4 - https:\/\/yoast.com\/product\/yoast-seo-wordpress\/ -->\n<title>McAfee Internet Security 2026 - 10 appareil - Abonnement 1 an - Alfa Descompte<\/title>\n<meta name=\"robots\" content=\"index, follow, max-snippet:-1, max-image-preview:large, max-video-preview:-1\" \/>\n<link rel=\"canonical\" href=\"https:\/\/alfadescompte.ad\/es\/producto-2\/mcafee-internet-security-3\/\" \/>\n<meta property=\"og:locale\" content=\"es_ES\" \/>\n<meta property=\"og:type\" content=\"article\" \/>\n<meta property=\"og:title\" content=\"McAfee Internet Security 2026 - 10 appareil - Abonnement 1 an - Alfa Descompte\" \/>\n<meta property=\"og:description\" content=\"Achetez aujourd\u2019hui votre cl\u00e9 d&#039;activation originale et recevez par mail votre lien de t\u00e9l\u00e9chargement ultra rapide ainsi que sa cl\u00e9 unique d\u2019activation..  - Obtenir votre code d&#039;activation. - Cl\u00e9 100% authentique - Vente autoris\u00e9e en Europe - Langues: Multi-langue\" \/>\n<meta property=\"og:url\" content=\"https:\/\/alfadescompte.ad\/es\/producto-2\/mcafee-internet-security-3\/\" \/>\n<meta property=\"og:site_name\" content=\"Alfa Descompte\" \/>\n<meta property=\"article:modified_time\" content=\"2026-02-28T06:39:45+00:00\" \/>\n<meta property=\"og:image\" content=\"https:\/\/alfadescompte.ad\/wp-content\/uploads\/2022\/04\/ChatGPT-Image-28-fevr.-2026-07_15_01.png\" \/>\n\t<meta property=\"og:image:width\" content=\"1024\" \/>\n\t<meta property=\"og:image:height\" content=\"1024\" \/>\n\t<meta property=\"og:image:type\" content=\"image\/png\" \/>\n<meta name=\"twitter:card\" content=\"summary_large_image\" \/>\n<meta name=\"twitter:label1\" content=\"Tiempo de lectura\" \/>\n\t<meta name=\"twitter:data1\" content=\"4 minutos\" \/>\n<script type=\"application\/ld+json\" class=\"yoast-schema-graph\">{\"@context\":\"https:\\\/\\\/schema.org\",\"@graph\":[{\"@type\":\"WebPage\",\"@id\":\"https:\\\/\\\/alfadescompte.ad\\\/produit\\\/mcafee-internet-security-2024-10-appareil-abonnement-1-an\\\/\",\"url\":\"https:\\\/\\\/alfadescompte.ad\\\/produit\\\/mcafee-internet-security-2024-10-appareil-abonnement-1-an\\\/\",\"name\":\"McAfee Internet Security 2026 - 10 appareil - Abonnement 1 an - Alfa Descompte\",\"isPartOf\":{\"@id\":\"https:\\\/\\\/alfadescompte.ad\\\/#website\"},\"primaryImageOfPage\":{\"@id\":\"https:\\\/\\\/alfadescompte.ad\\\/produit\\\/mcafee-internet-security-2024-10-appareil-abonnement-1-an\\\/#primaryimage\"},\"image\":{\"@id\":\"https:\\\/\\\/alfadescompte.ad\\\/produit\\\/mcafee-internet-security-2024-10-appareil-abonnement-1-an\\\/#primaryimage\"},\"thumbnailUrl\":\"https:\\\/\\\/alfadescompte.ad\\\/wp-content\\\/uploads\\\/2022\\\/04\\\/ChatGPT-Image-28-fevr.-2026-07_15_01.png\",\"datePublished\":\"2024-01-26T06:23:17+00:00\",\"dateModified\":\"2026-02-28T06:39:45+00:00\",\"breadcrumb\":{\"@id\":\"https:\\\/\\\/alfadescompte.ad\\\/produit\\\/mcafee-internet-security-2024-10-appareil-abonnement-1-an\\\/#breadcrumb\"},\"inLanguage\":\"es\",\"potentialAction\":[{\"@type\":\"ReadAction\",\"target\":[\"https:\\\/\\\/alfadescompte.ad\\\/produit\\\/mcafee-internet-security-2024-10-appareil-abonnement-1-an\\\/\"]}]},{\"@type\":\"ImageObject\",\"inLanguage\":\"es\",\"@id\":\"https:\\\/\\\/alfadescompte.ad\\\/produit\\\/mcafee-internet-security-2024-10-appareil-abonnement-1-an\\\/#primaryimage\",\"url\":\"https:\\\/\\\/alfadescompte.ad\\\/wp-content\\\/uploads\\\/2022\\\/04\\\/ChatGPT-Image-28-fevr.-2026-07_15_01.png\",\"contentUrl\":\"https:\\\/\\\/alfadescompte.ad\\\/wp-content\\\/uploads\\\/2022\\\/04\\\/ChatGPT-Image-28-fevr.-2026-07_15_01.png\",\"width\":1024,\"height\":1024},{\"@type\":\"BreadcrumbList\",\"@id\":\"https:\\\/\\\/alfadescompte.ad\\\/produit\\\/mcafee-internet-security-2024-10-appareil-abonnement-1-an\\\/#breadcrumb\",\"itemListElement\":[{\"@type\":\"ListItem\",\"position\":1,\"name\":\"Accueil\",\"item\":\"https:\\\/\\\/alfadescompte.ad\\\/fr\\\/\"},{\"@type\":\"ListItem\",\"position\":2,\"name\":\"Boutique\",\"item\":\"https:\\\/\\\/alfadescompte.ad\\\/en\\\/boutique\\\/\"},{\"@type\":\"ListItem\",\"position\":3,\"name\":\"McAfee Internet Security 2026 &#8211; 10 appareil &#8211; Abonnement 1 an\"}]},{\"@type\":\"WebSite\",\"@id\":\"https:\\\/\\\/alfadescompte.ad\\\/#website\",\"url\":\"https:\\\/\\\/alfadescompte.ad\\\/\",\"name\":\"Alfa Descompte\",\"description\":\"\",\"publisher\":{\"@id\":\"https:\\\/\\\/alfadescompte.ad\\\/#organization\"},\"potentialAction\":[{\"@type\":\"SearchAction\",\"target\":{\"@type\":\"EntryPoint\",\"urlTemplate\":\"https:\\\/\\\/alfadescompte.ad\\\/?s={search_term_string}\"},\"query-input\":{\"@type\":\"PropertyValueSpecification\",\"valueRequired\":true,\"valueName\":\"search_term_string\"}}],\"inLanguage\":\"es\"},{\"@type\":\"Organization\",\"@id\":\"https:\\\/\\\/alfadescompte.ad\\\/#organization\",\"name\":\"Alfa Descompte\",\"url\":\"https:\\\/\\\/alfadescompte.ad\\\/\",\"logo\":{\"@type\":\"ImageObject\",\"inLanguage\":\"es\",\"@id\":\"https:\\\/\\\/alfadescompte.ad\\\/#\\\/schema\\\/logo\\\/image\\\/\",\"url\":\"https:\\\/\\\/alfadescompte.ad\\\/wp-content\\\/uploads\\\/2022\\\/04\\\/cropped-logo-alfa-1-1.png\",\"contentUrl\":\"https:\\\/\\\/alfadescompte.ad\\\/wp-content\\\/uploads\\\/2022\\\/04\\\/cropped-logo-alfa-1-1.png\",\"width\":424,\"height\":128,\"caption\":\"Alfa Descompte\"},\"image\":{\"@id\":\"https:\\\/\\\/alfadescompte.ad\\\/#\\\/schema\\\/logo\\\/image\\\/\"}}]}<\/script>\n<!-- \/ Yoast SEO plugin. -->","yoast_head_json":{"title":"McAfee Internet Security 2026 - 10 dispositivo - 1 a\u00f1o de suscripci\u00f3n - Alfa Descompte","robots":{"index":"index","follow":"follow","max-snippet":"max-snippet:-1","max-image-preview":"max-image-preview:large","max-video-preview":"max-video-preview:-1"},"canonical":"https:\/\/alfadescompte.ad\/es\/producto-2\/mcafee-internet-security-3\/","og_locale":"es_ES","og_type":"article","og_title":"McAfee Internet Security 2026 - 10 appareil - Abonnement 1 an - Alfa Descompte","og_description":"Achetez aujourd\u2019hui votre cl\u00e9 d'activation originale et recevez par mail votre lien de t\u00e9l\u00e9chargement ultra rapide ainsi que sa cl\u00e9 unique d\u2019activation..  - Obtenir votre code d'activation. - Cl\u00e9 100% authentique - Vente autoris\u00e9e en Europe - Langues: Multi-langue","og_url":"https:\/\/alfadescompte.ad\/es\/producto-2\/mcafee-internet-security-3\/","og_site_name":"Alfa Descompte","article_modified_time":"2026-02-28T06:39:45+00:00","og_image":[{"width":1024,"height":1024,"url":"https:\/\/alfadescompte.ad\/wp-content\/uploads\/2022\/04\/ChatGPT-Image-28-fevr.-2026-07_15_01.png","type":"image\/png"}],"twitter_card":"summary_large_image","twitter_misc":{"Tiempo de lectura":"4 minutos"},"schema":{"@context":"https:\/\/schema.org","@graph":[{"@type":"WebPage","@id":"https:\/\/alfadescompte.ad\/produit\/mcafee-internet-security-2024-10-appareil-abonnement-1-an\/","url":"https:\/\/alfadescompte.ad\/produit\/mcafee-internet-security-2024-10-appareil-abonnement-1-an\/","name":"McAfee Internet Security 2026 - 10 dispositivo - 1 a\u00f1o de suscripci\u00f3n - Alfa Descompte","isPartOf":{"@id":"https:\/\/alfadescompte.ad\/#website"},"primaryImageOfPage":{"@id":"https:\/\/alfadescompte.ad\/produit\/mcafee-internet-security-2024-10-appareil-abonnement-1-an\/#primaryimage"},"image":{"@id":"https:\/\/alfadescompte.ad\/produit\/mcafee-internet-security-2024-10-appareil-abonnement-1-an\/#primaryimage"},"thumbnailUrl":"https:\/\/alfadescompte.ad\/wp-content\/uploads\/2022\/04\/ChatGPT-Image-28-fevr.-2026-07_15_01.png","datePublished":"2024-01-26T06:23:17+00:00","dateModified":"2026-02-28T06:39:45+00:00","breadcrumb":{"@id":"https:\/\/alfadescompte.ad\/produit\/mcafee-internet-security-2024-10-appareil-abonnement-1-an\/#breadcrumb"},"inLanguage":"es","potentialAction":[{"@type":"ReadAction","target":["https:\/\/alfadescompte.ad\/produit\/mcafee-internet-security-2024-10-appareil-abonnement-1-an\/"]}]},{"@type":"ImageObject","inLanguage":"es","@id":"https:\/\/alfadescompte.ad\/produit\/mcafee-internet-security-2024-10-appareil-abonnement-1-an\/#primaryimage","url":"https:\/\/alfadescompte.ad\/wp-content\/uploads\/2022\/04\/ChatGPT-Image-28-fevr.-2026-07_15_01.png","contentUrl":"https:\/\/alfadescompte.ad\/wp-content\/uploads\/2022\/04\/ChatGPT-Image-28-fevr.-2026-07_15_01.png","width":1024,"height":1024},{"@type":"BreadcrumbList","@id":"https:\/\/alfadescompte.ad\/produit\/mcafee-internet-security-2024-10-appareil-abonnement-1-an\/#breadcrumb","itemListElement":[{"@type":"ListItem","position":1,"name":"Accueil","item":"https:\/\/alfadescompte.ad\/fr\/"},{"@type":"ListItem","position":2,"name":"Boutique","item":"https:\/\/alfadescompte.ad\/en\/boutique\/"},{"@type":"ListItem","position":3,"name":"McAfee Internet Security 2026 &#8211; 10 appareil &#8211; Abonnement 1 an"}]},{"@type":"WebSite","@id":"https:\/\/alfadescompte.ad\/#website","url":"https:\/\/alfadescompte.ad\/","name":"Alfa Descompte","description":"","publisher":{"@id":"https:\/\/alfadescompte.ad\/#organization"},"potentialAction":[{"@type":"SearchAction","target":{"@type":"EntryPoint","urlTemplate":"https:\/\/alfadescompte.ad\/?s={search_term_string}"},"query-input":{"@type":"PropertyValueSpecification","valueRequired":true,"valueName":"search_term_string"}}],"inLanguage":"es"},{"@type":"Organization","@id":"https:\/\/alfadescompte.ad\/#organization","name":"Alfa Descompte","url":"https:\/\/alfadescompte.ad\/","logo":{"@type":"ImageObject","inLanguage":"es","@id":"https:\/\/alfadescompte.ad\/#\/schema\/logo\/image\/","url":"https:\/\/alfadescompte.ad\/wp-content\/uploads\/2022\/04\/cropped-logo-alfa-1-1.png","contentUrl":"https:\/\/alfadescompte.ad\/wp-content\/uploads\/2022\/04\/cropped-logo-alfa-1-1.png","width":424,"height":128,"caption":"Alfa Descompte"},"image":{"@id":"https:\/\/alfadescompte.ad\/#\/schema\/logo\/image\/"}}]}},"_links":{"self":[{"href":"https:\/\/alfadescompte.ad\/es\/wp-json\/wp\/v2\/product\/53664","targetHints":{"allow":["GET"]}}],"collection":[{"href":"https:\/\/alfadescompte.ad\/es\/wp-json\/wp\/v2\/product"}],"about":[{"href":"https:\/\/alfadescompte.ad\/es\/wp-json\/wp\/v2\/types\/product"}],"replies":[{"embeddable":true,"href":"https:\/\/alfadescompte.ad\/es\/wp-json\/wp\/v2\/comments?post=53664"}],"wp:featuredmedia":[{"embeddable":true,"href":"https:\/\/alfadescompte.ad\/es\/wp-json\/wp\/v2\/media\/55742"}],"wp:attachment":[{"href":"https:\/\/alfadescompte.ad\/es\/wp-json\/wp\/v2\/media?parent=53664"}],"wp:term":[{"taxonomy":"product_brand","embeddable":true,"href":"https:\/\/alfadescompte.ad\/es\/wp-json\/wp\/v2\/product_brand?post=53664"},{"taxonomy":"product_cat","embeddable":true,"href":"https:\/\/alfadescompte.ad\/es\/wp-json\/wp\/v2\/product_cat?post=53664"},{"taxonomy":"product_tag","embeddable":true,"href":"https:\/\/alfadescompte.ad\/es\/wp-json\/wp\/v2\/product_tag?post=53664"}],"curies":[{"name":"wp","href":"https:\/\/api.w.org\/{rel}","templated":true}]}}