{"id":54162,"date":"2024-04-03T10:11:43","date_gmt":"2024-04-03T08:11:43","guid":{"rendered":"https:\/\/alfadescompte.ad\/?post_type=product&#038;p=54162"},"modified":"2026-03-03T17:05:21","modified_gmt":"2026-03-03T16:05:21","slug":"microsoft-office-home-and-business-2016-mac-retail-bind","status":"publish","type":"product","link":"https:\/\/alfadescompte.ad\/es\/producto-2\/microsoft-office-home-and-business-2016-mac-retail-bind\/","title":{"rendered":"Microsoft OFFICE 2016 Home y Office (MAC)"},"content":{"rendered":"<h3>Office 2016 Hogar y Oficina en casa<\/h3>\n<p><b>Microsoft Office 2016<\/b>\u00a0es la \u00faltima versi\u00f3n del paquete Microsoft Office.\u00a0<b>Oficina 2016<\/b>\u00a0siempre se compone de diferentes herramientas: Word, Excel, PowerPoint, OneNote y Outlook.<\/p>\n<p>Entre las novedades,\u00a0<b>Microsoft Office 2016<\/b>\u00a0te ofrece la posibilidad de acceder y editar todos tus documentos desde la Nube, ya que la suite ofim\u00e1tica est\u00e1 totalmente conectada a OneDrive, el servicio de almacenamiento en l\u00ednea de Microsoft. Outlook tambi\u00e9n lo aprovecha al m\u00e1ximo, ya que ahora es posible adjuntar archivos directamente desde OneDrive y configurar los permisos de acceso sin salir de Outlook.<\/p>\n<p>El trabajo en colaboraci\u00f3n no se olvida en\u00a0<b>Microsoft Office 2016<\/b>\u00a0porque Word, el procesador de textos, incorpora la cocreaci\u00f3n y la coedici\u00f3n en tiempo real. Cuando varios miembros de un equipo est\u00e9n trabajando en el mismo documento en Word 2016 u Office Online, podr\u00e1n ver el progreso del trabajo de los dem\u00e1s, as\u00ed como ver lo que est\u00e1n escribiendo en tiempo real.<\/p>\n<p>Herramientas\u00a0<b>Microsoft Office 2016<\/b>\u00a0se vuelven inteligentes. Las aplicaciones aprenden de tu trabajo y te ayudan con tus tareas. Word, Excel y PowerPoint incluyen Tell Me, un buscador inteligente capaz de mostrarte lo que tienes que hacer con s\u00f3lo escribir lo que quieres hacer. Outlook, por su parte, tiene un aliado de lujo en Clutter, una herramienta que analiza tus correos electr\u00f3nicos para clasificarlos y despejar tu bandeja de entrada moviendo los mensajes menos importantes a una carpeta espec\u00edfica.<\/p>\n<p>Requisitos del sistema<\/p>\n<ul>\n<li>Procesador: 1 Gigahercio (GHz) o superior.<\/li>\n<li>Memoria RAM: 1 Gigabyte (GB) (32 bits) o 2 GB (64 bits)<\/li>\n<li>Espacio disponible en disco: 16 GB<\/li>\n<li>Tarjeta gr\u00e1fica: dispositivo gr\u00e1fico Microsoft DirectX 9 con controlador WDDM.<\/li>\n<\/ul>","protected":false},"excerpt":{"rendered":"<p>Compre hoy mismo su clave de activaci\u00f3n original y reciba por correo electr\u00f3nico su enlace de descarga ultrarr\u00e1pida de Microsoft y su clave de activaci\u00f3n exclusiva.<\/p>\n<p>- Obtenga su c\u00f3digo de activaci\u00f3n en 15 minutos.<br \/>\n- Llave original 100%<br \/>\n- Autorizado para la venta en Europa<br \/>\n- Idiomas: multiling\u00fce<\/p>","protected":false},"featured_media":55706,"comment_status":"closed","ping_status":"closed","template":"","meta":[],"product_brand":[],"product_cat":[177,1442,1932,180],"product_tag":[],"class_list":{"0":"post-54162","1":"product","2":"type-product","3":"status-publish","4":"has-post-thumbnail","6":"product_cat-microsoft-office","7":"product_cat-microsoft","8":"product_cat-office-2016-microsoft","9":"product_cat-office-mac","11":"first","12":"instock","13":"sale","14":"taxable","15":"shipping-taxable","16":"purchasable","17":"product-type-simple","18":"czr-hentry"},"yoast_head":"<!-- This site is optimized with the Yoast SEO plugin v27.4 - https:\/\/yoast.com\/product\/yoast-seo-wordpress\/ -->\n<title>Microsoft OFFICE 2016 Famille et Entreprise (MAC) - Alfa Descompte<\/title>\n<meta name=\"robots\" content=\"index, follow, max-snippet:-1, max-image-preview:large, max-video-preview:-1\" \/>\n<link rel=\"canonical\" href=\"https:\/\/alfadescompte.ad\/es\/producto-2\/microsoft-office-home-and-business-2016-mac-retail-bind\/\" \/>\n<meta property=\"og:locale\" content=\"es_ES\" \/>\n<meta property=\"og:type\" content=\"article\" \/>\n<meta property=\"og:title\" content=\"Microsoft OFFICE 2016 Famille et Entreprise (MAC) - Alfa Descompte\" \/>\n<meta property=\"og:description\" content=\"Achetez aujourd\u2019hui votre cl\u00e9 d&#039;activation originale et recevez par mail votre lien de t\u00e9l\u00e9chargement ultra rapide de Microsoft ainsi que sa cl\u00e9 unique d\u2019activation..  - Obtenir votre code d&#039;activation en 15 minutes. - Cl\u00e9 100% authentique - Vente autoris\u00e9e en Europe - Langues: Multi-langue\" \/>\n<meta property=\"og:url\" content=\"https:\/\/alfadescompte.ad\/es\/producto-2\/microsoft-office-home-and-business-2016-mac-retail-bind\/\" \/>\n<meta property=\"og:site_name\" content=\"Alfa Descompte\" \/>\n<meta property=\"article:modified_time\" content=\"2026-03-03T16:05:21+00:00\" \/>\n<meta property=\"og:image\" content=\"https:\/\/alfadescompte.ad\/wp-content\/uploads\/2024\/04\/ChatGPT-Image-27-fevr.-2026-07_47_21.png\" \/>\n\t<meta property=\"og:image:width\" content=\"1024\" \/>\n\t<meta property=\"og:image:height\" content=\"1024\" \/>\n\t<meta property=\"og:image:type\" content=\"image\/png\" \/>\n<meta name=\"twitter:card\" content=\"summary_large_image\" \/>\n<meta name=\"twitter:label1\" content=\"Tiempo de lectura\" \/>\n\t<meta name=\"twitter:data1\" content=\"2 minutos\" \/>\n<script type=\"application\/ld+json\" class=\"yoast-schema-graph\">{\"@context\":\"https:\\\/\\\/schema.org\",\"@graph\":[{\"@type\":\"WebPage\",\"@id\":\"https:\\\/\\\/alfadescompte.ad\\\/produit\\\/microsoft-office-home-and-business-2016-mac-retail-bind\\\/\",\"url\":\"https:\\\/\\\/alfadescompte.ad\\\/produit\\\/microsoft-office-home-and-business-2016-mac-retail-bind\\\/\",\"name\":\"Microsoft OFFICE 2016 Famille et Entreprise (MAC) - Alfa Descompte\",\"isPartOf\":{\"@id\":\"https:\\\/\\\/alfadescompte.ad\\\/#website\"},\"primaryImageOfPage\":{\"@id\":\"https:\\\/\\\/alfadescompte.ad\\\/produit\\\/microsoft-office-home-and-business-2016-mac-retail-bind\\\/#primaryimage\"},\"image\":{\"@id\":\"https:\\\/\\\/alfadescompte.ad\\\/produit\\\/microsoft-office-home-and-business-2016-mac-retail-bind\\\/#primaryimage\"},\"thumbnailUrl\":\"https:\\\/\\\/alfadescompte.ad\\\/wp-content\\\/uploads\\\/2024\\\/04\\\/ChatGPT-Image-27-fevr.-2026-07_47_21.png\",\"datePublished\":\"2024-04-03T08:11:43+00:00\",\"dateModified\":\"2026-03-03T16:05:21+00:00\",\"breadcrumb\":{\"@id\":\"https:\\\/\\\/alfadescompte.ad\\\/produit\\\/microsoft-office-home-and-business-2016-mac-retail-bind\\\/#breadcrumb\"},\"inLanguage\":\"es\",\"potentialAction\":[{\"@type\":\"ReadAction\",\"target\":[\"https:\\\/\\\/alfadescompte.ad\\\/produit\\\/microsoft-office-home-and-business-2016-mac-retail-bind\\\/\"]}]},{\"@type\":\"ImageObject\",\"inLanguage\":\"es\",\"@id\":\"https:\\\/\\\/alfadescompte.ad\\\/produit\\\/microsoft-office-home-and-business-2016-mac-retail-bind\\\/#primaryimage\",\"url\":\"https:\\\/\\\/alfadescompte.ad\\\/wp-content\\\/uploads\\\/2024\\\/04\\\/ChatGPT-Image-27-fevr.-2026-07_47_21.png\",\"contentUrl\":\"https:\\\/\\\/alfadescompte.ad\\\/wp-content\\\/uploads\\\/2024\\\/04\\\/ChatGPT-Image-27-fevr.-2026-07_47_21.png\",\"width\":1024,\"height\":1024},{\"@type\":\"BreadcrumbList\",\"@id\":\"https:\\\/\\\/alfadescompte.ad\\\/produit\\\/microsoft-office-home-and-business-2016-mac-retail-bind\\\/#breadcrumb\",\"itemListElement\":[{\"@type\":\"ListItem\",\"position\":1,\"name\":\"Accueil\",\"item\":\"https:\\\/\\\/alfadescompte.ad\\\/fr\\\/\"},{\"@type\":\"ListItem\",\"position\":2,\"name\":\"Boutique\",\"item\":\"https:\\\/\\\/alfadescompte.ad\\\/en\\\/boutique\\\/\"},{\"@type\":\"ListItem\",\"position\":3,\"name\":\"Microsoft OFFICE 2016 Famille et Entreprise (MAC)\"}]},{\"@type\":\"WebSite\",\"@id\":\"https:\\\/\\\/alfadescompte.ad\\\/#website\",\"url\":\"https:\\\/\\\/alfadescompte.ad\\\/\",\"name\":\"Alfa Descompte\",\"description\":\"\",\"publisher\":{\"@id\":\"https:\\\/\\\/alfadescompte.ad\\\/#organization\"},\"potentialAction\":[{\"@type\":\"SearchAction\",\"target\":{\"@type\":\"EntryPoint\",\"urlTemplate\":\"https:\\\/\\\/alfadescompte.ad\\\/?s={search_term_string}\"},\"query-input\":{\"@type\":\"PropertyValueSpecification\",\"valueRequired\":true,\"valueName\":\"search_term_string\"}}],\"inLanguage\":\"es\"},{\"@type\":\"Organization\",\"@id\":\"https:\\\/\\\/alfadescompte.ad\\\/#organization\",\"name\":\"Alfa Descompte\",\"url\":\"https:\\\/\\\/alfadescompte.ad\\\/\",\"logo\":{\"@type\":\"ImageObject\",\"inLanguage\":\"es\",\"@id\":\"https:\\\/\\\/alfadescompte.ad\\\/#\\\/schema\\\/logo\\\/image\\\/\",\"url\":\"https:\\\/\\\/alfadescompte.ad\\\/wp-content\\\/uploads\\\/2022\\\/04\\\/cropped-logo-alfa-1-1.png\",\"contentUrl\":\"https:\\\/\\\/alfadescompte.ad\\\/wp-content\\\/uploads\\\/2022\\\/04\\\/cropped-logo-alfa-1-1.png\",\"width\":424,\"height\":128,\"caption\":\"Alfa Descompte\"},\"image\":{\"@id\":\"https:\\\/\\\/alfadescompte.ad\\\/#\\\/schema\\\/logo\\\/image\\\/\"}}]}<\/script>\n<!-- \/ Yoast SEO plugin. -->","yoast_head_json":{"title":"Microsoft OFFICE 2016 Home y Office (MAC) - Alfa Descompte","robots":{"index":"index","follow":"follow","max-snippet":"max-snippet:-1","max-image-preview":"max-image-preview:large","max-video-preview":"max-video-preview:-1"},"canonical":"https:\/\/alfadescompte.ad\/es\/producto-2\/microsoft-office-home-and-business-2016-mac-retail-bind\/","og_locale":"es_ES","og_type":"article","og_title":"Microsoft OFFICE 2016 Famille et Entreprise (MAC) - Alfa Descompte","og_description":"Achetez aujourd\u2019hui votre cl\u00e9 d'activation originale et recevez par mail votre lien de t\u00e9l\u00e9chargement ultra rapide de Microsoft ainsi que sa cl\u00e9 unique d\u2019activation..  - Obtenir votre code d'activation en 15 minutes. - Cl\u00e9 100% authentique - Vente autoris\u00e9e en Europe - Langues: Multi-langue","og_url":"https:\/\/alfadescompte.ad\/es\/producto-2\/microsoft-office-home-and-business-2016-mac-retail-bind\/","og_site_name":"Alfa Descompte","article_modified_time":"2026-03-03T16:05:21+00:00","og_image":[{"width":1024,"height":1024,"url":"https:\/\/alfadescompte.ad\/wp-content\/uploads\/2024\/04\/ChatGPT-Image-27-fevr.-2026-07_47_21.png","type":"image\/png"}],"twitter_card":"summary_large_image","twitter_misc":{"Tiempo de lectura":"2 minutos"},"schema":{"@context":"https:\/\/schema.org","@graph":[{"@type":"WebPage","@id":"https:\/\/alfadescompte.ad\/produit\/microsoft-office-home-and-business-2016-mac-retail-bind\/","url":"https:\/\/alfadescompte.ad\/produit\/microsoft-office-home-and-business-2016-mac-retail-bind\/","name":"Microsoft OFFICE 2016 Home y Office (MAC) - Alfa Descompte","isPartOf":{"@id":"https:\/\/alfadescompte.ad\/#website"},"primaryImageOfPage":{"@id":"https:\/\/alfadescompte.ad\/produit\/microsoft-office-home-and-business-2016-mac-retail-bind\/#primaryimage"},"image":{"@id":"https:\/\/alfadescompte.ad\/produit\/microsoft-office-home-and-business-2016-mac-retail-bind\/#primaryimage"},"thumbnailUrl":"https:\/\/alfadescompte.ad\/wp-content\/uploads\/2024\/04\/ChatGPT-Image-27-fevr.-2026-07_47_21.png","datePublished":"2024-04-03T08:11:43+00:00","dateModified":"2026-03-03T16:05:21+00:00","breadcrumb":{"@id":"https:\/\/alfadescompte.ad\/produit\/microsoft-office-home-and-business-2016-mac-retail-bind\/#breadcrumb"},"inLanguage":"es","potentialAction":[{"@type":"ReadAction","target":["https:\/\/alfadescompte.ad\/produit\/microsoft-office-home-and-business-2016-mac-retail-bind\/"]}]},{"@type":"ImageObject","inLanguage":"es","@id":"https:\/\/alfadescompte.ad\/produit\/microsoft-office-home-and-business-2016-mac-retail-bind\/#primaryimage","url":"https:\/\/alfadescompte.ad\/wp-content\/uploads\/2024\/04\/ChatGPT-Image-27-fevr.-2026-07_47_21.png","contentUrl":"https:\/\/alfadescompte.ad\/wp-content\/uploads\/2024\/04\/ChatGPT-Image-27-fevr.-2026-07_47_21.png","width":1024,"height":1024},{"@type":"BreadcrumbList","@id":"https:\/\/alfadescompte.ad\/produit\/microsoft-office-home-and-business-2016-mac-retail-bind\/#breadcrumb","itemListElement":[{"@type":"ListItem","position":1,"name":"Accueil","item":"https:\/\/alfadescompte.ad\/fr\/"},{"@type":"ListItem","position":2,"name":"Boutique","item":"https:\/\/alfadescompte.ad\/en\/boutique\/"},{"@type":"ListItem","position":3,"name":"Microsoft OFFICE 2016 Famille et Entreprise (MAC)"}]},{"@type":"WebSite","@id":"https:\/\/alfadescompte.ad\/#website","url":"https:\/\/alfadescompte.ad\/","name":"Alfa Descompte","description":"","publisher":{"@id":"https:\/\/alfadescompte.ad\/#organization"},"potentialAction":[{"@type":"SearchAction","target":{"@type":"EntryPoint","urlTemplate":"https:\/\/alfadescompte.ad\/?s={search_term_string}"},"query-input":{"@type":"PropertyValueSpecification","valueRequired":true,"valueName":"search_term_string"}}],"inLanguage":"es"},{"@type":"Organization","@id":"https:\/\/alfadescompte.ad\/#organization","name":"Alfa Descompte","url":"https:\/\/alfadescompte.ad\/","logo":{"@type":"ImageObject","inLanguage":"es","@id":"https:\/\/alfadescompte.ad\/#\/schema\/logo\/image\/","url":"https:\/\/alfadescompte.ad\/wp-content\/uploads\/2022\/04\/cropped-logo-alfa-1-1.png","contentUrl":"https:\/\/alfadescompte.ad\/wp-content\/uploads\/2022\/04\/cropped-logo-alfa-1-1.png","width":424,"height":128,"caption":"Alfa Descompte"},"image":{"@id":"https:\/\/alfadescompte.ad\/#\/schema\/logo\/image\/"}}]}},"_links":{"self":[{"href":"https:\/\/alfadescompte.ad\/es\/wp-json\/wp\/v2\/product\/54162","targetHints":{"allow":["GET"]}}],"collection":[{"href":"https:\/\/alfadescompte.ad\/es\/wp-json\/wp\/v2\/product"}],"about":[{"href":"https:\/\/alfadescompte.ad\/es\/wp-json\/wp\/v2\/types\/product"}],"replies":[{"embeddable":true,"href":"https:\/\/alfadescompte.ad\/es\/wp-json\/wp\/v2\/comments?post=54162"}],"wp:featuredmedia":[{"embeddable":true,"href":"https:\/\/alfadescompte.ad\/es\/wp-json\/wp\/v2\/media\/55706"}],"wp:attachment":[{"href":"https:\/\/alfadescompte.ad\/es\/wp-json\/wp\/v2\/media?parent=54162"}],"wp:term":[{"taxonomy":"product_brand","embeddable":true,"href":"https:\/\/alfadescompte.ad\/es\/wp-json\/wp\/v2\/product_brand?post=54162"},{"taxonomy":"product_cat","embeddable":true,"href":"https:\/\/alfadescompte.ad\/es\/wp-json\/wp\/v2\/product_cat?post=54162"},{"taxonomy":"product_tag","embeddable":true,"href":"https:\/\/alfadescompte.ad\/es\/wp-json\/wp\/v2\/product_tag?post=54162"}],"curies":[{"name":"wp","href":"https:\/\/api.w.org\/{rel}","templated":true}]}}