{"id":54378,"date":"2024-08-06T09:33:54","date_gmt":"2024-08-06T07:33:54","guid":{"rendered":"https:\/\/alfadescompte.ad\/?post_type=product&#038;p=54378"},"modified":"2026-02-27T08:17:38","modified_gmt":"2026-02-27T07:17:38","slug":"windows-11-entreprise","status":"publish","type":"product","link":"https:\/\/alfadescompte.ad\/es\/producto-2\/windows-11-entreprise\/","title":{"rendered":"Windows 11 Enterprise en varios idiomas"},"content":{"rendered":"<h3 class=\"h2-product\">Descubra la edici\u00f3n para grandes empresas<\/h3>\n<p><span class=\"fs-20\">Benef\u00edciese de la \u00faltima edici\u00f3n Enterprise del \u00faltimo sistema operativo de Microsoft para una mayor seguridad y rendimiento aprovechando las ventajas de Coherence, la compartici\u00f3n de tareas desde el primer arranque. El nuevo sistema operativo de Microsoft promete una considerable simplificaci\u00f3n en el trabajo diario.<\/span><\/p>\n<h3 class=\"h2prod-presentation\">Consiga sus objetivos individuales y colectivos con Windows 11 Enterprise<\/h3>\n<p>La versi\u00f3n Enterprise de Windows 11 ofrece seguridad y cifrado, servicios de sincronizaci\u00f3n en la nube y sistemas de hipervisor espec\u00edficamente dise\u00f1ados para grandes empresas que requieren un entorno operativo \u00e1gil, funcional y c\u00f3modo que, adem\u00e1s, est\u00e9 totalmente protegido frente a amenazas externas. La seguridad mejorada que ofrecen los chips TPM de las placas base modernas y la compatibilidad con las \u00faltimas suites de Microsoft Office son otras de las razones por las que Windows 11 Enterprise es una elecci\u00f3n excelente. Windows 11 Enterprise tiene una interfaz de usuario moderna y redise\u00f1ada. Microsoft ha optimizado el espacio en pantalla mediante la alineaci\u00f3n autom\u00e1tica y guarda la organizaci\u00f3n de las ventanas despu\u00e9s de cerrar la sesi\u00f3n y volver a iniciarla, para que puedas volver al trabajo inmediatamente. Tambi\u00e9n puedes compartir f\u00e1cilmente una ventana abierta desde la barra de tareas en tu llamada. Automatice las tareas manuales y redundantes en su ordenador o en su navegador web con Power Automate para escritorio.<\/p>\n<h3 class=\"text-center h3prod\">Seguridad: protecci\u00f3n de todos los datos y accesos<\/h3>\n<p>Puede implementar medidas de seguridad que se adapten a su propio dise\u00f1o. Consiga la suite de Windows m\u00e1s segura hasta la fecha reforzando su protecci\u00f3n con la seguridad basada en virtualizaci\u00f3n y la integridad del c\u00f3digo protegida por hipervisor activada por defecto. Windows 11 Enterprise le permite deshacerse de las contrase\u00f1as con Windows Hello Enterprise, una autenticaci\u00f3n multifactor segura y c\u00f3moda, y enviar a los usuarios a dispositivos propiedad de la empresa, aprovisionados autom\u00e1ticamente en l\u00ednea con su estrategia interna de gesti\u00f3n de riesgos. Utilice Bitlocker To Go para proteger sus datos cr\u00edticos. Elimine los servidores de impresi\u00f3n y la gesti\u00f3n de impresoras desde la nube. Imprima de forma segura desde cualquier lugar.<\/p>\n<h3 class=\"text-center h3prod\">Coherencia: gesti\u00f3n basada en la nube<\/h3>\n<p>Windows 11 Enterprise permite la gesti\u00f3n y el an\u00e1lisis basados en la nube para implementar Windows 10 y Windows 11 en paralelo. Implemente sus dispositivos con configuraci\u00f3n en la nube a partir de la transformaci\u00f3n de los PC con Windows 11 en puntos finales en la nube simplificados y f\u00e1ciles de gestionar.Usted simplifica la gesti\u00f3n al pasar a una configuraci\u00f3n de impresi\u00f3n escalable y f\u00e1cil de configurar, y se beneficia de s\u00f3lidas capacidades de gesti\u00f3n accesibles a trav\u00e9s del portal centralizado de Azure.<\/p>\n<h3 class=\"text-center h3prod\">Windows 11 Enterprise: Productividad y colaboraci\u00f3n<\/h3>\n<p>Alcance sus objetivos individuales y colectivos gracias a las funciones integradas de asistencia visual de Windows 11: visuales sencillas y modernas, alineaci\u00f3n autom\u00e1tica, videoconferencia inclusiva, reuniones m\u00e1s eficaces y automatizaci\u00f3n. De hecho, Microsoft pone a su disposici\u00f3n una nueva interfaz de usuario de Windows optimizada para resaltar su trabajo. Adem\u00e1s, la Alineaci\u00f3n Autom\u00e1tica optimiza el espacio en pantalla y guarda la organizaci\u00f3n de las ventanas despu\u00e9s de cerrar y volver a abrir la sesi\u00f3n, para que puedas volver al trabajo de inmediato, garantizando una mejor gesti\u00f3n.Windows 11 Enterprise te permite activar o desactivar el micr\u00f3fono directamente desde la barra de tareas para que todo el mundo pueda ser escuchado.<\/p>\n<p>Requisitos del sistema<\/p>\n<ul>\n<li>Procesador: 1 GHz o m\u00e1s con al menos dos n\u00facleos en un procesador compatible de 64 bits o un sistema en chip (SoC).<\/li>\n<li>Sistema operativo: Windows 10 con la actualizaci\u00f3n de seguridad del 14 de septiembre de 2021.<\/li>\n<li>Memoria RAM: 4 GB .<\/li>\n<li>Espacio disponible en disco: 64 GB o m\u00e1s<\/li>\n<li>Pantalla: pantalla de alta definici\u00f3n (720p), monitor de 9 pulgadas o superior, 8 bits por canal de color.<\/li>\n<li>Gr\u00e1ficos: compatibles con DirectX 12 o posterior, con un controlador WDDM 2.0.<\/li>\n<\/ul>\n<p>&nbsp;<\/p>\n<p>&nbsp;<\/p>","protected":false},"excerpt":{"rendered":"<p>Compre hoy mismo su clave de activaci\u00f3n original y reciba por correo electr\u00f3nico su enlace de descarga ultrarr\u00e1pida de Microsoft y su clave de activaci\u00f3n exclusiva.<\/p>\n<p>- Obtenga su c\u00f3digo de activaci\u00f3n en 15 minutos.<br \/>\n- Llave original 100%<br \/>\n- Autorizado para la venta en Europa<br \/>\n- Idiomas: multiling\u00fce<\/p>","protected":false},"featured_media":55715,"comment_status":"closed","ping_status":"closed","template":"","meta":[],"product_brand":[],"product_cat":[1933,182],"product_tag":[],"class_list":{"0":"post-54378","1":"product","2":"type-product","3":"status-publish","4":"has-post-thumbnail","6":"product_cat-microsoft-windows","7":"product_cat-windows-11","9":"first","10":"instock","11":"sale","12":"taxable","13":"shipping-taxable","14":"purchasable","15":"product-type-simple","16":"czr-hentry"},"yoast_head":"<!-- This site is optimized with the Yoast SEO plugin v27.4 - https:\/\/yoast.com\/product\/yoast-seo-wordpress\/ -->\n<title>Windows 11 Entreprise Multi-langue - Alfa Descompte<\/title>\n<meta name=\"robots\" content=\"index, follow, max-snippet:-1, max-image-preview:large, max-video-preview:-1\" \/>\n<link rel=\"canonical\" href=\"https:\/\/alfadescompte.ad\/es\/producto-2\/windows-11-entreprise\/\" \/>\n<meta property=\"og:locale\" content=\"es_ES\" \/>\n<meta property=\"og:type\" content=\"article\" \/>\n<meta property=\"og:title\" content=\"Windows 11 Entreprise Multi-langue - Alfa Descompte\" \/>\n<meta property=\"og:description\" content=\"Achetez aujourd\u2019hui votre cl\u00e9 d&#039;activation originale et recevez par mail votre lien de t\u00e9l\u00e9chargement ultra rapide de Microsoft ainsi que sa cl\u00e9 unique d\u2019activation..  - Obtenir votre code d&#039;activation en 15 minutes. - Cl\u00e9 100% authentique - Vente autoris\u00e9e en Europe - Langues: Multi-langue\" \/>\n<meta property=\"og:url\" content=\"https:\/\/alfadescompte.ad\/es\/producto-2\/windows-11-entreprise\/\" \/>\n<meta property=\"og:site_name\" content=\"Alfa Descompte\" \/>\n<meta property=\"article:modified_time\" content=\"2026-02-27T07:17:38+00:00\" \/>\n<meta property=\"og:image\" content=\"https:\/\/alfadescompte.ad\/wp-content\/uploads\/2024\/08\/ChatGPT-Image-27-fevr.-2026-08_17_14.png\" \/>\n\t<meta property=\"og:image:width\" content=\"1024\" \/>\n\t<meta property=\"og:image:height\" content=\"1024\" \/>\n\t<meta property=\"og:image:type\" content=\"image\/png\" \/>\n<meta name=\"twitter:card\" content=\"summary_large_image\" \/>\n<meta name=\"twitter:label1\" content=\"Tiempo de lectura\" \/>\n\t<meta name=\"twitter:data1\" content=\"4 minutos\" \/>\n<script type=\"application\/ld+json\" class=\"yoast-schema-graph\">{\"@context\":\"https:\\\/\\\/schema.org\",\"@graph\":[{\"@type\":\"WebPage\",\"@id\":\"https:\\\/\\\/alfadescompte.ad\\\/produit\\\/windows-11-entreprise\\\/\",\"url\":\"https:\\\/\\\/alfadescompte.ad\\\/produit\\\/windows-11-entreprise\\\/\",\"name\":\"Windows 11 Entreprise Multi-langue - Alfa Descompte\",\"isPartOf\":{\"@id\":\"https:\\\/\\\/alfadescompte.ad\\\/#website\"},\"primaryImageOfPage\":{\"@id\":\"https:\\\/\\\/alfadescompte.ad\\\/produit\\\/windows-11-entreprise\\\/#primaryimage\"},\"image\":{\"@id\":\"https:\\\/\\\/alfadescompte.ad\\\/produit\\\/windows-11-entreprise\\\/#primaryimage\"},\"thumbnailUrl\":\"https:\\\/\\\/alfadescompte.ad\\\/wp-content\\\/uploads\\\/2024\\\/08\\\/ChatGPT-Image-27-fevr.-2026-08_17_14.png\",\"datePublished\":\"2024-08-06T07:33:54+00:00\",\"dateModified\":\"2026-02-27T07:17:38+00:00\",\"breadcrumb\":{\"@id\":\"https:\\\/\\\/alfadescompte.ad\\\/produit\\\/windows-11-entreprise\\\/#breadcrumb\"},\"inLanguage\":\"es\",\"potentialAction\":[{\"@type\":\"ReadAction\",\"target\":[\"https:\\\/\\\/alfadescompte.ad\\\/produit\\\/windows-11-entreprise\\\/\"]}]},{\"@type\":\"ImageObject\",\"inLanguage\":\"es\",\"@id\":\"https:\\\/\\\/alfadescompte.ad\\\/produit\\\/windows-11-entreprise\\\/#primaryimage\",\"url\":\"https:\\\/\\\/alfadescompte.ad\\\/wp-content\\\/uploads\\\/2024\\\/08\\\/ChatGPT-Image-27-fevr.-2026-08_17_14.png\",\"contentUrl\":\"https:\\\/\\\/alfadescompte.ad\\\/wp-content\\\/uploads\\\/2024\\\/08\\\/ChatGPT-Image-27-fevr.-2026-08_17_14.png\",\"width\":1024,\"height\":1024},{\"@type\":\"BreadcrumbList\",\"@id\":\"https:\\\/\\\/alfadescompte.ad\\\/produit\\\/windows-11-entreprise\\\/#breadcrumb\",\"itemListElement\":[{\"@type\":\"ListItem\",\"position\":1,\"name\":\"Accueil\",\"item\":\"https:\\\/\\\/alfadescompte.ad\\\/fr\\\/\"},{\"@type\":\"ListItem\",\"position\":2,\"name\":\"Boutique\",\"item\":\"https:\\\/\\\/alfadescompte.ad\\\/en\\\/boutique\\\/\"},{\"@type\":\"ListItem\",\"position\":3,\"name\":\"Windows 11 Entreprise Multi-langue\"}]},{\"@type\":\"WebSite\",\"@id\":\"https:\\\/\\\/alfadescompte.ad\\\/#website\",\"url\":\"https:\\\/\\\/alfadescompte.ad\\\/\",\"name\":\"Alfa Descompte\",\"description\":\"\",\"publisher\":{\"@id\":\"https:\\\/\\\/alfadescompte.ad\\\/#organization\"},\"potentialAction\":[{\"@type\":\"SearchAction\",\"target\":{\"@type\":\"EntryPoint\",\"urlTemplate\":\"https:\\\/\\\/alfadescompte.ad\\\/?s={search_term_string}\"},\"query-input\":{\"@type\":\"PropertyValueSpecification\",\"valueRequired\":true,\"valueName\":\"search_term_string\"}}],\"inLanguage\":\"es\"},{\"@type\":\"Organization\",\"@id\":\"https:\\\/\\\/alfadescompte.ad\\\/#organization\",\"name\":\"Alfa Descompte\",\"url\":\"https:\\\/\\\/alfadescompte.ad\\\/\",\"logo\":{\"@type\":\"ImageObject\",\"inLanguage\":\"es\",\"@id\":\"https:\\\/\\\/alfadescompte.ad\\\/#\\\/schema\\\/logo\\\/image\\\/\",\"url\":\"https:\\\/\\\/alfadescompte.ad\\\/wp-content\\\/uploads\\\/2022\\\/04\\\/cropped-logo-alfa-1-1.png\",\"contentUrl\":\"https:\\\/\\\/alfadescompte.ad\\\/wp-content\\\/uploads\\\/2022\\\/04\\\/cropped-logo-alfa-1-1.png\",\"width\":424,\"height\":128,\"caption\":\"Alfa Descompte\"},\"image\":{\"@id\":\"https:\\\/\\\/alfadescompte.ad\\\/#\\\/schema\\\/logo\\\/image\\\/\"}}]}<\/script>\n<!-- \/ Yoast SEO plugin. -->","yoast_head_json":{"title":"Windows 11 Enterprise Multi-idioma - Alfa Descompte","robots":{"index":"index","follow":"follow","max-snippet":"max-snippet:-1","max-image-preview":"max-image-preview:large","max-video-preview":"max-video-preview:-1"},"canonical":"https:\/\/alfadescompte.ad\/es\/producto-2\/windows-11-entreprise\/","og_locale":"es_ES","og_type":"article","og_title":"Windows 11 Entreprise Multi-langue - Alfa Descompte","og_description":"Achetez aujourd\u2019hui votre cl\u00e9 d'activation originale et recevez par mail votre lien de t\u00e9l\u00e9chargement ultra rapide de Microsoft ainsi que sa cl\u00e9 unique d\u2019activation..  - Obtenir votre code d'activation en 15 minutes. - Cl\u00e9 100% authentique - Vente autoris\u00e9e en Europe - Langues: Multi-langue","og_url":"https:\/\/alfadescompte.ad\/es\/producto-2\/windows-11-entreprise\/","og_site_name":"Alfa Descompte","article_modified_time":"2026-02-27T07:17:38+00:00","og_image":[{"width":1024,"height":1024,"url":"https:\/\/alfadescompte.ad\/wp-content\/uploads\/2024\/08\/ChatGPT-Image-27-fevr.-2026-08_17_14.png","type":"image\/png"}],"twitter_card":"summary_large_image","twitter_misc":{"Tiempo de lectura":"4 minutos"},"schema":{"@context":"https:\/\/schema.org","@graph":[{"@type":"WebPage","@id":"https:\/\/alfadescompte.ad\/produit\/windows-11-entreprise\/","url":"https:\/\/alfadescompte.ad\/produit\/windows-11-entreprise\/","name":"Windows 11 Enterprise Multi-idioma - Alfa Descompte","isPartOf":{"@id":"https:\/\/alfadescompte.ad\/#website"},"primaryImageOfPage":{"@id":"https:\/\/alfadescompte.ad\/produit\/windows-11-entreprise\/#primaryimage"},"image":{"@id":"https:\/\/alfadescompte.ad\/produit\/windows-11-entreprise\/#primaryimage"},"thumbnailUrl":"https:\/\/alfadescompte.ad\/wp-content\/uploads\/2024\/08\/ChatGPT-Image-27-fevr.-2026-08_17_14.png","datePublished":"2024-08-06T07:33:54+00:00","dateModified":"2026-02-27T07:17:38+00:00","breadcrumb":{"@id":"https:\/\/alfadescompte.ad\/produit\/windows-11-entreprise\/#breadcrumb"},"inLanguage":"es","potentialAction":[{"@type":"ReadAction","target":["https:\/\/alfadescompte.ad\/produit\/windows-11-entreprise\/"]}]},{"@type":"ImageObject","inLanguage":"es","@id":"https:\/\/alfadescompte.ad\/produit\/windows-11-entreprise\/#primaryimage","url":"https:\/\/alfadescompte.ad\/wp-content\/uploads\/2024\/08\/ChatGPT-Image-27-fevr.-2026-08_17_14.png","contentUrl":"https:\/\/alfadescompte.ad\/wp-content\/uploads\/2024\/08\/ChatGPT-Image-27-fevr.-2026-08_17_14.png","width":1024,"height":1024},{"@type":"BreadcrumbList","@id":"https:\/\/alfadescompte.ad\/produit\/windows-11-entreprise\/#breadcrumb","itemListElement":[{"@type":"ListItem","position":1,"name":"Accueil","item":"https:\/\/alfadescompte.ad\/fr\/"},{"@type":"ListItem","position":2,"name":"Boutique","item":"https:\/\/alfadescompte.ad\/en\/boutique\/"},{"@type":"ListItem","position":3,"name":"Windows 11 Entreprise Multi-langue"}]},{"@type":"WebSite","@id":"https:\/\/alfadescompte.ad\/#website","url":"https:\/\/alfadescompte.ad\/","name":"Alfa Descompte","description":"","publisher":{"@id":"https:\/\/alfadescompte.ad\/#organization"},"potentialAction":[{"@type":"SearchAction","target":{"@type":"EntryPoint","urlTemplate":"https:\/\/alfadescompte.ad\/?s={search_term_string}"},"query-input":{"@type":"PropertyValueSpecification","valueRequired":true,"valueName":"search_term_string"}}],"inLanguage":"es"},{"@type":"Organization","@id":"https:\/\/alfadescompte.ad\/#organization","name":"Alfa Descompte","url":"https:\/\/alfadescompte.ad\/","logo":{"@type":"ImageObject","inLanguage":"es","@id":"https:\/\/alfadescompte.ad\/#\/schema\/logo\/image\/","url":"https:\/\/alfadescompte.ad\/wp-content\/uploads\/2022\/04\/cropped-logo-alfa-1-1.png","contentUrl":"https:\/\/alfadescompte.ad\/wp-content\/uploads\/2022\/04\/cropped-logo-alfa-1-1.png","width":424,"height":128,"caption":"Alfa Descompte"},"image":{"@id":"https:\/\/alfadescompte.ad\/#\/schema\/logo\/image\/"}}]}},"_links":{"self":[{"href":"https:\/\/alfadescompte.ad\/es\/wp-json\/wp\/v2\/product\/54378","targetHints":{"allow":["GET"]}}],"collection":[{"href":"https:\/\/alfadescompte.ad\/es\/wp-json\/wp\/v2\/product"}],"about":[{"href":"https:\/\/alfadescompte.ad\/es\/wp-json\/wp\/v2\/types\/product"}],"replies":[{"embeddable":true,"href":"https:\/\/alfadescompte.ad\/es\/wp-json\/wp\/v2\/comments?post=54378"}],"wp:featuredmedia":[{"embeddable":true,"href":"https:\/\/alfadescompte.ad\/es\/wp-json\/wp\/v2\/media\/55715"}],"wp:attachment":[{"href":"https:\/\/alfadescompte.ad\/es\/wp-json\/wp\/v2\/media?parent=54378"}],"wp:term":[{"taxonomy":"product_brand","embeddable":true,"href":"https:\/\/alfadescompte.ad\/es\/wp-json\/wp\/v2\/product_brand?post=54378"},{"taxonomy":"product_cat","embeddable":true,"href":"https:\/\/alfadescompte.ad\/es\/wp-json\/wp\/v2\/product_cat?post=54378"},{"taxonomy":"product_tag","embeddable":true,"href":"https:\/\/alfadescompte.ad\/es\/wp-json\/wp\/v2\/product_tag?post=54378"}],"curies":[{"name":"wp","href":"https:\/\/api.w.org\/{rel}","templated":true}]}}