{"id":54655,"date":"2024-10-01T15:28:14","date_gmt":"2024-10-01T13:28:14","guid":{"rendered":"https:\/\/alfadescompte.ad\/?post_type=product&#038;p=54655"},"modified":"2026-02-28T11:12:29","modified_gmt":"2026-02-28T10:12:29","slug":"microsoft-office-famille-et-etudiant-2024-pc-mac","status":"publish","type":"product","link":"https:\/\/alfadescompte.ad\/es\/producto-2\/microsoft-office-famille-et-etudiant-2024-pc-mac\/","title":{"rendered":"Microsoft Office Hogar y Estudiantes 2024 (PC\/Mac)"},"content":{"rendered":"<h3>Microsoft Office Hogar y Estudiantes 2024 (PC\/Mac)<\/h3>\n<p>Office Hogar 2024 te permite llevar a cabo todos tus proyectos personales y escolares gracias a herramientas potentes y de alto rendimiento y a una interfaz mejorada y moderna, optimizada para su uso con dispositivos de pantalla t\u00e1ctil y l\u00e1pices \u00f3pticos. Su nueva interfaz se adapta a los diferentes tama\u00f1os de pantalla.<\/p>\n<p>La nueva pantalla de inicio ofrece una selecci\u00f3n de documentos y plantillas recientes para ayudarte a trabajar de forma m\u00e1s r\u00e1pida y eficaz. Aproveche las versiones 2024 de Word, Excel y PowerPoint, con nuevas funciones disponibles. Optimizado para dispositivos m\u00f3viles, aproveche el formato y la cocreaci\u00f3n en Windows, iOS y Android.<\/p>\n<ul>\n<li>Compra definitiva para 1 PC o Mac<\/li>\n<li>Versiones cl\u00e1sicas 2024 de Word, Excel y PowerPoint<\/li>\n<li>Acceso a expertos de apoyo<\/li>\n<li>Compatible con Windows 11, Windows 10 o macOS<\/li>\n<li>Para uso no comercial de Works con Microsoft Teams<\/li>\n<\/ul>\n<h3>Aproveche todo el software del paquete Microsoft Office 2024<\/h3>\n<p>Office Word: Word es el programa de escritura por excelencia. Utilizado en todo el mundo, permite redactar cartas, CV, informes y todo tipo de documentos de texto. Maquete sus documentos utilizando las numerosas funciones disponibles (res\u00famenes, correo directo, correcci\u00f3n integrada, etc.).<\/p>\n<ul>\n<li>Redacci\u00f3n m\u00e1s f\u00e1cil<\/li>\n<li>Escriba con confianza gracias a la tecnolog\u00eda inteligente que proporciona sugerencias ortogr\u00e1ficas, gramaticales e incluso de estilo. Con estas herramientas, pase f\u00e1cilmente del l\u00e1piz y el papel a la escritura digital y la edici\u00f3n intuitiva.<\/li>\n<li>Mant\u00e9ngase informado<\/li>\n<li>Obt\u00e9n toda la informaci\u00f3n que necesites sin salir de Word, ya sea una diapositiva de PowerPoint de un colega, una investigaci\u00f3n o informaci\u00f3n de LinkedIn que te ayude a redactar un CV convincente.<\/li>\n<li>Perfeccione su CV para conseguir el trabajo de sus sue\u00f1os<\/li>\n<li>El Asistente para curr\u00edculos, con tecnolog\u00eda de LinkedIn, te ayuda a crear un curr\u00edculo m\u00e1s convincente. Personaliza tu CV para que coincida con millones de puestos de trabajo de LinkedIn, y luego solicita o contacta con los reclutadores en LinkedIn.\n<ul>\n<li>Convertir datos en informaci\u00f3n<\/li>\n<li>Gracias a sus servicios inteligentes, Excel recuerda tus patrones y organiza tus datos para ahorrarte tiempo. Es f\u00e1cil crear tus propias hojas de c\u00e1lculo, o utilizar las plantillas proporcionadas y realizar c\u00e1lculos con f\u00f3rmulas modernas.<\/li>\n<li>Visualice sus datos con mayor eficacia<\/li>\n<li>Los nuevos cuadros y gr\u00e1ficos le ayudan a presentar sus datos de forma atractiva, con formato, gr\u00e1ficos de chispa y tablas para comprender mejor sus datos. Cree f\u00e1cilmente previsiones con un solo clic para predecir las tendencias.<\/li>\n<li>Cree r\u00e1pidamente sus hojas de c\u00e1lculo<\/li>\n<li>Demuestre su profesionalidad con las plantillas de Excel que cubren m\u00e1s de 40 categor\u00edas y ahorre tiempo.<\/li>\n<\/ul>\n<\/li>\n<li>Crear presentaciones \u00fanicas<\/li>\n<li>Transmita sus ideas de forma atractiva, con ricas animaciones, efectos cinematogr\u00e1ficos, modelos 3D e iconos. Con unos pocos clics, deje que la tecnolog\u00eda inteligente d\u00e9 vida a su presentaci\u00f3n.<\/li>\n<li>Crear una presentaci\u00f3n como un profesional<\/li>\n<li>Cuente su historia con confianza con notas deslizantes que s\u00f3lo usted puede ver. Traduzca f\u00e1cilmente sus diapositivas al idioma que desee y utilice el comprobador de accesibilidad integrado para asegurarse de que su p\u00fablico no se pierde nada.<\/li>\n<li>Cree su concepto r\u00e1pidamente<\/li>\n<li>Muestre su estilo y talento con las plantillas disponibles, y ahorre tiempo. Las plantillas de PowerPoint cubren m\u00e1s de 40 categor\u00edas.<\/li>\n<li>Organice su mundo<\/li>\n<li>Mant\u00e9ngase organizado con blocs de notas que puede dividir en secciones y p\u00e1ginas. La navegaci\u00f3n y la b\u00fasqueda sencillas facilitan la b\u00fasqueda de tus notas.<\/li>\n<li>Re\u00fana sus ideas y perfecci\u00f3nelas<\/li>\n<li>Resalta tus notas o com\u00e9ntalas con anotaciones escritas a mano o a m\u00e1quina. Con OneNote en todos tus dispositivos, nunca te perder\u00e1s un destello de genialidad.<\/li>\n<li>Colabora de forma m\u00e1s eficaz: est\u00e9s donde est\u00e9s, trabaja en equipo en tiempo real. Comparta sus documentos con s\u00f3lo pulsar un bot\u00f3n para invitar a otros a editarlos en tiempo real o a\u00f1adir comentarios. Adem\u00e1s, independientemente del idioma o las preferencias de accesibilidad, todo el mundo puede colaborar para mejorar la productividad.<\/li>\n<\/ul>\n<p>Nota: Office en 1 PC o Mac s\u00f3lo para uso personal. La licencia no es transferible a otro dispositivo.<\/p>\n<p>Requisitos del sistema<\/p>\n<ul>\n<li>Plataforma(s): Windows 11, 10 (64 bits) - mac OS: una de las tres versiones m\u00e1s recientes<\/li>\n<\/ul>\n<p>Configuraci\u00f3n de Windows<\/p>\n<ul>\n<li>Procesador: 1,6 GHz, 2 n\u00facleos<\/li>\n<li>Memoria RAM: 4 GB<\/li>\n<li>Espacio en disco: 4 GB<\/li>\n<li>Resoluci\u00f3n de 1280 x 768 o superior<\/li>\n<\/ul>\n<p>Configuraci\u00f3n del Mac<\/p>\n<ul>\n<li>Procesador: Intel<\/li>\n<li>Memoria RAM: 4 GB<\/li>\n<li>Espacio en disco: 10 GB<\/li>\n<\/ul>\n<p>Office est\u00e1 sujeto a zonas geogr\u00e1ficas de elegibilidad, que incluyen Europa Occidental y Central \u00fanicamente (incluida la Uni\u00f3n Europea). Isla Reuni\u00f3n, Polinesia Francesa, Nueva Caledonia y Mayotte no podr\u00e1n activar Office comprado desde Europa.<\/p>","protected":false},"excerpt":{"rendered":"<p>Compre hoy mismo su clave de activaci\u00f3n original y reciba por correo electr\u00f3nico su enlace de descarga ultrarr\u00e1pida de Microsoft y su clave de activaci\u00f3n exclusiva.<\/p>\n<p>- Obtenga su c\u00f3digo de activaci\u00f3n en 15 minutos.<br \/>\n- Llave original 100%<br \/>\n- Autorizado para la venta en Europa<br \/>\n- Idiomas: multiling\u00fce<\/p>","protected":false},"featured_media":55702,"comment_status":"closed","ping_status":"closed","template":"","meta":[],"product_brand":[],"product_cat":[177,1442,1936,180],"product_tag":[],"class_list":{"0":"post-54655","1":"product","2":"type-product","3":"status-publish","4":"has-post-thumbnail","6":"product_cat-microsoft-office","7":"product_cat-microsoft","8":"product_cat-microsoft-office-2024","9":"product_cat-office-mac","11":"first","12":"instock","13":"sale","14":"downloadable","15":"purchasable","16":"product-type-simple","17":"czr-hentry"},"yoast_head":"<!-- This site is optimized with the Yoast SEO plugin v27.4 - https:\/\/yoast.com\/product\/yoast-seo-wordpress\/ -->\n<title>Microsoft Office Famille et Etudiant 2024 (PC\/Mac) - Alfa Descompte<\/title>\n<meta name=\"robots\" content=\"index, follow, max-snippet:-1, max-image-preview:large, max-video-preview:-1\" \/>\n<link rel=\"canonical\" href=\"https:\/\/alfadescompte.ad\/es\/producto-2\/microsoft-office-famille-et-etudiant-2024-pc-mac\/\" \/>\n<meta property=\"og:locale\" content=\"es_ES\" \/>\n<meta property=\"og:type\" content=\"article\" \/>\n<meta property=\"og:title\" content=\"Microsoft Office Famille et Etudiant 2024 (PC\/Mac) - Alfa Descompte\" \/>\n<meta property=\"og:description\" content=\"Achetez aujourd\u2019hui votre cl\u00e9 d&#039;activation originale et recevez par mail votre lien de t\u00e9l\u00e9chargement ultra rapide de Microsoft ainsi que sa cl\u00e9 unique d\u2019activation..  - Obtenir votre code d&#039;activation en 15 minutes. - Cl\u00e9 100% authentique - Vente autoris\u00e9e en Europe - Langues: Multi-langue\" \/>\n<meta property=\"og:url\" content=\"https:\/\/alfadescompte.ad\/es\/producto-2\/microsoft-office-famille-et-etudiant-2024-pc-mac\/\" \/>\n<meta property=\"og:site_name\" content=\"Alfa Descompte\" \/>\n<meta property=\"article:modified_time\" content=\"2026-02-28T10:12:29+00:00\" \/>\n<meta property=\"og:image\" content=\"https:\/\/alfadescompte.ad\/wp-content\/uploads\/2024\/10\/ChatGPT-Image-27-fevr.-2026-07_41_28.png\" \/>\n\t<meta property=\"og:image:width\" content=\"1024\" \/>\n\t<meta property=\"og:image:height\" content=\"1024\" \/>\n\t<meta property=\"og:image:type\" content=\"image\/png\" \/>\n<meta name=\"twitter:card\" content=\"summary_large_image\" \/>\n<meta name=\"twitter:label1\" content=\"Tiempo de lectura\" \/>\n\t<meta name=\"twitter:data1\" content=\"5 minutos\" \/>\n<script type=\"application\/ld+json\" class=\"yoast-schema-graph\">{\"@context\":\"https:\\\/\\\/schema.org\",\"@graph\":[{\"@type\":\"WebPage\",\"@id\":\"https:\\\/\\\/alfadescompte.ad\\\/produit\\\/microsoft-office-famille-et-etudiant-2024-pc-mac\\\/\",\"url\":\"https:\\\/\\\/alfadescompte.ad\\\/produit\\\/microsoft-office-famille-et-etudiant-2024-pc-mac\\\/\",\"name\":\"Microsoft Office Famille et Etudiant 2024 (PC\\\/Mac) - Alfa Descompte\",\"isPartOf\":{\"@id\":\"https:\\\/\\\/alfadescompte.ad\\\/#website\"},\"primaryImageOfPage\":{\"@id\":\"https:\\\/\\\/alfadescompte.ad\\\/produit\\\/microsoft-office-famille-et-etudiant-2024-pc-mac\\\/#primaryimage\"},\"image\":{\"@id\":\"https:\\\/\\\/alfadescompte.ad\\\/produit\\\/microsoft-office-famille-et-etudiant-2024-pc-mac\\\/#primaryimage\"},\"thumbnailUrl\":\"https:\\\/\\\/alfadescompte.ad\\\/wp-content\\\/uploads\\\/2024\\\/10\\\/ChatGPT-Image-27-fevr.-2026-07_41_28.png\",\"datePublished\":\"2024-10-01T13:28:14+00:00\",\"dateModified\":\"2026-02-28T10:12:29+00:00\",\"breadcrumb\":{\"@id\":\"https:\\\/\\\/alfadescompte.ad\\\/produit\\\/microsoft-office-famille-et-etudiant-2024-pc-mac\\\/#breadcrumb\"},\"inLanguage\":\"es\",\"potentialAction\":[{\"@type\":\"ReadAction\",\"target\":[\"https:\\\/\\\/alfadescompte.ad\\\/produit\\\/microsoft-office-famille-et-etudiant-2024-pc-mac\\\/\"]}]},{\"@type\":\"ImageObject\",\"inLanguage\":\"es\",\"@id\":\"https:\\\/\\\/alfadescompte.ad\\\/produit\\\/microsoft-office-famille-et-etudiant-2024-pc-mac\\\/#primaryimage\",\"url\":\"https:\\\/\\\/alfadescompte.ad\\\/wp-content\\\/uploads\\\/2024\\\/10\\\/ChatGPT-Image-27-fevr.-2026-07_41_28.png\",\"contentUrl\":\"https:\\\/\\\/alfadescompte.ad\\\/wp-content\\\/uploads\\\/2024\\\/10\\\/ChatGPT-Image-27-fevr.-2026-07_41_28.png\",\"width\":1024,\"height\":1024},{\"@type\":\"BreadcrumbList\",\"@id\":\"https:\\\/\\\/alfadescompte.ad\\\/produit\\\/microsoft-office-famille-et-etudiant-2024-pc-mac\\\/#breadcrumb\",\"itemListElement\":[{\"@type\":\"ListItem\",\"position\":1,\"name\":\"Accueil\",\"item\":\"https:\\\/\\\/alfadescompte.ad\\\/fr\\\/\"},{\"@type\":\"ListItem\",\"position\":2,\"name\":\"Boutique\",\"item\":\"https:\\\/\\\/alfadescompte.ad\\\/en\\\/boutique\\\/\"},{\"@type\":\"ListItem\",\"position\":3,\"name\":\"Microsoft Office Famille et Etudiant 2024 (PC\\\/Mac)\"}]},{\"@type\":\"WebSite\",\"@id\":\"https:\\\/\\\/alfadescompte.ad\\\/#website\",\"url\":\"https:\\\/\\\/alfadescompte.ad\\\/\",\"name\":\"Alfa Descompte\",\"description\":\"\",\"publisher\":{\"@id\":\"https:\\\/\\\/alfadescompte.ad\\\/#organization\"},\"potentialAction\":[{\"@type\":\"SearchAction\",\"target\":{\"@type\":\"EntryPoint\",\"urlTemplate\":\"https:\\\/\\\/alfadescompte.ad\\\/?s={search_term_string}\"},\"query-input\":{\"@type\":\"PropertyValueSpecification\",\"valueRequired\":true,\"valueName\":\"search_term_string\"}}],\"inLanguage\":\"es\"},{\"@type\":\"Organization\",\"@id\":\"https:\\\/\\\/alfadescompte.ad\\\/#organization\",\"name\":\"Alfa Descompte\",\"url\":\"https:\\\/\\\/alfadescompte.ad\\\/\",\"logo\":{\"@type\":\"ImageObject\",\"inLanguage\":\"es\",\"@id\":\"https:\\\/\\\/alfadescompte.ad\\\/#\\\/schema\\\/logo\\\/image\\\/\",\"url\":\"https:\\\/\\\/alfadescompte.ad\\\/wp-content\\\/uploads\\\/2022\\\/04\\\/cropped-logo-alfa-1-1.png\",\"contentUrl\":\"https:\\\/\\\/alfadescompte.ad\\\/wp-content\\\/uploads\\\/2022\\\/04\\\/cropped-logo-alfa-1-1.png\",\"width\":424,\"height\":128,\"caption\":\"Alfa Descompte\"},\"image\":{\"@id\":\"https:\\\/\\\/alfadescompte.ad\\\/#\\\/schema\\\/logo\\\/image\\\/\"}}]}<\/script>\n<!-- \/ Yoast SEO plugin. -->","yoast_head_json":{"title":"Microsoft Office Hogar y Estudiantes 2024 (PC\/Mac) - Alfa Descompte","robots":{"index":"index","follow":"follow","max-snippet":"max-snippet:-1","max-image-preview":"max-image-preview:large","max-video-preview":"max-video-preview:-1"},"canonical":"https:\/\/alfadescompte.ad\/es\/producto-2\/microsoft-office-famille-et-etudiant-2024-pc-mac\/","og_locale":"es_ES","og_type":"article","og_title":"Microsoft Office Famille et Etudiant 2024 (PC\/Mac) - Alfa Descompte","og_description":"Achetez aujourd\u2019hui votre cl\u00e9 d'activation originale et recevez par mail votre lien de t\u00e9l\u00e9chargement ultra rapide de Microsoft ainsi que sa cl\u00e9 unique d\u2019activation..  - Obtenir votre code d'activation en 15 minutes. - Cl\u00e9 100% authentique - Vente autoris\u00e9e en Europe - Langues: Multi-langue","og_url":"https:\/\/alfadescompte.ad\/es\/producto-2\/microsoft-office-famille-et-etudiant-2024-pc-mac\/","og_site_name":"Alfa Descompte","article_modified_time":"2026-02-28T10:12:29+00:00","og_image":[{"width":1024,"height":1024,"url":"https:\/\/alfadescompte.ad\/wp-content\/uploads\/2024\/10\/ChatGPT-Image-27-fevr.-2026-07_41_28.png","type":"image\/png"}],"twitter_card":"summary_large_image","twitter_misc":{"Tiempo de lectura":"5 minutos"},"schema":{"@context":"https:\/\/schema.org","@graph":[{"@type":"WebPage","@id":"https:\/\/alfadescompte.ad\/produit\/microsoft-office-famille-et-etudiant-2024-pc-mac\/","url":"https:\/\/alfadescompte.ad\/produit\/microsoft-office-famille-et-etudiant-2024-pc-mac\/","name":"Microsoft Office Hogar y Estudiantes 2024 (PC\/Mac) - Alfa Descompte","isPartOf":{"@id":"https:\/\/alfadescompte.ad\/#website"},"primaryImageOfPage":{"@id":"https:\/\/alfadescompte.ad\/produit\/microsoft-office-famille-et-etudiant-2024-pc-mac\/#primaryimage"},"image":{"@id":"https:\/\/alfadescompte.ad\/produit\/microsoft-office-famille-et-etudiant-2024-pc-mac\/#primaryimage"},"thumbnailUrl":"https:\/\/alfadescompte.ad\/wp-content\/uploads\/2024\/10\/ChatGPT-Image-27-fevr.-2026-07_41_28.png","datePublished":"2024-10-01T13:28:14+00:00","dateModified":"2026-02-28T10:12:29+00:00","breadcrumb":{"@id":"https:\/\/alfadescompte.ad\/produit\/microsoft-office-famille-et-etudiant-2024-pc-mac\/#breadcrumb"},"inLanguage":"es","potentialAction":[{"@type":"ReadAction","target":["https:\/\/alfadescompte.ad\/produit\/microsoft-office-famille-et-etudiant-2024-pc-mac\/"]}]},{"@type":"ImageObject","inLanguage":"es","@id":"https:\/\/alfadescompte.ad\/produit\/microsoft-office-famille-et-etudiant-2024-pc-mac\/#primaryimage","url":"https:\/\/alfadescompte.ad\/wp-content\/uploads\/2024\/10\/ChatGPT-Image-27-fevr.-2026-07_41_28.png","contentUrl":"https:\/\/alfadescompte.ad\/wp-content\/uploads\/2024\/10\/ChatGPT-Image-27-fevr.-2026-07_41_28.png","width":1024,"height":1024},{"@type":"BreadcrumbList","@id":"https:\/\/alfadescompte.ad\/produit\/microsoft-office-famille-et-etudiant-2024-pc-mac\/#breadcrumb","itemListElement":[{"@type":"ListItem","position":1,"name":"Accueil","item":"https:\/\/alfadescompte.ad\/fr\/"},{"@type":"ListItem","position":2,"name":"Boutique","item":"https:\/\/alfadescompte.ad\/en\/boutique\/"},{"@type":"ListItem","position":3,"name":"Microsoft Office Famille et Etudiant 2024 (PC\/Mac)"}]},{"@type":"WebSite","@id":"https:\/\/alfadescompte.ad\/#website","url":"https:\/\/alfadescompte.ad\/","name":"Alfa Descompte","description":"","publisher":{"@id":"https:\/\/alfadescompte.ad\/#organization"},"potentialAction":[{"@type":"SearchAction","target":{"@type":"EntryPoint","urlTemplate":"https:\/\/alfadescompte.ad\/?s={search_term_string}"},"query-input":{"@type":"PropertyValueSpecification","valueRequired":true,"valueName":"search_term_string"}}],"inLanguage":"es"},{"@type":"Organization","@id":"https:\/\/alfadescompte.ad\/#organization","name":"Alfa Descompte","url":"https:\/\/alfadescompte.ad\/","logo":{"@type":"ImageObject","inLanguage":"es","@id":"https:\/\/alfadescompte.ad\/#\/schema\/logo\/image\/","url":"https:\/\/alfadescompte.ad\/wp-content\/uploads\/2022\/04\/cropped-logo-alfa-1-1.png","contentUrl":"https:\/\/alfadescompte.ad\/wp-content\/uploads\/2022\/04\/cropped-logo-alfa-1-1.png","width":424,"height":128,"caption":"Alfa Descompte"},"image":{"@id":"https:\/\/alfadescompte.ad\/#\/schema\/logo\/image\/"}}]}},"_links":{"self":[{"href":"https:\/\/alfadescompte.ad\/es\/wp-json\/wp\/v2\/product\/54655","targetHints":{"allow":["GET"]}}],"collection":[{"href":"https:\/\/alfadescompte.ad\/es\/wp-json\/wp\/v2\/product"}],"about":[{"href":"https:\/\/alfadescompte.ad\/es\/wp-json\/wp\/v2\/types\/product"}],"replies":[{"embeddable":true,"href":"https:\/\/alfadescompte.ad\/es\/wp-json\/wp\/v2\/comments?post=54655"}],"wp:featuredmedia":[{"embeddable":true,"href":"https:\/\/alfadescompte.ad\/es\/wp-json\/wp\/v2\/media\/55702"}],"wp:attachment":[{"href":"https:\/\/alfadescompte.ad\/es\/wp-json\/wp\/v2\/media?parent=54655"}],"wp:term":[{"taxonomy":"product_brand","embeddable":true,"href":"https:\/\/alfadescompte.ad\/es\/wp-json\/wp\/v2\/product_brand?post=54655"},{"taxonomy":"product_cat","embeddable":true,"href":"https:\/\/alfadescompte.ad\/es\/wp-json\/wp\/v2\/product_cat?post=54655"},{"taxonomy":"product_tag","embeddable":true,"href":"https:\/\/alfadescompte.ad\/es\/wp-json\/wp\/v2\/product_tag?post=54655"}],"curies":[{"name":"wp","href":"https:\/\/api.w.org\/{rel}","templated":true}]}}