{"id":54986,"date":"2024-12-20T10:28:26","date_gmt":"2024-12-20T09:28:26","guid":{"rendered":"https:\/\/alfadescompte.ad\/?post_type=product&#038;p=54986"},"modified":"2026-03-03T17:16:27","modified_gmt":"2026-03-03T16:16:27","slug":"microsoft-word-2024-windows-mac","status":"publish","type":"product","link":"https:\/\/alfadescompte.ad\/es\/producto-2\/microsoft-word-2024-windows-mac\/","title":{"rendered":"Microsoft Word 2024 Windows\/Mac"},"content":{"rendered":"<h3>Microsoft Word 2024 - software avanzado de tratamiento de textos<\/h3>\n<p>Al adquirir una licencia de Word 2024 por\u00a0<a title=\"Microsoft\/\" href=\"https:\/\/softwarekaufen24.de\/microsoft\/\" target=\"_blank\" rel=\"nofollow noopener\">Windows, recibir\u00e1 un\u00a0<\/a><a title=\"Microsoft Word\/\" href=\"https:\/\/softwarekaufen24.de\/microsoft-word\/\" target=\"_blank\" rel=\"nofollow noopener\">programa de tratamiento de textos<\/a>\u00a0que impresiona con muchas mejoras e innovaciones respecto a su versi\u00f3n anterior. Este programa le permite crear, dar formato y dise\u00f1ar una gran variedad de documentos, como cartas de presentaci\u00f3n breves, presentaciones, informes comerciales o libros enteros de cualquier tama\u00f1o.\u00a0<a title=\"Microsoft Word\/\" href=\"https:\/\/softwarekaufen24.de\/microsoft-word\/\" target=\"_blank\" rel=\"nofollow noopener\">Palabra<\/a>\u00a02024 forma parte integrante de los paquetes\u00a0<a title=\"Microsoft Office 2024\" href=\"https:\/\/softwarekaufen24.de\/microsoft-office-2024\/\" target=\"_blank\" rel=\"nofollow noopener\">Oficina 2024<\/a>\u00a0pero tambi\u00e9n est\u00e1 disponible como aplicaci\u00f3n\u00a0<a title=\"programa-microsoft-office\/ \" href=\"https:\/\/softwarekaufen24.de\/microsoft-office-programme\/\" target=\"_blank\" rel=\"nofollow noopener\">aut\u00f3nomo<\/a>\u00a0. Al comprar Word 2024 a trav\u00e9s de\u00a0<a title=\"softwarekaufen24.de\/\" href=\"https:\/\/softwarekaufen24.de\/\" target=\"_blank\" rel=\"nofollow noopener\">nuestra tienda<\/a>\u00a0Est\u00e1 adquiriendo la \u00faltima edici\u00f3n de este software ofim\u00e1tico, desarrollado durante d\u00e9cadas. A pesar de su larga tradici\u00f3n y posici\u00f3n consolidada, no le faltan actualizaciones y funciones innovadoras.<\/p>\n<h3>Innovaciones de Word 2024 de un vistazo<\/h3>\n<p>Word 2024 se ha redise\u00f1ado visualmente y ahora presenta una interfaz de usuario m\u00e1s moderna que brilla especialmente en\u00a0<a title=\"ventanas-11\/\" href=\"https:\/\/softwarekaufen24.de\/windows-11\/\" target=\"_blank\" rel=\"nofollow noopener\">Windows 11<\/a>\u00a0y tambi\u00e9n mejora la experiencia del usuario en\u00a0<a title=\"ventanas-10\/\" href=\"https:\/\/softwarekaufen24.de\/windows-10\/\" target=\"_blank\" rel=\"nofollow noopener\">Windows 10. Aplicaci\u00f3n coherente de\u00a0<\/a><a title=\"Microsoft\/\" href=\"https:\/\/softwarekaufen24.de\/microsoft\/\" target=\"_blank\" rel=\"nofollow noopener\">Microsoft<\/a>\u00a0Los principios de Fluent Design garantizan un funcionamiento intuitivo y familiar. Una innovaci\u00f3n importante en Word 2024 son las herramientas de accesibilidad mejoradas, que ahora hacen que los documentos sean m\u00e1s accesibles. Transferir im\u00e1genes de un smartphone a un ordenador, que antes requer\u00eda varios pasos, ahora es posible directamente en Documentos desde tu dispositivo Android. Word tambi\u00e9n es ahora compatible con la versi\u00f3n 1.4 del formato OpenDocument (ODF), que aporta una serie de nuevas funciones. Puedes reconocer inmediatamente los nuevos comentarios o respuestas con un punto azul, y responder a los comentarios con una reacci\u00f3n de \"Me gusta\". Si\u00a0<a title=\"Microsoft Word\/\" href=\"https:\/\/softwarekaufen24.de\/microsoft-word\/\" target=\"_blank\" rel=\"nofollow noopener\">Palabra<\/a>\u00a02024 se cierra inesperadamente antes de poder guardar los cambios, el programa abrir\u00e1 autom\u00e1ticamente todos los documentos abiertos cuando se cierre, para que puedas seguir trabajando sin problemas.<\/p>\n<h3>Compra Word 2024 y crea documentos sin esfuerzo<\/h3>\n<p>Office Word 2024 ampl\u00eda las posibilidades de creaci\u00f3n de texto con una gran cantidad de opciones de formato y dise\u00f1o. Los usuarios pueden utilizar distintos tipos de letra, colores y efectos para dar a sus documentos un aspecto \u00fanico. Los p\u00e1rrafos pueden ajustarse f\u00e1cilmente, dando a los textos una estructura clara. Tras descargar Word 2024, s\u00f3lo se requieren unos pocos pasos de instalaci\u00f3n para acceder a un avanzado programa de tratamiento de textos que ofrece diversas opciones de vi\u00f1etas y numeraci\u00f3n, pr\u00e1cticas plantillas de formato y la funcionalidad SmartArt para crear diagramas de flujo. La funci\u00f3n de correo de Word 2024 es ideal cuando hay que enviar varias cartas id\u00e9nticas a distintos destinatarios. Si adquiere Word 2024, tendr\u00e1 acceso a modernas funciones de comentario que llevan la colaboraci\u00f3n en equipo a un nuevo nivel. Varias opciones de seguimiento facilitan la documentaci\u00f3n del proceso de creaci\u00f3n de documentos, desde los borradores iniciales hasta la versi\u00f3n final.<\/p>\n<h3>Las ventajas de Microsoft Word 2024 de un vistazo<\/h3>\n<p><a title=\"Microsoft Word\/\" href=\"https:\/\/softwarekaufen24.de\/microsoft-word\/\" target=\"_self\" rel=\"nofollow noopener\">Microsoft Word<\/a>\u00a0ha sido durante mucho tiempo el programa de tratamiento de textos preferido por millones de usuarios de todo el mundo, y ofrece muchas ventajas que lo hacen indispensable. La intuitiva interfaz de Word 2024 permite tanto a los usuarios principiantes como a los experimentados crear documentos de forma r\u00e1pida y eficaz. Las completas herramientas de formato y las plantillas de dise\u00f1o le ayudar\u00e1n a crear documentos profesionales y atractivos sin necesidad de tener conocimientos profundos de maquetaci\u00f3n o dise\u00f1o. Perfecta integraci\u00f3n con otros programas de Microsoft Office como Excel\u00a0<a title=\"Microsoft Excel \" href=\"https:\/\/softwarekaufen24.de\/microsoft-excel\/\" target=\"_blank\" rel=\"nofollow noopener\">y<\/a>\u00a0PowerPoint\u00a0<a title=\"Microsoft Excel \" href=\"https:\/\/softwarekaufen24.de\/microsoft-excel\/\" target=\"_blank\" rel=\"nofollow noopener\">facilita<\/a>\u00a0intercambio de datos y colaboraci\u00f3n. Funciones como la correcci\u00f3n ortogr\u00e1fica y gramatical, la autocorrecci\u00f3n y el tesauro mejoran la calidad del texto y ahorran tiempo. Adem\u00e1s, servicios basados en la nube como OneDrive permiten almacenar, compartir y colaborar en documentos en tiempo real, independientemente de la ubicaci\u00f3n de las personas implicadas. Todas estas caracter\u00edsticas hacen de Microsoft Word 2024 una potente herramienta para trabajar de forma eficiente y eficaz.<\/p>\n<p>Requisitos del sistema<\/p>\n<h4>Sistema operativo: Windows 11, Windows 10, Windows 11 LTSC 2024, Windows 10 LTSC 2021, Windows 10 LTSC 2019, Windows Server 2025 o Windows Server 2022.<\/h4>\n<p>Procesador: 2 GHz o m\u00e1s, 4 n\u00facleos<\/p>\n<p>RAM: 8 GB para 64 bits<\/p>\n<p>Espacio en disco duro: 10 GB de memoria disponible<\/p>\n<p>Resoluci\u00f3n de pantalla: 1920 x 1080 p\u00edxeles<\/p>\n<p>Conexi\u00f3n a Internet: se recomienda conexi\u00f3n de banda ancha de alta velocidad<\/p>\n<p>Office para Mac es compatible con las tres \u00faltimas versiones de macOS. A medida que las nuevas versiones principales de macOS est\u00e9n disponibles de forma generalizada, Microsoft dejar\u00e1 de ofrecer compatibilidad con la versi\u00f3n m\u00e1s antigua y ofrecer\u00e1 compatibilidad con las versiones m\u00e1s recientes y anteriores de macOS.<\/p>","protected":false},"excerpt":{"rendered":"<p>Compre hoy mismo su clave de activaci\u00f3n original y reciba por correo electr\u00f3nico su enlace de descarga ultrarr\u00e1pida de Microsoft y su clave de activaci\u00f3n exclusiva.<\/p>\n<p>- Obtenga su c\u00f3digo de activaci\u00f3n.<br \/>\n- Llave original 100%<br \/>\n- Autorizado para la venta en Europa<br \/>\n- Idiomas: multiling\u00fce<\/p>","protected":false},"featured_media":55725,"comment_status":"closed","ping_status":"closed","template":"","meta":[],"product_brand":[],"product_cat":[1937],"product_tag":[],"class_list":{"0":"post-54986","1":"product","2":"type-product","3":"status-publish","4":"has-post-thumbnail","6":"product_cat-programmes-office-pour-windows","8":"first","9":"instock","10":"sale","11":"taxable","12":"shipping-taxable","13":"purchasable","14":"product-type-simple","15":"czr-hentry"},"yoast_head":"<!-- This site is optimized with the Yoast SEO plugin v27.4 - https:\/\/yoast.com\/product\/yoast-seo-wordpress\/ -->\n<title>Microsoft Word 2024 Windows\/Mac - Alfa Descompte<\/title>\n<meta name=\"robots\" content=\"index, follow, max-snippet:-1, max-image-preview:large, max-video-preview:-1\" \/>\n<link rel=\"canonical\" href=\"https:\/\/alfadescompte.ad\/es\/producto-2\/microsoft-word-2024-windows-mac\/\" \/>\n<meta property=\"og:locale\" content=\"es_ES\" \/>\n<meta property=\"og:type\" content=\"article\" \/>\n<meta property=\"og:title\" content=\"Microsoft Word 2024 Windows\/Mac - Alfa Descompte\" \/>\n<meta property=\"og:description\" content=\"Achetez aujourd\u2019hui votre cl\u00e9 d\u2019activation originale et recevez par mail votre lien de t\u00e9l\u00e9chargement ultra rapide de Microsoft ainsi que sa cl\u00e9 unique d\u2019activation..  \u2013 Obtenir votre code d\u2019activation. \u2013 Cl\u00e9 100% authentique \u2013 Vente autoris\u00e9e en Europe \u2013 Langues: Multi-langue\" \/>\n<meta property=\"og:url\" content=\"https:\/\/alfadescompte.ad\/es\/producto-2\/microsoft-word-2024-windows-mac\/\" \/>\n<meta property=\"og:site_name\" content=\"Alfa Descompte\" \/>\n<meta property=\"article:modified_time\" content=\"2026-03-03T16:16:27+00:00\" \/>\n<meta property=\"og:image\" content=\"https:\/\/alfadescompte.ad\/wp-content\/uploads\/2024\/12\/ChatGPT-Image-27-fevr.-2026-09_15_23.png\" \/>\n\t<meta property=\"og:image:width\" content=\"1024\" \/>\n\t<meta property=\"og:image:height\" content=\"1024\" \/>\n\t<meta property=\"og:image:type\" content=\"image\/png\" \/>\n<meta name=\"twitter:card\" content=\"summary_large_image\" \/>\n<meta name=\"twitter:label1\" content=\"Tiempo de lectura\" \/>\n\t<meta name=\"twitter:data1\" content=\"4 minutos\" \/>\n<script type=\"application\/ld+json\" class=\"yoast-schema-graph\">{\"@context\":\"https:\\\/\\\/schema.org\",\"@graph\":[{\"@type\":\"WebPage\",\"@id\":\"https:\\\/\\\/alfadescompte.ad\\\/produit\\\/microsoft-word-2024-windows-mac\\\/\",\"url\":\"https:\\\/\\\/alfadescompte.ad\\\/produit\\\/microsoft-word-2024-windows-mac\\\/\",\"name\":\"Microsoft Word 2024 Windows\\\/Mac - Alfa Descompte\",\"isPartOf\":{\"@id\":\"https:\\\/\\\/alfadescompte.ad\\\/#website\"},\"primaryImageOfPage\":{\"@id\":\"https:\\\/\\\/alfadescompte.ad\\\/produit\\\/microsoft-word-2024-windows-mac\\\/#primaryimage\"},\"image\":{\"@id\":\"https:\\\/\\\/alfadescompte.ad\\\/produit\\\/microsoft-word-2024-windows-mac\\\/#primaryimage\"},\"thumbnailUrl\":\"https:\\\/\\\/alfadescompte.ad\\\/wp-content\\\/uploads\\\/2024\\\/12\\\/ChatGPT-Image-27-fevr.-2026-09_15_23.png\",\"datePublished\":\"2024-12-20T09:28:26+00:00\",\"dateModified\":\"2026-03-03T16:16:27+00:00\",\"breadcrumb\":{\"@id\":\"https:\\\/\\\/alfadescompte.ad\\\/produit\\\/microsoft-word-2024-windows-mac\\\/#breadcrumb\"},\"inLanguage\":\"es\",\"potentialAction\":[{\"@type\":\"ReadAction\",\"target\":[\"https:\\\/\\\/alfadescompte.ad\\\/produit\\\/microsoft-word-2024-windows-mac\\\/\"]}]},{\"@type\":\"ImageObject\",\"inLanguage\":\"es\",\"@id\":\"https:\\\/\\\/alfadescompte.ad\\\/produit\\\/microsoft-word-2024-windows-mac\\\/#primaryimage\",\"url\":\"https:\\\/\\\/alfadescompte.ad\\\/wp-content\\\/uploads\\\/2024\\\/12\\\/ChatGPT-Image-27-fevr.-2026-09_15_23.png\",\"contentUrl\":\"https:\\\/\\\/alfadescompte.ad\\\/wp-content\\\/uploads\\\/2024\\\/12\\\/ChatGPT-Image-27-fevr.-2026-09_15_23.png\",\"width\":1024,\"height\":1024},{\"@type\":\"BreadcrumbList\",\"@id\":\"https:\\\/\\\/alfadescompte.ad\\\/produit\\\/microsoft-word-2024-windows-mac\\\/#breadcrumb\",\"itemListElement\":[{\"@type\":\"ListItem\",\"position\":1,\"name\":\"Accueil\",\"item\":\"https:\\\/\\\/alfadescompte.ad\\\/fr\\\/\"},{\"@type\":\"ListItem\",\"position\":2,\"name\":\"Boutique\",\"item\":\"https:\\\/\\\/alfadescompte.ad\\\/en\\\/boutique\\\/\"},{\"@type\":\"ListItem\",\"position\":3,\"name\":\"Microsoft Word 2024 Windows\\\/Mac\"}]},{\"@type\":\"WebSite\",\"@id\":\"https:\\\/\\\/alfadescompte.ad\\\/#website\",\"url\":\"https:\\\/\\\/alfadescompte.ad\\\/\",\"name\":\"Alfa Descompte\",\"description\":\"\",\"publisher\":{\"@id\":\"https:\\\/\\\/alfadescompte.ad\\\/#organization\"},\"potentialAction\":[{\"@type\":\"SearchAction\",\"target\":{\"@type\":\"EntryPoint\",\"urlTemplate\":\"https:\\\/\\\/alfadescompte.ad\\\/?s={search_term_string}\"},\"query-input\":{\"@type\":\"PropertyValueSpecification\",\"valueRequired\":true,\"valueName\":\"search_term_string\"}}],\"inLanguage\":\"es\"},{\"@type\":\"Organization\",\"@id\":\"https:\\\/\\\/alfadescompte.ad\\\/#organization\",\"name\":\"Alfa Descompte\",\"url\":\"https:\\\/\\\/alfadescompte.ad\\\/\",\"logo\":{\"@type\":\"ImageObject\",\"inLanguage\":\"es\",\"@id\":\"https:\\\/\\\/alfadescompte.ad\\\/#\\\/schema\\\/logo\\\/image\\\/\",\"url\":\"https:\\\/\\\/alfadescompte.ad\\\/wp-content\\\/uploads\\\/2022\\\/04\\\/cropped-logo-alfa-1-1.png\",\"contentUrl\":\"https:\\\/\\\/alfadescompte.ad\\\/wp-content\\\/uploads\\\/2022\\\/04\\\/cropped-logo-alfa-1-1.png\",\"width\":424,\"height\":128,\"caption\":\"Alfa Descompte\"},\"image\":{\"@id\":\"https:\\\/\\\/alfadescompte.ad\\\/#\\\/schema\\\/logo\\\/image\\\/\"}}]}<\/script>\n<!-- \/ Yoast SEO plugin. -->","yoast_head_json":{"title":"Microsoft Word 2024 Windows\/Mac - Alfa Descompte","robots":{"index":"index","follow":"follow","max-snippet":"max-snippet:-1","max-image-preview":"max-image-preview:large","max-video-preview":"max-video-preview:-1"},"canonical":"https:\/\/alfadescompte.ad\/es\/producto-2\/microsoft-word-2024-windows-mac\/","og_locale":"es_ES","og_type":"article","og_title":"Microsoft Word 2024 Windows\/Mac - Alfa Descompte","og_description":"Achetez aujourd\u2019hui votre cl\u00e9 d\u2019activation originale et recevez par mail votre lien de t\u00e9l\u00e9chargement ultra rapide de Microsoft ainsi que sa cl\u00e9 unique d\u2019activation..  \u2013 Obtenir votre code d\u2019activation. \u2013 Cl\u00e9 100% authentique \u2013 Vente autoris\u00e9e en Europe \u2013 Langues: Multi-langue","og_url":"https:\/\/alfadescompte.ad\/es\/producto-2\/microsoft-word-2024-windows-mac\/","og_site_name":"Alfa Descompte","article_modified_time":"2026-03-03T16:16:27+00:00","og_image":[{"width":1024,"height":1024,"url":"https:\/\/alfadescompte.ad\/wp-content\/uploads\/2024\/12\/ChatGPT-Image-27-fevr.-2026-09_15_23.png","type":"image\/png"}],"twitter_card":"summary_large_image","twitter_misc":{"Tiempo de lectura":"4 minutos"},"schema":{"@context":"https:\/\/schema.org","@graph":[{"@type":"WebPage","@id":"https:\/\/alfadescompte.ad\/produit\/microsoft-word-2024-windows-mac\/","url":"https:\/\/alfadescompte.ad\/produit\/microsoft-word-2024-windows-mac\/","name":"Microsoft Word 2024 Windows\/Mac - Alfa Descompte","isPartOf":{"@id":"https:\/\/alfadescompte.ad\/#website"},"primaryImageOfPage":{"@id":"https:\/\/alfadescompte.ad\/produit\/microsoft-word-2024-windows-mac\/#primaryimage"},"image":{"@id":"https:\/\/alfadescompte.ad\/produit\/microsoft-word-2024-windows-mac\/#primaryimage"},"thumbnailUrl":"https:\/\/alfadescompte.ad\/wp-content\/uploads\/2024\/12\/ChatGPT-Image-27-fevr.-2026-09_15_23.png","datePublished":"2024-12-20T09:28:26+00:00","dateModified":"2026-03-03T16:16:27+00:00","breadcrumb":{"@id":"https:\/\/alfadescompte.ad\/produit\/microsoft-word-2024-windows-mac\/#breadcrumb"},"inLanguage":"es","potentialAction":[{"@type":"ReadAction","target":["https:\/\/alfadescompte.ad\/produit\/microsoft-word-2024-windows-mac\/"]}]},{"@type":"ImageObject","inLanguage":"es","@id":"https:\/\/alfadescompte.ad\/produit\/microsoft-word-2024-windows-mac\/#primaryimage","url":"https:\/\/alfadescompte.ad\/wp-content\/uploads\/2024\/12\/ChatGPT-Image-27-fevr.-2026-09_15_23.png","contentUrl":"https:\/\/alfadescompte.ad\/wp-content\/uploads\/2024\/12\/ChatGPT-Image-27-fevr.-2026-09_15_23.png","width":1024,"height":1024},{"@type":"BreadcrumbList","@id":"https:\/\/alfadescompte.ad\/produit\/microsoft-word-2024-windows-mac\/#breadcrumb","itemListElement":[{"@type":"ListItem","position":1,"name":"Accueil","item":"https:\/\/alfadescompte.ad\/fr\/"},{"@type":"ListItem","position":2,"name":"Boutique","item":"https:\/\/alfadescompte.ad\/en\/boutique\/"},{"@type":"ListItem","position":3,"name":"Microsoft Word 2024 Windows\/Mac"}]},{"@type":"WebSite","@id":"https:\/\/alfadescompte.ad\/#website","url":"https:\/\/alfadescompte.ad\/","name":"Alfa Descompte","description":"","publisher":{"@id":"https:\/\/alfadescompte.ad\/#organization"},"potentialAction":[{"@type":"SearchAction","target":{"@type":"EntryPoint","urlTemplate":"https:\/\/alfadescompte.ad\/?s={search_term_string}"},"query-input":{"@type":"PropertyValueSpecification","valueRequired":true,"valueName":"search_term_string"}}],"inLanguage":"es"},{"@type":"Organization","@id":"https:\/\/alfadescompte.ad\/#organization","name":"Alfa Descompte","url":"https:\/\/alfadescompte.ad\/","logo":{"@type":"ImageObject","inLanguage":"es","@id":"https:\/\/alfadescompte.ad\/#\/schema\/logo\/image\/","url":"https:\/\/alfadescompte.ad\/wp-content\/uploads\/2022\/04\/cropped-logo-alfa-1-1.png","contentUrl":"https:\/\/alfadescompte.ad\/wp-content\/uploads\/2022\/04\/cropped-logo-alfa-1-1.png","width":424,"height":128,"caption":"Alfa Descompte"},"image":{"@id":"https:\/\/alfadescompte.ad\/#\/schema\/logo\/image\/"}}]}},"_links":{"self":[{"href":"https:\/\/alfadescompte.ad\/es\/wp-json\/wp\/v2\/product\/54986","targetHints":{"allow":["GET"]}}],"collection":[{"href":"https:\/\/alfadescompte.ad\/es\/wp-json\/wp\/v2\/product"}],"about":[{"href":"https:\/\/alfadescompte.ad\/es\/wp-json\/wp\/v2\/types\/product"}],"replies":[{"embeddable":true,"href":"https:\/\/alfadescompte.ad\/es\/wp-json\/wp\/v2\/comments?post=54986"}],"wp:featuredmedia":[{"embeddable":true,"href":"https:\/\/alfadescompte.ad\/es\/wp-json\/wp\/v2\/media\/55725"}],"wp:attachment":[{"href":"https:\/\/alfadescompte.ad\/es\/wp-json\/wp\/v2\/media?parent=54986"}],"wp:term":[{"taxonomy":"product_brand","embeddable":true,"href":"https:\/\/alfadescompte.ad\/es\/wp-json\/wp\/v2\/product_brand?post=54986"},{"taxonomy":"product_cat","embeddable":true,"href":"https:\/\/alfadescompte.ad\/es\/wp-json\/wp\/v2\/product_cat?post=54986"},{"taxonomy":"product_tag","embeddable":true,"href":"https:\/\/alfadescompte.ad\/es\/wp-json\/wp\/v2\/product_tag?post=54986"}],"curies":[{"name":"wp","href":"https:\/\/api.w.org\/{rel}","templated":true}]}}