{"id":54991,"date":"2024-12-20T10:33:26","date_gmt":"2024-12-20T09:33:26","guid":{"rendered":"https:\/\/alfadescompte.ad\/?post_type=product&#038;p=54991"},"modified":"2026-03-03T17:16:18","modified_gmt":"2026-03-03T16:16:18","slug":"microsoft-outlook-windows-mac","status":"publish","type":"product","link":"https:\/\/alfadescompte.ad\/es\/producto-2\/microsoft-outlook-windows-mac\/","title":{"rendered":"Microsoft Outlook Windows\/Mac"},"content":{"rendered":"<h3>Microsoft Outlook 2024: el potente software de gesti\u00f3n del correo electr\u00f3nico<\/h3>\n<p><a title=\"\/punto de vista de microsoft\/ \" href=\"https:\/\/softwarekaufen24.de\/microsoft-outlook\/\" target=\"_blank\" rel=\"nofollow noopener\">Outlook<\/a>\u00a0de Microsoft es un eficaz programa de gesti\u00f3n del correo electr\u00f3nico que facilita el env\u00edo, la recepci\u00f3n, el reenv\u00edo y el archivo de mensajes. Tambi\u00e9n permite crear y gestionar f\u00e1cilmente datos de contacto, calendarios y tareas. Si adquiere Microsoft Outlook 2024, recibir\u00e1 la \u00faltima versi\u00f3n de\u00a0<a title=\"paquetes-microsoft-office\/\" href=\"https:\/\/softwarekaufen24.de\/microsoft-office-pakete\/\" target=\"_blank\" rel=\"nofollow noopener\">Programa de oficina<\/a>\u00a0ampliamente utilizado . Se han realizado una serie de innovaciones y mejoras para dar soporte a la clave de producto Outlook 2024. Esta p\u00e1gina le presenta\u00a0<a title=\"Microsoft\/\" href=\"https:\/\/softwarekaufen24.de\/microsoft\/\" target=\"_blank\" rel=\"nofollow noopener\">Microsoft<\/a>\u00a0Outlook 2024 para Windows como aplicaci\u00f3n\u00a0<a title=\"programa-microsoft-office\/ \" href=\"https:\/\/softwarekaufen24.de\/microsoft-office-programme\/\" target=\"_blank\" rel=\"nofollow noopener\">aut\u00f3nomo<\/a>\u00a0pr\u00e1ctico . Por supuesto, tambi\u00e9n puede comprar software de gesti\u00f3n de correo electr\u00f3nico a trav\u00e9s de\u00a0<a title=\"softwarekaufen24.de\" href=\"https:\/\/softwarekaufen24.de\/\" rel=\"nofollow noopener\">nuestra tienda<\/a>\u00a0como parte de una suite\u00a0<a title=\"Microsoft Office 2024\" href=\"https:\/\/softwarekaufen24.de\/microsoft-office-2024\/\" target=\"_blank\" rel=\"nofollow noopener\">Oficina 2024<\/a>\u00a0.<\/p>\n<h3>Panorama de las innovaciones en 2024<\/h3>\n<p>Outlook 2024 viene con una interfaz m\u00e1s moderna que destaca sobre todo en\u00a0<a title=\"ventanas-11\/\" href=\"https:\/\/softwarekaufen24.de\/windows-11\/\" target=\"_blank\" rel=\"nofollow noopener\">Windows 11<\/a>\u00a0y optimiza la experiencia del usuario en\u00a0<a title=\"ventanas-10\/\" href=\"https:\/\/softwarekaufen24.de\/windows-10\/\" target=\"_blank\" rel=\"nofollow noopener\">Windows 10<\/a>\u00a0. Aplicando sistem\u00e1ticamente los principios del dise\u00f1o fluido,\u00a0<a title=\"logicielkaufen24.de\/microsoft\/\" href=\"https:\/\/softwarekaufen24.de\/microsoft\/\" target=\"_blank\" rel=\"nofollow noopener\">Microsoft<\/a>\u00a0ha creado una interfaz de usuario intuitiva y familiar. Las nuevas funciones de Outlook 2024 incluyen herramientas de accesibilidad mejoradas que hacen que el software sea m\u00e1s accesible. Microsoft tambi\u00e9n ha integrado nuevas funciones optimizadas que ofrecen a los usuarios una mayor flexibilidad a la hora de crear y gestionar reuniones. Dependiendo de la duraci\u00f3n de las reuniones, las pausas entre llamadas pueden acortarse autom\u00e1ticamente. Tambi\u00e9n se ha mejorado la funci\u00f3n de b\u00fasqueda en Outlook 2024. Ahora se pueden encontrar m\u00e1s r\u00e1pidamente mensajes, archivos adjuntos, contactos y entradas de calendario. A medida que se escribe, aparecen inmediatamente las sugerencias m\u00e1s relevantes.<\/p>\n<h3>Compre Outlook 2024 y trabaje de forma m\u00e1s eficiente<\/h3>\n<p>Con unos pocos clics, puede crear nuevos mensajes de correo electr\u00f3nico desde otros programas como\u00a0<a title=\"Microsoft Word\/\" href=\"https:\/\/softwarekaufen24.de\/microsoft-word\/\" target=\"_blank\" rel=\"nofollow noopener\">Palabra<\/a>\u00a0,\u00a0<a title=\"Microsoft Excel\" href=\"https:\/\/softwarekaufen24.de\/microsoft-excel\" target=\"_blank\" rel=\"nofollow noopener\">Excel<\/a>\u00a0y\u00a0<a title=\"Microsoft Powerpoint\/\" href=\"https:\/\/softwarekaufen24.de\/microsoft-powerpoint\/\" target=\"_blank\" rel=\"nofollow noopener\">PowerPoint<\/a>\u00a0y a\u00f1adir archivos adjuntos, que luego se pueden enviar f\u00e1cilmente con el programa de gesti\u00f3n de correo electr\u00f3nico Outlook 2024. Si adquiere\u00a0<a title=\"Microsoft Outlook\/\" href=\"https:\/\/softwarekaufen24.de\/microsoft-outlook\/\" target=\"_blank\" rel=\"nofollow noopener\">Microsoft Outlook<\/a>\u00a0a bajo coste a trav\u00e9s de nuestra tienda, se beneficiar\u00e1 de la posibilidad de utilizar firmas definibles individualmente para sus mensajes. Los campos de votaci\u00f3n tambi\u00e9n le permiten obtener comentarios espec\u00edficos sobre sus mensajes de correo electr\u00f3nico. Los mensajes pueden convertirse f\u00e1cilmente a formato HTML o de texto enriquecido, lo que permite utilizar diversas opciones de formato para mejorar visualmente el contenido. Outlook 2024 tambi\u00e9n ofrece amplias funciones de calendario que facilitan la planificaci\u00f3n y organizaci\u00f3n de reuniones. Si adquiere la versi\u00f3n completa de Outlook 2024 en nuestra tienda en l\u00ednea, podr\u00e1 trabajar con eficacia tanto en casa como en la oficina.<\/p>\n<h3>Por qu\u00e9 comprar Outlook 2024<\/h3>\n<p>Microsoft Outlook 2024 ofrece una serie de ventajas que mejorar\u00e1n considerablemente la gesti\u00f3n de su correo electr\u00f3nico y sus flujos de trabajo cotidianos. La moderna e intuitiva interfaz de usuario facilita el env\u00edo, la recepci\u00f3n, el reenv\u00edo y el archivado de mensajes. Gracias a la funci\u00f3n de b\u00fasqueda mejorada, ahora puedes encontrar tus correos electr\u00f3nicos, archivos adjuntos, contactos y entradas de calendario a\u00fan m\u00e1s r\u00e1pidamente, ya que las sugerencias relevantes aparecen tan pronto como las escribes. La funcionalidad de calendario ampliada facilita la planificaci\u00f3n y organizaci\u00f3n de reuniones, mientras que las nuevas caracter\u00edsticas ofrecen una mayor flexibilidad. Consiga hoy mismo su licencia de Outlook 2024 con una relaci\u00f3n calidad-precio excepcional.<\/p>\n<p>Nota: Si ya tiene instalado un paquete Office, le rogamos que se ponga en contacto con nosotros brevemente por tel\u00e9fono antes de realizar la compra. As\u00ed podremos comprobar la compatibilidad y garantizar una instalaci\u00f3n sin problemas.<\/p>\n<p>Requisitos del sistema<\/p>\n<h4>Sistema operativo: Windows 11, Windows 10, Windows 11 LTSC 2024, Windows 10 LTSC 2021, Windows 10 LTSC 2019, Windows Server 2025 o Windows Server 2022.<\/h4>\n<p>Procesador: 2 GHz o m\u00e1s, 4 n\u00facleos<\/p>\n<p>RAM: 8 GB para 64 bits<\/p>\n<p>Espacio en disco duro: 10 GB de memoria disponible<\/p>\n<p>Resoluci\u00f3n de pantalla: 1920 x 1080 p\u00edxeles<\/p>\n<p>Conexi\u00f3n a Internet: se recomienda conexi\u00f3n de banda ancha de alta velocidad<\/p>\n<p>Office para Mac es compatible con las tres \u00faltimas versiones de macOS. A medida que las nuevas versiones principales de macOS est\u00e9n disponibles de forma generalizada, Microsoft dejar\u00e1 de ofrecer compatibilidad con la versi\u00f3n m\u00e1s antigua y ofrecer\u00e1 compatibilidad con las versiones m\u00e1s recientes y anteriores de macOS.<\/p>","protected":false},"excerpt":{"rendered":"<p>Compre hoy mismo su clave de activaci\u00f3n original y reciba por correo electr\u00f3nico su enlace de descarga ultrarr\u00e1pida de Microsoft y su clave de activaci\u00f3n exclusiva.<\/p>\n<p>- Obtenga su c\u00f3digo de activaci\u00f3n.<br \/>\n- Llave original 100%<br \/>\n- Autorizado para la venta en Europa<br \/>\n- Idiomas: multiling\u00fce<\/p>","protected":false},"featured_media":55724,"comment_status":"closed","ping_status":"closed","template":"","meta":[],"product_brand":[],"product_cat":[1937],"product_tag":[],"class_list":{"0":"post-54991","1":"product","2":"type-product","3":"status-publish","4":"has-post-thumbnail","6":"product_cat-programmes-office-pour-windows","8":"first","9":"instock","10":"sale","11":"taxable","12":"shipping-taxable","13":"purchasable","14":"product-type-simple","15":"czr-hentry"},"yoast_head":"<!-- This site is optimized with the Yoast SEO plugin v27.4 - https:\/\/yoast.com\/product\/yoast-seo-wordpress\/ -->\n<title>Microsoft Outlook Windows\/Mac - Alfa Descompte<\/title>\n<meta name=\"robots\" content=\"index, follow, max-snippet:-1, max-image-preview:large, max-video-preview:-1\" \/>\n<link rel=\"canonical\" href=\"https:\/\/alfadescompte.ad\/es\/producto-2\/microsoft-outlook-windows-mac\/\" \/>\n<meta property=\"og:locale\" content=\"es_ES\" \/>\n<meta property=\"og:type\" content=\"article\" \/>\n<meta property=\"og:title\" content=\"Microsoft Outlook Windows\/Mac - Alfa Descompte\" \/>\n<meta property=\"og:description\" content=\"Achetez aujourd\u2019hui votre cl\u00e9 d\u2019activation originale et recevez par mail votre lien de t\u00e9l\u00e9chargement ultra rapide de Microsoft ainsi que sa cl\u00e9 unique d\u2019activation..  \u2013 Obtenir votre code d\u2019activation. \u2013 Cl\u00e9 100% authentique \u2013 Vente autoris\u00e9e en Europe \u2013 Langues: Multi-langue\" \/>\n<meta property=\"og:url\" content=\"https:\/\/alfadescompte.ad\/es\/producto-2\/microsoft-outlook-windows-mac\/\" \/>\n<meta property=\"og:site_name\" content=\"Alfa Descompte\" \/>\n<meta property=\"article:modified_time\" content=\"2026-03-03T16:16:18+00:00\" \/>\n<meta property=\"og:image\" content=\"https:\/\/alfadescompte.ad\/wp-content\/uploads\/2024\/12\/ChatGPT-Image-27-fevr.-2026-09_11_44.png\" \/>\n\t<meta property=\"og:image:width\" content=\"1024\" \/>\n\t<meta property=\"og:image:height\" content=\"1024\" \/>\n\t<meta property=\"og:image:type\" content=\"image\/png\" \/>\n<meta name=\"twitter:card\" content=\"summary_large_image\" \/>\n<meta name=\"twitter:label1\" content=\"Tiempo de lectura\" \/>\n\t<meta name=\"twitter:data1\" content=\"4 minutos\" \/>\n<script type=\"application\/ld+json\" class=\"yoast-schema-graph\">{\"@context\":\"https:\\\/\\\/schema.org\",\"@graph\":[{\"@type\":\"WebPage\",\"@id\":\"https:\\\/\\\/alfadescompte.ad\\\/produit\\\/microsoft-outlook-windows-mac\\\/\",\"url\":\"https:\\\/\\\/alfadescompte.ad\\\/produit\\\/microsoft-outlook-windows-mac\\\/\",\"name\":\"Microsoft Outlook Windows\\\/Mac - Alfa Descompte\",\"isPartOf\":{\"@id\":\"https:\\\/\\\/alfadescompte.ad\\\/#website\"},\"primaryImageOfPage\":{\"@id\":\"https:\\\/\\\/alfadescompte.ad\\\/produit\\\/microsoft-outlook-windows-mac\\\/#primaryimage\"},\"image\":{\"@id\":\"https:\\\/\\\/alfadescompte.ad\\\/produit\\\/microsoft-outlook-windows-mac\\\/#primaryimage\"},\"thumbnailUrl\":\"https:\\\/\\\/alfadescompte.ad\\\/wp-content\\\/uploads\\\/2024\\\/12\\\/ChatGPT-Image-27-fevr.-2026-09_11_44.png\",\"datePublished\":\"2024-12-20T09:33:26+00:00\",\"dateModified\":\"2026-03-03T16:16:18+00:00\",\"breadcrumb\":{\"@id\":\"https:\\\/\\\/alfadescompte.ad\\\/produit\\\/microsoft-outlook-windows-mac\\\/#breadcrumb\"},\"inLanguage\":\"es\",\"potentialAction\":[{\"@type\":\"ReadAction\",\"target\":[\"https:\\\/\\\/alfadescompte.ad\\\/produit\\\/microsoft-outlook-windows-mac\\\/\"]}]},{\"@type\":\"ImageObject\",\"inLanguage\":\"es\",\"@id\":\"https:\\\/\\\/alfadescompte.ad\\\/produit\\\/microsoft-outlook-windows-mac\\\/#primaryimage\",\"url\":\"https:\\\/\\\/alfadescompte.ad\\\/wp-content\\\/uploads\\\/2024\\\/12\\\/ChatGPT-Image-27-fevr.-2026-09_11_44.png\",\"contentUrl\":\"https:\\\/\\\/alfadescompte.ad\\\/wp-content\\\/uploads\\\/2024\\\/12\\\/ChatGPT-Image-27-fevr.-2026-09_11_44.png\",\"width\":1024,\"height\":1024},{\"@type\":\"BreadcrumbList\",\"@id\":\"https:\\\/\\\/alfadescompte.ad\\\/produit\\\/microsoft-outlook-windows-mac\\\/#breadcrumb\",\"itemListElement\":[{\"@type\":\"ListItem\",\"position\":1,\"name\":\"Accueil\",\"item\":\"https:\\\/\\\/alfadescompte.ad\\\/fr\\\/\"},{\"@type\":\"ListItem\",\"position\":2,\"name\":\"Boutique\",\"item\":\"https:\\\/\\\/alfadescompte.ad\\\/en\\\/boutique\\\/\"},{\"@type\":\"ListItem\",\"position\":3,\"name\":\"Microsoft Outlook Windows\\\/Mac\"}]},{\"@type\":\"WebSite\",\"@id\":\"https:\\\/\\\/alfadescompte.ad\\\/#website\",\"url\":\"https:\\\/\\\/alfadescompte.ad\\\/\",\"name\":\"Alfa Descompte\",\"description\":\"\",\"publisher\":{\"@id\":\"https:\\\/\\\/alfadescompte.ad\\\/#organization\"},\"potentialAction\":[{\"@type\":\"SearchAction\",\"target\":{\"@type\":\"EntryPoint\",\"urlTemplate\":\"https:\\\/\\\/alfadescompte.ad\\\/?s={search_term_string}\"},\"query-input\":{\"@type\":\"PropertyValueSpecification\",\"valueRequired\":true,\"valueName\":\"search_term_string\"}}],\"inLanguage\":\"es\"},{\"@type\":\"Organization\",\"@id\":\"https:\\\/\\\/alfadescompte.ad\\\/#organization\",\"name\":\"Alfa Descompte\",\"url\":\"https:\\\/\\\/alfadescompte.ad\\\/\",\"logo\":{\"@type\":\"ImageObject\",\"inLanguage\":\"es\",\"@id\":\"https:\\\/\\\/alfadescompte.ad\\\/#\\\/schema\\\/logo\\\/image\\\/\",\"url\":\"https:\\\/\\\/alfadescompte.ad\\\/wp-content\\\/uploads\\\/2022\\\/04\\\/cropped-logo-alfa-1-1.png\",\"contentUrl\":\"https:\\\/\\\/alfadescompte.ad\\\/wp-content\\\/uploads\\\/2022\\\/04\\\/cropped-logo-alfa-1-1.png\",\"width\":424,\"height\":128,\"caption\":\"Alfa Descompte\"},\"image\":{\"@id\":\"https:\\\/\\\/alfadescompte.ad\\\/#\\\/schema\\\/logo\\\/image\\\/\"}}]}<\/script>\n<!-- \/ Yoast SEO plugin. -->","yoast_head_json":{"title":"Microsoft Outlook Windows\/Mac - Alfa Descompte","robots":{"index":"index","follow":"follow","max-snippet":"max-snippet:-1","max-image-preview":"max-image-preview:large","max-video-preview":"max-video-preview:-1"},"canonical":"https:\/\/alfadescompte.ad\/es\/producto-2\/microsoft-outlook-windows-mac\/","og_locale":"es_ES","og_type":"article","og_title":"Microsoft Outlook Windows\/Mac - Alfa Descompte","og_description":"Achetez aujourd\u2019hui votre cl\u00e9 d\u2019activation originale et recevez par mail votre lien de t\u00e9l\u00e9chargement ultra rapide de Microsoft ainsi que sa cl\u00e9 unique d\u2019activation..  \u2013 Obtenir votre code d\u2019activation. \u2013 Cl\u00e9 100% authentique \u2013 Vente autoris\u00e9e en Europe \u2013 Langues: Multi-langue","og_url":"https:\/\/alfadescompte.ad\/es\/producto-2\/microsoft-outlook-windows-mac\/","og_site_name":"Alfa Descompte","article_modified_time":"2026-03-03T16:16:18+00:00","og_image":[{"width":1024,"height":1024,"url":"https:\/\/alfadescompte.ad\/wp-content\/uploads\/2024\/12\/ChatGPT-Image-27-fevr.-2026-09_11_44.png","type":"image\/png"}],"twitter_card":"summary_large_image","twitter_misc":{"Tiempo de lectura":"4 minutos"},"schema":{"@context":"https:\/\/schema.org","@graph":[{"@type":"WebPage","@id":"https:\/\/alfadescompte.ad\/produit\/microsoft-outlook-windows-mac\/","url":"https:\/\/alfadescompte.ad\/produit\/microsoft-outlook-windows-mac\/","name":"Microsoft Outlook Windows\/Mac - Alfa Descompte","isPartOf":{"@id":"https:\/\/alfadescompte.ad\/#website"},"primaryImageOfPage":{"@id":"https:\/\/alfadescompte.ad\/produit\/microsoft-outlook-windows-mac\/#primaryimage"},"image":{"@id":"https:\/\/alfadescompte.ad\/produit\/microsoft-outlook-windows-mac\/#primaryimage"},"thumbnailUrl":"https:\/\/alfadescompte.ad\/wp-content\/uploads\/2024\/12\/ChatGPT-Image-27-fevr.-2026-09_11_44.png","datePublished":"2024-12-20T09:33:26+00:00","dateModified":"2026-03-03T16:16:18+00:00","breadcrumb":{"@id":"https:\/\/alfadescompte.ad\/produit\/microsoft-outlook-windows-mac\/#breadcrumb"},"inLanguage":"es","potentialAction":[{"@type":"ReadAction","target":["https:\/\/alfadescompte.ad\/produit\/microsoft-outlook-windows-mac\/"]}]},{"@type":"ImageObject","inLanguage":"es","@id":"https:\/\/alfadescompte.ad\/produit\/microsoft-outlook-windows-mac\/#primaryimage","url":"https:\/\/alfadescompte.ad\/wp-content\/uploads\/2024\/12\/ChatGPT-Image-27-fevr.-2026-09_11_44.png","contentUrl":"https:\/\/alfadescompte.ad\/wp-content\/uploads\/2024\/12\/ChatGPT-Image-27-fevr.-2026-09_11_44.png","width":1024,"height":1024},{"@type":"BreadcrumbList","@id":"https:\/\/alfadescompte.ad\/produit\/microsoft-outlook-windows-mac\/#breadcrumb","itemListElement":[{"@type":"ListItem","position":1,"name":"Accueil","item":"https:\/\/alfadescompte.ad\/fr\/"},{"@type":"ListItem","position":2,"name":"Boutique","item":"https:\/\/alfadescompte.ad\/en\/boutique\/"},{"@type":"ListItem","position":3,"name":"Microsoft Outlook Windows\/Mac"}]},{"@type":"WebSite","@id":"https:\/\/alfadescompte.ad\/#website","url":"https:\/\/alfadescompte.ad\/","name":"Alfa Descompte","description":"","publisher":{"@id":"https:\/\/alfadescompte.ad\/#organization"},"potentialAction":[{"@type":"SearchAction","target":{"@type":"EntryPoint","urlTemplate":"https:\/\/alfadescompte.ad\/?s={search_term_string}"},"query-input":{"@type":"PropertyValueSpecification","valueRequired":true,"valueName":"search_term_string"}}],"inLanguage":"es"},{"@type":"Organization","@id":"https:\/\/alfadescompte.ad\/#organization","name":"Alfa Descompte","url":"https:\/\/alfadescompte.ad\/","logo":{"@type":"ImageObject","inLanguage":"es","@id":"https:\/\/alfadescompte.ad\/#\/schema\/logo\/image\/","url":"https:\/\/alfadescompte.ad\/wp-content\/uploads\/2022\/04\/cropped-logo-alfa-1-1.png","contentUrl":"https:\/\/alfadescompte.ad\/wp-content\/uploads\/2022\/04\/cropped-logo-alfa-1-1.png","width":424,"height":128,"caption":"Alfa Descompte"},"image":{"@id":"https:\/\/alfadescompte.ad\/#\/schema\/logo\/image\/"}}]}},"_links":{"self":[{"href":"https:\/\/alfadescompte.ad\/es\/wp-json\/wp\/v2\/product\/54991","targetHints":{"allow":["GET"]}}],"collection":[{"href":"https:\/\/alfadescompte.ad\/es\/wp-json\/wp\/v2\/product"}],"about":[{"href":"https:\/\/alfadescompte.ad\/es\/wp-json\/wp\/v2\/types\/product"}],"replies":[{"embeddable":true,"href":"https:\/\/alfadescompte.ad\/es\/wp-json\/wp\/v2\/comments?post=54991"}],"wp:featuredmedia":[{"embeddable":true,"href":"https:\/\/alfadescompte.ad\/es\/wp-json\/wp\/v2\/media\/55724"}],"wp:attachment":[{"href":"https:\/\/alfadescompte.ad\/es\/wp-json\/wp\/v2\/media?parent=54991"}],"wp:term":[{"taxonomy":"product_brand","embeddable":true,"href":"https:\/\/alfadescompte.ad\/es\/wp-json\/wp\/v2\/product_brand?post=54991"},{"taxonomy":"product_cat","embeddable":true,"href":"https:\/\/alfadescompte.ad\/es\/wp-json\/wp\/v2\/product_cat?post=54991"},{"taxonomy":"product_tag","embeddable":true,"href":"https:\/\/alfadescompte.ad\/es\/wp-json\/wp\/v2\/product_tag?post=54991"}],"curies":[{"name":"wp","href":"https:\/\/api.w.org\/{rel}","templated":true}]}}