{"id":54993,"date":"2024-12-20T10:36:09","date_gmt":"2024-12-20T09:36:09","guid":{"rendered":"https:\/\/alfadescompte.ad\/?post_type=product&#038;p=54993"},"modified":"2026-03-03T17:16:09","modified_gmt":"2026-03-03T16:16:09","slug":"microsoft-powerpoint-2024-windows-mac","status":"publish","type":"product","link":"https:\/\/alfadescompte.ad\/es\/producto-2\/microsoft-powerpoint-2024-windows-mac\/","title":{"rendered":"Microsoft PowerPoint 2024 Windows\/Mac"},"content":{"rendered":"<h3>Microsoft PowerPoint 2024: el software de presentaciones de eficacia probada<\/h3>\n<p>PowerPoint 2024 para Windows es una soluci\u00f3n de software repleta de funciones que facilita la creaci\u00f3n de presentaciones impresionantes. Las empresas utilizan el programa para mostrar con claridad informes anuales, objetivos, planes anuales y caracter\u00edsticas de productos. Gracias a una amplia gama de plantillas, se pueden crear nuevas presentaciones de forma r\u00e1pida y sencilla. El dise\u00f1o de las presentaciones puede modificarse y personalizarse ampliamente. Aunque el programa est\u00e1 dirigido principalmente a empresas, aut\u00f3nomos y trabajadores por cuenta propia, los usuarios particulares, escolares y estudiantes tambi\u00e9n se benefician de las diversas opciones que ofrece\u00a0<a title=\"Microsoft Powerpoint\/\" href=\"https:\/\/softwarekaufen24.de\/microsoft-powerpoint\/\" target=\"_blank\" rel=\"nofollow noopener\">PowerPoint<\/a>\u00a02024. Las nuevas y probadas funciones del software garantizan una comunicaci\u00f3n clara de la informaci\u00f3n. Puede adquirir Microsoft\u00a0<a title=\"Microsoft Powerpoint\/\" href=\"https:\/\/softwarekaufen24.de\/microsoft-powerpoint\/\" target=\"_blank\" rel=\"nofollow noopener\">PowerPoint<\/a>\u00a02024 como\u00a0<a title=\"programa-microsoft-office\/ \" href=\"https:\/\/softwarekaufen24.de\/microsoft-office-programme\/\" target=\"_blank\" rel=\"nofollow noopener\">como aplicaci\u00f3n independiente<\/a>\u00a0a trav\u00e9s de esta p\u00e1gina . Por supuesto, se trata de una versi\u00f3n completa. Si necesita programas adicionales de Office como\u00a0<a title=\"Microsoft Word 2024\" href=\"https:\/\/softwarekaufen24.de\/microsoft-word-2024\" target=\"_blank\" rel=\"nofollow noopener\">Palabra 2024<\/a>\u00a0o\u00a0<a title=\"Microsoft Excel 2024\" href=\"https:\/\/softwarekaufen24.de\/microsoft-excel-2024\" target=\"_blank\" rel=\"nofollow noopener\">Excel 2024<\/a>\u00a0Tambi\u00e9n puede comprar a bajo precio\u00a0<a title=\"paquetes-microsoft-office\/\" href=\"https:\/\/softwarekaufen24.de\/microsoft-office-pakete\/\" target=\"_blank\" rel=\"nofollow noopener\">Paquetes de oficina<\/a>\u00a0como\u00a0<a title=\"Microsoft Office 2024 para particulares y empresas\" href=\"https:\/\/softwarekaufen24.de\/microsoft-office-2024-home-and-business\" target=\"_blank\" rel=\"nofollow noopener\">Microsoft Office 2024 Oficina dom\u00e9stica y peque\u00f1a oficina mediante\u00a0<\/a><a title=\"softwarekaufen24.de\" href=\"https:\/\/softwarekaufen24.de\/\" target=\"_blank\" rel=\"nofollow noopener\">nuestra tienda .<\/a><\/p>\n<h3>Las innovaciones de PowerPoint 2024 de un vistazo<\/h3>\n<p>En la nueva versi\u00f3n\u00a0<a title=\"Microsoft Powerpoint\/\" href=\"https:\/\/softwarekaufen24.de\/microsoft-powerpoint\/\" target=\"_blank\" rel=\"nofollow noopener\">PowerPoint<\/a>\u00a02024, puedes integrar la imagen de tu c\u00e1mara en directo en las diapositivas de tu presentaci\u00f3n en tiempo real. Puede aplicar el mismo conjunto de efectos disponibles para im\u00e1genes y otros objetos, incluidos varios formatos, transiciones y estilos. Otra innovaci\u00f3n de PowerPoint 2024 es la posibilidad de a\u00f1adir subt\u00edtulos a los v\u00eddeos y archivos de audio de las presentaciones. Esta funcionalidad adicional mejora la accesibilidad de sus presentaciones para un p\u00fablico m\u00e1s amplio, incluidas las personas con deficiencias auditivas o que no hablan el idioma utilizado en el v\u00eddeo. PowerPoint 2024 tambi\u00e9n te permite capturar toda tu presentaci\u00f3n o diapositivas individuales, incorporando tu voz, notas manuscritas y v\u00eddeo. El contenido grabado se puede exportar y presentar como un archivo de v\u00eddeo. Adem\u00e1s, la integraci\u00f3n de v\u00eddeos de Microsoft Stream alojados en SharePoint puede mejorar a\u00fan m\u00e1s su presentaci\u00f3n, haciendo que sus historias sean a\u00fan m\u00e1s profundas e interactivas.<\/p>\n<h3>Por qu\u00e9 deber\u00eda comprar PowerPoint 2024<\/h3>\n<p>PowerPoint 2024 ofrece una serie de mejoras y nuevas funciones para que sus presentaciones sean a\u00fan m\u00e1s eficaces y atractivas. Con plantillas de dise\u00f1o avanzadas y animaciones innovadoras, puede presentar su contenido de forma creativa y deleitar a su audiencia. La interfaz de usuario mejorada facilita la navegaci\u00f3n y el trabajo. Perfecta integraci\u00f3n con otras aplicaciones de Microsoft Office 2024 como\u00a0<a title=\"Microsoft Word\/\" href=\"https:\/\/softwarekaufen24.de\/microsoft-word\/\" target=\"_blank\" rel=\"nofollow noopener\">Palabra<\/a>\u00a0y\u00a0<a title=\"Microsoft Excel\" href=\"https:\/\/softwarekaufen24.de\/microsoft-excel\/\" target=\"_blank\" rel=\"nofollow noopener\">Excel<\/a>\u00a0le permite integrar datos y contenidos sin esfuerzo. Invierta en una licencia de PowerPoint 2024 para beneficiarse de estas ventajas y llevar sus presentaciones a un nuevo nivel.<\/p>\n<h3>Compra PowerPoint 2024 y utiliza el estudio de grabaci\u00f3n<\/h3>\n<p>En PowerPoint 2024, puede grabar toda su presentaci\u00f3n o una sola diapositiva mientras captura el habla, los gestos de las manos y su presencia en v\u00eddeo. La grabaci\u00f3n final funciona como cualquier otra presentaci\u00f3n y puede reproducirse durante una presentaci\u00f3n de diapositivas o exportarse como archivo de v\u00eddeo. Esto permite a tu p\u00fablico ver tu presentaci\u00f3n no s\u00f3lo como un simple conjunto de diapositivas, sino tambi\u00e9n descubrir tu pasi\u00f3n y personalidad. La funci\u00f3n de grabaci\u00f3n es una versi\u00f3n mejorada de la anterior funci\u00f3n de grabaci\u00f3n de presentaciones de PowerPoint para Windows. Sustituye a la antigua interfaz y ofrece opciones ampliadas para guardar las presentaciones y reproducirlas m\u00e1s tarde. El nuevo bot\u00f3n Grabar se encuentra ahora en un lugar destacado de la barra superior de la aplicaci\u00f3n, justo al lado de los botones Compartir y Presentar en Equipos. Esto facilita el inicio de la grabaci\u00f3n directamente desde la diapositiva actual. La pesta\u00f1a Grabar tambi\u00e9n proporciona todas las opciones que necesitas para grabar tu presentaci\u00f3n de diapositivas. Al comprar PowerPoint 2024, obtendr\u00e1 funciones ampliadas.<\/p>\n<p>Requisitos del sistema<\/p>\n<h4>Sistema operativo: Windows 11, Windows 10, Windows 11 LTSC 2024, Windows 10 LTSC 2021, Windows 10 LTSC 2019, Windows Server 2025 o Windows Server 2022.<\/h4>\n<p>Procesador: 2 GHz o m\u00e1s, 4 n\u00facleos<\/p>\n<p>RAM: 8 GB para 64 bits<\/p>\n<p>Espacio en disco duro: 10 GB de memoria disponible<\/p>\n<p>Resoluci\u00f3n de pantalla: 1920 x 1080 p\u00edxeles<\/p>\n<p>Conexi\u00f3n a Internet: se recomienda conexi\u00f3n de banda ancha de alta velocidad<\/p>\n<p>Office para Mac es compatible con las tres \u00faltimas versiones de macOS. A medida que las nuevas versiones principales de macOS est\u00e9n disponibles de forma generalizada, Microsoft dejar\u00e1 de ofrecer compatibilidad con la versi\u00f3n m\u00e1s antigua y ofrecer\u00e1 compatibilidad con las versiones m\u00e1s recientes y anteriores de macOS.<\/p>","protected":false},"excerpt":{"rendered":"<p>Compre hoy mismo su clave de activaci\u00f3n original y reciba por correo electr\u00f3nico su enlace de descarga ultrarr\u00e1pida de Microsoft y su clave de activaci\u00f3n exclusiva.<\/p>\n<p>- Obtenga su c\u00f3digo de activaci\u00f3n.<br \/>\n- Llave original 100%<br \/>\n- Autorizado para la venta en Europa<br \/>\n- Idiomas: multiling\u00fce<\/p>","protected":false},"featured_media":55723,"comment_status":"closed","ping_status":"closed","template":"","meta":[],"product_brand":[],"product_cat":[1937],"product_tag":[],"class_list":{"0":"post-54993","1":"product","2":"type-product","3":"status-publish","4":"has-post-thumbnail","6":"product_cat-programmes-office-pour-windows","8":"first","9":"instock","10":"sale","11":"taxable","12":"shipping-taxable","13":"purchasable","14":"product-type-simple","15":"czr-hentry"},"yoast_head":"<!-- This site is optimized with the Yoast SEO plugin v27.4 - https:\/\/yoast.com\/product\/yoast-seo-wordpress\/ -->\n<title>Microsoft PowerPoint 2024 Windows\/Mac - Alfa Descompte<\/title>\n<meta name=\"robots\" content=\"index, follow, max-snippet:-1, max-image-preview:large, max-video-preview:-1\" \/>\n<link rel=\"canonical\" href=\"https:\/\/alfadescompte.ad\/es\/producto-2\/microsoft-powerpoint-2024-windows-mac\/\" \/>\n<meta property=\"og:locale\" content=\"es_ES\" \/>\n<meta property=\"og:type\" content=\"article\" \/>\n<meta property=\"og:title\" content=\"Microsoft PowerPoint 2024 Windows\/Mac - Alfa Descompte\" \/>\n<meta property=\"og:description\" content=\"Achetez aujourd\u2019hui votre cl\u00e9 d\u2019activation originale et recevez par mail votre lien de t\u00e9l\u00e9chargement ultra rapide de Microsoft ainsi que sa cl\u00e9 unique d\u2019activation..  \u2013 Obtenir votre code d\u2019activation. \u2013 Cl\u00e9 100% authentique \u2013 Vente autoris\u00e9e en Europe \u2013 Langues: Multi-langue\" \/>\n<meta property=\"og:url\" content=\"https:\/\/alfadescompte.ad\/es\/producto-2\/microsoft-powerpoint-2024-windows-mac\/\" \/>\n<meta property=\"og:site_name\" content=\"Alfa Descompte\" \/>\n<meta property=\"article:modified_time\" content=\"2026-03-03T16:16:09+00:00\" \/>\n<meta property=\"og:image\" content=\"https:\/\/alfadescompte.ad\/wp-content\/uploads\/2024\/12\/ChatGPT-Image-27-fevr.-2026-08_38_23.png\" \/>\n\t<meta property=\"og:image:width\" content=\"1024\" \/>\n\t<meta property=\"og:image:height\" content=\"1024\" \/>\n\t<meta property=\"og:image:type\" content=\"image\/png\" \/>\n<meta name=\"twitter:card\" content=\"summary_large_image\" \/>\n<meta name=\"twitter:label1\" content=\"Tiempo de lectura\" \/>\n\t<meta name=\"twitter:data1\" content=\"4 minutos\" \/>\n<script type=\"application\/ld+json\" class=\"yoast-schema-graph\">{\"@context\":\"https:\\\/\\\/schema.org\",\"@graph\":[{\"@type\":\"WebPage\",\"@id\":\"https:\\\/\\\/alfadescompte.ad\\\/produit\\\/microsoft-powerpoint-2024-windows-mac\\\/\",\"url\":\"https:\\\/\\\/alfadescompte.ad\\\/produit\\\/microsoft-powerpoint-2024-windows-mac\\\/\",\"name\":\"Microsoft PowerPoint 2024 Windows\\\/Mac - Alfa Descompte\",\"isPartOf\":{\"@id\":\"https:\\\/\\\/alfadescompte.ad\\\/#website\"},\"primaryImageOfPage\":{\"@id\":\"https:\\\/\\\/alfadescompte.ad\\\/produit\\\/microsoft-powerpoint-2024-windows-mac\\\/#primaryimage\"},\"image\":{\"@id\":\"https:\\\/\\\/alfadescompte.ad\\\/produit\\\/microsoft-powerpoint-2024-windows-mac\\\/#primaryimage\"},\"thumbnailUrl\":\"https:\\\/\\\/alfadescompte.ad\\\/wp-content\\\/uploads\\\/2024\\\/12\\\/ChatGPT-Image-27-fevr.-2026-08_38_23.png\",\"datePublished\":\"2024-12-20T09:36:09+00:00\",\"dateModified\":\"2026-03-03T16:16:09+00:00\",\"breadcrumb\":{\"@id\":\"https:\\\/\\\/alfadescompte.ad\\\/produit\\\/microsoft-powerpoint-2024-windows-mac\\\/#breadcrumb\"},\"inLanguage\":\"es\",\"potentialAction\":[{\"@type\":\"ReadAction\",\"target\":[\"https:\\\/\\\/alfadescompte.ad\\\/produit\\\/microsoft-powerpoint-2024-windows-mac\\\/\"]}]},{\"@type\":\"ImageObject\",\"inLanguage\":\"es\",\"@id\":\"https:\\\/\\\/alfadescompte.ad\\\/produit\\\/microsoft-powerpoint-2024-windows-mac\\\/#primaryimage\",\"url\":\"https:\\\/\\\/alfadescompte.ad\\\/wp-content\\\/uploads\\\/2024\\\/12\\\/ChatGPT-Image-27-fevr.-2026-08_38_23.png\",\"contentUrl\":\"https:\\\/\\\/alfadescompte.ad\\\/wp-content\\\/uploads\\\/2024\\\/12\\\/ChatGPT-Image-27-fevr.-2026-08_38_23.png\",\"width\":1024,\"height\":1024},{\"@type\":\"BreadcrumbList\",\"@id\":\"https:\\\/\\\/alfadescompte.ad\\\/produit\\\/microsoft-powerpoint-2024-windows-mac\\\/#breadcrumb\",\"itemListElement\":[{\"@type\":\"ListItem\",\"position\":1,\"name\":\"Accueil\",\"item\":\"https:\\\/\\\/alfadescompte.ad\\\/fr\\\/\"},{\"@type\":\"ListItem\",\"position\":2,\"name\":\"Boutique\",\"item\":\"https:\\\/\\\/alfadescompte.ad\\\/en\\\/boutique\\\/\"},{\"@type\":\"ListItem\",\"position\":3,\"name\":\"Microsoft PowerPoint 2024 Windows\\\/Mac\"}]},{\"@type\":\"WebSite\",\"@id\":\"https:\\\/\\\/alfadescompte.ad\\\/#website\",\"url\":\"https:\\\/\\\/alfadescompte.ad\\\/\",\"name\":\"Alfa Descompte\",\"description\":\"\",\"publisher\":{\"@id\":\"https:\\\/\\\/alfadescompte.ad\\\/#organization\"},\"potentialAction\":[{\"@type\":\"SearchAction\",\"target\":{\"@type\":\"EntryPoint\",\"urlTemplate\":\"https:\\\/\\\/alfadescompte.ad\\\/?s={search_term_string}\"},\"query-input\":{\"@type\":\"PropertyValueSpecification\",\"valueRequired\":true,\"valueName\":\"search_term_string\"}}],\"inLanguage\":\"es\"},{\"@type\":\"Organization\",\"@id\":\"https:\\\/\\\/alfadescompte.ad\\\/#organization\",\"name\":\"Alfa Descompte\",\"url\":\"https:\\\/\\\/alfadescompte.ad\\\/\",\"logo\":{\"@type\":\"ImageObject\",\"inLanguage\":\"es\",\"@id\":\"https:\\\/\\\/alfadescompte.ad\\\/#\\\/schema\\\/logo\\\/image\\\/\",\"url\":\"https:\\\/\\\/alfadescompte.ad\\\/wp-content\\\/uploads\\\/2022\\\/04\\\/cropped-logo-alfa-1-1.png\",\"contentUrl\":\"https:\\\/\\\/alfadescompte.ad\\\/wp-content\\\/uploads\\\/2022\\\/04\\\/cropped-logo-alfa-1-1.png\",\"width\":424,\"height\":128,\"caption\":\"Alfa Descompte\"},\"image\":{\"@id\":\"https:\\\/\\\/alfadescompte.ad\\\/#\\\/schema\\\/logo\\\/image\\\/\"}}]}<\/script>\n<!-- \/ Yoast SEO plugin. -->","yoast_head_json":{"title":"Microsoft PowerPoint 2024 Windows\/Mac - Alfa Descompte","robots":{"index":"index","follow":"follow","max-snippet":"max-snippet:-1","max-image-preview":"max-image-preview:large","max-video-preview":"max-video-preview:-1"},"canonical":"https:\/\/alfadescompte.ad\/es\/producto-2\/microsoft-powerpoint-2024-windows-mac\/","og_locale":"es_ES","og_type":"article","og_title":"Microsoft PowerPoint 2024 Windows\/Mac - Alfa Descompte","og_description":"Achetez aujourd\u2019hui votre cl\u00e9 d\u2019activation originale et recevez par mail votre lien de t\u00e9l\u00e9chargement ultra rapide de Microsoft ainsi que sa cl\u00e9 unique d\u2019activation..  \u2013 Obtenir votre code d\u2019activation. \u2013 Cl\u00e9 100% authentique \u2013 Vente autoris\u00e9e en Europe \u2013 Langues: Multi-langue","og_url":"https:\/\/alfadescompte.ad\/es\/producto-2\/microsoft-powerpoint-2024-windows-mac\/","og_site_name":"Alfa Descompte","article_modified_time":"2026-03-03T16:16:09+00:00","og_image":[{"width":1024,"height":1024,"url":"https:\/\/alfadescompte.ad\/wp-content\/uploads\/2024\/12\/ChatGPT-Image-27-fevr.-2026-08_38_23.png","type":"image\/png"}],"twitter_card":"summary_large_image","twitter_misc":{"Tiempo de lectura":"4 minutos"},"schema":{"@context":"https:\/\/schema.org","@graph":[{"@type":"WebPage","@id":"https:\/\/alfadescompte.ad\/produit\/microsoft-powerpoint-2024-windows-mac\/","url":"https:\/\/alfadescompte.ad\/produit\/microsoft-powerpoint-2024-windows-mac\/","name":"Microsoft PowerPoint 2024 Windows\/Mac - Alfa Descompte","isPartOf":{"@id":"https:\/\/alfadescompte.ad\/#website"},"primaryImageOfPage":{"@id":"https:\/\/alfadescompte.ad\/produit\/microsoft-powerpoint-2024-windows-mac\/#primaryimage"},"image":{"@id":"https:\/\/alfadescompte.ad\/produit\/microsoft-powerpoint-2024-windows-mac\/#primaryimage"},"thumbnailUrl":"https:\/\/alfadescompte.ad\/wp-content\/uploads\/2024\/12\/ChatGPT-Image-27-fevr.-2026-08_38_23.png","datePublished":"2024-12-20T09:36:09+00:00","dateModified":"2026-03-03T16:16:09+00:00","breadcrumb":{"@id":"https:\/\/alfadescompte.ad\/produit\/microsoft-powerpoint-2024-windows-mac\/#breadcrumb"},"inLanguage":"es","potentialAction":[{"@type":"ReadAction","target":["https:\/\/alfadescompte.ad\/produit\/microsoft-powerpoint-2024-windows-mac\/"]}]},{"@type":"ImageObject","inLanguage":"es","@id":"https:\/\/alfadescompte.ad\/produit\/microsoft-powerpoint-2024-windows-mac\/#primaryimage","url":"https:\/\/alfadescompte.ad\/wp-content\/uploads\/2024\/12\/ChatGPT-Image-27-fevr.-2026-08_38_23.png","contentUrl":"https:\/\/alfadescompte.ad\/wp-content\/uploads\/2024\/12\/ChatGPT-Image-27-fevr.-2026-08_38_23.png","width":1024,"height":1024},{"@type":"BreadcrumbList","@id":"https:\/\/alfadescompte.ad\/produit\/microsoft-powerpoint-2024-windows-mac\/#breadcrumb","itemListElement":[{"@type":"ListItem","position":1,"name":"Accueil","item":"https:\/\/alfadescompte.ad\/fr\/"},{"@type":"ListItem","position":2,"name":"Boutique","item":"https:\/\/alfadescompte.ad\/en\/boutique\/"},{"@type":"ListItem","position":3,"name":"Microsoft PowerPoint 2024 Windows\/Mac"}]},{"@type":"WebSite","@id":"https:\/\/alfadescompte.ad\/#website","url":"https:\/\/alfadescompte.ad\/","name":"Alfa Descompte","description":"","publisher":{"@id":"https:\/\/alfadescompte.ad\/#organization"},"potentialAction":[{"@type":"SearchAction","target":{"@type":"EntryPoint","urlTemplate":"https:\/\/alfadescompte.ad\/?s={search_term_string}"},"query-input":{"@type":"PropertyValueSpecification","valueRequired":true,"valueName":"search_term_string"}}],"inLanguage":"es"},{"@type":"Organization","@id":"https:\/\/alfadescompte.ad\/#organization","name":"Alfa Descompte","url":"https:\/\/alfadescompte.ad\/","logo":{"@type":"ImageObject","inLanguage":"es","@id":"https:\/\/alfadescompte.ad\/#\/schema\/logo\/image\/","url":"https:\/\/alfadescompte.ad\/wp-content\/uploads\/2022\/04\/cropped-logo-alfa-1-1.png","contentUrl":"https:\/\/alfadescompte.ad\/wp-content\/uploads\/2022\/04\/cropped-logo-alfa-1-1.png","width":424,"height":128,"caption":"Alfa Descompte"},"image":{"@id":"https:\/\/alfadescompte.ad\/#\/schema\/logo\/image\/"}}]}},"_links":{"self":[{"href":"https:\/\/alfadescompte.ad\/es\/wp-json\/wp\/v2\/product\/54993","targetHints":{"allow":["GET"]}}],"collection":[{"href":"https:\/\/alfadescompte.ad\/es\/wp-json\/wp\/v2\/product"}],"about":[{"href":"https:\/\/alfadescompte.ad\/es\/wp-json\/wp\/v2\/types\/product"}],"replies":[{"embeddable":true,"href":"https:\/\/alfadescompte.ad\/es\/wp-json\/wp\/v2\/comments?post=54993"}],"wp:featuredmedia":[{"embeddable":true,"href":"https:\/\/alfadescompte.ad\/es\/wp-json\/wp\/v2\/media\/55723"}],"wp:attachment":[{"href":"https:\/\/alfadescompte.ad\/es\/wp-json\/wp\/v2\/media?parent=54993"}],"wp:term":[{"taxonomy":"product_brand","embeddable":true,"href":"https:\/\/alfadescompte.ad\/es\/wp-json\/wp\/v2\/product_brand?post=54993"},{"taxonomy":"product_cat","embeddable":true,"href":"https:\/\/alfadescompte.ad\/es\/wp-json\/wp\/v2\/product_cat?post=54993"},{"taxonomy":"product_tag","embeddable":true,"href":"https:\/\/alfadescompte.ad\/es\/wp-json\/wp\/v2\/product_tag?post=54993"}],"curies":[{"name":"wp","href":"https:\/\/api.w.org\/{rel}","templated":true}]}}