{"id":54995,"date":"2024-12-20T10:40:15","date_gmt":"2024-12-20T09:40:15","guid":{"rendered":"https:\/\/alfadescompte.ad\/?post_type=product&#038;p=54995"},"modified":"2026-03-03T17:21:10","modified_gmt":"2026-03-03T16:21:10","slug":"microsoft-project-2024-pro-windows","status":"publish","type":"product","link":"https:\/\/alfadescompte.ad\/es\/producto-2\/microsoft-project-2024-pro-windows\/","title":{"rendered":"Microsoft Project 2024 Professional Windows"},"content":{"rendered":"<h3>Microsoft Project 2024 Professional: software eficaz de gesti\u00f3n de proyectos<\/h3>\n<p><a title=\"microsoft-proyecto-2024\/\" href=\"https:\/\/softwarekaufen24.de\/microsoft-project-2024\/\" target=\"_blank\" rel=\"nofollow noopener\">Profesional de proyectos<\/a>\u00a02024 ofrece funciones completas para gestionar proyectos con \u00e9xito. Permite planificar y realizar el seguimiento de los proyectos con plantillas flexibles y potentes herramientas. El software admite la colaboraci\u00f3n en equipo y puede sincronizarse perfectamente con Project Online y Project\u00a0<a title=\"servidor\/\" href=\"https:\/\/softwarekaufen24.de\/server\/\" target=\"_blank\" rel=\"nofollow noopener\">Servidor<\/a>\u00a0. Las funciones automatizadas de planificaci\u00f3n permiten organizar los procesos con eficacia y ahorrar tiempo. El an\u00e1lisis del progreso y los informes, como los gr\u00e1ficos de progreso, proporcionan informaci\u00f3n detallada para tomar decisiones con conocimiento de causa. Project Professional 2024 est\u00e1 disponible como licencia permanente para un PC y es ideal para empresas que desean completar sus proyectos a tiempo y dentro del presupuesto.<\/p>\n<h3>Compra Project 2024 Professional y gestiona tus proyectos de forma profesional<\/h3>\n<p>Microsoft Project 2024 Professional estructura el trabajo diario con tres \u00e1reas de trabajo b\u00e1sicas que impulsan la productividad: gesti\u00f3n de citas, gesti\u00f3n de recursos y\u00a0<a title=\"protecci\u00f3n contra el virus\/\" href=\"https:\/\/softwarekaufen24.de\/virenschutz\/\" target=\"_blank\" rel=\"nofollow noopener\">seguimiento del proyecto<\/a>\u00a0incluidos los informes. En el \u00e1mbito de la gesti\u00f3n de citas, la atenci\u00f3n se centra en las fechas y plazos importantes que suelen surgir en los proyectos comerciales. Con los datos pertinentes, tambi\u00e9n se pueden realizar c\u00e1lculos complejos, como determinar la fecha de inicio m\u00e1s tard\u00eda posible o los efectos de los cambios de calendario. Esto mejora la comprensi\u00f3n y ayuda a que los proyectos se completen a tiempo. En la gesti\u00f3n de recursos,\u00a0<a title=\"Microsoft\/\" href=\"https:\/\/softwarekaufen24.de\/microsoft\/\" target=\"_blank\" rel=\"nofollow noopener\">Microsoft<\/a>\u00a0Project 2024 Professional distingue entre tipos de recursos (mano de obra, materiales y costes) y permite a los gestores de proyectos supervisar con precisi\u00f3n el consumo y la disponibilidad de recursos. Esto permite un uso m\u00e1s eficiente de los recursos y puede reducir los costes. La secci\u00f3n de seguimiento de proyectos proporciona informaci\u00f3n detallada y una visi\u00f3n general del progreso del proyecto. La comparaci\u00f3n entre lo previsto y lo real permite detectar y corregir en una fase temprana las desviaciones significativas. Los informes creados, que incluyen representaciones gr\u00e1ficas si es necesario, pueden exportarse f\u00e1cilmente y abrirse en\u00a0<a title=\"programa-microsoft-office\/\" href=\"https:\/\/softwarekaufen24.de\/microsoft-office-programme\/\" target=\"_blank\" rel=\"nofollow noopener\">aplicaciones<\/a>\u00a0como Microsoft\u00a0<a title=\"Microsoft Visio 2024\" href=\"https:\/\/softwarekaufen24.de\/microsoft-visio-2024\" target=\"_blank\" rel=\"nofollow noopener\">Visio<\/a>\u00a0o\u00a0<a title=\"Microsoft Excel 2024\" href=\"https:\/\/softwarekaufen24.de\/microsoft-excel-2024\" target=\"_blank\" rel=\"nofollow noopener\">Excel, lo que facilita la reutilizaci\u00f3n de datos.<\/a><\/p>\n<h3>Para muchas innovaciones : Comprar Project 2024 Professional<\/h3>\n<p><a title=\"microsoft-proyecto-2024\/\" href=\"https:\/\/softwarekaufen24.de\/microsoft-project-2024\/\" target=\"_blank\" rel=\"nofollow noopener\">El proyecto 2024<\/a>\u00a0ha experimentado avances significativos, sobre todo en lo que respecta a la interfaz de usuario y las herramientas de proyecto. Se han integrado en Project 2024 Professional funciones que antes s\u00f3lo estaban disponibles en diversos planes de suscripci\u00f3n. Estas funciones incluyen ahora el seguimiento de proyectos en tiempo real, que permite reconocer inmediatamente los avances y cambios, as\u00ed como funciones mejoradas de elaboraci\u00f3n de informes y an\u00e1lisis. Los usuarios tienen ahora acceso a opciones avanzadas de elaboraci\u00f3n de informes y pueden obtener informaci\u00f3n m\u00e1s detallada sobre las estad\u00edsticas de los proyectos. Una ruta de tareas resaltada con colores en el diagrama de Gantt ilustra las dependencias y conexiones entre tareas individuales. Esta representaci\u00f3n visual permite identificar inmediatamente las tareas cr\u00edticas y su impacto en el progreso del proyecto, y garantiza que se tengan en cuenta todas las dependencias de tiempo y contenido.<\/p>\n<h3>Project 2024 Standard frente a Project 2024 Professional: visi\u00f3n general<\/h3>\n<p>Nuestra gama incluye tanto Microsoft Project 2024 Standard como Microsoft\u00a0<a title=\"microsoft-proyecto-2024\/\" href=\"https:\/\/softwarekaufen24.de\/microsoft-project-2024\/\" target=\"_blank\" rel=\"nofollow noopener\">Proyecto 2024<\/a>\u00a0Profesional. Existen similitudes y diferencias entre estos dos productos. Microsoft Project 2024 Standard es un software de gesti\u00f3n de proyectos local adecuado para usuarios que no necesitan funciones especiales de trabajo en equipo. En cambio, Microsoft Project 2024 Professional ofrece una soluci\u00f3n completa para la gesti\u00f3n de proyectos en equipo. Ambas versiones permiten gestionar f\u00e1cilmente los calendarios y costes de los proyectos. Entre las caracter\u00edsticas clave de ambos productos se incluyen la elaboraci\u00f3n de informes, la gesti\u00f3n de casos y la inteligencia empresarial. Sin embargo, algunas funciones son exclusivas de la versi\u00f3n Professional, como la presentaci\u00f3n de partes de horas para capturar el esfuerzo del proyecto y la integraci\u00f3n con SharePoint para la sincronizaci\u00f3n de tareas. Mientras que Project Standard 2024 es adecuado para proyectos menos complejos, Project Professional 2024 se recomienda para proyectos m\u00e1s exigentes que requieran trabajo en equipo y funciones de proyecto avanzadas.<\/p>\n<h3>Por qu\u00e9 comprar Project 2024 Professional<\/h3>\n<p>Microsoft Project 2024 Professional es la soluci\u00f3n ideal para cualquiera que desee gestionar proyectos con \u00e9xito y eficacia. Este completo software de gesti\u00f3n de proyectos simplifica enormemente la planificaci\u00f3n y ejecuci\u00f3n de proyectos, y ofrece potentes herramientas para planificar y gestionar recursos, as\u00ed como para supervisar proyectos. Gracias a las plantillas flexibles y a la perfecta integraci\u00f3n en el entorno Microsoft, el software puede adaptarse de forma \u00f3ptima a las necesidades individuales. Las funcionalidades automatizadas ayudan a hacer m\u00e1s eficientes los procesos y a ahorrar tiempo, mientras que el an\u00e1lisis del progreso y los informes detallados proporcionan informaci\u00f3n en profundidad para tomar decisiones con conocimiento de causa. Con Project 2024 Professional, los gestores de proyectos pueden controlar todos los aspectos importantes de sus proyectos y garantizar el cumplimiento de los plazos y el uso \u00f3ptimo de los recursos. Obtenga hoy mismo su licencia de Project 2024 Professional.<\/p>\n<p>Nota: Si ya tiene instalado un paquete Office, le rogamos que se ponga en contacto con nosotros brevemente por tel\u00e9fono antes de realizar la compra. As\u00ed podremos comprobar la compatibilidad y garantizar una instalaci\u00f3n sin problemas.<\/p>\n<p>Requisitos del sistema<\/p>\n<h4>Sistema operativo: Windows 11, Windows 10, Windows 11 LTSC 2024, Windows 10 LTSC 2021, Windows 10 LTSC 2019, Windows Server 2025 o Windows Server 2022.<\/h4>\n<p>Procesador: 2 GHz o m\u00e1s, 4 n\u00facleos<\/p>\n<p>RAM: 8 GB para 64 bits<\/p>\n<p>Espacio en disco duro: 10 GB de memoria disponible<\/p>\n<p>Resoluci\u00f3n de pantalla: 1920 x 1080 p\u00edxeles<\/p>\n<p>Conexi\u00f3n a Internet: se recomienda conexi\u00f3n de banda ancha de alta velocidad<\/p>","protected":false},"excerpt":{"rendered":"<p>Compre hoy mismo su clave de activaci\u00f3n original y reciba por correo electr\u00f3nico su enlace de descarga ultrarr\u00e1pida de Microsoft y su clave de activaci\u00f3n exclusiva.<\/p>\n<p>- Obtenga su c\u00f3digo de activaci\u00f3n.<br \/>\n- Llave original 100%<br \/>\n- Autorizado para la venta en Europa<br \/>\n- Idiomas: multiling\u00fce<\/p>","protected":false},"featured_media":55721,"comment_status":"closed","ping_status":"closed","template":"","meta":[],"product_brand":[],"product_cat":[185,1934],"product_tag":[],"class_list":{"0":"post-54995","1":"product","2":"type-product","3":"status-publish","4":"has-post-thumbnail","6":"product_cat-produits-office","7":"product_cat-microsoft-project-visio","9":"first","10":"instock","11":"sale","12":"taxable","13":"shipping-taxable","14":"purchasable","15":"product-type-simple","16":"czr-hentry"},"yoast_head":"<!-- This site is optimized with the Yoast SEO plugin v27.3 - https:\/\/yoast.com\/product\/yoast-seo-wordpress\/ -->\n<title>Microsoft Project 2024 Professionnel Windows - Alfa Descompte<\/title>\n<meta name=\"robots\" content=\"index, follow, max-snippet:-1, max-image-preview:large, max-video-preview:-1\" \/>\n<link rel=\"canonical\" href=\"https:\/\/alfadescompte.ad\/es\/producto-2\/microsoft-project-2024-pro-windows\/\" \/>\n<meta property=\"og:locale\" content=\"es_ES\" \/>\n<meta property=\"og:type\" content=\"article\" \/>\n<meta property=\"og:title\" content=\"Microsoft Project 2024 Professionnel Windows - Alfa Descompte\" \/>\n<meta property=\"og:description\" content=\"Achetez aujourd\u2019hui votre cl\u00e9 d\u2019activation originale et recevez par mail votre lien de t\u00e9l\u00e9chargement ultra rapide de Microsoft ainsi que sa cl\u00e9 unique d\u2019activation..  \u2013 Obtenir votre code d\u2019activation. \u2013 Cl\u00e9 100% authentique \u2013 Vente autoris\u00e9e en Europe \u2013 Langues: Multi-langue\" \/>\n<meta property=\"og:url\" content=\"https:\/\/alfadescompte.ad\/es\/producto-2\/microsoft-project-2024-pro-windows\/\" \/>\n<meta property=\"og:site_name\" content=\"Alfa Descompte\" \/>\n<meta property=\"article:modified_time\" content=\"2026-03-03T16:21:10+00:00\" \/>\n<meta property=\"og:image\" content=\"https:\/\/alfadescompte.ad\/wp-content\/uploads\/2024\/12\/ChatGPT-Image-27-fevr.-2026-08_35_49.png\" \/>\n\t<meta property=\"og:image:width\" content=\"1024\" \/>\n\t<meta property=\"og:image:height\" content=\"1024\" \/>\n\t<meta property=\"og:image:type\" content=\"image\/png\" \/>\n<meta name=\"twitter:card\" content=\"summary_large_image\" \/>\n<meta name=\"twitter:label1\" content=\"Tiempo de lectura\" \/>\n\t<meta name=\"twitter:data1\" content=\"6 minutos\" \/>\n<script type=\"application\/ld+json\" class=\"yoast-schema-graph\">{\"@context\":\"https:\\\/\\\/schema.org\",\"@graph\":[{\"@type\":\"WebPage\",\"@id\":\"https:\\\/\\\/alfadescompte.ad\\\/produit\\\/microsoft-project-2024-pro-windows\\\/\",\"url\":\"https:\\\/\\\/alfadescompte.ad\\\/produit\\\/microsoft-project-2024-pro-windows\\\/\",\"name\":\"Microsoft Project 2024 Professionnel Windows - Alfa Descompte\",\"isPartOf\":{\"@id\":\"https:\\\/\\\/alfadescompte.ad\\\/#website\"},\"primaryImageOfPage\":{\"@id\":\"https:\\\/\\\/alfadescompte.ad\\\/produit\\\/microsoft-project-2024-pro-windows\\\/#primaryimage\"},\"image\":{\"@id\":\"https:\\\/\\\/alfadescompte.ad\\\/produit\\\/microsoft-project-2024-pro-windows\\\/#primaryimage\"},\"thumbnailUrl\":\"https:\\\/\\\/alfadescompte.ad\\\/wp-content\\\/uploads\\\/2024\\\/12\\\/ChatGPT-Image-27-fevr.-2026-08_35_49.png\",\"datePublished\":\"2024-12-20T09:40:15+00:00\",\"dateModified\":\"2026-03-03T16:21:10+00:00\",\"breadcrumb\":{\"@id\":\"https:\\\/\\\/alfadescompte.ad\\\/produit\\\/microsoft-project-2024-pro-windows\\\/#breadcrumb\"},\"inLanguage\":\"es\",\"potentialAction\":[{\"@type\":\"ReadAction\",\"target\":[\"https:\\\/\\\/alfadescompte.ad\\\/produit\\\/microsoft-project-2024-pro-windows\\\/\"]}]},{\"@type\":\"ImageObject\",\"inLanguage\":\"es\",\"@id\":\"https:\\\/\\\/alfadescompte.ad\\\/produit\\\/microsoft-project-2024-pro-windows\\\/#primaryimage\",\"url\":\"https:\\\/\\\/alfadescompte.ad\\\/wp-content\\\/uploads\\\/2024\\\/12\\\/ChatGPT-Image-27-fevr.-2026-08_35_49.png\",\"contentUrl\":\"https:\\\/\\\/alfadescompte.ad\\\/wp-content\\\/uploads\\\/2024\\\/12\\\/ChatGPT-Image-27-fevr.-2026-08_35_49.png\",\"width\":1024,\"height\":1024},{\"@type\":\"BreadcrumbList\",\"@id\":\"https:\\\/\\\/alfadescompte.ad\\\/produit\\\/microsoft-project-2024-pro-windows\\\/#breadcrumb\",\"itemListElement\":[{\"@type\":\"ListItem\",\"position\":1,\"name\":\"Accueil\",\"item\":\"https:\\\/\\\/alfadescompte.ad\\\/fr\\\/\"},{\"@type\":\"ListItem\",\"position\":2,\"name\":\"Boutique\",\"item\":\"https:\\\/\\\/alfadescompte.ad\\\/en\\\/boutique\\\/\"},{\"@type\":\"ListItem\",\"position\":3,\"name\":\"Microsoft Project 2024 Professionnel Windows\"}]},{\"@type\":\"WebSite\",\"@id\":\"https:\\\/\\\/alfadescompte.ad\\\/#website\",\"url\":\"https:\\\/\\\/alfadescompte.ad\\\/\",\"name\":\"Alfa Descompte\",\"description\":\"\",\"publisher\":{\"@id\":\"https:\\\/\\\/alfadescompte.ad\\\/#organization\"},\"potentialAction\":[{\"@type\":\"SearchAction\",\"target\":{\"@type\":\"EntryPoint\",\"urlTemplate\":\"https:\\\/\\\/alfadescompte.ad\\\/?s={search_term_string}\"},\"query-input\":{\"@type\":\"PropertyValueSpecification\",\"valueRequired\":true,\"valueName\":\"search_term_string\"}}],\"inLanguage\":\"es\"},{\"@type\":\"Organization\",\"@id\":\"https:\\\/\\\/alfadescompte.ad\\\/#organization\",\"name\":\"Alfa Descompte\",\"url\":\"https:\\\/\\\/alfadescompte.ad\\\/\",\"logo\":{\"@type\":\"ImageObject\",\"inLanguage\":\"es\",\"@id\":\"https:\\\/\\\/alfadescompte.ad\\\/#\\\/schema\\\/logo\\\/image\\\/\",\"url\":\"https:\\\/\\\/alfadescompte.ad\\\/wp-content\\\/uploads\\\/2022\\\/04\\\/cropped-logo-alfa-1-1.png\",\"contentUrl\":\"https:\\\/\\\/alfadescompte.ad\\\/wp-content\\\/uploads\\\/2022\\\/04\\\/cropped-logo-alfa-1-1.png\",\"width\":424,\"height\":128,\"caption\":\"Alfa Descompte\"},\"image\":{\"@id\":\"https:\\\/\\\/alfadescompte.ad\\\/#\\\/schema\\\/logo\\\/image\\\/\"}}]}<\/script>\n<!-- \/ Yoast SEO plugin. -->","yoast_head_json":{"title":"Microsoft Project 2024 Professional Windows - Alfa Descompte","robots":{"index":"index","follow":"follow","max-snippet":"max-snippet:-1","max-image-preview":"max-image-preview:large","max-video-preview":"max-video-preview:-1"},"canonical":"https:\/\/alfadescompte.ad\/es\/producto-2\/microsoft-project-2024-pro-windows\/","og_locale":"es_ES","og_type":"article","og_title":"Microsoft Project 2024 Professionnel Windows - Alfa Descompte","og_description":"Achetez aujourd\u2019hui votre cl\u00e9 d\u2019activation originale et recevez par mail votre lien de t\u00e9l\u00e9chargement ultra rapide de Microsoft ainsi que sa cl\u00e9 unique d\u2019activation..  \u2013 Obtenir votre code d\u2019activation. \u2013 Cl\u00e9 100% authentique \u2013 Vente autoris\u00e9e en Europe \u2013 Langues: Multi-langue","og_url":"https:\/\/alfadescompte.ad\/es\/producto-2\/microsoft-project-2024-pro-windows\/","og_site_name":"Alfa Descompte","article_modified_time":"2026-03-03T16:21:10+00:00","og_image":[{"width":1024,"height":1024,"url":"https:\/\/alfadescompte.ad\/wp-content\/uploads\/2024\/12\/ChatGPT-Image-27-fevr.-2026-08_35_49.png","type":"image\/png"}],"twitter_card":"summary_large_image","twitter_misc":{"Tiempo de lectura":"6 minutos"},"schema":{"@context":"https:\/\/schema.org","@graph":[{"@type":"WebPage","@id":"https:\/\/alfadescompte.ad\/produit\/microsoft-project-2024-pro-windows\/","url":"https:\/\/alfadescompte.ad\/produit\/microsoft-project-2024-pro-windows\/","name":"Microsoft Project 2024 Professional Windows - Alfa Descompte","isPartOf":{"@id":"https:\/\/alfadescompte.ad\/#website"},"primaryImageOfPage":{"@id":"https:\/\/alfadescompte.ad\/produit\/microsoft-project-2024-pro-windows\/#primaryimage"},"image":{"@id":"https:\/\/alfadescompte.ad\/produit\/microsoft-project-2024-pro-windows\/#primaryimage"},"thumbnailUrl":"https:\/\/alfadescompte.ad\/wp-content\/uploads\/2024\/12\/ChatGPT-Image-27-fevr.-2026-08_35_49.png","datePublished":"2024-12-20T09:40:15+00:00","dateModified":"2026-03-03T16:21:10+00:00","breadcrumb":{"@id":"https:\/\/alfadescompte.ad\/produit\/microsoft-project-2024-pro-windows\/#breadcrumb"},"inLanguage":"es","potentialAction":[{"@type":"ReadAction","target":["https:\/\/alfadescompte.ad\/produit\/microsoft-project-2024-pro-windows\/"]}]},{"@type":"ImageObject","inLanguage":"es","@id":"https:\/\/alfadescompte.ad\/produit\/microsoft-project-2024-pro-windows\/#primaryimage","url":"https:\/\/alfadescompte.ad\/wp-content\/uploads\/2024\/12\/ChatGPT-Image-27-fevr.-2026-08_35_49.png","contentUrl":"https:\/\/alfadescompte.ad\/wp-content\/uploads\/2024\/12\/ChatGPT-Image-27-fevr.-2026-08_35_49.png","width":1024,"height":1024},{"@type":"BreadcrumbList","@id":"https:\/\/alfadescompte.ad\/produit\/microsoft-project-2024-pro-windows\/#breadcrumb","itemListElement":[{"@type":"ListItem","position":1,"name":"Accueil","item":"https:\/\/alfadescompte.ad\/fr\/"},{"@type":"ListItem","position":2,"name":"Boutique","item":"https:\/\/alfadescompte.ad\/en\/boutique\/"},{"@type":"ListItem","position":3,"name":"Microsoft Project 2024 Professionnel Windows"}]},{"@type":"WebSite","@id":"https:\/\/alfadescompte.ad\/#website","url":"https:\/\/alfadescompte.ad\/","name":"Alfa Descompte","description":"","publisher":{"@id":"https:\/\/alfadescompte.ad\/#organization"},"potentialAction":[{"@type":"SearchAction","target":{"@type":"EntryPoint","urlTemplate":"https:\/\/alfadescompte.ad\/?s={search_term_string}"},"query-input":{"@type":"PropertyValueSpecification","valueRequired":true,"valueName":"search_term_string"}}],"inLanguage":"es"},{"@type":"Organization","@id":"https:\/\/alfadescompte.ad\/#organization","name":"Alfa Descompte","url":"https:\/\/alfadescompte.ad\/","logo":{"@type":"ImageObject","inLanguage":"es","@id":"https:\/\/alfadescompte.ad\/#\/schema\/logo\/image\/","url":"https:\/\/alfadescompte.ad\/wp-content\/uploads\/2022\/04\/cropped-logo-alfa-1-1.png","contentUrl":"https:\/\/alfadescompte.ad\/wp-content\/uploads\/2022\/04\/cropped-logo-alfa-1-1.png","width":424,"height":128,"caption":"Alfa Descompte"},"image":{"@id":"https:\/\/alfadescompte.ad\/#\/schema\/logo\/image\/"}}]}},"_links":{"self":[{"href":"https:\/\/alfadescompte.ad\/es\/wp-json\/wp\/v2\/product\/54995","targetHints":{"allow":["GET"]}}],"collection":[{"href":"https:\/\/alfadescompte.ad\/es\/wp-json\/wp\/v2\/product"}],"about":[{"href":"https:\/\/alfadescompte.ad\/es\/wp-json\/wp\/v2\/types\/product"}],"replies":[{"embeddable":true,"href":"https:\/\/alfadescompte.ad\/es\/wp-json\/wp\/v2\/comments?post=54995"}],"wp:featuredmedia":[{"embeddable":true,"href":"https:\/\/alfadescompte.ad\/es\/wp-json\/wp\/v2\/media\/55721"}],"wp:attachment":[{"href":"https:\/\/alfadescompte.ad\/es\/wp-json\/wp\/v2\/media?parent=54995"}],"wp:term":[{"taxonomy":"product_brand","embeddable":true,"href":"https:\/\/alfadescompte.ad\/es\/wp-json\/wp\/v2\/product_brand?post=54995"},{"taxonomy":"product_cat","embeddable":true,"href":"https:\/\/alfadescompte.ad\/es\/wp-json\/wp\/v2\/product_cat?post=54995"},{"taxonomy":"product_tag","embeddable":true,"href":"https:\/\/alfadescompte.ad\/es\/wp-json\/wp\/v2\/product_tag?post=54995"}],"curies":[{"name":"wp","href":"https:\/\/api.w.org\/{rel}","templated":true}]}}